{"id":1401,"date":"2020-05-20T12:06:32","date_gmt":"2020-05-20T12:06:32","guid":{"rendered":"https:\/\/wordpress.kulturtanken.app\/vestfoldogtelemark\/?page_id=1401"},"modified":"2024-01-11T12:22:58","modified_gmt":"2024-01-11T12:22:58","slug":"faktura-informasjon","status":"publish","type":"page","link":"https:\/\/www.denkulturelleskolesekken.no\/telemark\/er-du-utover\/faktura-informasjon\/","title":{"rendered":"Fakturering"},"content":{"rendered":"\n<h3 class=\"wp-block-heading\">Fakturering til Telemark fylkeskommune<\/h3>\n\n\n\n<p class=\"has-medium-font-size\">Alle fakturaer som skal sendes til Telemark fylkeskommune m\u00e5 sendes i EHF-format. <br>Organisasjonsnummer Telemark fylkeskommune: 929\u202f882 989<br><strong>Fakturaadresse er:<\/strong><br>Telemark fylkeskommune<br>Sentralt fakturamottak<br>Postboks 2844<br>3702 Skien<br>Fakturaen m\u00e5 merkes med\u00a0<strong>6220<\/strong> i feltet <em>deres ref<\/em>. Dette gjelder b\u00e5de turneer i grunnskole og videreg\u00e5ende oppl\u00e6ring.<br>Skriv ogs\u00e5 inn <strong>navn p\u00e5 turneen i friteksten<\/strong>.<\/p>\n\n\n\n<p class=\"has-medium-font-size\">Telemark fylkeskommune har 30 dagers betalingsfrist. Fristen l\u00f8per fra datoen korrekt faktura er mottatt.<\/p>\n\n\n\n<p class=\"has-medium-font-size\"><a href=\"https:\/\/www.telemarkfylke.no\/no\/meny\/om-oss\/fakturering\/\">Mer informasjon om fakturering til Telemark fylkeskommune finner du\u00a0her.<\/a><\/p>\n","protected":false},"excerpt":{"rendered":"<p>Fakturering til Telemark fylkeskommune Alle fakturaer som skal sendes til Telemark fylkeskommune m\u00e5 sendes i EHF-format. Organisasjonsnummer Telemark fylkeskommune: 929\u202f882 989Fakturaadresse er:Telemark fylkeskommuneSentralt fakturamottakPostboks 28443702 SkienFakturaen m\u00e5 merkes med\u00a06220 i feltet deres ref. Dette gjelder b\u00e5de turneer i grunnskole og videreg\u00e5ende oppl\u00e6ring.Skriv ogs\u00e5 inn navn p\u00e5 turneen i friteksten. Telemark fylkeskommune har 30 dagers betalingsfrist. [&hellip;]<\/p>\n","protected":false},"author":11,"featured_media":0,"parent":31,"menu_order":0,"comment_status":"closed","ping_status":"closed","template":"","meta":{"footnotes":""},"class_list":["post-1401","page","type-page","status-publish","hentry"],"_links":{"self":[{"href":"https:\/\/www.denkulturelleskolesekken.no\/telemark\/wp-json\/wp\/v2\/pages\/1401","targetHints":{"allow":["GET"]}}],"collection":[{"href":"https:\/\/www.denkulturelleskolesekken.no\/telemark\/wp-json\/wp\/v2\/pages"}],"about":[{"href":"https:\/\/www.denkulturelleskolesekken.no\/telemark\/wp-json\/wp\/v2\/types\/page"}],"author":[{"embeddable":true,"href":"https:\/\/www.denkulturelleskolesekken.no\/telemark\/wp-json\/wp\/v2\/users\/11"}],"replies":[{"embeddable":true,"href":"https:\/\/www.denkulturelleskolesekken.no\/telemark\/wp-json\/wp\/v2\/comments?post=1401"}],"version-history":[{"count":13,"href":"https:\/\/www.denkulturelleskolesekken.no\/telemark\/wp-json\/wp\/v2\/pages\/1401\/revisions"}],"predecessor-version":[{"id":2583,"href":"https:\/\/www.denkulturelleskolesekken.no\/telemark\/wp-json\/wp\/v2\/pages\/1401\/revisions\/2583"}],"up":[{"embeddable":true,"href":"https:\/\/www.denkulturelleskolesekken.no\/telemark\/wp-json\/wp\/v2\/pages\/31"}],"wp:attachment":[{"href":"https:\/\/www.denkulturelleskolesekken.no\/telemark\/wp-json\/wp\/v2\/media?parent=1401"}],"curies":[{"name":"wp","href":"https:\/\/api.w.org\/{rel}","templated":true}]}}