{"id":1055,"date":"2020-05-08T07:52:07","date_gmt":"2020-05-08T07:52:07","guid":{"rendered":"https:\/\/wordpress.kulturtanken.app\/vestfoldogtelemark\/?page_id=1055"},"modified":"2024-09-19T11:50:17","modified_gmt":"2024-09-19T11:50:17","slug":"arshjul-for-skolearet-2020-21","status":"publish","type":"page","link":"https:\/\/www.denkulturelleskolesekken.no\/telemark\/arshjul-for-skolearet-2020-21\/","title":{"rendered":"\u00c5ret i Den kulturelle skolesekken i Telemark"},"content":{"rendered":"\n<h3 class=\"wp-block-heading\">Er du kommunekontakt, kulturkontakt, l\u00e6rer eller elev? Se hva som skjer i de ulike m\u00e5nedene. <\/h3>\n\n\n\n<p>Informasjon med tidspunkt og p\u00e5melding til dager for nettverksm\u00f8ter,  programpresentasjoner m.m. blir sendt til kommunekontakter\/kulturkontakter. <\/p>\n\n\n\n<div class=\"wp-block-columns is-layout-flex wp-container-core-columns-is-layout-9d6595d7 wp-block-columns-is-layout-flex\">\n<div class=\"wp-block-column is-layout-flow wp-block-column-is-layout-flow\" style=\"flex-basis:100%\">\n<div class=\"wp-block-columns are-vertically-aligned-top has-black-color has-text-color has-background is-layout-flex wp-container-core-columns-is-layout-9d6595d7 wp-block-columns-is-layout-flex\" style=\"background-color:#ddbb92\">\n<div class=\"wp-block-column is-vertically-aligned-top is-layout-flow wp-block-column-is-layout-flow\" style=\"flex-basis:33.33%\">\n<div class=\"wp-block-columns is-layout-flex wp-container-core-columns-is-layout-9d6595d7 wp-block-columns-is-layout-flex\">\n<div class=\"wp-block-column is-layout-flow wp-block-column-is-layout-flow\">\n<h2 class=\"has-text-align-left wp-block-heading\">Januar<\/h2>\n<\/div>\n<\/div>\n<\/div>\n\n\n\n<div class=\"wp-block-column is-layout-flow wp-block-column-is-layout-flow\"><\/div>\n\n\n\n<div class=\"wp-block-column is-vertically-aligned-top is-layout-flow wp-block-column-is-layout-flow\" style=\"flex-basis:66.66%\">\n<p>Presentasjon av valgmeny (program for kommende skole\u00e5r) for kulturkontakter\/kommunekontakter i grunnskole og videreg\u00e5ende oppl\u00e6ring.<\/p>\n<\/div>\n<\/div>\n<\/div>\n<\/div>\n\n\n\n<div class=\"wp-block-columns is-layout-flex wp-container-core-columns-is-layout-9d6595d7 wp-block-columns-is-layout-flex\">\n<div class=\"wp-block-column is-layout-flow wp-block-column-is-layout-flow\" style=\"flex-basis:33.33%\">\n<h2 class=\"has-text-align-left wp-block-heading\">Februar<\/h2>\n<\/div>\n\n\n\n<div class=\"wp-block-column is-layout-flow wp-block-column-is-layout-flow\" style=\"flex-basis:66.66%\">\n<p class=\"has-black-color has-text-color\">Presentasjon av valgmeny (program for kommende skole\u00e5r) for kulturkontakter\/kommunekontakter i grunnskole<\/p>\n\n\n\n<p class=\"has-black-color has-text-color\">Programpresentasjon for de videreg\u00e5ende skolene.<br><br>Frist for \u00e5 levere \u00f8nsker fra programmet for kultur- og kommunekontakter.<\/p>\n<\/div>\n<\/div>\n\n\n\n<div class=\"wp-block-columns are-vertically-aligned-top has-background is-layout-flex wp-container-core-columns-is-layout-9d6595d7 wp-block-columns-is-layout-flex\" style=\"background-color:#ddbb92\">\n<div class=\"wp-block-column is-vertically-aligned-top is-layout-flow wp-block-column-is-layout-flow\" style=\"flex-basis:33.33%\">\n<h2 class=\"has-text-align-left wp-block-heading\">Mars<\/h2>\n<\/div>\n\n\n\n<div class=\"wp-block-column is-vertically-aligned-top is-layout-flow wp-block-column-is-layout-flow\" style=\"flex-basis:66.66%\">\n<p>Klargj\u00f8ring av programtilbud med ut\u00f8vere, produsenter og institusjoner. L\u00f8pende dialog med skoler. <\/p>\n<\/div>\n<\/div>\n\n\n\n<div class=\"wp-block-columns is-layout-flex wp-container-core-columns-is-layout-9d6595d7 wp-block-columns-is-layout-flex\">\n<div class=\"wp-block-column is-layout-flow wp-block-column-is-layout-flow\" style=\"flex-basis:33.33%\">\n<h2 class=\"has-text-align-left wp-block-heading\">April<\/h2>\n<\/div>\n\n\n\n<div class=\"wp-block-column is-layout-flow wp-block-column-is-layout-flow\" style=\"flex-basis:66.66%\">\n<p>Arbeid med turn\u00e9planlegging<\/p>\n<\/div>\n<\/div>\n\n\n\n<div class=\"wp-block-columns has-background is-layout-flex wp-container-core-columns-is-layout-9d6595d7 wp-block-columns-is-layout-flex\" style=\"background-color:#ddbb92\">\n<div class=\"wp-block-column is-layout-flow wp-block-column-is-layout-flow\" style=\"flex-basis:33.33%\">\n<h2 class=\"has-text-align-left wp-block-heading\">Mai<\/h2>\n<\/div>\n\n\n\n<div class=\"wp-block-column is-layout-flow wp-block-column-is-layout-flow\" style=\"flex-basis:66.66%\">\n<p>Programmet publiseres p\u00e5 hjemmesida v\u00e5r <a href=\"http:\/\/www.denkulturelleskolesekken.no\/telemark\/\">www.denkulturelleskolesekken.no\/telemark\/<\/a><\/p>\n<\/div>\n<\/div>\n\n\n\n<div class=\"wp-block-columns is-layout-flex wp-container-core-columns-is-layout-9d6595d7 wp-block-columns-is-layout-flex\">\n<div class=\"wp-block-column is-layout-flow wp-block-column-is-layout-flow\" style=\"flex-basis:33.33%\">\n<h2 class=\"has-text-align-left wp-block-heading\">Juni<\/h2>\n<\/div>\n\n\n\n<div class=\"wp-block-column is-layout-flow wp-block-column-is-layout-flow\" style=\"flex-basis:66.66%\">\n<p>Frist for skolene \u00e5 komme med tilbakemelding p\u00e5 turn\u00e9planene som er publisert p\u00e5 v\u00e5r hjemmeside <a href=\"http:\/\/www.denkulturelleskolesekken.no\/telemark\/\">www.denkulturelleskolesekken.no\/telemark\/<\/a><\/p>\n<\/div>\n<\/div>\n\n\n\n<div class=\"wp-block-columns has-background is-layout-flex wp-container-core-columns-is-layout-9d6595d7 wp-block-columns-is-layout-flex\" style=\"background-color:#ddbb92\">\n<div class=\"wp-block-column is-layout-flow wp-block-column-is-layout-flow\" style=\"flex-basis:33.33%\">\n<h2 class=\"has-text-align-left wp-block-heading\">Juli<\/h2>\n<\/div>\n\n\n\n<div class=\"wp-block-column is-layout-flow wp-block-column-is-layout-flow\" style=\"flex-basis:66.66%\">\n<p>Sommerferie<\/p>\n<\/div>\n<\/div>\n\n\n\n<div class=\"wp-block-columns is-layout-flex wp-container-core-columns-is-layout-9d6595d7 wp-block-columns-is-layout-flex\">\n<div class=\"wp-block-column is-layout-flow wp-block-column-is-layout-flow\" style=\"flex-basis:33.33%\">\n<h2 class=\"has-text-align-left wp-block-heading\">August<\/h2>\n<\/div>\n\n\n\n<div class=\"wp-block-column is-layout-flow wp-block-column-is-layout-flow\" style=\"flex-basis:66.66%\">\n<p>Marked for scenekunst. <a rel=\"noreferrer noopener\" href=\"https:\/\/www.markedet.org\/\" data-type=\"URL\" data-id=\"https:\/\/www.markedet.org\/\" target=\"_blank\">Se nettside for datoer og p\u00e5melding<\/a><br><\/p>\n<\/div>\n<\/div>\n\n\n\n<div class=\"wp-block-columns has-background is-layout-flex wp-container-core-columns-is-layout-9d6595d7 wp-block-columns-is-layout-flex\" style=\"background-color:#ddbb92\">\n<div class=\"wp-block-column is-layout-flow wp-block-column-is-layout-flow\" style=\"flex-basis:33.33%\">\n<h2 class=\"wp-block-heading\">September<\/h2>\n<\/div>\n\n\n\n<div class=\"wp-block-column is-layout-flow wp-block-column-is-layout-flow\" style=\"flex-basis:66.66%\">\n<p>Sporkonferansen<br><a href=\"https:\/\/www.kulturtanken.no\/den-kulturelle-skolesekken\/kulturarv\/spor-arena-for-kulturarv-i-dks\/\">SPOR konferansen | Nasjonalt senter for kunst og kultur i oppl\u00e6ringen (kunstkultursenteret.no<\/a><\/p>\n\n\n\n<p><strong>1. september:<\/strong> Vi \u00e5pner Portalen for programforslag<\/p>\n<\/div>\n<\/div>\n\n\n\n<div class=\"wp-block-columns is-layout-flex wp-container-core-columns-is-layout-9d6595d7 wp-block-columns-is-layout-flex\">\n<div class=\"wp-block-column is-layout-flow wp-block-column-is-layout-flow\" style=\"flex-basis:33.33%\">\n<h2 class=\"has-text-align-left wp-block-heading\">Oktober<\/h2>\n<\/div>\n\n\n\n<div class=\"wp-block-column is-layout-flow wp-block-column-is-layout-flow\" style=\"flex-basis:66.66%\">\n<p><strong>1. oktober<\/strong> Frist for innmelding av programforslag.<\/p>\n\n\n\n<p>Marked for musikk. <a rel=\"noreferrer noopener\" href=\"https:\/\/www.markedformusikk.no\/\" data-type=\"URL\" data-id=\"https:\/\/www.markedformusikk.no\/\" target=\"_blank\">Se nettside for datoer og p\u00e5melding<\/a><\/p>\n\n\n\n<p>Programarbeid med ressursgruppe, elever fra videreg\u00e5ende skoler. <\/p>\n<\/div>\n<\/div>\n\n\n\n<div class=\"wp-block-columns has-background is-layout-flex wp-container-core-columns-is-layout-9d6595d7 wp-block-columns-is-layout-flex\" style=\"background-color:#ddbb92\">\n<div class=\"wp-block-column is-layout-flow wp-block-column-is-layout-flow\" style=\"flex-basis:33.33%\">\n<h2 class=\"has-text-align-left wp-block-heading\">November<\/h2>\n<\/div>\n\n\n\n<div class=\"wp-block-column is-layout-flow wp-block-column-is-layout-flow\" style=\"flex-basis:66.66%\">\n<p>Programarbeid med ressursgruppe, elever fra videreg\u00e5ende skoler. <\/p>\n\n\n\n<p>Nettverksm\u00f8te for kommunekontakter<br>Kulturtorg for kommunekontakter og kulturkontakter<\/p>\n<\/div>\n<\/div>\n\n\n\n<div class=\"wp-block-columns is-layout-flex wp-container-core-columns-is-layout-9d6595d7 wp-block-columns-is-layout-flex\">\n<div class=\"wp-block-column is-layout-flow wp-block-column-is-layout-flow\" style=\"flex-basis:33.33%\">\n<h2 class=\"has-text-align-left wp-block-heading\">Desember<\/h2>\n<\/div>\n\n\n\n<div class=\"wp-block-column is-layout-flow wp-block-column-is-layout-flow\" style=\"flex-basis:66.66%\">\n<p>Showbox Oslo<br><a href=\"https:\/\/www.showbox.no\/\" target=\"_blank\" rel=\"noreferrer noopener\">Forside &#8211; Showbox<\/a><\/p>\n<\/div>\n<\/div>\n\n\n\n<p><\/p>\n","protected":false},"excerpt":{"rendered":"<p>Er du kommunekontakt, kulturkontakt, l\u00e6rer eller elev? Se hva som skjer i de ulike m\u00e5nedene. Informasjon med tidspunkt og p\u00e5melding til dager for nettverksm\u00f8ter, programpresentasjoner m.m. blir sendt til kommunekontakter\/kulturkontakter. Januar Presentasjon av valgmeny (program for kommende skole\u00e5r) for kulturkontakter\/kommunekontakter i grunnskole og videreg\u00e5ende oppl\u00e6ring. Februar Presentasjon av valgmeny (program for kommende skole\u00e5r) for kulturkontakter\/kommunekontakter [&hellip;]<\/p>\n","protected":false},"author":11,"featured_media":0,"parent":0,"menu_order":0,"comment_status":"closed","ping_status":"closed","template":"","meta":{"footnotes":""},"class_list":["post-1055","page","type-page","status-publish","hentry"],"_links":{"self":[{"href":"https:\/\/www.denkulturelleskolesekken.no\/telemark\/wp-json\/wp\/v2\/pages\/1055","targetHints":{"allow":["GET"]}}],"collection":[{"href":"https:\/\/www.denkulturelleskolesekken.no\/telemark\/wp-json\/wp\/v2\/pages"}],"about":[{"href":"https:\/\/www.denkulturelleskolesekken.no\/telemark\/wp-json\/wp\/v2\/types\/page"}],"author":[{"embeddable":true,"href":"https:\/\/www.denkulturelleskolesekken.no\/telemark\/wp-json\/wp\/v2\/users\/11"}],"replies":[{"embeddable":true,"href":"https:\/\/www.denkulturelleskolesekken.no\/telemark\/wp-json\/wp\/v2\/comments?post=1055"}],"version-history":[{"count":36,"href":"https:\/\/www.denkulturelleskolesekken.no\/telemark\/wp-json\/wp\/v2\/pages\/1055\/revisions"}],"predecessor-version":[{"id":2933,"href":"https:\/\/www.denkulturelleskolesekken.no\/telemark\/wp-json\/wp\/v2\/pages\/1055\/revisions\/2933"}],"wp:attachment":[{"href":"https:\/\/www.denkulturelleskolesekken.no\/telemark\/wp-json\/wp\/v2\/media?parent=1055"}],"curies":[{"name":"wp","href":"https:\/\/api.w.org\/{rel}","templated":true}]}}