{"id":975,"date":"2021-02-11T19:22:08","date_gmt":"2021-02-11T19:22:08","guid":{"rendered":"https:\/\/wordpress.kulturtanken.app\/stavanger\/?page_id=975"},"modified":"2024-08-07T11:22:48","modified_gmt":"2024-08-07T11:22:48","slug":"er-du-kulturkontakt","status":"publish","type":"page","link":"https:\/\/www.denkulturelleskolesekken.no\/stavanger\/er-du-kulturkontakt\/","title":{"rendered":"For kulturkontakter"},"content":{"rendered":"\n<p><strong>Kulturkontakten er f\u00f8rst og fremst skolens ressursperson og bindeledd til DKS. N\u00e5r en forestilling gjester skolen, vil kulturkontakten v\u00e6re den som i forkant, under og etter har kontakt med akt\u00f8rene.<\/strong><\/p>\n\n\n\n<p>Arbeidet som kulturkontakt er b\u00e5de viktig og spennende, og helt avgj\u00f8rende for et vellykket DKS-arrangementet. <\/p>\n\n\n\n<p>Hver skole skal ha en utnevnt kulturkontakt. Rektor har det overordnede ansvaret, og m\u00e5 legge til rette for at kulturkontaktene kan fungere godt.&nbsp;<\/p>\n\n\n\n<h3 class=\"has-text-color wp-block-heading\" style=\"color:#1c6088\"><strong>Kulturkontaktens oppgaver<\/strong><\/h3>\n\n\n\n<p>Kulturkontaktene skal<\/p>\n\n\n\n<ul class=\"wp-block-list\"><li>holde seg informert om DKS-tilbudet<\/li><li>delta p\u00e5 fellesm\u00f8ter for kulturkontaktene<\/li><li>informere skolens personale om DKS-tilbudene og ta imot p\u00e5meldinger fra trinnene<\/li><li>bruke p\u00e5meldingssystemet i DKS-portalen innen fristene som er oppgitt<\/li><li>s\u00f8rge for at skolen er godt forberedt p\u00e5 DKS-bes\u00f8k<\/li><\/ul>\n\n\n\n<p>Les mer om rollen som kulturkontakt <a href=\"https:\/\/www.kulturtanken.no\/aktuelt\/2020\/kulturkontakt-en-essensiell-rolle\/\" data-type=\"URL\" data-id=\"https:\/\/www.kulturtanken.no\/aktuelt\/2020\/kulturkontakt-en-essensiell-rolle\/\" target=\"_blank\" rel=\"noreferrer noopener\">her<\/a>.<\/p>\n\n\n\n<h3 class=\"has-text-color wp-block-heading\" style=\"color:#1c6088\"><strong>DKS-portalen<\/strong><\/h3>\n\n\n\n<p>P\u00e5melding til de ulike tilbudene gj\u00f8res i DKS-portalen. Veiledning for portalen finner du p\u00e5 <a rel=\"noreferrer noopener\" href=\"https:\/\/www.denkulturelleskolesekken.no\/dks-portalen\/kulturkontakt\/\" data-type=\"URL\" data-id=\"https:\/\/www.denkulturelleskolesekken.no\/dks-portalen\/kulturkontakt\/\" target=\"_blank\">denne siden<\/a>.<\/p>\n\n\n\n<h3 class=\"has-text-color wp-block-heading\" style=\"color:#1c6088\"><strong>Busskort<\/strong><\/h3>\n\n\n\n<p>Skolene har egne DKS-kort som kan brukes for \u00e5 komme seg til DKS-tilbud som ligger utenfor skolens omr\u00e5de. Mer informasjon om bruken av kortene kan leses <a href=\"https:\/\/docs.google.com\/document\/d\/1ACnsWmR5cZ50U8Jn3rMWxnjETNIy5wC7Qqpl-osf_Ww\/edit\" data-type=\"URL\" data-id=\"https:\/\/docs.google.com\/document\/d\/1ACnsWmR5cZ50U8Jn3rMWxnjETNIy5wC7Qqpl-osf_Ww\/edit\" target=\"_blank\" rel=\"noreferrer noopener\">her<\/a>.<\/p>\n","protected":false},"excerpt":{"rendered":"<p>Kulturkontakten er f\u00f8rst og fremst skolens ressursperson og bindeledd til DKS. N\u00e5r en forestilling gjester skolen, vil kulturkontakten v\u00e6re den som i forkant, under og etter har kontakt med akt\u00f8rene. Arbeidet som kulturkontakt er b\u00e5de viktig og spennende, og helt avgj\u00f8rende for et vellykket DKS-arrangementet. Hver skole skal ha en utnevnt kulturkontakt. Rektor har det [&hellip;]<\/p>\n","protected":false},"author":17,"featured_media":1022,"parent":0,"menu_order":0,"comment_status":"closed","ping_status":"closed","template":"","meta":{"footnotes":""},"class_list":["post-975","page","type-page","status-publish","has-post-thumbnail","hentry"],"_links":{"self":[{"href":"https:\/\/www.denkulturelleskolesekken.no\/stavanger\/wp-json\/wp\/v2\/pages\/975","targetHints":{"allow":["GET"]}}],"collection":[{"href":"https:\/\/www.denkulturelleskolesekken.no\/stavanger\/wp-json\/wp\/v2\/pages"}],"about":[{"href":"https:\/\/www.denkulturelleskolesekken.no\/stavanger\/wp-json\/wp\/v2\/types\/page"}],"author":[{"embeddable":true,"href":"https:\/\/www.denkulturelleskolesekken.no\/stavanger\/wp-json\/wp\/v2\/users\/17"}],"replies":[{"embeddable":true,"href":"https:\/\/www.denkulturelleskolesekken.no\/stavanger\/wp-json\/wp\/v2\/comments?post=975"}],"version-history":[{"count":8,"href":"https:\/\/www.denkulturelleskolesekken.no\/stavanger\/wp-json\/wp\/v2\/pages\/975\/revisions"}],"predecessor-version":[{"id":1282,"href":"https:\/\/www.denkulturelleskolesekken.no\/stavanger\/wp-json\/wp\/v2\/pages\/975\/revisions\/1282"}],"wp:featuredmedia":[{"embeddable":true,"href":"https:\/\/www.denkulturelleskolesekken.no\/stavanger\/wp-json\/wp\/v2\/media\/1022"}],"wp:attachment":[{"href":"https:\/\/www.denkulturelleskolesekken.no\/stavanger\/wp-json\/wp\/v2\/media?parent=975"}],"curies":[{"name":"wp","href":"https:\/\/api.w.org\/{rel}","templated":true}]}}