{"id":33,"date":"2019-10-31T13:55:54","date_gmt":"2019-10-31T13:55:54","guid":{"rendered":"https:\/\/viken.kulturtanken.app\/?page_id=33"},"modified":"2024-08-07T11:21:33","modified_gmt":"2024-08-07T11:21:33","slug":"hva-er-dks","status":"publish","type":"page","link":"https:\/\/www.denkulturelleskolesekken.no\/stavanger\/hva-er-dks\/","title":{"rendered":"Om Den kulturelle skolesekken"},"content":{"rendered":"\n<h4 class=\"wp-block-heading\">Den kulturelle skolesekken (DKS) er en nasjonal ordning som s\u00f8rger for at alle skoleelever i Norge f\u00e5r oppleve profesjonell kunst og kultur hvert \u00e5r. Ordningen er unik i verdenssammenheng.<\/h4>\n\n\n\n<p>Gjennom ordningen f\u00e5r elevene mulighet til \u00e5 oppleve, gj\u00f8re seg kjent med og utvikle forst\u00e5else for profesjonelle kunst- og kulturuttrykk. Kulturtilbudet skal v\u00e6re av h\u00f8y kvalitet, og vise hele bredden av de seks kulturuttrykkene: film, kulturarv, litteratur, musikk, scenekunst og visuell kunst<\/p>\n\n\n\n<p>Den kulturelle skolesekken har v\u00e6rt en del av regjeringens kulturpolitiske satsing for grunnskolen siden 2001, og etter hvert ble ogs\u00e5 videreg\u00e5ende skole innlemmet i ordningen. Dette betyr at i dag f\u00e5r alle elever, fra 1. klasse i grunnskolen til 3. trinn p\u00e5 videreg\u00e5ende skole, oppleve profesjonell kunst og kultur gjennom DKS.<\/p>\n\n\n\n<h4 class=\"wp-block-heading\">Organisering<\/h4>\n\n\n\n<p>DKS er et samarbeid mellom Kulturdepartementet og Kunnskapsdepartementet, og alle landets fylkeskommuner og kommuner.&nbsp;<em>Kulturtanken \u2013 Den kulturelle skolesekken Norge&nbsp;<\/em>fikk i 2016 det nasjonale ansvaret for ordningen. DKS er alts\u00e5 et samarbeidsprosjekt mellom kultur- og oppl\u00e6ringssektoren p\u00e5 nasjonalt, regionalt og lokalt niv\u00e5, og omfatter alle skolene i Norge. Fylkeskommunen er ansvarlig for regional koordinering og programmering, men kommunene har ogs\u00e5 mulighet for \u00e5 utvikle egne program lokalt.<\/p>\n\n\n\n<p><a href=\"https:\/\/www.kulturtanken.no\/\">Kulturtanken \u2013 Den kulturelle skolesekken Norge<\/a>\u00a0er en nasjonal etat med ansvar for \u00e5 forvalte, kvalitetssikre og utvikle DKS-ordningen. I tillegg til \u00e5 v\u00e6re en nasjonal koordinerende instans for utvikling av kvalitet og samarbeid i ordningen, skal Kulturtanken ogs\u00e5 bidra til at tilbudene samspiller med skolens l\u00e6replaner, og til \u00e5 utvikle felles forst\u00e5else og engasjement mellom kunst-, kultur- og skolesektor. Kulturtanken har ansvar for \u00e5 tildele spillemidler (fra overskuddet til Norsk Tipping), innhente rapportering og utarbeide nasjonal \u00e5rsrapport for DKS. Kulturtanken bestemmer\u00a0<em>ikke<\/em>\u00a0over det lokale programmet i DKS. Mer om Kulturtanken her:\u00a0<a rel=\"noreferrer noopener\" href=\"http:\/\/www.kulturtanken.no\/\" target=\"_blank\">www.kulturtanken.no<\/a><\/p>\n\n\n\n<p><strong>M\u00e5l for Den kulturelle skolesekken<\/strong><\/p>\n\n\n\n<p>Stortinget har sluttet seg til de nasjonale m\u00e5lene i DKS formulert i Meld. St. 18 (2020\u20132021) <em>Oppleve, skape, dele. Kunst og kultur for, med og av barn og unge<\/em> med en tydeliggj\u00f8ring av at DKS fremdeles skal sikre at elever f\u00e5r et profesjonelt kunst- og kulturtilbud, jf. vedtak av 8. juni 2021 i sak 29.<\/p>\n\n\n\n<p>Den kulturelle skolesekken skal:<\/p>\n\n\n\n<ul class=\"wp-block-list\"><li>V\u00e6re et gratis tilbud for alle barn og unge i grunnskolen og videreg\u00e5ende skole og skal tilbys jevnlig<\/li><li>sikre at barn og unge f\u00e5r et likeverdig kunst- og kulturtilbud av h\u00f8y kvalitet, uavhengig av bosted, slik at de kan gj\u00f8re seg kjent med og utvikle forst\u00e5else for et variert spekter av kulturuttrykk<\/li><li>bidra til barn og unge sin danning og utdanning, slik dette er formulert i overordnet del og l\u00e6replaner i fag<\/li><li>formidle et kulturtilbud som oppleves relevant, og som representerer et kulturelt mangfold av tilbud og ut\u00f8vere.<\/li><li>V\u00e6re et samarbeid mellom kultursektoren og utdanningssektoren p\u00e5 alle niv\u00e5 for \u00e5 sikre god planlegging, forankring og tilrettelegging<\/li><li>bidra til \u00e5 styrke norsk spr\u00e5k, samisk spr\u00e5k, nasjonale minoritetsspr\u00e5k og norsk tegnspr\u00e5k som grunnleggende kulturb\u00e6rere<\/li><li>bidra til \u00e5 formidle kunst- og kulturtilbud til barnehagebarn<\/li><\/ul>\n","protected":false},"excerpt":{"rendered":"<p>Den kulturelle skolesekken (DKS) er en nasjonal ordning som s\u00f8rger for at alle skoleelever i Norge f\u00e5r oppleve profesjonell kunst og kultur hvert \u00e5r. Ordningen er unik i verdenssammenheng. Gjennom ordningen f\u00e5r elevene mulighet til \u00e5 oppleve, gj\u00f8re seg kjent med og utvikle forst\u00e5else for profesjonelle kunst- og kulturuttrykk. Kulturtilbudet skal v\u00e6re av h\u00f8y kvalitet, [&hellip;]<\/p>\n","protected":false},"author":4,"featured_media":0,"parent":0,"menu_order":0,"comment_status":"closed","ping_status":"closed","template":"","meta":{"footnotes":""},"class_list":["post-33","page","type-page","status-publish","hentry"],"_links":{"self":[{"href":"https:\/\/www.denkulturelleskolesekken.no\/stavanger\/wp-json\/wp\/v2\/pages\/33","targetHints":{"allow":["GET"]}}],"collection":[{"href":"https:\/\/www.denkulturelleskolesekken.no\/stavanger\/wp-json\/wp\/v2\/pages"}],"about":[{"href":"https:\/\/www.denkulturelleskolesekken.no\/stavanger\/wp-json\/wp\/v2\/types\/page"}],"author":[{"embeddable":true,"href":"https:\/\/www.denkulturelleskolesekken.no\/stavanger\/wp-json\/wp\/v2\/users\/4"}],"replies":[{"embeddable":true,"href":"https:\/\/www.denkulturelleskolesekken.no\/stavanger\/wp-json\/wp\/v2\/comments?post=33"}],"version-history":[{"count":11,"href":"https:\/\/www.denkulturelleskolesekken.no\/stavanger\/wp-json\/wp\/v2\/pages\/33\/revisions"}],"predecessor-version":[{"id":1281,"href":"https:\/\/www.denkulturelleskolesekken.no\/stavanger\/wp-json\/wp\/v2\/pages\/33\/revisions\/1281"}],"wp:attachment":[{"href":"https:\/\/www.denkulturelleskolesekken.no\/stavanger\/wp-json\/wp\/v2\/media?parent=33"}],"curies":[{"name":"wp","href":"https:\/\/api.w.org\/{rel}","templated":true}]}}