{"id":1276,"date":"2024-08-07T11:15:04","date_gmt":"2024-08-07T11:15:04","guid":{"rendered":"https:\/\/www.denkulturelleskolesekken.no\/stavanger\/?page_id=1276"},"modified":"2025-04-10T07:45:42","modified_gmt":"2025-04-10T07:45:42","slug":"den-kulturelle-skolesekken-i-stavanger","status":"publish","type":"page","link":"https:\/\/www.denkulturelleskolesekken.no\/stavanger\/den-kulturelle-skolesekken-i-stavanger\/","title":{"rendered":"Den kulturelle skolesekken i Stavanger"},"content":{"rendered":"\n<p>Stavanger kommune er en direktekommune. Det inneb\u00e6rer at Stavanger kommune selv har totalansvaret for Den kulturelle skolesekken (DKS) i kommunen.<\/p>\n\n\n\n<p>Tilbudet i DKS Stavanger skal ha h\u00f8y kunst- og kulturfaglig kvalitet og skal representere bredden og mangfoldet i samfunnet.<\/p>\n\n\n\n<p>Tilbudene i DKS skal v\u00e6re relevante og aktuelle for barn og unge i dag og formidlingen skal v\u00e6re best mulig tilpasset den enkelte elevgruppe. Alle trinn skal ha et variert tilbud innen kulturuttrykkene musikk, scenekunst, film, kulturarv, visuell kunst og litteratur.<\/p>\n\n\n\n<p>V\u00e5rt program inneholder produksjoner fra frittst\u00e5ende profesjonelle ut\u00f8vere og ensembler fra hele landet, samt lokale museer og kulturinstitusjoner.<\/p>\n","protected":false},"excerpt":{"rendered":"<p>Stavanger kommune er en direktekommune. Det inneb\u00e6rer at Stavanger kommune selv har totalansvaret for Den kulturelle skolesekken (DKS) i kommunen. Tilbudet i DKS Stavanger skal ha h\u00f8y kunst- og kulturfaglig kvalitet og skal representere bredden og mangfoldet i samfunnet. Tilbudene i DKS skal v\u00e6re relevante og aktuelle for barn og unge i dag og formidlingen [&hellip;]<\/p>\n","protected":false},"author":18,"featured_media":1314,"parent":0,"menu_order":0,"comment_status":"closed","ping_status":"closed","template":"","meta":{"footnotes":""},"class_list":["post-1276","page","type-page","status-publish","has-post-thumbnail","hentry"],"_links":{"self":[{"href":"https:\/\/www.denkulturelleskolesekken.no\/stavanger\/wp-json\/wp\/v2\/pages\/1276","targetHints":{"allow":["GET"]}}],"collection":[{"href":"https:\/\/www.denkulturelleskolesekken.no\/stavanger\/wp-json\/wp\/v2\/pages"}],"about":[{"href":"https:\/\/www.denkulturelleskolesekken.no\/stavanger\/wp-json\/wp\/v2\/types\/page"}],"author":[{"embeddable":true,"href":"https:\/\/www.denkulturelleskolesekken.no\/stavanger\/wp-json\/wp\/v2\/users\/18"}],"replies":[{"embeddable":true,"href":"https:\/\/www.denkulturelleskolesekken.no\/stavanger\/wp-json\/wp\/v2\/comments?post=1276"}],"version-history":[{"count":2,"href":"https:\/\/www.denkulturelleskolesekken.no\/stavanger\/wp-json\/wp\/v2\/pages\/1276\/revisions"}],"predecessor-version":[{"id":1278,"href":"https:\/\/www.denkulturelleskolesekken.no\/stavanger\/wp-json\/wp\/v2\/pages\/1276\/revisions\/1278"}],"wp:featuredmedia":[{"embeddable":true,"href":"https:\/\/www.denkulturelleskolesekken.no\/stavanger\/wp-json\/wp\/v2\/media\/1314"}],"wp:attachment":[{"href":"https:\/\/www.denkulturelleskolesekken.no\/stavanger\/wp-json\/wp\/v2\/media?parent=1276"}],"curies":[{"name":"wp","href":"https:\/\/api.w.org\/{rel}","templated":true}]}}