{"id":119,"date":"2019-12-10T12:20:02","date_gmt":"2019-12-10T12:20:02","guid":{"rendered":"https:\/\/viken.kulturtanken.app\/?page_id=119"},"modified":"2024-06-18T11:55:06","modified_gmt":"2024-06-18T11:55:06","slug":"kontakt-oss","status":"publish","type":"page","link":"https:\/\/www.denkulturelleskolesekken.no\/stavanger\/kontakt-oss\/","title":{"rendered":"Kontakt oss"},"content":{"rendered":"\n<p><strong>Ingrid Kristine Kolstad <\/strong><br>Fagleder DKS Stavanger kommune<br><br><a href=\"mailto:ingrid.kristine.kolstad@stavanger.kommune.no\" data-type=\"mailto\" data-id=\"mailto:ingrid.kristine.kolstad@stavanger.kommune.no\">ingrid.kristine.kolstad@stavanger.kommune.no<\/a>  <br>Tlf: 51912879 \/ 906 19 633<\/p>\n\n\n\n<p><strong>Sigbj\u00f8rn H\u00e5land <\/strong><br>R\u00e5dgiver DKS Stavanger kommune<br><br><a href=\"mailto:sigbjorn.haland@stavanger.kommune.no\">sigbjorn.haland@stavanger.kommune.no<\/a><br>Tlf: 402 26 522<\/p>\n","protected":false},"excerpt":{"rendered":"<p>Ingrid Kristine Kolstad Fagleder DKS Stavanger kommune ingrid.kristine.kolstad@stavanger.kommune.no Tlf: 51912879 \/ 906 19 633 Sigbj\u00f8rn H\u00e5land R\u00e5dgiver DKS Stavanger kommune sigbjorn.haland@stavanger.kommune.noTlf: 402 26 522<\/p>\n","protected":false},"author":4,"featured_media":0,"parent":0,"menu_order":0,"comment_status":"closed","ping_status":"closed","template":"","meta":{"footnotes":""},"class_list":["post-119","page","type-page","status-publish","hentry"],"_links":{"self":[{"href":"https:\/\/www.denkulturelleskolesekken.no\/stavanger\/wp-json\/wp\/v2\/pages\/119","targetHints":{"allow":["GET"]}}],"collection":[{"href":"https:\/\/www.denkulturelleskolesekken.no\/stavanger\/wp-json\/wp\/v2\/pages"}],"about":[{"href":"https:\/\/www.denkulturelleskolesekken.no\/stavanger\/wp-json\/wp\/v2\/types\/page"}],"author":[{"embeddable":true,"href":"https:\/\/www.denkulturelleskolesekken.no\/stavanger\/wp-json\/wp\/v2\/users\/4"}],"replies":[{"embeddable":true,"href":"https:\/\/www.denkulturelleskolesekken.no\/stavanger\/wp-json\/wp\/v2\/comments?post=119"}],"version-history":[{"count":353,"href":"https:\/\/www.denkulturelleskolesekken.no\/stavanger\/wp-json\/wp\/v2\/pages\/119\/revisions"}],"predecessor-version":[{"id":1200,"href":"https:\/\/www.denkulturelleskolesekken.no\/stavanger\/wp-json\/wp\/v2\/pages\/119\/revisions\/1200"}],"wp:attachment":[{"href":"https:\/\/www.denkulturelleskolesekken.no\/stavanger\/wp-json\/wp\/v2\/media?parent=119"}],"curies":[{"name":"wp","href":"https:\/\/api.w.org\/{rel}","templated":true}]}}