{"id":2339,"date":"2024-06-27T09:18:49","date_gmt":"2024-06-27T09:18:49","guid":{"rendered":"https:\/\/www.denkulturelleskolesekken.no\/oslo\/?page_id=2339"},"modified":"2024-08-12T10:45:39","modified_gmt":"2024-08-12T10:45:39","slug":"byjubileet-2024","status":"publish","type":"page","link":"https:\/\/www.denkulturelleskolesekken.no\/oslo\/byjubileet-2024\/","title":{"rendered":"Byjubileet 2024"},"content":{"rendered":"\n<p><strong>Hvorfor feirer vi jubileum?<\/strong> <strong>H\u00f8sten 2024 er det 400 \u00e5r siden middelalderbyen Oslo brant og den nye byen ved Akershus festning, Christiania, ble etablert. Det er ogs\u00e5 100 \u00e5r siden byen fikk sitt gamle navn Oslo tilbake. DKS Oslo er med p\u00e5 feiringen, og gir over 7500 elever mulighet til \u00e5 feire byen, dens historie og menneskene som bor her.<\/strong><\/p>\n\n\n\n<figure class=\"wp-block-image size-large\"><img loading=\"lazy\" decoding=\"async\" width=\"1024\" height=\"375\" src=\"https:\/\/cdn.denkulturelleskolesekken.no\/oslo\/575abf2b-oslo-2024_header_gr\u251c\u00a9nn_rgb-1024x375.png\" alt=\"\" class=\"wp-image-2466\"\/><\/figure>\n\n\n\n<p><strong>Jubileumsproduksjoner<\/strong><br>I uke 35, 36 og 37 har vi seks ulike produksjoner for 5.-10. trinn med jubileet som tema. Mange skoler har f\u00e5tt en av disse produksjonene til sine elever. Klikk p\u00e5 lenkene for mer informasjon.<\/p>\n\n\n\n<figure class=\"wp-block-gallery has-nested-images columns-default is-cropped wp-block-gallery-1 is-layout-flex wp-block-gallery-is-layout-flex\">\n<figure class=\"wp-block-image size-large\"><img loading=\"lazy\" decoding=\"async\" width=\"1024\" height=\"681\" data-id=\"2426\" src=\"https:\/\/cdn.denkulturelleskolesekken.no\/oslo\/ff35dd46-foto-christiania-torg-1024x681.jpg\" alt=\"\" class=\"wp-image-2426\" srcset=\"https:\/\/cdn.denkulturelleskolesekken.no\/oslo\/ff35dd46-foto-christiania-torg-1024x681.jpg 1024w, https:\/\/cdn.denkulturelleskolesekken.no\/oslo\/ff35dd46-foto-christiania-torg-300x200.jpg 300w, https:\/\/cdn.denkulturelleskolesekken.no\/oslo\/ff35dd46-foto-christiania-torg-768x511.jpg 768w, https:\/\/cdn.denkulturelleskolesekken.no\/oslo\/ff35dd46-foto-christiania-torg-272x182.jpg 272w, https:\/\/cdn.denkulturelleskolesekken.no\/oslo\/ff35dd46-foto-christiania-torg.jpg 1200w\" sizes=\"auto, (max-width: 1024px) 100vw, 1024px\" \/><figcaption><a rel=\"noreferrer noopener\" href=\"https:\/\/www.denkulturelleskolesekken.no\/oslo\/utforsk-produksjoner-i-dks\/?produksjon=13935\" target=\"_blank\"><strong>Her skal byen ligge<\/strong><\/a> &#8211; Byvandring<br>6.-7. trinn<\/figcaption><\/figure>\n\n\n\n<figure class=\"wp-block-image size-large\"><img loading=\"lazy\" decoding=\"async\" width=\"1024\" height=\"897\" data-id=\"2421\" src=\"https:\/\/cdn.denkulturelleskolesekken.no\/oslo\/c900a5e3-krittpiper-1024x897.jpg\" alt=\"\" class=\"wp-image-2421\" srcset=\"https:\/\/cdn.denkulturelleskolesekken.no\/oslo\/c900a5e3-krittpiper-1024x897.jpg 1024w, https:\/\/cdn.denkulturelleskolesekken.no\/oslo\/c900a5e3-krittpiper-300x263.jpg 300w, https:\/\/cdn.denkulturelleskolesekken.no\/oslo\/c900a5e3-krittpiper-768x673.jpg 768w, https:\/\/cdn.denkulturelleskolesekken.no\/oslo\/c900a5e3-krittpiper.jpg 1200w\" sizes=\"auto, (max-width: 1024px) 100vw, 1024px\" \/><figcaption><a rel=\"noreferrer noopener\" href=\"https:\/\/www.denkulturelleskolesekken.no\/oslo\/utforsk-produksjoner-i-dks\/?produksjon=13873\" target=\"_blank\"><strong>B\u00e5tene, menneskene og byen<\/strong><\/a> &#8211; Arkeologm\u00f8te<br>5.-7. trinn<\/figcaption><\/figure>\n\n\n\n<figure class=\"wp-block-image size-large\"><img loading=\"lazy\" decoding=\"async\" width=\"1024\" height=\"530\" data-id=\"2423\" src=\"https:\/\/cdn.denkulturelleskolesekken.no\/oslo\/ff35dd46-clemensbryggen-sjoboder-tidvis-1024x530.png\" alt=\"\" class=\"wp-image-2423\" srcset=\"https:\/\/cdn.denkulturelleskolesekken.no\/oslo\/ff35dd46-clemensbryggen-sjoboder-tidvis-1024x530.png 1024w, https:\/\/cdn.denkulturelleskolesekken.no\/oslo\/ff35dd46-clemensbryggen-sjoboder-tidvis-300x155.png 300w, https:\/\/cdn.denkulturelleskolesekken.no\/oslo\/ff35dd46-clemensbryggen-sjoboder-tidvis-768x397.png 768w, https:\/\/cdn.denkulturelleskolesekken.no\/oslo\/ff35dd46-clemensbryggen-sjoboder-tidvis.png 1200w\" sizes=\"auto, (max-width: 1024px) 100vw, 1024px\" \/><figcaption><a rel=\"noreferrer noopener\" href=\"https:\/\/www.denkulturelleskolesekken.no\/oslo\/utforsk-produksjoner-i-dks\/?produksjon=10211\" target=\"_blank\"><strong>Bli med og bygg Middelalder-Oslo<\/strong><\/a> &#8211; H\u00e5ndverker for en dag<br>8.-10. trinn<\/figcaption><\/figure>\n\n\n\n<figure class=\"wp-block-image size-large\"><img loading=\"lazy\" decoding=\"async\" width=\"1024\" height=\"576\" data-id=\"2424\" src=\"https:\/\/cdn.denkulturelleskolesekken.no\/oslo\/ff35dd46-lydvandring3-1024x576.jpeg\" alt=\"\" class=\"wp-image-2424\" srcset=\"https:\/\/cdn.denkulturelleskolesekken.no\/oslo\/ff35dd46-lydvandring3-1024x576.jpeg 1024w, https:\/\/cdn.denkulturelleskolesekken.no\/oslo\/ff35dd46-lydvandring3-300x169.jpeg 300w, https:\/\/cdn.denkulturelleskolesekken.no\/oslo\/ff35dd46-lydvandring3-768x432.jpeg 768w, https:\/\/cdn.denkulturelleskolesekken.no\/oslo\/ff35dd46-lydvandring3.jpeg 1200w\" sizes=\"auto, (max-width: 1024px) 100vw, 1024px\" \/><figcaption><strong><a rel=\"noreferrer noopener\" href=\"https:\/\/www.denkulturelleskolesekken.no\/oslo\/utforsk-produksjoner-i-dks\/?produksjon=13866\" target=\"_blank\">Dronning Eufemias by<\/a> <\/strong>&#8211; Lydvandring<br>5.-7. trinn<\/figcaption><\/figure>\n\n\n\n<figure class=\"wp-block-image size-large\"><img loading=\"lazy\" decoding=\"async\" width=\"1024\" height=\"683\" data-id=\"2422\" src=\"https:\/\/cdn.denkulturelleskolesekken.no\/oslo\/c900a5e3-opera_1-1024x683.jpg\" alt=\"\" class=\"wp-image-2422\" srcset=\"https:\/\/cdn.denkulturelleskolesekken.no\/oslo\/c900a5e3-opera_1-1024x683.jpg 1024w, https:\/\/cdn.denkulturelleskolesekken.no\/oslo\/c900a5e3-opera_1-300x200.jpg 300w, https:\/\/cdn.denkulturelleskolesekken.no\/oslo\/c900a5e3-opera_1-768x512.jpg 768w, https:\/\/cdn.denkulturelleskolesekken.no\/oslo\/c900a5e3-opera_1-272x182.jpg 272w, https:\/\/cdn.denkulturelleskolesekken.no\/oslo\/c900a5e3-opera_1.jpg 1200w\" sizes=\"auto, (max-width: 1024px) 100vw, 1024px\" \/><figcaption><a rel=\"noreferrer noopener\" href=\"https:\/\/www.denkulturelleskolesekken.no\/oslo\/utforsk-produksjoner-i-dks\/?produksjon=14959\" target=\"_blank\"><strong>Opera laget i farta!<\/strong><\/a> &#8211; Operaimpro<br>5.-7. trinn<\/figcaption><\/figure>\n\n\n\n<figure class=\"wp-block-image size-large\"><img loading=\"lazy\" decoding=\"async\" width=\"960\" height=\"640\" data-id=\"2420\" src=\"https:\/\/cdn.denkulturelleskolesekken.no\/oslo\/ff35dd46-vinterhallen-med-lys-foto-kulturetaten.png\" alt=\"\" class=\"wp-image-2420\" srcset=\"https:\/\/cdn.denkulturelleskolesekken.no\/oslo\/ff35dd46-vinterhallen-med-lys-foto-kulturetaten.png 960w, https:\/\/cdn.denkulturelleskolesekken.no\/oslo\/ff35dd46-vinterhallen-med-lys-foto-kulturetaten-300x200.png 300w, https:\/\/cdn.denkulturelleskolesekken.no\/oslo\/ff35dd46-vinterhallen-med-lys-foto-kulturetaten-768x512.png 768w, https:\/\/cdn.denkulturelleskolesekken.no\/oslo\/ff35dd46-vinterhallen-med-lys-foto-kulturetaten-272x182.png 272w\" sizes=\"auto, (max-width: 960px) 100vw, 960px\" \/><figcaption><a rel=\"noreferrer noopener\" href=\"https:\/\/www.denkulturelleskolesekken.no\/oslo\/utforsk-produksjoner-i-dks\/?produksjon=14550\" target=\"_blank\"><strong>Barokke mysterier<\/strong><\/a> &#8211; <br>Sanger fra asylet og en heksejakt<br>8.-10. trinn<\/figcaption><\/figure>\n<\/figure>\n\n\n\n<p><strong>P\u00e5 egenh\u00e5nd<\/strong><br>To produksjoner kan din klasse gjennomf\u00f8re p\u00e5 egenh\u00e5nd, p\u00e5 et tidspunkt som passer dere. Klikk p\u00e5 lenkene under for mer informasjon:<\/p>\n\n\n\n<figure class=\"wp-block-gallery alignwide has-nested-images columns-default is-cropped wp-block-gallery-2 is-layout-flex wp-block-gallery-is-layout-flex\">\n<figure class=\"wp-block-image size-large\"><img loading=\"lazy\" decoding=\"async\" width=\"1024\" height=\"681\" data-id=\"2459\" src=\"https:\/\/cdn.denkulturelleskolesekken.no\/oslo\/a68e765a-d1824-10-jpg-1024x681.jpg\" alt=\"Foto av Christiania Torg mot Cafe celcius\" class=\"wp-image-2459\"\/><figcaption><a rel=\"noreferrer noopener\" href=\"https:\/\/www.denkulturelleskolesekken.no\/oslo\/utforsk-produksjoner-i-dks\/?produksjon=15852\" target=\"_blank\"><strong>Oppdag Kvadraturen<\/strong><\/a>&#8211; byvandring med digitalt kart<br>5.-7. trinn<\/figcaption><\/figure>\n\n\n\n<figure class=\"wp-block-image size-large\"><img loading=\"lazy\" decoding=\"async\" width=\"1024\" height=\"685\" data-id=\"2460\" src=\"https:\/\/cdn.denkulturelleskolesekken.no\/oslo\/8103818b-1-utgravning-av-barcode-6-1024x685.jpg\" alt=\"Foto av arkeologer som graver ut en treb\u00e5t fra leira\" class=\"wp-image-2460\"\/><figcaption>Varene, menneskene og havna &#8211; rebus<br>7.-10. trinn<\/figcaption><\/figure>\n<\/figure>\n\n\n\n<p><strong>Familiearrangement og kranselag 17. august<\/strong><br>L\u00f8rdag 17. august kl. 12.00-16.00, blir det en markering av jubileet i Middelalderparken, med et stort familiearrangement med mange ulike aktiviteter. Det blir ogs\u00e5 kranselag for en av sj\u00f8bodene som elever har v\u00e6rt med \u00e5 bygge i produksjonen <em><a href=\"https:\/\/www.denkulturelleskolesekken.no\/oslo\/utforsk-produksjoner-i-dks\/?produksjon=10211\" target=\"_blank\" rel=\"noreferrer noopener\">Bli med og bygg i Middelalder-Oslo<\/a><\/em>. Alle er velkomne til \u00e5 delta!<\/p>\n\n\n\n<p>Taler ved ordf\u00f8rer Anne Lindboe, direkt\u00f8r for Utdanningsetaten Marte Gerhardsen, direkt\u00f8r for Kulturetaten Stein Slyngstad og Riksantikvar Hanna Geiran. Arrangert av blant annet Kulturetaten.<\/p>\n\n\n\n<p><strong>Ansvarlige<\/strong><br>DKS sin jubileumsmarkering er planlagt sammen med Oslo museum \u2013 Bymuseet, Oslo Byarkiv, Norsk Maritimt Museum og Oslo Ladeg\u00e5rd\/Middelalderbyen.<\/p>\n\n\n\n<p>DKS sitt jubileumsprogram er en del av et st\u00f8rre program \u00e5pent for alle, som foreg\u00e5r gjennom hele 2024. Se hele programmet p\u00e5 <a rel=\"noreferrer noopener\" href=\"https:\/\/oslo2024.no\/\" target=\"_blank\">oslo2024.no<\/a>. <\/p>\n\n\n\n<p><strong>Sp\u00f8rsm\u00e5l?<\/strong><br>Ta kontakt med <a rel=\"noreferrer noopener\" href=\"mailto:nina.buflaten@osloskolen.no\" target=\"_blank\">nina.buflaten@osloskolen.no<\/a>.  <\/p>\n","protected":false},"excerpt":{"rendered":"<p>Hvorfor feirer vi jubileum? H\u00f8sten 2024 er det 400 \u00e5r siden middelalderbyen Oslo brant og den nye byen ved Akershus festning, Christiania, ble etablert. Det er ogs\u00e5 100 \u00e5r siden byen fikk sitt gamle navn Oslo tilbake. DKS Oslo er med p\u00e5 feiringen, og gir over 7500 elever mulighet til \u00e5 feire byen, dens historie [&hellip;]<\/p>\n","protected":false},"author":17,"featured_media":0,"parent":0,"menu_order":0,"comment_status":"closed","ping_status":"closed","template":"","meta":{"footnotes":""},"class_list":["post-2339","page","type-page","status-publish","hentry"],"_links":{"self":[{"href":"https:\/\/www.denkulturelleskolesekken.no\/oslo\/wp-json\/wp\/v2\/pages\/2339","targetHints":{"allow":["GET"]}}],"collection":[{"href":"https:\/\/www.denkulturelleskolesekken.no\/oslo\/wp-json\/wp\/v2\/pages"}],"about":[{"href":"https:\/\/www.denkulturelleskolesekken.no\/oslo\/wp-json\/wp\/v2\/types\/page"}],"author":[{"embeddable":true,"href":"https:\/\/www.denkulturelleskolesekken.no\/oslo\/wp-json\/wp\/v2\/users\/17"}],"replies":[{"embeddable":true,"href":"https:\/\/www.denkulturelleskolesekken.no\/oslo\/wp-json\/wp\/v2\/comments?post=2339"}],"version-history":[{"count":54,"href":"https:\/\/www.denkulturelleskolesekken.no\/oslo\/wp-json\/wp\/v2\/pages\/2339\/revisions"}],"predecessor-version":[{"id":2652,"href":"https:\/\/www.denkulturelleskolesekken.no\/oslo\/wp-json\/wp\/v2\/pages\/2339\/revisions\/2652"}],"wp:attachment":[{"href":"https:\/\/www.denkulturelleskolesekken.no\/oslo\/wp-json\/wp\/v2\/media?parent=2339"}],"curies":[{"name":"wp","href":"https:\/\/api.w.org\/{rel}","templated":true}]}}