{"id":1302,"date":"2022-07-04T13:31:54","date_gmt":"2022-07-04T13:31:54","guid":{"rendered":"https:\/\/www.denkulturelleskolesekken.no\/oslo\/?page_id=1302"},"modified":"2024-06-20T08:11:48","modified_gmt":"2024-06-20T08:11:48","slug":"grunnskolens-faste-program","status":"publish","type":"page","link":"https:\/\/www.denkulturelleskolesekken.no\/oslo\/grunnskolens-faste-program\/","title":{"rendered":"Fast program 1.-10.trinn"},"content":{"rendered":"\n<p><strong>Tildelte produksjoner <\/strong>(fast program)<\/p>\n\n\n\n<figure class=\"wp-block-table aligncenter is-style-stripes has-small-font-size\"><table><tbody><tr><td><\/td><td><br><strong>1. &#8211; 2. trinn<\/strong><\/td><\/tr><tr><td><\/td><td>&#8211; En scenekunst-forestilling er tildelt og kommer til skolen<br>&#8211; En skolekonsert er tildelt og kommer til skolen<br>&#8211; For de fleste er en supplerende produksjon tildelt. Kulturuttrykk og type produksjon vil variere fra skole til skole<br><\/td><\/tr><tr><td><\/td><td><br><strong>3. trinn<\/strong><\/td><\/tr><tr><td><\/td><td>&#8211; Go&#8217; bok,&nbsp;del 1&nbsp;gjennomf\u00f8res p\u00e5 skolen, i hovedsak om h\u00f8sten. Del 2 gjennomf\u00f8res p\u00e5 biblioteket om v\u00e5ren.<br>&#8211; En skolekonsert er tildelt, og kommer til skolen<br>&#8211; For de fleste er en supplerende produksjon tildelt. Kulturuttrykk og type produksjon vil variere fra skole til skole<br><\/td><\/tr><tr><td><\/td><td><br><strong>4. trinn<\/strong><\/td><\/tr><tr><td><\/td><td>&#8211; bes\u00f8k til Bymuseet<br>&#8211; En skolekonsert er tildelt, og kommer til skolen<br>&#8211; For de fleste er en supplerende produksjon tildelt. Kulturuttrykk og type produksjon vil variere fra skole til skole<br><\/td><\/tr><tr><td><\/td><td><br><strong>5. trinn<\/strong><\/td><\/tr><tr><td><\/td><td>&#8211; Konsert i konserthuset med Oslo-Filharmonien<br>&#8211; En skolekonsert er tildelt, og kommer til skolen<br>&#8211; Halve trinnet f\u00e5r bes\u00f8k i R\u00e5dhuset <br>&#8211; For de fleste er en supplerende produksjon tildelt. Kulturuttrykk og type produksjon vil variere fra skole til skole<br><\/td><\/tr><tr><td><\/td><td><br><strong>6. trinn<\/strong><\/td><\/tr><tr><td><\/td><td>&#8211; M\u00f8t!<strong> &#8211; <\/strong>omvisning og forestilling (hvis mulig) p\u00e5 en scenekunstinstitusjon<br>&#8211; En skolekonsert er tildelt, og kommer til skolen<br><\/td><\/tr><tr><td><\/td><td><br><strong>7. trinn<\/strong><\/td><\/tr><tr><td><\/td><td>&#8211; Bes\u00f8k til Munchmuseet<br>&#8211; En skolekonsert er tildelt, og kommer til skolen<br>&#8211; For de fleste er en supplerende produksjon tildelt. Kulturuttrykk og type produksjon vil variere fra skole til skole<br><\/td><\/tr><tr><td><\/td><td><br><strong>8. trinn<\/strong><\/td><\/tr><tr><td><\/td><td>&#8211; Stumfilmkonsert,&nbsp;p\u00e5 Cinemateket<br>&#8211; En konsert eller scenekunst-forestilling er tildelt, og kommer til skolen<br>&#8211; Supplerende produksjon er tildelt. Kulturuttrykk og type produksjon vil variere fra skole til skole<br><\/td><\/tr><tr><td><\/td><td><br><strong>9. trinn<\/strong><\/td><\/tr><tr><td><\/td><td>&#8211; Forfatterbes\u00f8k om h\u00f8sten, kommer til skolen<br>&#8211; Oslo Pix ung, filmfestival om v\u00e5ren p\u00e5 kino<br>&#8211; En konsert eller scenekunst-forestilling er tildelt, og kommer til skolen<br><\/td><\/tr><tr><td><\/td><td><br><strong>10. trinn<\/strong><\/td><\/tr><tr><td><\/td><td>&#8211; En konsert eller scenekunst-forestilling er tildelt, og kommer til skolen<br>&#8211; Supplerende produksjon er tildelt. Kulturuttrykk og type produksjon vil variere fra skole til skole<br><\/td><\/tr><\/tbody><\/table><\/figure>\n\n\n\n<p><strong>DKS i skolens oppdrag<\/strong><\/p>\n\n\n\n<ul class=\"wp-block-list\"><li>Alle produksjonene kan knyttes opp mot LK20. <a href=\"https:\/\/www.udir.no\/laring-og-trivsel\/lareplanverket\/stotte\/den-kulturelle-skolesekken\/\">Les mer p\u00e5 Udir sine sider her<\/a><\/li><\/ul>\n\n\n\n<ul class=\"wp-block-list\"><li>Kulturm\u00f8tene er viktig i seg selv, og st\u00e5r p\u00e5 timeplanen i et dannelsesperspektiv, forankret i oppl\u00e6ringslovens verdigrunnlag<\/li><\/ul>\n\n\n\n<ul class=\"wp-block-list\"><li>Kulturm\u00f8tene kan v\u00e6re en ressurs i realiseringen av skolens m\u00e5l, b\u00e5de i og p\u00e5 tvers av fag<\/li><\/ul>\n","protected":false},"excerpt":{"rendered":"<p>Tildelte produksjoner (fast program) 1. &#8211; 2. trinn &#8211; En scenekunst-forestilling er tildelt og kommer til skolen&#8211; En skolekonsert er tildelt og kommer til skolen&#8211; For de fleste er en supplerende produksjon tildelt. Kulturuttrykk og type produksjon vil variere fra skole til skole 3. trinn &#8211; Go&#8217; bok,&nbsp;del 1&nbsp;gjennomf\u00f8res p\u00e5 skolen, i hovedsak om h\u00f8sten. [&hellip;]<\/p>\n","protected":false},"author":13,"featured_media":2266,"parent":0,"menu_order":0,"comment_status":"closed","ping_status":"closed","template":"","meta":{"footnotes":""},"class_list":["post-1302","page","type-page","status-publish","has-post-thumbnail","hentry"],"_links":{"self":[{"href":"https:\/\/www.denkulturelleskolesekken.no\/oslo\/wp-json\/wp\/v2\/pages\/1302","targetHints":{"allow":["GET"]}}],"collection":[{"href":"https:\/\/www.denkulturelleskolesekken.no\/oslo\/wp-json\/wp\/v2\/pages"}],"about":[{"href":"https:\/\/www.denkulturelleskolesekken.no\/oslo\/wp-json\/wp\/v2\/types\/page"}],"author":[{"embeddable":true,"href":"https:\/\/www.denkulturelleskolesekken.no\/oslo\/wp-json\/wp\/v2\/users\/13"}],"replies":[{"embeddable":true,"href":"https:\/\/www.denkulturelleskolesekken.no\/oslo\/wp-json\/wp\/v2\/comments?post=1302"}],"version-history":[{"count":20,"href":"https:\/\/www.denkulturelleskolesekken.no\/oslo\/wp-json\/wp\/v2\/pages\/1302\/revisions"}],"predecessor-version":[{"id":2267,"href":"https:\/\/www.denkulturelleskolesekken.no\/oslo\/wp-json\/wp\/v2\/pages\/1302\/revisions\/2267"}],"wp:featuredmedia":[{"embeddable":true,"href":"https:\/\/www.denkulturelleskolesekken.no\/oslo\/wp-json\/wp\/v2\/media\/2266"}],"wp:attachment":[{"href":"https:\/\/www.denkulturelleskolesekken.no\/oslo\/wp-json\/wp\/v2\/media?parent=1302"}],"curies":[{"name":"wp","href":"https:\/\/api.w.org\/{rel}","templated":true}]}}