{"id":1108,"date":"2022-06-21T19:03:36","date_gmt":"2022-06-21T19:03:36","guid":{"rendered":"https:\/\/wordpress.kulturtanken.app\/oslo\/?page_id=1108"},"modified":"2024-02-29T09:21:18","modified_gmt":"2024-02-29T09:21:18","slug":"skup","status":"publish","type":"page","link":"https:\/\/www.denkulturelleskolesekken.no\/oslo\/skup\/","title":{"rendered":"SKUP"},"content":{"rendered":"\n<p><strong>Skolens eget utviklingsprosjekt (SKUP) for videreg\u00e5ende skoler fra 2024\/25<\/strong><\/p>\n\n\n\n<p>Fra og med skole\u00e5ret 2024\/25 er SKUP forbeholdt videreg\u00e5nde skole (vgs.). De grunnskolene som er med i ordningen og ikke har deltatt i tre skole\u00e5r, kan fortsatt s\u00f8ke.<\/p>\n\n\n\n<p><strong>SKUP <\/strong>&#8211; Skolens eget utviklingsprosjekt i Den kulturelle skolesekken &#8211; har som m\u00e5lsetting \u00e5 bidra i skolens arbeide med \u00e5 oppn\u00e5 LK20 sitt verdigrunnlag som blant annet skaperglede, engasjement og utforskertrang.<\/p>\n\n\n\n<p>SKUP skal utforske og utvikle modeller\/metoder for kreative og utforskende undervisningsprosesser i samarbeid med akt\u00f8r fra kunst og kulturfeltet, og veiledning fra Institutt for estetiske fag, OsloMet.<\/p>\n\n\n\n<p>Nettverkssamlinger med refleksjon og inspirasjon er viktige bidrag inn i felles arbeid med \u00e5 utvikle undervisningsstrategier med utgangspunkt i kunstfagenes metodikk.<\/p>\n\n\n\n<p>SKUP gir skolen mulighet til \u00e5 jobbe med egendefinerte m\u00e5l og utfordringer gjennom kunst og kreative prosesser og har et spesielt fokus p\u00e5 l\u00e6ringsmilj\u00f8 og \u00e5 fullf\u00f8re og best\u00e5. Les mer i SKUP-rapporten fra 2021 her:\u202fSKUP-rapport 2021<\/p>\n\n\n\n<p><strong>S\u00f8ke om \u00e5 delta<\/strong><\/p>\n\n\n\n<p>Utlysning for skole\u00e5ret 2024-25 blir publisert v\u00e5rsemesteret 2024 med frist 15.03.2024. Beskjed og utlysning blir sendt til alle kulturkontakter i vgs. og publiseres p\u00e5 v\u00e5re hjemmesider og i v\u00e5rt DKS-team. S\u00f8knader og tilslag om \u00e5 bli SKUP-skole behandles i l\u00f8pet av v\u00e5r-semesteret<\/p>\n\n\n\n<p><a href=\"https:\/\/cdn.denkulturelleskolesekken.no\/oslo\/3663c4af-2024_25-soknadsskjema-skup.docx\" data-type=\"URL\" data-id=\"https:\/\/cdn.denkulturelleskolesekken.no\/oslo\/3663c4af-2024_25-soknadsskjema-skup.docx\">S<\/a><a href=\"https:\/\/cdn.denkulturelleskolesekken.no\/oslo\/d9c7c1b9-soknadsskjema_skup-2024-25.docx\">\u00f8knadsskjema for 2024-25 finner du her<\/a><\/p>\n\n\n\n<p><strong><em>S\u00f8knadsfrist: 15. mars 2024<\/em><\/strong><\/p>\n\n\n\n<p><strong>M\u00e5l<\/strong><\/p>\n\n\n\n<p>\u00b7 Kompetanseutvikling for l\u00e6rere<\/p>\n\n\n\n<p>\u00b7 Bidra inn i skolens arbeide for at elevere skal fullf\u00f8re og best\u00e5<\/p>\n\n\n\n<p>\u00b7 Bidra til elevenes skapende evner og nysgjerrighet og motivasjon for l\u00e6ring<\/p>\n\n\n\n<p>\u00b7 Positive endringer p\u00e5 faglige- og sosiale m\u00e5l eller definerte utfordringer<\/p>\n\n\n\n<p>\u00b7 Utvikling av modeller for kreativ og utforskende undervisning<\/p>\n\n\n\n<p><strong>Delm\u00e5l<\/strong><\/p>\n\n\n\n<p>\u00b7 Bidra til skaperglede, engasjement og utforskertrang i alle fag og p\u00e5 tvers av fag<\/p>\n\n\n\n<p>\u00b7 Dybdel\u00e6ring og elevaktiv l\u00e6ring<\/p>\n\n\n\n<p>\u00b7 Bidra i skolens arbeid i og p\u00e5 tvers av fag<\/p>\n\n\n\n<p><strong>Struktur og \u00f8konomi<\/strong><\/p>\n\n\n\n<p>SKUP strekker seg over to \u00e5r og skolen samarbeider med partnere fra universitets- eller h\u00f8yskolemilj\u00f8et, samt en akt\u00f8r fra det profesjonelle kunst- og kulturfeltet. Skolen f\u00e5r inntil 75\u202f000,- til samarbeid med kulturakt\u00f8r.<\/p>\n\n\n\n<p>SKUP organiseres med tre nettverkssamlinger for alle deltakende skoler, jevnlige m\u00f8ter med veiledning\/observasjon og refleksjon med OsloMet og et langvarig samarbeide med kulturakt\u00f8r (over ett til to \u00e5r). Veiledere fra OsloMet bidrar til \u00e5 finne kulturakt\u00f8r. SKUP er skolens eget prosjekt, skolens selv er viktigste p\u00e5driver og forankring i skolens ledelse er essensielt. <\/p>\n\n\n\n<p>Skolen sender inn\u202frefusjonsskjema\u202fmot slutten av skole\u00e5ret, og f\u00e5r refundert gjennom internfakturering.<\/p>\n","protected":false},"excerpt":{"rendered":"<p>Skolens eget utviklingsprosjekt (SKUP) for videreg\u00e5ende skoler fra 2024\/25 Fra og med skole\u00e5ret 2024\/25 er SKUP forbeholdt videreg\u00e5nde skole (vgs.). De grunnskolene som er med i ordningen og ikke har deltatt i tre skole\u00e5r, kan fortsatt s\u00f8ke. SKUP &#8211; Skolens eget utviklingsprosjekt i Den kulturelle skolesekken &#8211; har som m\u00e5lsetting \u00e5 bidra i skolens arbeide [&hellip;]<\/p>\n","protected":false},"author":13,"featured_media":1652,"parent":0,"menu_order":0,"comment_status":"closed","ping_status":"closed","template":"","meta":{"footnotes":""},"class_list":["post-1108","page","type-page","status-publish","has-post-thumbnail","hentry"],"_links":{"self":[{"href":"https:\/\/www.denkulturelleskolesekken.no\/oslo\/wp-json\/wp\/v2\/pages\/1108","targetHints":{"allow":["GET"]}}],"collection":[{"href":"https:\/\/www.denkulturelleskolesekken.no\/oslo\/wp-json\/wp\/v2\/pages"}],"about":[{"href":"https:\/\/www.denkulturelleskolesekken.no\/oslo\/wp-json\/wp\/v2\/types\/page"}],"author":[{"embeddable":true,"href":"https:\/\/www.denkulturelleskolesekken.no\/oslo\/wp-json\/wp\/v2\/users\/13"}],"replies":[{"embeddable":true,"href":"https:\/\/www.denkulturelleskolesekken.no\/oslo\/wp-json\/wp\/v2\/comments?post=1108"}],"version-history":[{"count":19,"href":"https:\/\/www.denkulturelleskolesekken.no\/oslo\/wp-json\/wp\/v2\/pages\/1108\/revisions"}],"predecessor-version":[{"id":2063,"href":"https:\/\/www.denkulturelleskolesekken.no\/oslo\/wp-json\/wp\/v2\/pages\/1108\/revisions\/2063"}],"wp:featuredmedia":[{"embeddable":true,"href":"https:\/\/www.denkulturelleskolesekken.no\/oslo\/wp-json\/wp\/v2\/media\/1652"}],"wp:attachment":[{"href":"https:\/\/www.denkulturelleskolesekken.no\/oslo\/wp-json\/wp\/v2\/media?parent=1108"}],"curies":[{"name":"wp","href":"https:\/\/api.w.org\/{rel}","templated":true}]}}