{"id":11,"date":"2019-10-31T13:31:37","date_gmt":"2019-10-31T13:31:37","guid":{"rendered":"https:\/\/viken.kulturtanken.app\/?page_id=11"},"modified":"2025-09-12T10:59:59","modified_gmt":"2025-09-12T10:59:59","slug":"forside","status":"publish","type":"page","link":"https:\/\/www.denkulturelleskolesekken.no\/oslo\/","title":{"rendered":"Forside"},"content":{"rendered":"<div id=\"pl-gb11-6a01f5bf109b0\"  class=\"panel-layout wp-block-siteorigin-panels-layout-block\" ><div id=\"pg-gb11-6a01f5bf109b0-0\"  class=\"panel-grid panel-no-style\" ><div id=\"pgc-gb11-6a01f5bf109b0-0-0\"  class=\"panel-grid-cell\" >\n            <article class=\"kt-headline-article\">\n                <div class=\"kt-headline-article-image\" style=\"background-image: url(https:\/\/cdn.denkulturelleskolesekken.no\/oslo\/033121b2-europavisjonar-2025-shs-16.jpg); background-position: center center;\"><\/div>\n                    <div class=\"kt-headline-search-card secondary-bg\">\n                        <h2>Utforsk v\u00e5re produksjoner: <\/h2>\n                        <div id=\"kt-explore-productions-0709d39f-53d7-4991-b009-676152dd4763\" style=\"width: 100%\"><\/div>\n                    <\/div>\n            <\/article>\n            <script>window.attachHeadlineSearch(document.getElementById(\"kt-explore-productions-0709d39f-53d7-4991-b009-676152dd4763\"), {\"url\":\"https:\\\/\\\/www.denkulturelleskolesekken.no\\\/oslo\\\/utforsk-produksjoner-i-dks\\\/\"});<\/script>\n        <\/div><\/div><div id=\"pg-gb11-6a01f5bf109b0-1\"  class=\"panel-grid panel-no-style\" ><div id=\"pgc-gb11-6a01f5bf109b0-1-0\"  class=\"panel-grid-cell\" >\n        <section class=\"kt-sticky-posts\">\n            <div class=\"kt-indent-74\">\n                <div class=\"kt-section-header\">\n                    <h2>Aktuelt for skole<\/h2>\n                    <p><\/p>\n                <\/div>\n                <div class=\"kt-sticky-posts-list\">\n                                            <div tabIndex=\"0\" class=\"kt-post\">\n                            <img decoding=\"async\" src=\"https:\/\/cdn.denkulturelleskolesekken.no\/oslo\/5cfcc7c9-010_vn_0620_hi-res_johnnyvaetnordskog.jpg\" alt=\"\"\/>\n                            <div class=\"kt-post-bg theme-colors\">\n                                <h3><a tabIndex=\"-1\" href=\"https:\/\/www.denkulturelleskolesekken.no\/oslo\/2025\/12\/19\/god-jul-fra-oss\/\">God jul fra oss<\/a><\/h3>\n                                <i class=\"material-icons md-48\">arrow_forward_ios<\/i>\n                            <\/div>\n                        <\/div>\n                                            <div tabIndex=\"0\" class=\"kt-post\">\n                            <img decoding=\"async\" src=\"https:\/\/cdn.denkulturelleskolesekken.no\/oslo\/292afc36-maur.jpg\" alt=\"\"\/>\n                            <div class=\"kt-post-bg theme-colors\">\n                                <h3><a tabIndex=\"-1\" href=\"https:\/\/www.denkulturelleskolesekken.no\/oslo\/2025\/09\/25\/5-tips-til-kulturkontakter\/\">5 tips til kulturkontakter<\/a><\/h3>\n                                <i class=\"material-icons md-48\">arrow_forward_ios<\/i>\n                            <\/div>\n                        <\/div>\n                                            <div tabIndex=\"0\" class=\"kt-post\">\n                            <img decoding=\"async\" src=\"https:\/\/cdn.denkulturelleskolesekken.no\/oslo\/8e17d65b-ledig-stilling-i-dks-oslo-ny-versjon.png\" alt=\"\"\/>\n                            <div class=\"kt-post-bg theme-colors\">\n                                <h3><a tabIndex=\"-1\" href=\"https:\/\/www.denkulturelleskolesekken.no\/oslo\/2025\/07\/01\/vil-du-vaere-med-a-forme-dks-oslo-sitt-litteraturprogram\/\">Vil du v\u00e6re med \u00e5 forme DKS Oslo sitt litteraturprogram?<\/a><\/h3>\n                                <i class=\"material-icons md-48\">arrow_forward_ios<\/i>\n                            <\/div>\n                        <\/div>\n                                            <div tabIndex=\"0\" class=\"kt-post\">\n                            <img decoding=\"async\" src=\"https:\/\/cdn.denkulturelleskolesekken.no\/oslo\/07f2f4ce-kultur1.jpg\" alt=\"Bilde bakfra av elev med kulturvert t-skjorte og caps\"\/>\n                            <div class=\"kt-post-bg theme-colors\">\n                                <h3><a tabIndex=\"-1\" href=\"https:\/\/www.denkulturelleskolesekken.no\/oslo\/2025\/05\/12\/pamelding-elevarrangorkurs-5-10-trinn-host-2025\/\">P\u00e5melding elevarrang\u00f8rkurs 5.-10. trinn h\u00f8st 2025<\/a><\/h3>\n                                <i class=\"material-icons md-48\">arrow_forward_ios<\/i>\n                            <\/div>\n                        <\/div>\n                                            <div tabIndex=\"0\" class=\"kt-post\">\n                            <img decoding=\"async\" src=\"https:\/\/cdn.denkulturelleskolesekken.no\/oslo\/601ef484-redskap.jpeg\" alt=\"\"\/>\n                            <div class=\"kt-post-bg theme-colors\">\n                                <h3><a tabIndex=\"-1\" href=\"https:\/\/www.denkulturelleskolesekken.no\/oslo\/2025\/05\/06\/pamelding-verksteder-4-10-trinn-2025-26\/\">P\u00e5melding verksteder 4.-10. trinn 2025-26<\/a><\/h3>\n                                <i class=\"material-icons md-48\">arrow_forward_ios<\/i>\n                            <\/div>\n                        <\/div>\n                                            <div tabIndex=\"0\" class=\"kt-post\">\n                            <img decoding=\"async\" src=\"https:\/\/cdn.denkulturelleskolesekken.no\/oslo\/167a51b7-fw_beveger_12062016_4-copy-lavopploselig-kyrre-texnaes-photo-fredrikke-wiheden.jpg\" alt=\"\"\/>\n                            <div class=\"kt-post-bg theme-colors\">\n                                <h3><a tabIndex=\"-1\" href=\"https:\/\/www.denkulturelleskolesekken.no\/oslo\/2024\/12\/16\/for-et-ar-det-har-vaert\/\">For et \u00e5r det har v\u00e6rt!<\/a><\/h3>\n                                <i class=\"material-icons md-48\">arrow_forward_ios<\/i>\n                            <\/div>\n                        <\/div>\n                                            <div tabIndex=\"0\" class=\"kt-post\">\n                            <img decoding=\"async\" src=\"https:\/\/cdn.denkulturelleskolesekken.no\/oslo\/c900a5e3-lydvandring.jpeg\" alt=\"Foto av mann med \u00f8retelefoner om holder en stor glasskule, som speiler bakgrunnen opp ned\"\/>\n                            <div class=\"kt-post-bg theme-colors\">\n                                <h3><a tabIndex=\"-1\" href=\"https:\/\/www.denkulturelleskolesekken.no\/oslo\/2024\/08\/12\/markering-av-byjubileet-2024\/\">Markering av byjubileet 2024<\/a><\/h3>\n                                <i class=\"material-icons md-48\">arrow_forward_ios<\/i>\n                            <\/div>\n                        <\/div>\n                                            <div tabIndex=\"0\" class=\"kt-post\">\n                            <img decoding=\"async\" src=\"https:\/\/cdn.denkulturelleskolesekken.no\/oslo\/9344f0c3-vigalands-verden.jpg\" alt=\"\"\/>\n                            <div class=\"kt-post-bg theme-colors\">\n                                <h3><a tabIndex=\"-1\" href=\"https:\/\/www.denkulturelleskolesekken.no\/oslo\/2024\/06\/10\/velkommen-til-nytt-dks-ar-2024-25\/\">Velkommen til nytt DKS-\u00e5r 2024-25!<\/a><\/h3>\n                                <i class=\"material-icons md-48\">arrow_forward_ios<\/i>\n                            <\/div>\n                        <\/div>\n                                    <\/div>\n                    <a class=\"kt-read-more\"\n                        href=\"https:\/\/www.denkulturelleskolesekken.no\/oslo\/category\/for-skole\/\"\n                    >\n                        Se alle nyheter                    <\/a>\n            <\/div>\n        <\/section>\n        <script type=\"text\/javascript\">\n            \/* Fix object-fit issue on IE, Edge *\/\n            var ieEdgeImageCorrection = function () {\n                var isMobileScreen = jQuery(window).width() <= 768;\n                if (!isMobileScreen) {\n                    jQuery('.kt-sticky-posts-list a .kt-post-image-overlay').remove();\n                } else if (document.documentMode || \/Edge\/.test(window.navigator.userAgent)) {\n                    jQuery('.kt-sticky-posts-list img').each(function () {\n                        var t = jQuery(this),\n                            s = 'url(' + t.attr('src') + ')',\n                            p = t.parent(),\n                            d = jQuery('<div class=\"kt-post-image-overlay\"><\/div>');\n                        p.css('position', 'relative');\n                        p.append(d);\n                        d.css({\n                            'position': 'absolute',\n                            'top': '0',\n                            'left': '0',\n                            'bottom': '48px',\n                            'width': '100%',\n                            'background-size': 'cover',\n                            'background-repeat': 'no-repeat',\n                            'background-position': 'center',\n                            'background-image': s\n                        });\n                        \/\/ t.hide();\n                    });\n                }\n            }\n            window.addEventListener('load', ieEdgeImageCorrection);\n            window.addEventListener('resize', ieEdgeImageCorrection);\n        <\/script>\n        \n        <section class=\"kt-sticky-posts\">\n            <div class=\"kt-indent-74\">\n                <div class=\"kt-section-header\">\n                    <h2>Aktuelt for ut\u00f8vere<\/h2>\n                    <p><\/p>\n                <\/div>\n                <div class=\"kt-sticky-posts-list\">\n                                            <div tabIndex=\"0\" class=\"kt-post\">\n                            <img decoding=\"async\" src=\"https:\/\/cdn.denkulturelleskolesekken.no\/oslo\/5e9807c2-dks-lab-2026_logo-bakgrunn.png\" alt=\"\"\/>\n                            <div class=\"kt-post-bg theme-colors\">\n                                <h3><a tabIndex=\"-1\" href=\"https:\/\/www.denkulturelleskolesekken.no\/oslo\/2026\/02\/24\/sok-dks-lab-oslo-2026-engelskspraklig-utviklingslab-for-billedkunstnere\/\">S\u00f8k DKS-LAB Oslo 2026 &#8211; engelskspr\u00e5klig utviklingslab for billedkunstnere<\/a><\/h3>\n                                <i class=\"material-icons md-48\">arrow_forward_ios<\/i>\n                            <\/div>\n                        <\/div>\n                                            <div tabIndex=\"0\" class=\"kt-post\">\n                            <img decoding=\"async\" src=\"https:\/\/cdn.denkulturelleskolesekken.no\/oslo\/5cfcc7c9-010_vn_0620_hi-res_johnnyvaetnordskog.jpg\" alt=\"\"\/>\n                            <div class=\"kt-post-bg theme-colors\">\n                                <h3><a tabIndex=\"-1\" href=\"https:\/\/www.denkulturelleskolesekken.no\/oslo\/2025\/12\/19\/god-jul-fra-oss\/\">God jul fra oss<\/a><\/h3>\n                                <i class=\"material-icons md-48\">arrow_forward_ios<\/i>\n                            <\/div>\n                        <\/div>\n                                            <div tabIndex=\"0\" class=\"kt-post\">\n                            <img decoding=\"async\" src=\"https:\/\/cdn.denkulturelleskolesekken.no\/oslo\/8e17d65b-ledig-stilling-i-dks-oslo-ny-versjon.png\" alt=\"\"\/>\n                            <div class=\"kt-post-bg theme-colors\">\n                                <h3><a tabIndex=\"-1\" href=\"https:\/\/www.denkulturelleskolesekken.no\/oslo\/2025\/07\/01\/vil-du-vaere-med-a-forme-dks-oslo-sitt-litteraturprogram\/\">Vil du v\u00e6re med \u00e5 forme DKS Oslo sitt litteraturprogram?<\/a><\/h3>\n                                <i class=\"material-icons md-48\">arrow_forward_ios<\/i>\n                            <\/div>\n                        <\/div>\n                                            <div tabIndex=\"0\" class=\"kt-post\">\n                            <img decoding=\"async\" src=\"https:\/\/cdn.denkulturelleskolesekken.no\/oslo\/167a51b7-fw_beveger_12062016_4-copy-lavopploselig-kyrre-texnaes-photo-fredrikke-wiheden.jpg\" alt=\"\"\/>\n                            <div class=\"kt-post-bg theme-colors\">\n                                <h3><a tabIndex=\"-1\" href=\"https:\/\/www.denkulturelleskolesekken.no\/oslo\/2024\/12\/16\/for-et-ar-det-har-vaert\/\">For et \u00e5r det har v\u00e6rt!<\/a><\/h3>\n                                <i class=\"material-icons md-48\">arrow_forward_ios<\/i>\n                            <\/div>\n                        <\/div>\n                                            <div tabIndex=\"0\" class=\"kt-post\">\n                            <img decoding=\"async\" src=\"https:\/\/cdn.denkulturelleskolesekken.no\/oslo\/11e315de-skjermbilde-2024-08-08-121854.jpg\" alt=\"\"\/>\n                            <div class=\"kt-post-bg theme-colors\">\n                                <h3><a tabIndex=\"-1\" href=\"https:\/\/www.denkulturelleskolesekken.no\/oslo\/2024\/09\/19\/vil-du-bidra-i-dks-skolearet-2025-26\/\">Vil du bidra i DKS skole\u00e5ret 2025\/26?<\/a><\/h3>\n                                <i class=\"material-icons md-48\">arrow_forward_ios<\/i>\n                            <\/div>\n                        <\/div>\n                                            <div tabIndex=\"0\" class=\"kt-post\">\n                            <img decoding=\"async\" src=\"https:\/\/cdn.denkulturelleskolesekken.no\/oslo\/c900a5e3-lydvandring.jpeg\" alt=\"Foto av mann med \u00f8retelefoner om holder en stor glasskule, som speiler bakgrunnen opp ned\"\/>\n                            <div class=\"kt-post-bg theme-colors\">\n                                <h3><a tabIndex=\"-1\" href=\"https:\/\/www.denkulturelleskolesekken.no\/oslo\/2024\/08\/12\/markering-av-byjubileet-2024\/\">Markering av byjubileet 2024<\/a><\/h3>\n                                <i class=\"material-icons md-48\">arrow_forward_ios<\/i>\n                            <\/div>\n                        <\/div>\n                                            <div tabIndex=\"0\" class=\"kt-post\">\n                            <img decoding=\"async\" src=\"https:\/\/cdn.denkulturelleskolesekken.no\/oslo\/d40d954d-skjermbilde-2024-07-10-173002.png\" alt=\"\"\/>\n                            <div class=\"kt-post-bg theme-colors\">\n                                <h3><a tabIndex=\"-1\" href=\"https:\/\/www.denkulturelleskolesekken.no\/oslo\/2024\/07\/10\/velkommen-til-frokostmote-med-dks-oslo\/\">Velkommen til frokostm\u00f8te med DKS Oslo<\/a><\/h3>\n                                <i class=\"material-icons md-48\">arrow_forward_ios<\/i>\n                            <\/div>\n                        <\/div>\n                                            <div tabIndex=\"0\" class=\"kt-post\">\n                            <img decoding=\"async\" src=\"https:\/\/cdn.denkulturelleskolesekken.no\/oslo\/3e5ee1ad-394617523_801833761953217_4722429826282041546_n.jpg\" alt=\"\"\/>\n                            <div class=\"kt-post-bg theme-colors\">\n                                <h3><a tabIndex=\"-1\" href=\"https:\/\/www.denkulturelleskolesekken.no\/oslo\/2024\/05\/15\/utlysning-dks-lab-for-tradisjonshandverk\/\">Utlysning: DKS-LAB for tradisjonsh\u00e5ndverk<\/a><\/h3>\n                                <i class=\"material-icons md-48\">arrow_forward_ios<\/i>\n                            <\/div>\n                        <\/div>\n                                            <div tabIndex=\"0\" class=\"kt-post\">\n                            <img decoding=\"async\" src=\"https:\/\/cdn.denkulturelleskolesekken.no\/oslo\/0ff3c3fa-dks-lab_2024_plakat_1000.png\" alt=\"Logo DKS LAB\"\/>\n                            <div class=\"kt-post-bg theme-colors\">\n                                <h3><a tabIndex=\"-1\" href=\"https:\/\/www.denkulturelleskolesekken.no\/oslo\/2024\/03\/08\/apen-utlysning-dks-lab-oslo-2024\/\">\u00c5pen utlysning: DKS-LAB Oslo 2024<\/a><\/h3>\n                                <i class=\"material-icons md-48\">arrow_forward_ios<\/i>\n                            <\/div>\n                        <\/div>\n                                    <\/div>\n                    <a class=\"kt-read-more\"\n                        href=\"https:\/\/www.denkulturelleskolesekken.no\/oslo\/category\/for-utover\/\"\n                    >\n                        Se alle nyheter                    <\/a>\n            <\/div>\n        <\/section>\n        <script type=\"text\/javascript\">\n            \/* Fix object-fit issue on IE, Edge *\/\n            var ieEdgeImageCorrection = function () {\n                var isMobileScreen = jQuery(window).width() <= 768;\n                if (!isMobileScreen) {\n                    jQuery('.kt-sticky-posts-list a .kt-post-image-overlay').remove();\n                } else if (document.documentMode || \/Edge\/.test(window.navigator.userAgent)) {\n                    jQuery('.kt-sticky-posts-list img').each(function () {\n                        var t = jQuery(this),\n                            s = 'url(' + t.attr('src') + ')',\n                            p = t.parent(),\n                            d = jQuery('<div class=\"kt-post-image-overlay\"><\/div>');\n                        p.css('position', 'relative');\n                        p.append(d);\n                        d.css({\n                            'position': 'absolute',\n                            'top': '0',\n                            'left': '0',\n                            'bottom': '48px',\n                            'width': '100%',\n                            'background-size': 'cover',\n                            'background-repeat': 'no-repeat',\n                            'background-position': 'center',\n                            'background-image': s\n                        });\n                        \/\/ t.hide();\n                    });\n                }\n            }\n            window.addEventListener('load', ieEdgeImageCorrection);\n            window.addEventListener('resize', ieEdgeImageCorrection);\n        <\/script>\n        <\/div><\/div><\/div>\n\n\n<p><\/p>\n","protected":false},"excerpt":{"rendered":"","protected":false},"author":4,"featured_media":3274,"parent":0,"menu_order":0,"comment_status":"closed","ping_status":"closed","template":"","meta":{"footnotes":""},"class_list":["post-11","page","type-page","status-publish","has-post-thumbnail","hentry"],"_links":{"self":[{"href":"https:\/\/www.denkulturelleskolesekken.no\/oslo\/wp-json\/wp\/v2\/pages\/11","targetHints":{"allow":["GET"]}}],"collection":[{"href":"https:\/\/www.denkulturelleskolesekken.no\/oslo\/wp-json\/wp\/v2\/pages"}],"about":[{"href":"https:\/\/www.denkulturelleskolesekken.no\/oslo\/wp-json\/wp\/v2\/types\/page"}],"author":[{"embeddable":true,"href":"https:\/\/www.denkulturelleskolesekken.no\/oslo\/wp-json\/wp\/v2\/users\/4"}],"replies":[{"embeddable":true,"href":"https:\/\/www.denkulturelleskolesekken.no\/oslo\/wp-json\/wp\/v2\/comments?post=11"}],"version-history":[{"count":67,"href":"https:\/\/www.denkulturelleskolesekken.no\/oslo\/wp-json\/wp\/v2\/pages\/11\/revisions"}],"predecessor-version":[{"id":3276,"href":"https:\/\/www.denkulturelleskolesekken.no\/oslo\/wp-json\/wp\/v2\/pages\/11\/revisions\/3276"}],"wp:featuredmedia":[{"embeddable":true,"href":"https:\/\/www.denkulturelleskolesekken.no\/oslo\/wp-json\/wp\/v2\/media\/3274"}],"wp:attachment":[{"href":"https:\/\/www.denkulturelleskolesekken.no\/oslo\/wp-json\/wp\/v2\/media?parent=11"}],"curies":[{"name":"wp","href":"https:\/\/api.w.org\/{rel}","templated":true}]}}