{"id":930,"date":"2020-03-23T09:40:29","date_gmt":"2020-03-23T09:40:29","guid":{"rendered":"https:\/\/wordpress.kulturtanken.app\/nordland\/?page_id=930"},"modified":"2023-08-17T11:58:50","modified_gmt":"2023-08-17T11:58:50","slug":"for-kommunen","status":"publish","type":"page","link":"https:\/\/www.denkulturelleskolesekken.no\/nordland\/for-kommunen\/","title":{"rendered":"For kommunen"},"content":{"rendered":"<div id=\"pl-gb930-69e4ff8da9285\"  class=\"panel-layout\" ><div id=\"pg-gb930-69e4ff8da9285-0\"  class=\"panel-grid panel-no-style\" ><div id=\"pgc-gb930-69e4ff8da9285-0-0\"  class=\"panel-grid-cell\" ><div id=\"panel-gb930-69e4ff8da9285-0-0-0\" class=\"so-panel widget widget_sow-editor panel-first-child panel-last-child\" data-index=\"0\" ><div\n\t\t\t\n\t\t\tclass=\"so-widget-sow-editor so-widget-sow-editor-base\"\n\t\t\t\n\t\t>\n<div class=\"siteorigin-widget-tinymce textwidget\">\n\t<p><strong>Produksjoner fra DKS Nordland<\/strong><br \/>\nProduksjonene som skal ut til kommunene fra DKS Nordland blir bestemt i l\u00f8pet av januar\/februar. Informasjon om hvilke produksjoner som kommer til den enkelte kommune sendes ut til\u00a0 kommunekontakten \u2013 som igjen koordinerer med skolene i henhold til samarbeidsavtalen mellom fylket og kommunene. Har du ikke oversikt over avtalen for din kommune, ta gjerne kontakt med oss i DKS Nordland p\u00e5 e-post for \u00e5 f\u00e5 oversendt den signerte utgaven: <a href=\"mailto:dks@nfk.no?subject=Samarbeidsavtale%20DKS%20Nordland%20og%20v%C3%A5r%20kommune&amp;body=Hei%0AJeg%20ber%20om%20%C3%A5%20f%C3%A5%20oversendt%20signert%20utgave%20av%20samarbeidsavtale%20om%20DKS%20mellom%20Nordland%20fylkeskommune%20og%20%5BSETT%20INN%20NAVNP%C3%85%20KOMMUNE%5D%20kommune.%0A%0AMed%20hilsen%0A%0A%5BDITT%20NAVN%5D\" target=\"_blank\" rel=\"noopener\">dks@nfk.no<\/a>. Vi har laget en oppl\u00e6ringsfilm om samarbeidsavtalen, som <a href=\"https:\/\/www.youtube.com\/watch?v=YwKZt49_QPc\">du kan se her.<\/a><\/p>\n<p><strong>Reservasjon av lokaler<\/strong><br \/>\nNoen av produksjonene fra DKS Nordland krever bestemte lokaler (kino, kulturhus, kunstforening og lignende). N\u00e5r det er tilfelle tar vi kontakt med kommunekontakten og ber vedkommende reservere egnede lokaler.<\/p>\n<p><strong>Skyss<\/strong><br \/>\nI tilfellene der DKS Nordland dekker skyss til oppsatte forestillinger\/formidlinger, vil dette blir opplyst om i turn\u00e9planen. Skolene\/kommunen m\u00e5 benytte reisebestillingsskjema, <a href=\"http:\/\/cdn.denkulturelleskolesekken.no\/nordland\/f32917b7-rekvisisjon-reisebestilling-dks.pdf\">som du kan laste ned her<\/a>.<\/p>\n<p><strong>Oppdatert informasjon<\/strong><br \/>\nVi ber kommunekontakten om \u00e5 s\u00f8rge for at vi til en hver tid har korrekte opplysninger om navn, e-post og telefonnummer til kulturkontakt p\u00e5 skolene. DKS Nordland er helt avhengig av denne rollen for at ordningen skal fungere. Det er kulturkontakten ut\u00f8verne tar kontakt med i forkant av bes\u00f8ket.<\/p>\n<p>Hvis det utnevnes en ny kommunekontakt, er det viktig at DKS Nordland blir informert.<\/p>\n<p><strong>Lokale planer og rapportering<\/strong><br \/>\nKommunen har egne DKS-midler som DKS Nordland fordeler til kommunene i Nordland.<\/p>\n<p>Kommunekontakten er ansvarlig for at det foreligger en plan for bruk av disse midlene, samt at det blir sendt inn en \u00e5rlig rapport p\u00e5 kommunens egne DKS-tiltak.<\/p>\n<div><strong>Eksempel p\u00e5 samarbeidsavtale<\/strong><\/div>\n<div><a href=\"https:\/\/cdn.denkulturelleskolesekken.no\/nordland\/0c804493-underskrevet-samarbeidsavtale-mellom-nordland-fylkeskommune-og-rana-kommune-om-den-kulturelle-skolesekken-l1974010.pdf\">Her kan du laste ned et eksempel p\u00e5 samarbeidsavtale mellom DKS Nordland og kommunene (i dette tilfellet Rana)<\/a>.<\/div>\n<div><\/div>\n<div><\/div>\n<\/div>\n<\/div><\/div><\/div><\/div><\/div>","protected":false},"excerpt":{"rendered":"<p>Produksjoner fra DKS Nordland Produksjonene som skal ut til kommunene fra DKS Nordland blir bestemt i l\u00f8pet av januar\/februar. Informasjon om hvilke produksjoner som kommer til den enkelte kommune sendes ut til\u00a0 kommunekontakten \u2013 som igjen koordinerer med skolene i henhold til samarbeidsavtalen mellom fylket og kommunene. Har du ikke oversikt over avtalen for din [&hellip;]<\/p>\n","protected":false},"author":9,"featured_media":1984,"parent":0,"menu_order":0,"comment_status":"closed","ping_status":"closed","template":"","meta":{"footnotes":""},"class_list":["post-930","page","type-page","status-publish","has-post-thumbnail","hentry"],"_links":{"self":[{"href":"https:\/\/www.denkulturelleskolesekken.no\/nordland\/wp-json\/wp\/v2\/pages\/930","targetHints":{"allow":["GET"]}}],"collection":[{"href":"https:\/\/www.denkulturelleskolesekken.no\/nordland\/wp-json\/wp\/v2\/pages"}],"about":[{"href":"https:\/\/www.denkulturelleskolesekken.no\/nordland\/wp-json\/wp\/v2\/types\/page"}],"author":[{"embeddable":true,"href":"https:\/\/www.denkulturelleskolesekken.no\/nordland\/wp-json\/wp\/v2\/users\/9"}],"replies":[{"embeddable":true,"href":"https:\/\/www.denkulturelleskolesekken.no\/nordland\/wp-json\/wp\/v2\/comments?post=930"}],"version-history":[{"count":11,"href":"https:\/\/www.denkulturelleskolesekken.no\/nordland\/wp-json\/wp\/v2\/pages\/930\/revisions"}],"predecessor-version":[{"id":1947,"href":"https:\/\/www.denkulturelleskolesekken.no\/nordland\/wp-json\/wp\/v2\/pages\/930\/revisions\/1947"}],"wp:featuredmedia":[{"embeddable":true,"href":"https:\/\/www.denkulturelleskolesekken.no\/nordland\/wp-json\/wp\/v2\/media\/1984"}],"wp:attachment":[{"href":"https:\/\/www.denkulturelleskolesekken.no\/nordland\/wp-json\/wp\/v2\/media?parent=930"}],"curies":[{"name":"wp","href":"https:\/\/api.w.org\/{rel}","templated":true}]}}