{"id":922,"date":"2020-03-23T09:32:20","date_gmt":"2020-03-23T09:32:20","guid":{"rendered":"https:\/\/wordpress.kulturtanken.app\/nordland\/?page_id=922"},"modified":"2024-02-05T14:10:03","modified_gmt":"2024-02-05T14:10:03","slug":"for-videregaende-skole","status":"publish","type":"page","link":"https:\/\/www.denkulturelleskolesekken.no\/nordland\/for-kulturkontakter\/for-videregaende-skole\/","title":{"rendered":"For videreg\u00e5ende skole"},"content":{"rendered":"<div id=\"pl-gb922-69e51713bcd28\"  class=\"panel-layout\" ><div id=\"pg-gb922-69e51713bcd28-0\"  class=\"panel-grid panel-no-style\" ><div id=\"pgc-gb922-69e51713bcd28-0-0\"  class=\"panel-grid-cell\" ><div id=\"panel-gb922-69e51713bcd28-0-0-0\" class=\"so-panel widget widget_sow-editor panel-first-child panel-last-child\" data-index=\"0\" ><div\n\t\t\t\n\t\t\tclass=\"so-widget-sow-editor so-widget-sow-editor-base\"\n\t\t\t\n\t\t>\n<div class=\"siteorigin-widget-tinymce textwidget\">\n\t<p>Det er laget en samarbeidsavtale mellom DKS Nordland og alle de videreg\u00e5ende skolene i Nordland. Under f\u00f8lger informasjon som er viktig at du som kulturkontakt p\u00e5 vgs kjenner til.<\/p>\n<p>DKS Nordland skal hvert skole\u00e5r levere et fast program til vgs i perioden august\u2013april. I dette inng\u00e5r:<\/p>\n<ul>\n<li>Kulturarv: alle elevene p\u00e5 vg1 f\u00e5r \u00e9n produksjon pr. skole\u00e5r<\/li>\n<li>Litteratur: alle elevene p\u00e5 vg2 f\u00e5r \u00e9n produksjon pr. skole\u00e5r<\/li>\n<\/ul>\n<p>I tillegg vil alle elever i videreg\u00e5ende oppl\u00e6ring ved et eller flere trinn f\u00e5 ulike produksjoner innenfor kunstuttrykkene musikk, scenekunst, visuell kunst eller film under oppl\u00e6ringsl\u00f8pet.<\/p>\n<p>Ovennevnte er veiledende og kan endres i dialog med skolen med tanke p\u00e5 hensiktsmessighet og skolens egne satsningsomr\u00e5der.<\/p>\n<p>Det gis ikke anledning for skolen til bare \u00e5 benytte deler av tilbudene fra Den kulturelle skolesekken, jf. Stortingsmelding nr. 8 (2007\u20132008) &laquo;Kulturell skulesekk for framtida&raquo;.<\/p>\n<h2>Billettbidragsordning<\/h2>\n<p>Alle videreg\u00e5ende skoler i Nordland har i tillegg til det ordin\u00e6re DKS-programmet mulighet til \u00e5 s\u00f8ke om st\u00f8tte til deltakelse p\u00e5 lokale kunst- og kulturarrangementer i egen region.<br \/>\nM\u00e5let er \u00e5 stimulere til \u00f8kt bruk av profesjonelle kunst- og kulturuttrykk i skolen. Det kan ikke benyttes som tilbud til enkeltelever.<\/p>\n<ul>\n<li>Skolen m\u00e5 s\u00f8ke p\u00e5 forh\u00e5nd \u2013 minimum 3 uker f\u00f8r eventuelt bruk av disse midlene til \u00e5 kj\u00f8pe billetter. Svar f\u00e5s i l\u00f8pet av 4 virkedager.<\/li>\n<li>Rammen for ordningen er p\u00e5 200 000 kr per kalender\u00e5r.<br \/>\nDKS Nordland kan maksimalt bidra med 75 % av utgiftene og maksimalt kr 30.000,- per tiltak. Det benyttes skj\u00f8nn i hver s\u00f8knad om tildeling.<\/li>\n<li>Snarest mulig etter at tiltaket har v\u00e6rt gjennomf\u00f8rt, skal det sendes inn kortfattet rapport.<\/li>\n<li>Kortfattet s\u00f8knad med budsjett sendes p\u00e5 <a href=\"mailto:kriuns@nfk.no?subject=Billettbidragsordning\">kriuns@nfk.no<\/a>.<\/li>\n<\/ul>\n<p>Les mer i vedlegget <a href=\"https:\/\/cdn.denkulturelleskolesekken.no\/nordland\/27311ab7-om-billettbidragsordningen.pdf\">Billettbidragsordning for vgs<\/a> om kravene for tildelingen.<\/p>\n<\/div>\n<\/div><\/div><\/div><\/div><\/div>","protected":false},"excerpt":{"rendered":"<p>Det er laget en samarbeidsavtale mellom DKS Nordland og alle de videreg\u00e5ende skolene i Nordland. Under f\u00f8lger informasjon som er viktig at du som kulturkontakt p\u00e5 vgs kjenner til. DKS Nordland skal hvert skole\u00e5r levere et fast program til vgs i perioden august\u2013april. I dette inng\u00e5r: Kulturarv: alle elevene p\u00e5 vg1 f\u00e5r \u00e9n produksjon pr. [&hellip;]<\/p>\n","protected":false},"author":9,"featured_media":1970,"parent":25,"menu_order":3,"comment_status":"closed","ping_status":"closed","template":"","meta":{"footnotes":""},"class_list":["post-922","page","type-page","status-publish","has-post-thumbnail","hentry"],"_links":{"self":[{"href":"https:\/\/www.denkulturelleskolesekken.no\/nordland\/wp-json\/wp\/v2\/pages\/922","targetHints":{"allow":["GET"]}}],"collection":[{"href":"https:\/\/www.denkulturelleskolesekken.no\/nordland\/wp-json\/wp\/v2\/pages"}],"about":[{"href":"https:\/\/www.denkulturelleskolesekken.no\/nordland\/wp-json\/wp\/v2\/types\/page"}],"author":[{"embeddable":true,"href":"https:\/\/www.denkulturelleskolesekken.no\/nordland\/wp-json\/wp\/v2\/users\/9"}],"replies":[{"embeddable":true,"href":"https:\/\/www.denkulturelleskolesekken.no\/nordland\/wp-json\/wp\/v2\/comments?post=922"}],"version-history":[{"count":17,"href":"https:\/\/www.denkulturelleskolesekken.no\/nordland\/wp-json\/wp\/v2\/pages\/922\/revisions"}],"predecessor-version":[{"id":2025,"href":"https:\/\/www.denkulturelleskolesekken.no\/nordland\/wp-json\/wp\/v2\/pages\/922\/revisions\/2025"}],"up":[{"embeddable":true,"href":"https:\/\/www.denkulturelleskolesekken.no\/nordland\/wp-json\/wp\/v2\/pages\/25"}],"wp:featuredmedia":[{"embeddable":true,"href":"https:\/\/www.denkulturelleskolesekken.no\/nordland\/wp-json\/wp\/v2\/media\/1970"}],"wp:attachment":[{"href":"https:\/\/www.denkulturelleskolesekken.no\/nordland\/wp-json\/wp\/v2\/media?parent=922"}],"curies":[{"name":"wp","href":"https:\/\/api.w.org\/{rel}","templated":true}]}}