{"id":919,"date":"2020-03-23T09:30:55","date_gmt":"2020-03-23T09:30:55","guid":{"rendered":"https:\/\/wordpress.kulturtanken.app\/nordland\/?page_id=919"},"modified":"2025-09-05T12:48:41","modified_gmt":"2025-09-05T12:48:41","slug":"919-2","status":"publish","type":"page","link":"https:\/\/www.denkulturelleskolesekken.no\/nordland\/for-kulturkontakter\/919-2\/","title":{"rendered":"Kulturarrang\u00f8rer"},"content":{"rendered":"<div id=\"pl-gb919-69e518ff2705a\"  class=\"panel-layout wp-block-siteorigin-panels-layout-block\" ><div id=\"pg-gb919-69e518ff2705a-0\"  class=\"panel-grid panel-no-style\" ><div id=\"pgc-gb919-69e518ff2705a-0-0\"  class=\"panel-grid-cell panel-grid-cell-empty panel-grid-cell-mobile-last\" ><\/div><div id=\"pgc-gb919-69e518ff2705a-0-1\"  class=\"panel-grid-cell panel-grid-cell-empty\" ><\/div><\/div><div id=\"pg-gb919-69e518ff2705a-1\"  class=\"panel-grid panel-no-style\" ><div id=\"pgc-gb919-69e518ff2705a-1-0\"  class=\"panel-grid-cell\" ><div id=\"panel-gb919-69e518ff2705a-1-0-0\" class=\"so-panel widget widget_sow-editor panel-first-child panel-last-child\" data-index=\"0\" ><div\n\t\t\t\n\t\t\tclass=\"so-widget-sow-editor so-widget-sow-editor-base\"\n\t\t\t\n\t\t>\n<div class=\"siteorigin-widget-tinymce textwidget\">\n\t<p>Skolene mottar stadig flere kunstnerbes\u00f8k utenfra, og flere og flere skoler velger \u00e5 engasjere elevarrang\u00f8rer, som n\u00e5 er omd\u00f8pt til kulturarrang\u00f8rer,\u00a0 i forbindelse med kunst- og kulturarrangementer.<\/p>\n<p>DKS Nordland arrangerer fysiske kurs for kulturarrang\u00f8rer i hele fylket etter en 4-\u00e5rsplan. F\u00f8lg med i <a href=\"http:\/\/portal.denkulturelleskolesekken.no\">DKS-portalen<\/a> n\u00e5r kurset bes\u00f8ker din region.<\/p>\n<h2>Digitalt kurs for kulturarrang\u00f8rer<\/h2>\n<p>Den kulturelle skolesekken har i tillegg en digital ressurs som skolene kan bruke etter behov. Kurset best\u00e5r av flere filmer med tilh\u00f8rende verkt\u00f8yark, og er utviklet og produsert av DKS Tr\u00f8ndelag.\u00a0<a href=\"https:\/\/www.kulturtanken.no\/ressurs\/kurs-for-elevarrangorer\/\">Klikk her for \u00e5 navigere til kurssidene.<\/a>\u00a0Vi h\u00e5per at filmene og oppgavene kan v\u00e6re:<\/p>\n<ul>\n<li>Et godt supplement til kursene vi arrangerer hvert \u00e5r<\/li>\n<li>Et bidrag til at elevene forst\u00e5r hva en kulturarrang\u00f8r er<\/li>\n<li>En styrking av elevene n\u00e5r de skal v\u00e6re vertskap for DKS-turn\u00e9ene som kommer til skolene<\/li>\n<\/ul>\n<p>Lykke til med DKS-arrangementet!<\/p>\n<h3>Video:<\/h3>\n<p><iframe loading=\"lazy\" title=\"HOW TO 1: Forberedelser\" src=\"https:\/\/player.vimeo.com\/video\/702338231?dnt=1&amp;app_id=122963\" width=\"500\" height=\"281\" frameborder=\"0\" allow=\"autoplay; fullscreen; picture-in-picture; clipboard-write; encrypted-media; web-share\" referrerpolicy=\"strict-origin-when-cross-origin\"><\/iframe><\/p>\n<p><iframe loading=\"lazy\" title=\"HOW TO 3: Vertskap\" src=\"https:\/\/player.vimeo.com\/video\/702338658?dnt=1&amp;app_id=122963\" width=\"500\" height=\"281\" frameborder=\"0\" allow=\"autoplay; fullscreen; picture-in-picture; clipboard-write; encrypted-media; web-share\" referrerpolicy=\"strict-origin-when-cross-origin\"><\/iframe><\/p>\n<p><iframe loading=\"lazy\" title=\"HOW TO 4: Publikumsh\u00e5ndtering\" src=\"https:\/\/player.vimeo.com\/video\/702338869?dnt=1&amp;app_id=122963\" width=\"500\" height=\"281\" frameborder=\"0\" allow=\"autoplay; fullscreen; picture-in-picture; clipboard-write; encrypted-media; web-share\" referrerpolicy=\"strict-origin-when-cross-origin\"><\/iframe><\/p>\n<p><iframe loading=\"lazy\" title=\"HOW TO 5: Begreper\" src=\"https:\/\/player.vimeo.com\/video\/702339095?dnt=1&amp;app_id=122963\" width=\"500\" height=\"281\" frameborder=\"0\" allow=\"autoplay; fullscreen; picture-in-picture; clipboard-write; encrypted-media; web-share\" referrerpolicy=\"strict-origin-when-cross-origin\"><\/iframe><\/p>\n<p>&nbsp;<\/p>\n<h3>Verkt\u00f8yark<\/h3>\n<p><iframe title=\"Verkt\u00f8yark: HOW TO bli en god elevarrang\u00f8r\" src=\"https:\/\/e.issuu.com\/embed.html?u=kulturtankendks&#038;d=how_to_verkt_yark_bokm_l\" style=\"border:none; width: 500px; height: 383px;\" allow=\"clipboard-write,allow-top-navigation,allow-top-navigation-by-user-activation,allow-downloads,allow-scripts,allow-same-origin,allow-popups,allow-modals,allow-popups-to-escape-sandbox,allow-forms\"  allowfullscreen=\"true\"><\/iframe><\/p>\n<p><a href=\"https:\/\/media.wpd.digital\/kulturtanken\/uploads\/2022\/04\/HOW-TO-bli-en-god-elevarrangor-verktoyark-bokmal.pdf\">Last ned verkt\u00f8yark p\u00e5 bokm\u00e5l (PDF)<\/a><\/p>\n<p><a href=\"https:\/\/media.wpd.digital\/kulturtanken\/uploads\/2022\/04\/HOW-TO-bli-ein-god-elevarrangor-verktoyark-nynorsk.pdf\">Last ned verkt\u00f8yark p\u00e5 nynorsk (PDF)<\/a><\/p>\n<h3>T-skjorter, sertifisering og diplom<\/h3>\n<p>Har dine kulturarrang\u00f8rer v\u00e6rt p\u00e5 fysisk eller digitalt kurs? Send oss en e-post med antall elever, s\u00e5 sender vi dere t-skjorter og sertifisering i posten s\u00e5 fort vi kan. Hvis du trenger diplom til kursdeltakerne, kan du <a href=\"https:\/\/cdn.denkulturelleskolesekken.no\/nordland\/548a5977-sertifisert-kulturarrangor_final.pdf\">klikke her for \u00e5 laste ned mal fra DKS Nordland<\/a>.<\/p>\n<\/div>\n<\/div><\/div><\/div><\/div><\/div>","protected":false},"excerpt":{"rendered":"<p>Skolene mottar stadig flere kunstnerbes\u00f8k utenfra, og flere og flere skoler velger \u00e5 engasjere elevarrang\u00f8rer, som n\u00e5 er omd\u00f8pt til kulturarrang\u00f8rer,\u00a0 i forbindelse med kunst- og kulturarrangementer. DKS Nordland arrangerer fysiske kurs for kulturarrang\u00f8rer i hele fylket etter en 4-\u00e5rsplan. F\u00f8lg med i DKS-portalen n\u00e5r kurset bes\u00f8ker din region. Digitalt kurs for kulturarrang\u00f8rer Den kulturelle [&hellip;]<\/p>\n","protected":false},"author":9,"featured_media":1985,"parent":25,"menu_order":6,"comment_status":"closed","ping_status":"closed","template":"","meta":{"footnotes":""},"class_list":["post-919","page","type-page","status-publish","has-post-thumbnail","hentry"],"_links":{"self":[{"href":"https:\/\/www.denkulturelleskolesekken.no\/nordland\/wp-json\/wp\/v2\/pages\/919","targetHints":{"allow":["GET"]}}],"collection":[{"href":"https:\/\/www.denkulturelleskolesekken.no\/nordland\/wp-json\/wp\/v2\/pages"}],"about":[{"href":"https:\/\/www.denkulturelleskolesekken.no\/nordland\/wp-json\/wp\/v2\/types\/page"}],"author":[{"embeddable":true,"href":"https:\/\/www.denkulturelleskolesekken.no\/nordland\/wp-json\/wp\/v2\/users\/9"}],"replies":[{"embeddable":true,"href":"https:\/\/www.denkulturelleskolesekken.no\/nordland\/wp-json\/wp\/v2\/comments?post=919"}],"version-history":[{"count":24,"href":"https:\/\/www.denkulturelleskolesekken.no\/nordland\/wp-json\/wp\/v2\/pages\/919\/revisions"}],"predecessor-version":[{"id":2258,"href":"https:\/\/www.denkulturelleskolesekken.no\/nordland\/wp-json\/wp\/v2\/pages\/919\/revisions\/2258"}],"up":[{"embeddable":true,"href":"https:\/\/www.denkulturelleskolesekken.no\/nordland\/wp-json\/wp\/v2\/pages\/25"}],"wp:featuredmedia":[{"embeddable":true,"href":"https:\/\/www.denkulturelleskolesekken.no\/nordland\/wp-json\/wp\/v2\/media\/1985"}],"wp:attachment":[{"href":"https:\/\/www.denkulturelleskolesekken.no\/nordland\/wp-json\/wp\/v2\/media?parent=919"}],"curies":[{"name":"wp","href":"https:\/\/api.w.org\/{rel}","templated":true}]}}