{"id":911,"date":"2020-03-23T09:22:46","date_gmt":"2020-03-23T09:22:46","guid":{"rendered":"https:\/\/wordpress.kulturtanken.app\/nordland\/?page_id=911"},"modified":"2023-08-17T09:09:45","modified_gmt":"2023-08-17T09:09:45","slug":"tono-musikkrapport","status":"publish","type":"page","link":"https:\/\/www.denkulturelleskolesekken.no\/nordland\/for-utovere\/tono-musikkrapport\/","title":{"rendered":"Vederlag"},"content":{"rendered":"<div id=\"pl-gb911-69e52d66a5b34\"  class=\"panel-layout\" ><div id=\"pg-gb911-69e52d66a5b34-0\"  class=\"panel-grid panel-no-style\" ><div id=\"pgc-gb911-69e52d66a5b34-0-0\"  class=\"panel-grid-cell\" ><div id=\"panel-gb911-69e52d66a5b34-0-0-0\" class=\"so-panel widget widget_sow-editor panel-first-child panel-last-child\" data-index=\"0\" ><div\n\t\t\t\n\t\t\tclass=\"so-widget-sow-editor so-widget-sow-editor-base\"\n\t\t\t\n\t\t>\n<div class=\"siteorigin-widget-tinymce textwidget\">\n\t<p>DKS Nordland f\u00f8lger avtaler inng\u00e5tt av Kulturtanken med TONO, BONO og Kopinor.<\/p>\n<h3>TONO:<\/h3>\n<p>En ny avtale mellom <a href=\"https:\/\/www.tono.no\">TONO<\/a> og Kulturtanken (p\u00e5 vegne av DKS) ble <a href=\"https:\/\/www.kulturtanken.no\/aktuelt\/2023\/ny-rettighetsavtale-mellom-tono-og-kulturtanken\/\">inng\u00e5tt februar 2023<\/a>. Kulturtanken skal rapportere til TONO om antall konserter og andre arrangementer med musikk, fremf\u00f8rt repertoar, mv. gjennom <a href=\"https:\/\/www.denkulturelleskolesekken.no\/dks-portalen\/\" target=\"_blank\" rel=\"noreferrer noopener\">DKS-portalen<\/a>. Konsertene skal, som hovedregel, ha en varighet p\u00e5 inntil 45 minutter, v\u00e6re uten billettinntekter og ikke v\u00e6re tilgjengelige for allment publikum.<\/p>\n<p>Pilotavtalen gjelder i utgangspunktet fra 1. januar 2023 til og med 31. desember 2023, men kan ogs\u00e5 forlenges. Partene er enige om fortl\u00f8pende oppf\u00f8lging og evaluering i avtaleperioden.<\/p>\n<h3>BONO:<\/h3>\n<p>Mandag 16. januar 2023 skrev\u00a0<a href=\"https:\/\/www.bono.no\/\">BONO<\/a>\u00a0og Kulturtanken under p\u00e5 <a href=\"https:\/\/www.kulturtanken.no\/aktuelt\/2023\/ny-pilotavtale-om-bruk-av-visuell-kunst-i-dks\/\">en pilotavtale som skal benyttes som et grunnlag for \u00e5 fremforhandle en ny og endelig avtale i 2024<\/a><strong>. <\/strong>Form\u00e5let med pilotavtalen er \u00e5 legge til rette for at det betales vederlag til rettighetshavere for bruk av opphavsrettslig beskyttede visuelle verk i DKS.<\/p>\n<p>Bruk av visuelle verk etter avtalen m\u00e5 rapporteres for \u00e5 sikre at vederlagene kan fordeles til den enkelte rettighetshaver p\u00e5 bakgrunn av faktisk bruk. Kulturtanken skal rapportere p\u00e5 bakgrunn av informasjon innhentet via DKS-portalen.<\/p>\n<p>Avtalen omfatter ogs\u00e5 ideelle rettigheter, og DKS forplikter seg til \u00e5 navngi og kreditere opphavsperson slik god skikk tilsier, og samtidig ikke \u00e5 gjengi verk p\u00e5 en m\u00e5te som er krenkende for verkets eller opphavspersonens kunstneriske anseelse eller egenart.<\/p>\n<h3 style=\"text-align: left;\">Kopinor:<\/h3>\n<p>Kulturtanken har <a href=\"https:\/\/www.kulturtanken.no\/aktuelt\/2023\/ny-avtale-om-bruk-av-opphavsrettslig-beskyttet-litteratur-i-dks\/\">inng\u00e5tt en pilotavtale<\/a> med\u00a0<a href=\"https:\/\/www.kopinor.no\/\" target=\"_blank\" rel=\"noreferrer noopener\">Kopinor<\/a>\u00a0p\u00e5 vegne av fylkeskommuner og kommuner i hele DKS-ordningen. Avtalens form\u00e5l er \u00e5 tillate formidling av litteraturverk i Den kulturelle skolesekken.<\/p>\n<p>Avtalen gjelder fremstilling av eksemplarer og tilgjengeliggj\u00f8ring for allmennheten av utgitt, opphavsrettslig beskyttet materiale i form av tekst, visuelt materiale og noter, som foretas i forbindelse med formidling av litteratur i DKS. Kulturtanken skal rapportere om bruken av verk p\u00e5 bakgrunn av informasjon innhentet via\u00a0<a href=\"https:\/\/www.denkulturelleskolesekken.no\/dks-portalen\/\" target=\"_blank\" rel=\"noreferrer noopener\">DKS-portalen<\/a>. Kulturtanken og Kopinor er enige om at avtalen er en ett\u00e5rig pilotavtale som l\u00f8per fra 1. januar 2023 til og med 31. desember 2023.<\/p>\n<\/div>\n<\/div><\/div><\/div><\/div><\/div>","protected":false},"excerpt":{"rendered":"<p>DKS Nordland f\u00f8lger avtaler inng\u00e5tt av Kulturtanken med TONO, BONO og Kopinor. TONO: En ny avtale mellom TONO og Kulturtanken (p\u00e5 vegne av DKS) ble inng\u00e5tt februar 2023. Kulturtanken skal rapportere til TONO om antall konserter og andre arrangementer med musikk, fremf\u00f8rt repertoar, mv. gjennom DKS-portalen. Konsertene skal, som hovedregel, ha en varighet p\u00e5 inntil [&hellip;]<\/p>\n","protected":false},"author":9,"featured_media":1978,"parent":31,"menu_order":4,"comment_status":"closed","ping_status":"closed","template":"","meta":{"footnotes":""},"class_list":["post-911","page","type-page","status-publish","has-post-thumbnail","hentry"],"_links":{"self":[{"href":"https:\/\/www.denkulturelleskolesekken.no\/nordland\/wp-json\/wp\/v2\/pages\/911","targetHints":{"allow":["GET"]}}],"collection":[{"href":"https:\/\/www.denkulturelleskolesekken.no\/nordland\/wp-json\/wp\/v2\/pages"}],"about":[{"href":"https:\/\/www.denkulturelleskolesekken.no\/nordland\/wp-json\/wp\/v2\/types\/page"}],"author":[{"embeddable":true,"href":"https:\/\/www.denkulturelleskolesekken.no\/nordland\/wp-json\/wp\/v2\/users\/9"}],"replies":[{"embeddable":true,"href":"https:\/\/www.denkulturelleskolesekken.no\/nordland\/wp-json\/wp\/v2\/comments?post=911"}],"version-history":[{"count":15,"href":"https:\/\/www.denkulturelleskolesekken.no\/nordland\/wp-json\/wp\/v2\/pages\/911\/revisions"}],"predecessor-version":[{"id":1909,"href":"https:\/\/www.denkulturelleskolesekken.no\/nordland\/wp-json\/wp\/v2\/pages\/911\/revisions\/1909"}],"up":[{"embeddable":true,"href":"https:\/\/www.denkulturelleskolesekken.no\/nordland\/wp-json\/wp\/v2\/pages\/31"}],"wp:featuredmedia":[{"embeddable":true,"href":"https:\/\/www.denkulturelleskolesekken.no\/nordland\/wp-json\/wp\/v2\/media\/1978"}],"wp:attachment":[{"href":"https:\/\/www.denkulturelleskolesekken.no\/nordland\/wp-json\/wp\/v2\/media?parent=911"}],"curies":[{"name":"wp","href":"https:\/\/api.w.org\/{rel}","templated":true}]}}