{"id":903,"date":"2020-03-23T09:20:19","date_gmt":"2020-03-23T09:20:19","guid":{"rendered":"https:\/\/wordpress.kulturtanken.app\/nordland\/?page_id=903"},"modified":"2026-02-04T13:50:15","modified_gmt":"2026-02-04T13:50:15","slug":"satser","status":"publish","type":"page","link":"https:\/\/www.denkulturelleskolesekken.no\/nordland\/for-utovere\/satser\/","title":{"rendered":"Vilk\u00e5r og satser"},"content":{"rendered":"<div id=\"pl-gb903-69e51a8fe1fb5\"  class=\"panel-layout wp-block-siteorigin-panels-layout-block\" ><div id=\"pg-gb903-69e51a8fe1fb5-0\"  class=\"panel-grid panel-no-style\" ><div id=\"pgc-gb903-69e51a8fe1fb5-0-0\"  class=\"panel-grid-cell\" ><div id=\"panel-gb903-69e51a8fe1fb5-0-0-0\" class=\"so-panel widget widget_sow-editor panel-first-child panel-last-child\" data-index=\"0\" ><div\n\t\t\t\n\t\t\tclass=\"so-widget-sow-editor so-widget-sow-editor-base\"\n\t\t\t\n\t\t>\n<div class=\"siteorigin-widget-tinymce textwidget\">\n\t<p>Rammeavtalen <a href=\"https:\/\/www.ks.no\/contentassets\/115a040cc1c34b1e8ada71b4710fb717\/protokoll-og-avtaletekst-pr-01.08.2025-31.07.2027-dks.pdf\">ASA 4401<\/a> er forhandlet frem av Creo og KS, og gjelder kunstnere som jobber som oppdragstakere\/n\u00e6ringsdrivende for fylkeskommuner og 100%-kommuner innen Den kulturelle skolesekken.<\/p>\n<ul>\n<li>Dagshonorar for formidlingsdager, gjeldende til 31.07. 2027: Kr 6 073,\u2013, jf. punkt 4 i rammeavtalen<\/li>\n<li>Honorar for m\u00f8ter og forarbeid\/preproduksjon avtalt med oppdragsgiver, kr. 845,\u2013 per time, jf. punkt 6 i rammeavtalen<\/li>\n<\/ul>\n<p>Rammeavtalen gjelder ikke for kulturinstitusjoner med egne tariffavtaler. Pakkepriser kan benyttes, for eksempel for kulturinstitusjoner og for produksjoner tatt opp i Scenekunstbruket (<a href=\"https:\/\/www.scenekunstbruket.no\/om-scenekunstbruket\/scenekunstbrukets-grunnpriser\">Scenekunstbrukets grunnpriser<\/a>) og Forfattersentrum (<a href=\"https:\/\/www.forfattersentrum.no\/honorarsatser-2\/oppdrag-i-skulen-innanfor-dks\">Forfattersentrums honorarsatser<\/a>).<\/p>\n<h4>Fakturainformasjon<\/h4>\n<p>Vi \u00f8nsker hovedsakelig at faktura sendes som EHF. V\u00e5r fakturaadresse i ELMA adresseregister er v\u00e5rt organisasjonsnummer: 964 982 953. Aksesspunkt er Nets.<\/p>\n<p>Nordland Fylkeskommune, Fakturamottak, Den kulturelle skolesekken, 8048 Bod\u00f8<\/p>\n<p>I tillegg til rammeavtalen har DKS Nordland noen generelle vilk\u00e5r som oppdragstaker forplikter seg til \u00e5 f\u00f8lge. <a href=\"https:\/\/cdn.denkulturelleskolesekken.no\/nordland\/860d4150-generelle-vilkar-l1370947.pdf\">Disse vilk\u00e5rene kan du lese her<\/a>.<\/p>\n<p>&nbsp;<\/p>\n<div><\/div>\n<\/div>\n<\/div><\/div><\/div><\/div><\/div>\n\n\n<div class=\"wp-block-columns is-layout-flex wp-container-core-columns-is-layout-9d6595d7 wp-block-columns-is-layout-flex\">\n<div class=\"wp-block-column is-layout-flow wp-block-column-is-layout-flow\"><\/div>\n\n\n\n<div class=\"wp-block-column is-layout-flow wp-block-column-is-layout-flow\"><\/div>\n\n\n\n<div class=\"wp-block-column is-layout-flow wp-block-column-is-layout-flow\"><\/div>\n<\/div>\n","protected":false},"excerpt":{"rendered":"<p>Rammeavtalen ASA 4401 er forhandlet frem av Creo og KS, og gjelder kunstnere som jobber som oppdragstakere\/n\u00e6ringsdrivende for fylkeskommuner og 100%-kommuner innen Den kulturelle skolesekken. Dagshonorar for formidlingsdager, gjeldende til 31.07. 2027: Kr 6 073,\u2013, jf. punkt 4 i rammeavtalen Honorar for m\u00f8ter og forarbeid\/preproduksjon avtalt med oppdragsgiver, kr. 845,\u2013 per time, jf. punkt 6 [&hellip;]<\/p>\n","protected":false},"author":9,"featured_media":1977,"parent":31,"menu_order":1,"comment_status":"closed","ping_status":"closed","template":"","meta":{"footnotes":""},"class_list":["post-903","page","type-page","status-publish","has-post-thumbnail","hentry"],"_links":{"self":[{"href":"https:\/\/www.denkulturelleskolesekken.no\/nordland\/wp-json\/wp\/v2\/pages\/903","targetHints":{"allow":["GET"]}}],"collection":[{"href":"https:\/\/www.denkulturelleskolesekken.no\/nordland\/wp-json\/wp\/v2\/pages"}],"about":[{"href":"https:\/\/www.denkulturelleskolesekken.no\/nordland\/wp-json\/wp\/v2\/types\/page"}],"author":[{"embeddable":true,"href":"https:\/\/www.denkulturelleskolesekken.no\/nordland\/wp-json\/wp\/v2\/users\/9"}],"replies":[{"embeddable":true,"href":"https:\/\/www.denkulturelleskolesekken.no\/nordland\/wp-json\/wp\/v2\/comments?post=903"}],"version-history":[{"count":23,"href":"https:\/\/www.denkulturelleskolesekken.no\/nordland\/wp-json\/wp\/v2\/pages\/903\/revisions"}],"predecessor-version":[{"id":2282,"href":"https:\/\/www.denkulturelleskolesekken.no\/nordland\/wp-json\/wp\/v2\/pages\/903\/revisions\/2282"}],"up":[{"embeddable":true,"href":"https:\/\/www.denkulturelleskolesekken.no\/nordland\/wp-json\/wp\/v2\/pages\/31"}],"wp:featuredmedia":[{"embeddable":true,"href":"https:\/\/www.denkulturelleskolesekken.no\/nordland\/wp-json\/wp\/v2\/media\/1977"}],"wp:attachment":[{"href":"https:\/\/www.denkulturelleskolesekken.no\/nordland\/wp-json\/wp\/v2\/media?parent=903"}],"curies":[{"name":"wp","href":"https:\/\/api.w.org\/{rel}","templated":true}]}}