{"id":31,"date":"2019-10-31T13:54:44","date_gmt":"2019-10-31T13:54:44","guid":{"rendered":"https:\/\/viken.kulturtanken.app\/?page_id=31"},"modified":"2025-08-20T13:09:51","modified_gmt":"2025-08-20T13:09:51","slug":"for-utovere","status":"publish","type":"page","link":"https:\/\/www.denkulturelleskolesekken.no\/nordland\/for-utovere\/","title":{"rendered":"For ut\u00f8vere"},"content":{"rendered":"\n<p>Som ut\u00f8ver, kunstner eller kulturut\u00f8ver er du hjertelig velkommen til \u00e5 sende inn forslag med beskrivelse av din produksjon eller formidlingsopplegg til Den kulturelle skolesekken i Nordland.<\/p>\n\n\n\n<p>Vi mottar \u00e5rlig rundt 1000 forslag som alle leses og behandles av produsenter og fagpersoner. Av disse er det rundt 50 produksjoner som f\u00e5r oppdrag. Under her kan du lese om hvordan du leverer forslag, hva det er vi i DKS Nordland \u00f8nsker oss av dokumentasjon, og hvordan prosessen fra DKS-portal til utvelgelse av program foreg\u00e5r.<\/p>\n\n\n\n<h2 class=\"wp-block-heading\">Innmelding av forslag<\/h2>\n\n\n\n<p><strong>Forslag til DKS Nordlands program meldes inn i <a href=\"https:\/\/portal.denkulturelleskolesekken.no\/\">DKS-portalen<\/a>.<\/strong><\/p>\n\n\n\n<p>DKS-portalen for ut\u00f8vere og kulturinstitusjoner i hele landet driftes av Kulturtanken. I portalen velger man hvilke fylker og kommuner forslaget skal sendes til.<\/p>\n\n\n\n<p>Portalen \u00e5pner 1. september for innsendelse av forslag til p\u00e5f\u00f8lgende skole\u00e5r. <strong>Innmeldingsfrist er 1. oktober kl. 23.59<\/strong>.&nbsp;Ogs\u00e5 de som har s\u00f8kt f\u00f8r og blitt antatt, m\u00e5 s\u00f8ke igjen eller reaktivere forslaget fra \u00e5ret f\u00f8r.<\/p>\n\n\n\n<p><a href=\"https:\/\/www.denkulturelleskolesekken.no\/2023\/08\/14\/vil-du-bidra-i-den-kulturelle-skolesekken\/\">Vil du bidra i DKS kommende skole\u00e5r?<\/a><\/p>\n\n\n\n<h2 class=\"wp-block-heading\">M\u00e5l og prioriteringer 2026\/2027<\/h2>\n\n\n\n<p>I DKS Nordland tror vi p\u00e5 de n\u00e6re kunstm\u00f8tene, de magiske \u00f8yeblikkene, og at de store opplevelsene ogs\u00e5 kan skje i sm\u00e5 rom og p\u00e5 sm\u00e5 steder. Vi har som m\u00e5l \u00e5 programmere mangfoldig og engasjerende innhold av h\u00f8y kvalitet, som kan inspirere og utfordre unge \u00f8yne, hjerter og sinn. <\/p>\n\n\n\n<p>V\u00e6r obs p\u00e5 at alle ut\u00f8vere kan bli bedt om \u00e5 legge frem politiattest f\u00f8r avtale om turn\u00e9 for skole\u00e5ret 2026\/2027 inng\u00e5s. F\u00f8dsels- og personnummer p\u00e5 alle involverte ut\u00f8vere m\u00e5 derfor legges inn i DKS-portalen.<\/p>\n\n\n\n<h2 class=\"wp-block-heading\">S\u00f8knadsprosessen<\/h2>\n\n\n\n<p>Fordi det er mange som sender inn forslag m\u00e5 vi gj\u00f8re sv\u00e6rt strenge prioriteringer. Produksjoner som gir lite grunnlag&nbsp;for vurdering, blant annet fordi de er mangelfullt dokumentert, vil derfor ikke prioriteres.<\/p>\n\n\n\n<h4 class=\"wp-block-heading\">Beskriv produksjonen<\/h4>\n\n\n\n<p>Hver produksjon er unik, og det er derfor ikke lagt opp strenge maler for \u00e5 gi en god beskrivelse. Det er likevel noen ting man kan merke seg, og sp\u00f8rsm\u00e5l man kan fors\u00f8ke \u00e5 besvare, slik at programr\u00e5det kan gj\u00f8re sin vurdering. Her er noen tips:<\/p>\n\n\n\n<p>Vi anbefaler \u00e5 v\u00e6re konkret. Det er viktig at du gir oss et klart og tydelig bilde av hvordan det ser ut, h\u00f8res ut, hva man gj\u00f8r, osv.<\/p>\n\n\n\n<ul class=\"wp-block-list\">\n<li>Start gjerne med en kort, teknisk beskrivelse f.eks,&nbsp;<em>dette er en fortellerforestilling om sjalusi<\/em>, eller&nbsp;<em>dette er en konsert med tre musikere i kostymer fra barokken<\/em>, osv.<\/li>\n<\/ul>\n\n\n\n<p>De som vurderer produksjonen skal gi en tiln\u00e6rmet garanti for kvaliteten, tenk over hva du b\u00f8r skrive slik at de f\u00e5r nok informasjon til \u00e5 gi en slik \u00abgaranti\u00bb.<\/p>\n\n\n\n<ul class=\"wp-block-list\">\n<li>Hvordan presenterer du ut\u00f8verne?<\/li>\n\n\n\n<li>Hvordan presenterer du det kunstneriske?<\/li>\n\n\n\n<li>Hva kan du si om formidlingen?<\/li>\n\n\n\n<li>Hvordan ivaretas tekniske og praktiske anliggender?<\/li>\n\n\n\n<li>Hvilken erfaring har produksjonen og\/eller de medvirkende med m\u00e5lgruppa?<\/li>\n\n\n\n<li>Er det annet du b\u00f8r si noe om for \u00e5 fremheve kvaliteten?<\/li>\n<\/ul>\n\n\n\n<h4 class=\"wp-block-heading\">Sjekkliste for produksjoner<\/h4>\n\n\n\n<p>F\u00f8r du sender ditt forslag til oss, \u00f8nsker vi at du ser igjennom f\u00f8lgende sjekkliste:<\/p>\n\n\n\n<ul class=\"wp-block-list\">\n<li>Er produksjonen turn\u00e9vennlig?<\/li>\n\n\n\n<li>Hvor mange skal reise p\u00e5 turn\u00e9? Vi prioriterer produksjoner med inntil 5 ut\u00f8vere p\u00e5 veien.<\/li>\n\n\n\n<li>Kan eventuelle verksted avholdes for minst \u00e9n skoleklasse av gangen?<\/li>\n\n\n\n<li>Kan arrangementet gjennomf\u00f8res inntil 3 ganger om dagen i henhold til <a href=\"https:\/\/creokultur.no\/wp-content\/uploads\/2022\/06\/22_01451-1-ASA-4401-Rammeavtale-om-vilkar-for-oppdragstakere-i-Den-kulturelle-skolesekken-i-f-1485616_5_0.pdf\">ASA 4401<\/a>?<\/li>\n\n\n\n<li>Har minimum \u00e9n person i turn\u00e9f\u00f8lget f\u00f8rerkort klasse B?<\/li>\n\n\n\n<li>Innen fagfeltet film \u00f8nsker vi oss filmverksted og filmvisninger med \u00e9n ut\u00f8ver<\/li>\n<\/ul>\n\n\n\n<h4 class=\"wp-block-heading\">Dokumentasjon<\/h4>\n\n\n\n<p>For at vi skal f\u00e5 et inntrykk av produksjonens innhold og omfang ber vi dere dokumentere produksjonen godt. Forslag med videodokumentasjon vil bli prioritert. Vi \u00f8nsker oss f\u00f8lgende for \u00e5 kunne gj\u00f8re en god vurdering:<\/p>\n\n\n\n<ul class=\"wp-block-list\">\n<li>Video fra formidlingssituasjon med aktuelt materiale, gjerne med barn og unge til stede<\/li>\n\n\n\n<li>Eventuelt et kort videoopptak der du presenterer deg selv og produksjonen (maksimalt 2 minutter)<\/li>\n\n\n\n<li>Oversikt over vederlag knyttet til produksjonen (TONO, BONO, Kopinor)<\/li>\n\n\n\n<li>Teknisk rider<\/li>\n\n\n\n<li>Bilder av produksjonen<\/li>\n<\/ul>\n\n\n\n<p>Hvis du har sp\u00f8rsm\u00e5l knyttet til dokumentasjonskravene kan du ta kontakt med <a href=\"https:\/\/www.denkulturelleskolesekken.no\/nordland\/om-dks-nordland\/kontakt-oss\/\" data-type=\"URL\" data-id=\"https:\/\/www.denkulturelleskolesekken.no\/nordland\/om-dks-nordland\/kontakt-oss\/\">fagansvarlig DKS-produsent.<\/a><\/p>\n\n\n\n<h2 class=\"wp-block-heading\">Prosessen videre<\/h2>\n\n\n\n<h4 class=\"wp-block-heading\">Fase 1<\/h4>\n\n\n\n<p>DKS-produsentene og eksterne konsulenter fra kunstfagmilj\u00f8ene g\u00e5r gjennom alle innmeldte produksjoner. De vurderes ut ifra kriteriene kunstnerisk kvalitet, formidlingskvalitet og relevans med utgangspunkt i <a href=\"http:\/\/www.produksjonshandboka.no\/artikler\/2015\/10\/15\/nskekvistmodellen-et-sammendrag\" data-type=\"URL\" data-id=\"http:\/\/www.produksjonshandboka.no\/artikler\/2015\/10\/15\/nskekvistmodellen-et-sammendrag\"><em>\u00d8nskekvisten<\/em> <\/a>&#8211; en vurderingsmodell for kvalitet i kunstneriske produksjoner.&nbsp;I denne fasen vil produksjonene som ikke tilfredsstiller kvalitetskriteriene tas ut. Videre gj\u00f8r vi en prioritering blant de produksjonene som tilfredsstiller kriteriene og velger ut hvilke av disse som tas videre til fase 2.<\/p>\n\n\n\n<h4 class=\"wp-block-heading\">Fase 2<\/h4>\n\n\n\n<p>Vi har&nbsp;programr\u00e5d&nbsp;med representanter fra kultur- og skolesektor som jobber i fase 2. Ogs\u00e5 elever involveres i vurderingene i et eget programr\u00e5d for de ulike uttrykkene.&nbsp;Programr\u00e5dene vurderer produksjonens innhold, vurderer m\u00e5lgruppetilpasning og relevans. Hvert programr\u00e5d godkjenner et visst antall produksjoner som g\u00e5r videre til tredje og siste fase.<\/p>\n\n\n\n<h4 class=\"wp-block-heading\">Fase 3<\/h4>\n\n\n\n<p>Produksjonene som st\u00e5r igjen etter at hvert programr\u00e5d har gjort sitt utvalg er med inn i Fase 3. N\u00e5 skal disse fordeles p\u00e5 distrikt og ansvarlig produsent. Denne fordelingen skal sees i sammenheng med budsjettrammer og behov i hvert enkelt turn\u00e9omr\u00e5de. N\u00e5r disse avklaringene er gjort er programmet nesten klart og ut\u00f8vere kan kontaktes for mulige turn\u00e9perioder. Vedtak om deltakelse i program gj\u00f8res og sendes ut i l\u00f8pet av mars m\u00e5ned.<\/p>\n\n\n\n<p><\/p>\n\n\n\n<p><\/p>\n\n\n\n<p><\/p>\n","protected":false},"excerpt":{"rendered":"<p>Som ut\u00f8ver, kunstner eller kulturut\u00f8ver er du hjertelig velkommen til \u00e5 sende inn forslag med beskrivelse av din produksjon eller formidlingsopplegg til Den kulturelle skolesekken i Nordland. Vi mottar \u00e5rlig rundt 1000 forslag som alle leses og behandles av produsenter og fagpersoner. Av disse er det rundt 50 produksjoner som f\u00e5r oppdrag. Under her kan [&hellip;]<\/p>\n","protected":false},"author":20,"featured_media":1962,"parent":0,"menu_order":0,"comment_status":"closed","ping_status":"closed","template":"","meta":{"footnotes":""},"class_list":["post-31","page","type-page","status-publish","has-post-thumbnail","hentry"],"_links":{"self":[{"href":"https:\/\/www.denkulturelleskolesekken.no\/nordland\/wp-json\/wp\/v2\/pages\/31","targetHints":{"allow":["GET"]}}],"collection":[{"href":"https:\/\/www.denkulturelleskolesekken.no\/nordland\/wp-json\/wp\/v2\/pages"}],"about":[{"href":"https:\/\/www.denkulturelleskolesekken.no\/nordland\/wp-json\/wp\/v2\/types\/page"}],"author":[{"embeddable":true,"href":"https:\/\/www.denkulturelleskolesekken.no\/nordland\/wp-json\/wp\/v2\/users\/20"}],"replies":[{"embeddable":true,"href":"https:\/\/www.denkulturelleskolesekken.no\/nordland\/wp-json\/wp\/v2\/comments?post=31"}],"version-history":[{"count":54,"href":"https:\/\/www.denkulturelleskolesekken.no\/nordland\/wp-json\/wp\/v2\/pages\/31\/revisions"}],"predecessor-version":[{"id":2205,"href":"https:\/\/www.denkulturelleskolesekken.no\/nordland\/wp-json\/wp\/v2\/pages\/31\/revisions\/2205"}],"wp:featuredmedia":[{"embeddable":true,"href":"https:\/\/www.denkulturelleskolesekken.no\/nordland\/wp-json\/wp\/v2\/media\/1962"}],"wp:attachment":[{"href":"https:\/\/www.denkulturelleskolesekken.no\/nordland\/wp-json\/wp\/v2\/media?parent=31"}],"curies":[{"name":"wp","href":"https:\/\/api.w.org\/{rel}","templated":true}]}}