{"id":33,"date":"2019-10-31T13:55:54","date_gmt":"2019-10-31T13:55:54","guid":{"rendered":"https:\/\/viken.kulturtanken.app\/?page_id=33"},"modified":"2023-01-25T10:39:24","modified_gmt":"2023-01-25T10:39:24","slug":"hva-er-dks","status":"publish","type":"page","link":"https:\/\/www.denkulturelleskolesekken.no\/more-og-romsdal\/hva-er-dks\/","title":{"rendered":"Kva er Den kulturelle skolesekken?"},"content":{"rendered":"\n<div class=\"wp-block-group\"><div class=\"wp-block-group__inner-container is-layout-flow wp-block-group-is-layout-flow\">\n<figure class=\"wp-block-gallery has-nested-images columns-6 is-cropped wp-block-gallery-1 is-layout-flex wp-block-gallery-is-layout-flex\">\n<figure class=\"wp-block-image size-large\"><img loading=\"lazy\" decoding=\"async\" width=\"200\" height=\"300\" data-id=\"730\" src=\"https:\/\/cdn.denkulturelleskolesekken.no\/more-og-romsdal\/2020\/03\/7dba965a-bygg-og-bevare-meg-vel.jpg\" alt=\"Illustrasjonsbilde. Tradisjonsh\u00e5ndverk\" class=\"wp-image-730\"\/><\/figure>\n\n\n\n<figure class=\"wp-block-image size-large\"><img loading=\"lazy\" decoding=\"async\" width=\"300\" height=\"169\" data-id=\"731\" src=\"https:\/\/cdn.denkulturelleskolesekken.no\/more-og-romsdal\/2020\/03\/8b0b3a3a-evige-jaktmarker.jpg\" alt=\"Illustrasjonbilde. Animasjonsfilm\" class=\"wp-image-731\"\/><\/figure>\n\n\n\n<figure class=\"wp-block-image size-large\"><img loading=\"lazy\" decoding=\"async\" width=\"299\" height=\"300\" data-id=\"734\" src=\"https:\/\/cdn.denkulturelleskolesekken.no\/more-og-romsdal\/2020\/03\/e090a8a5-krympa.jpg\" alt=\"Illustrasjonsbilde visuell kunst\" class=\"wp-image-734\"\/><\/figure>\n\n\n\n<figure class=\"wp-block-image size-large\"><img loading=\"lazy\" decoding=\"async\" width=\"6242\" height=\"4161\" data-id=\"735\" src=\"https:\/\/cdn.denkulturelleskolesekken.no\/more-og-romsdal\/2020\/03\/c1125280-lars-er-lol2.jpg\" alt=\"Illustrasjonsbilde scenekunst\" class=\"wp-image-735\"\/><\/figure>\n\n\n\n<figure class=\"wp-block-image size-large\"><img loading=\"lazy\" decoding=\"async\" width=\"200\" height=\"300\" data-id=\"737\" src=\"https:\/\/cdn.denkulturelleskolesekken.no\/more-og-romsdal\/2020\/03\/bda3e5e1-blake-bj\u00f8rnson-bjerke-og-beatsa-son-of-light.jpg\" alt=\"Illustrasjonsbilde musikk\" class=\"wp-image-737\"\/><\/figure>\n\n\n\n<figure class=\"wp-block-image size-large\"><img loading=\"lazy\" decoding=\"async\" width=\"265\" height=\"300\" data-id=\"739\" src=\"https:\/\/cdn.denkulturelleskolesekken.no\/more-og-romsdal\/2020\/03\/7e279ce1-plass-nok-guro-sibeko.jpg\" alt=\"Illustrasjonsbilde litteratur\" class=\"wp-image-739\"\/><\/figure>\n<\/figure>\n<\/div><\/div>\n\n\n\n<p>Den kulturelle skolesekken er ei nasjonal satsing som skal bidra til at alle skoleelevar i Norge f\u00e5r m\u00f8te profesjonell kunst og kultur av alle slag. Den kulturelle skolesekken er eit samarbeidsprosjekt mellom Kulturdepartementet og Kunnskapsdepartementet. Kulturtanken har det nasjonale ansvaret og forvaltar statlege midlar til ordninga.<\/p>\n\n\n\n<p><br>Den kulturelle skolesekken skal medverke til at alle elevar i skolen f\u00e5r eit profesjonelt kunst- og kulturtilbod. Gjennom ordninga skal elevane f\u00e5 moglegheit til \u00e5 gjere seg kjent med og utvikle ei forst\u00e5ing for profesjonelle kunst- og kulturuttrykk av alle slag. Kulturtilboda skal vere av h\u00f8g kvalitet og vise heile bredda av kulturuttrykk. B\u00e5de musikk, scenekunst, visuell kunst, film, litteratur og kulturarv skal vere representert i Den kulturelle skolesekken. <\/p>\n\n\n\n<p><br> Den kulturelle skolesekken har vore ein del av regjeringa si kulturpolitiske satsing for grunnskolen sidan 2001, og har seinare vorte utvida til vidareg\u00e5ande skole. Det betyr at alle elevar fr\u00e5 6 til 19 \u00e5r er med i ordninga.<\/p>\n","protected":false},"excerpt":{"rendered":"<p>Den kulturelle skolesekken er ei nasjonal satsing som skal bidra til at alle skoleelevar i Norge f\u00e5r m\u00f8te profesjonell kunst og kultur av alle slag. Den kulturelle skolesekken er eit samarbeidsprosjekt mellom Kulturdepartementet og Kunnskapsdepartementet. Kulturtanken har det nasjonale ansvaret og forvaltar statlege midlar til ordninga. Den kulturelle skolesekken skal medverke til at alle elevar [&hellip;]<\/p>\n","protected":false},"author":2,"featured_media":0,"parent":0,"menu_order":0,"comment_status":"closed","ping_status":"closed","template":"","meta":{"footnotes":""},"class_list":["post-33","page","type-page","status-publish","hentry"],"_links":{"self":[{"href":"https:\/\/www.denkulturelleskolesekken.no\/more-og-romsdal\/wp-json\/wp\/v2\/pages\/33","targetHints":{"allow":["GET"]}}],"collection":[{"href":"https:\/\/www.denkulturelleskolesekken.no\/more-og-romsdal\/wp-json\/wp\/v2\/pages"}],"about":[{"href":"https:\/\/www.denkulturelleskolesekken.no\/more-og-romsdal\/wp-json\/wp\/v2\/types\/page"}],"author":[{"embeddable":true,"href":"https:\/\/www.denkulturelleskolesekken.no\/more-og-romsdal\/wp-json\/wp\/v2\/users\/2"}],"replies":[{"embeddable":true,"href":"https:\/\/www.denkulturelleskolesekken.no\/more-og-romsdal\/wp-json\/wp\/v2\/comments?post=33"}],"version-history":[{"count":15,"href":"https:\/\/www.denkulturelleskolesekken.no\/more-og-romsdal\/wp-json\/wp\/v2\/pages\/33\/revisions"}],"predecessor-version":[{"id":1023,"href":"https:\/\/www.denkulturelleskolesekken.no\/more-og-romsdal\/wp-json\/wp\/v2\/pages\/33\/revisions\/1023"}],"wp:attachment":[{"href":"https:\/\/www.denkulturelleskolesekken.no\/more-og-romsdal\/wp-json\/wp\/v2\/media?parent=33"}],"curies":[{"name":"wp","href":"https:\/\/api.w.org\/{rel}","templated":true}]}}