{"id":25,"date":"2019-10-31T13:51:34","date_gmt":"2019-10-31T13:51:34","guid":{"rendered":"https:\/\/viken.kulturtanken.app\/?page_id=25"},"modified":"2024-10-09T06:01:49","modified_gmt":"2024-10-09T06:01:49","slug":"er-du-kulturkontakt","status":"publish","type":"page","link":"https:\/\/www.denkulturelleskolesekken.no\/more-og-romsdal\/er-du-kulturkontakt\/","title":{"rendered":"Kulturkontakt"},"content":{"rendered":"\n<figure class=\"wp-block-image size-large\"><img loading=\"lazy\" decoding=\"async\" width=\"7253\" height=\"4835\" src=\"https:\/\/cdn.denkulturelleskolesekken.no\/more-og-romsdal\/2020\/04\/d6c8685a-istock-846189922.jpg\" alt=\"Illustrasjonsbilde. L\u00e6rer med elever foran en datamaskin.\" class=\"wp-image-862\"\/><figcaption>Illustrasjonsbilde. Kulturkontakten har ein viktig oppg\u00e5ve med \u00e5 f\u00f8rebu elevane p\u00e5 bes\u00f8k fr\u00e5 DKS.<\/figcaption><\/figure>\n\n\n\n<h4 class=\"has-very-dark-gray-color has-text-color wp-block-heading\"><strong>Kulturkontakten<\/strong><\/h4>\n\n\n\n<p>Kulturkontakten p\u00e5 skolen er den&nbsp;viktigaste brikken for at Den kulturelle skolesekken&nbsp;skal kunne skape&nbsp;positive opplevingar for b\u00e5de elevar og l\u00e6rarar.&nbsp;Samspel&nbsp;og informasjonsflyt er n\u00f8kkelord for dette arbeidet, og er avgjerande for kor vellukka innhaldet i Den kulturelle skolesekken&nbsp;blir. Takk for at du har tatt p\u00e5 deg oppdraget.<\/p>\n\n\n\n<h4 class=\"has-text-color wp-block-heading\" style=\"color:#080808\"><strong>Kulturkontakten sine oppg\u00e5ver:&nbsp;<\/strong><\/h4>\n\n\n\n<ul class=\"wp-block-list\"><li>Vere hovudkontakt for skolen sitt DKS-tilbod.&nbsp;<\/li><li>Halde seg oppdatert om tilbodet fr\u00e5 DKS M\u00f8re og Romsdal.<\/li><li>Informere elevar og kollegaer om tilboda som kjem, slik at dei er f\u00f8rebudde. &nbsp;<\/li><li>Samarbeide med elevarrang\u00f8rar, om aktuelt, og fordele oppg\u00e5ver.&nbsp;<\/li><li>Sj\u00e5 til at alt det praktiske er i orden f\u00f8r bes\u00f8ket (til d\u00f8me, lokale, buss, teknisk).<\/li><li>Sj\u00e5 til at ut\u00f8varane blir teke godt imot n\u00e5r dei kjem.&nbsp;<\/li><li>Presentere kunstnarane for elevane.<\/li><li>Oppdatere elevtal,&nbsp;timeplanar, og skolen sin kontaktperson i skoleportalen. Sj\u00e5 ogs\u00e5 til at teknisk informasjon om spelelokale stemmer, og legg til nye spelelokale, om aktuelt.<\/li><\/ul>\n\n\n\n<h4 class=\"has-very-dark-gray-color has-text-color wp-block-heading\">Noen tips:<\/h4>\n\n\n\n<ul class=\"wp-block-list\"><li>Leggje dato og tid for bes\u00f8k inn i skulen sine planar.&nbsp;<\/li><li>La elevar gjerne vere kulturverter\/elevarrang\u00f8rar.<\/li><li>Gi god informasjon til l\u00e6rarar og elevar. Lag gjerne lett tilgjengeleg informasjon p\u00e5 oppslagstavler, l\u00e6rarrom og\/eller p\u00e5 nett.<\/li><li>Hugs krav om universell utforming n\u00e5r de vel lokale. Alle skal ha tilgang til lokalet og det skal vere tilrettelagt for alle n\u00e5r det gjeld lys og lyd.<\/li><\/ul>\n\n\n\n<p><a href=\"https:\/\/www.kulturtanken.no\/ressurs\/verktoyark-veileder-for-kulturkontakter\/\">Verkt\u00f8yark &#8211; ei rettleiing for kulturkontaktar.<\/a><\/p>\n\n\n\n<p><a href=\"https:\/\/dkskommer.no\/\" data-type=\"URL\" data-id=\"https:\/\/dkskommer.no\/\" target=\"_blank\" rel=\"noreferrer noopener\">Ressursside for l\u00e6rarar og kulturkontaktar<\/a><\/p>\n\n\n\n<p>Lykke til med bes\u00f8ket!<\/p>\n","protected":false},"excerpt":{"rendered":"<p>Kulturkontakten Kulturkontakten p\u00e5 skolen er den&nbsp;viktigaste brikken for at Den kulturelle skolesekken&nbsp;skal kunne skape&nbsp;positive opplevingar for b\u00e5de elevar og l\u00e6rarar.&nbsp;Samspel&nbsp;og informasjonsflyt er n\u00f8kkelord for dette arbeidet, og er avgjerande for kor vellukka innhaldet i Den kulturelle skolesekken&nbsp;blir. Takk for at du har tatt p\u00e5 deg oppdraget. Kulturkontakten sine oppg\u00e5ver:&nbsp; Vere hovudkontakt for skolen sitt DKS-tilbod.&nbsp; [&hellip;]<\/p>\n","protected":false},"author":2,"featured_media":0,"parent":0,"menu_order":0,"comment_status":"closed","ping_status":"closed","template":"","meta":{"footnotes":""},"class_list":["post-25","page","type-page","status-publish","hentry"],"_links":{"self":[{"href":"https:\/\/www.denkulturelleskolesekken.no\/more-og-romsdal\/wp-json\/wp\/v2\/pages\/25","targetHints":{"allow":["GET"]}}],"collection":[{"href":"https:\/\/www.denkulturelleskolesekken.no\/more-og-romsdal\/wp-json\/wp\/v2\/pages"}],"about":[{"href":"https:\/\/www.denkulturelleskolesekken.no\/more-og-romsdal\/wp-json\/wp\/v2\/types\/page"}],"author":[{"embeddable":true,"href":"https:\/\/www.denkulturelleskolesekken.no\/more-og-romsdal\/wp-json\/wp\/v2\/users\/2"}],"replies":[{"embeddable":true,"href":"https:\/\/www.denkulturelleskolesekken.no\/more-og-romsdal\/wp-json\/wp\/v2\/comments?post=25"}],"version-history":[{"count":19,"href":"https:\/\/www.denkulturelleskolesekken.no\/more-og-romsdal\/wp-json\/wp\/v2\/pages\/25\/revisions"}],"predecessor-version":[{"id":1274,"href":"https:\/\/www.denkulturelleskolesekken.no\/more-og-romsdal\/wp-json\/wp\/v2\/pages\/25\/revisions\/1274"}],"wp:attachment":[{"href":"https:\/\/www.denkulturelleskolesekken.no\/more-og-romsdal\/wp-json\/wp\/v2\/media?parent=25"}],"curies":[{"name":"wp","href":"https:\/\/api.w.org\/{rel}","templated":true}]}}