{"id":125,"date":"2019-12-10T12:22:29","date_gmt":"2019-12-10T12:22:29","guid":{"rendered":"https:\/\/viken.kulturtanken.app\/?page_id=125"},"modified":"2024-10-09T06:03:34","modified_gmt":"2024-10-09T06:03:34","slug":"er-du-laerer","status":"publish","type":"page","link":"https:\/\/www.denkulturelleskolesekken.no\/more-og-romsdal\/er-du-laerer\/","title":{"rendered":"L\u00e6raren si rolle i DKS"},"content":{"rendered":"\n<h1 class=\"wp-block-heading\">DKS + l\u00e6rar = dr\u00f8mmekunstm\u00f8te<\/h1>\n\n\n\n<p>L\u00e6raren er kjempeviktig for at DKS-bes\u00f8ket skal bli ei skikkeleg god\noppleving for elevane. For at elevane skal f\u00e5 mest mogleg ut av bes\u00f8ket er det viktig\nat du som l\u00e6rar b\u00e5de viser engasjement og f\u00f8rebur elevane p\u00e5 det som kjem. <\/p>\n\n\n\n<p>L\u00e6raren er viktig for at eleven skal oppleve kunstm\u00f8tet som relevant. Gjennom\n\u00e5 f\u00f8rebu deg sj\u00f8lv og elevane, og ved \u00e5 arbeide med opplevinga i f\u00f8re- og etterkant,\nkan du som l\u00e6rar hjelpe elevane til \u00e5 sj\u00e5 samanhengar med dei andre\nl\u00e6ringsaktivitetane ved skulen, tolke og evaluere opplevinga.<\/p>\n\n\n\n<p>Nokre gonger, skal det berre litt til for \u00e5 gjere det til eit godt bes\u00f8k, end\u00e5 betre.<\/p>\n\n\n\n<figure class=\"wp-block-embed is-type-video is-provider-vimeo wp-block-embed-vimeo wp-embed-aspect-16-9 wp-has-aspect-ratio\"><div class=\"wp-block-embed__wrapper\">\n<iframe loading=\"lazy\" title=\"Undringstimen (nynorsk)\" src=\"https:\/\/player.vimeo.com\/video\/427873439?dnt=1&amp;app_id=122963\" width=\"500\" height=\"281\" frameborder=\"0\" allow=\"autoplay; fullscreen; picture-in-picture; clipboard-write\"><\/iframe>\n<\/div><\/figure>\n\n\n\n<h4 class=\"wp-block-heading\"><strong>F\u00f8rebuing<\/strong><\/h4>\n\n\n\n<p>Tre p\u00e5 topp for eit godt m\u00f8te mellom\nkunstnar og elev, og for \u00e5 oppleve tilbodet som meir relevant:<\/p>\n\n\n\n<ol class=\"wp-block-list\"><li>F\u00f8rebu deg sj\u00f8lv og elevane dine. Be skulen sin kulturkontakt om informasjon, og snakk med elevane om bes\u00f8ket p\u00e5 f\u00f8rehand.<\/li><li>Knytt bes\u00f8ket inn i plan for veka og til m\u00e5l i l\u00e6replanen, gjerne til overordna del.<\/li><li>Gi ut\u00f8varane ein varm velkomst.<\/li><\/ol>\n\n\n\n<p>Sjekk ut ressurssida <a rel=\"noreferrer noopener\" href=\"https:\/\/dkskommer.no\/\" data-type=\"URL\" data-id=\"https:\/\/dkskommer.no\/\" target=\"_blank\">dkskommer.no <\/a>for l\u00e6rarar og skoleleiarar for tips, verkt\u00f8y og inspirasjon.<\/p>\n\n\n\n<h3 class=\"wp-block-heading\"><strong>Sp\u00f8rsm\u00e5l?<\/strong><\/h3>\n\n\n\n<p>Ta kontakt med oss om du har sp\u00f8rsm\u00e5l om ein produksjon som kjem til\ndin klasse. Vi er her for at dine elevar skal f\u00e5 eit godt kunstm\u00f8te.<\/p>\n","protected":false},"excerpt":{"rendered":"<p>DKS + l\u00e6rar = dr\u00f8mmekunstm\u00f8te L\u00e6raren er kjempeviktig for at DKS-bes\u00f8ket skal bli ei skikkeleg god oppleving for elevane. For at elevane skal f\u00e5 mest mogleg ut av bes\u00f8ket er det viktig at du som l\u00e6rar b\u00e5de viser engasjement og f\u00f8rebur elevane p\u00e5 det som kjem. L\u00e6raren er viktig for at eleven skal oppleve kunstm\u00f8tet [&hellip;]<\/p>\n","protected":false},"author":4,"featured_media":0,"parent":0,"menu_order":0,"comment_status":"closed","ping_status":"closed","template":"","meta":{"footnotes":""},"class_list":["post-125","page","type-page","status-publish","hentry"],"_links":{"self":[{"href":"https:\/\/www.denkulturelleskolesekken.no\/more-og-romsdal\/wp-json\/wp\/v2\/pages\/125","targetHints":{"allow":["GET"]}}],"collection":[{"href":"https:\/\/www.denkulturelleskolesekken.no\/more-og-romsdal\/wp-json\/wp\/v2\/pages"}],"about":[{"href":"https:\/\/www.denkulturelleskolesekken.no\/more-og-romsdal\/wp-json\/wp\/v2\/types\/page"}],"author":[{"embeddable":true,"href":"https:\/\/www.denkulturelleskolesekken.no\/more-og-romsdal\/wp-json\/wp\/v2\/users\/4"}],"replies":[{"embeddable":true,"href":"https:\/\/www.denkulturelleskolesekken.no\/more-og-romsdal\/wp-json\/wp\/v2\/comments?post=125"}],"version-history":[{"count":25,"href":"https:\/\/www.denkulturelleskolesekken.no\/more-og-romsdal\/wp-json\/wp\/v2\/pages\/125\/revisions"}],"predecessor-version":[{"id":1276,"href":"https:\/\/www.denkulturelleskolesekken.no\/more-og-romsdal\/wp-json\/wp\/v2\/pages\/125\/revisions\/1276"}],"wp:attachment":[{"href":"https:\/\/www.denkulturelleskolesekken.no\/more-og-romsdal\/wp-json\/wp\/v2\/media?parent=125"}],"curies":[{"name":"wp","href":"https:\/\/api.w.org\/{rel}","templated":true}]}}