{"id":1227,"date":"2024-07-05T10:00:29","date_gmt":"2024-07-05T10:00:29","guid":{"rendered":"https:\/\/www.denkulturelleskolesekken.no\/more-og-romsdal\/?page_id=1227"},"modified":"2024-07-05T10:00:30","modified_gmt":"2024-07-05T10:00:30","slug":"handbok-for-utovarar","status":"publish","type":"page","link":"https:\/\/www.denkulturelleskolesekken.no\/more-og-romsdal\/handbok-for-utovarar\/","title":{"rendered":"Handbok for ut\u00f8varar"},"content":{"rendered":"<div id=\"pl-gb1227-69d91fa315a4f\"  class=\"panel-layout\" ><div id=\"pg-gb1227-69d91fa315a4f-0\"  class=\"panel-grid panel-no-style\" ><div id=\"pgc-gb1227-69d91fa315a4f-0-0\"  class=\"panel-grid-cell\" ><div id=\"panel-gb1227-69d91fa315a4f-0-0-0\" class=\"so-panel widget widget_sow-accordion panel-first-child panel-last-child\" data-index=\"0\" ><div\n\t\t\t\n\t\t\tclass=\"so-widget-sow-accordion so-widget-sow-accordion-default-9ab81f6899c1-1227\"\n\t\t\t data-max-open-panels=\"0\" data-use-anchor-tags=\"false\" data-initial-scroll-panel=\"0\"\n\t\t><div>\n\t<div class=\"sow-accordion\">\n\t\t\t<div class=\"sow-accordion-panel\n\t\t\t\t\"\n\t\t\tdata-anchor-id=\"utovar-sitt-ansvar-i-eit-dks-oppdrag\">\n\t\t\t\t<div class=\"sow-accordion-panel-header-container\" role=\"heading\" aria-level=\"2\">\n\t\t\t\t\t<div class=\"sow-accordion-panel-header\" tabindex=\"0\" role=\"button\" id=\"accordion-label-ut%c3%b8var-sitt-ansvar-i-eit-dks-oppdrag\" aria-controls=\"accordion-content-ut%c3%b8var-sitt-ansvar-i-eit-dks-oppdrag\" aria-expanded=\"false\">\n\t\t\t\t\t\t<div class=\"sow-accordion-title sow-accordion-title-icon-left\">\n\t\t\t\t\t\t\t\t\t\t\t\t\t\tUt\u00f8var sitt ansvar i eit DKS-oppdrag\t\t\t\t\t\t\t\t\t\t\t\t\t<\/div>\n\t\t\t\t\t\t<div class=\"sow-accordion-open-close-button\">\n\t\t\t\t\t\t\t<div class=\"sow-accordion-open-button\">\n\t\t\t\t\t\t\t\t<span class=\"sow-icon-fontawesome sow-fas\" data-sow-icon=\"&#x2b;\"\n\t\t \n\t\taria-hidden=\"true\"><\/span>\t\t\t\t\t\t\t<\/div>\n\t\t\t\t\t\t\t<div class=\"sow-accordion-close-button\">\n\t\t\t\t\t\t\t\t<span class=\"sow-icon-fontawesome sow-fas\" data-sow-icon=\"&#xf068;\"\n\t\t \n\t\taria-hidden=\"true\"><\/span>\t\t\t\t\t\t\t<\/div>\n\t\t\t\t\t\t<\/div>\n\t\t\t\t\t<\/div>\n\t\t\t\t<\/div>\n\n\t\t\t<div\n\t\t\t\tclass=\"sow-accordion-panel-content\"\n\t\t\t\trole=\"region\"\n\t\t\t\taria-labelledby=\"accordion-label-ut%c3%b8var-sitt-ansvar-i-eit-dks-oppdrag\"\n\t\t\t\tid=\"accordion-content-ut%c3%b8var-sitt-ansvar-i-eit-dks-oppdrag\"\n\t\t\t\tstyle=\"display: none;\"\t\t\t>\n\t\t\t\t<div class=\"sow-accordion-panel-border\">\n\t\t\t\t\t<h4><strong>F\u00f8rebuing til turn\u00e9 &#8211; ta kontakt med skolane<\/strong><\/h4>\n<p>Ta kontakt med skolane ei til to veker f\u00f8r bes\u00f8ket. Oppfordre kulturkontakt til \u00e5 lese om produksjonen og f\u00f8rebu elevane p\u00e5 kva dei skal f\u00e5 oppleve.<\/p>\n<p>G\u00e5 gjerne gjennom det praktiske med skolen som for eksempel, kor du skal parkere, kven som m\u00f8ter deg\/dere og avtale med kontaktperson.<\/p>\n<p>G\u00e5 gjennom dei praktiske f\u00f8rebuingane med skolen f\u00f8r bes\u00f8ket.<\/p>\n<ul>\n<li>F\u00e5 stadfesting p\u00e5 tidspunkt, tal p\u00e5 elevar og kva for rom som skal brukast<\/li>\n<li>Avklar om kven som skal vere kontaktperson for deg under bes\u00f8ket<\/li>\n<li>Avtal eventuell berehjelp<\/li>\n<\/ul>\n<p>Ring gjerne l\u00e6rarar p\u00e5 slutten av skoledagen, d\u00e5 dei gjerne er opptatt i undervisning elles. Send ogs\u00e5 e-post, men alle ut\u00f8varar skal ha hatt ein samtale f\u00f8r turn\u00e9start.<\/p>\n<h4><\/h4>\n<h4><strong>P\u00e5 dagen &#8211; snakk med l\u00e6rarane<\/strong><\/h4>\n<p>Det er viktig \u00e5 avklare p\u00e5 f\u00f8rehand kva for rolle l\u00e6raren skal ha under formidlinga. Det kan vere om l\u00e6rar skal handtere uro, eller om de vil gjere sj\u00f8lv, eller om elevane skal delta aktivt eller ikkje.<\/p>\n<p>Det b\u00f8r du ta opp i samtalen p\u00e5 f\u00f8rehand, slik at kulturkontakten kan informere dei andre l\u00e6rarane i tide.<\/p>\n<p><strong>Det er viktig \u00e5 la l\u00e6rar f\u00e5 vite kva for rolle han\/hun skal ha.<\/strong><\/p>\n<p>&nbsp;<\/p>\n<h4>Etter gjennomf\u00f8ring &#8211; utbetaling<\/h4>\n<p>Faktura sendast etter gjennomf\u00f8ring av turn\u00e9. Les meir om fakturering her:\u00a0<a href=\"https:\/\/www.denkulturelleskolesekken.no\/more-og-romsdal\/satsar-lon-og-faktura\/\">https:\/\/www.denkulturelleskolesekken.no\/more-og-romsdal\/satsar-lon-og-faktura\/<\/a><\/p>\n<p>&nbsp;<\/p>\n\t\t\t\t<\/div>\n\t\t\t<\/div>\n\t\t<\/div>\n\t\t\t<div class=\"sow-accordion-panel\n\t\t\t\t\"\n\t\t\tdata-anchor-id=\"dks-sitt-ansvar-i-turneperioden\">\n\t\t\t\t<div class=\"sow-accordion-panel-header-container\" role=\"heading\" aria-level=\"2\">\n\t\t\t\t\t<div class=\"sow-accordion-panel-header\" tabindex=\"0\" role=\"button\" id=\"accordion-label-dks-sitt-ansvar-i-turneperioden\" aria-controls=\"accordion-content-dks-sitt-ansvar-i-turneperioden\" aria-expanded=\"false\">\n\t\t\t\t\t\t<div class=\"sow-accordion-title sow-accordion-title-icon-left\">\n\t\t\t\t\t\t\t\t\t\t\t\t\t\tDKS sitt ansvar i turneperioden\t\t\t\t\t\t\t\t\t\t\t\t\t<\/div>\n\t\t\t\t\t\t<div class=\"sow-accordion-open-close-button\">\n\t\t\t\t\t\t\t<div class=\"sow-accordion-open-button\">\n\t\t\t\t\t\t\t\t<span class=\"sow-icon-fontawesome sow-fas\" data-sow-icon=\"&#x2b;\"\n\t\t \n\t\taria-hidden=\"true\"><\/span>\t\t\t\t\t\t\t<\/div>\n\t\t\t\t\t\t\t<div class=\"sow-accordion-close-button\">\n\t\t\t\t\t\t\t\t<span class=\"sow-icon-fontawesome sow-fas\" data-sow-icon=\"&#xf068;\"\n\t\t \n\t\taria-hidden=\"true\"><\/span>\t\t\t\t\t\t\t<\/div>\n\t\t\t\t\t\t<\/div>\n\t\t\t\t\t<\/div>\n\t\t\t\t<\/div>\n\n\t\t\t<div\n\t\t\t\tclass=\"sow-accordion-panel-content\"\n\t\t\t\trole=\"region\"\n\t\t\t\taria-labelledby=\"accordion-label-dks-sitt-ansvar-i-turneperioden\"\n\t\t\t\tid=\"accordion-content-dks-sitt-ansvar-i-turneperioden\"\n\t\t\t\tstyle=\"display: none;\"\t\t\t>\n\t\t\t\t<div class=\"sow-accordion-panel-border\">\n\t\t\t\t\t<h4>F\u00f8r gjennomf\u00f8ring av turne<\/h4>\n<p>Alle ut\u00f8varar vil bli kontakta av turn\u00e9ansvarleg rundt 6 veker f\u00f8r turn\u00e9 for \u00e5 skrive kontrakt, avtale reise, bestillingar av hotell, fly og leigebil, eventuelt teknisk utstyr med meir. Det er viktig \u00e5 f\u00e5 raske og gode tilbakemeldingar, slik at alt ligg til rette for ein god start.<\/p>\n<p>Turn\u00e9ansvarleg sender ogs\u00e5 ut informasjon til skolane om de snart kjem p\u00e5 bes\u00f8k. Gi oss beskjed om det er noko informasjon som b\u00f8r vere med der.<\/p>\n<p>Ut\u00f8var m\u00e5 s\u00f8rge for at info og materiell vi har er oppdatert og riktig. Les derfor gjerne om det som st\u00e5r om dykkar produksjon p\u00e5 v\u00e5re sidar og gjer oss merksam p\u00e5 om det er behov for nokre endringar.<\/p>\n<p>&nbsp;<\/p>\n<h4>I turneperioden<\/h4>\n<p>DKS etterstreber \u00e5 ha kontakt med ut\u00f8varar som er p\u00e5 turn\u00e9 for \u00e5 sjekke at alt g\u00e5r bra. Du kan ogs\u00e5 alltid ta kontakt med oss p\u00e5 e-post eller telefon. Vi vil ogs\u00e5 pr\u00f8ve \u00e5 vere p\u00e5 nokre gjennomf\u00f8ringar, men vi rekker ikkje alt diverre, men vi reiser rundt p\u00e5 s\u00e5 mykje vi kan.<\/p>\n\t\t\t\t<\/div>\n\t\t\t<\/div>\n\t\t<\/div>\n\t\t\t<div class=\"sow-accordion-panel\n\t\t\t\t\"\n\t\t\tdata-anchor-id=\"kreditering\">\n\t\t\t\t<div class=\"sow-accordion-panel-header-container\" role=\"heading\" aria-level=\"2\">\n\t\t\t\t\t<div class=\"sow-accordion-panel-header\" tabindex=\"0\" role=\"button\" id=\"accordion-label-kreditering\" aria-controls=\"accordion-content-kreditering\" aria-expanded=\"false\">\n\t\t\t\t\t\t<div class=\"sow-accordion-title sow-accordion-title-icon-left\">\n\t\t\t\t\t\t\t\t\t\t\t\t\t\tKreditering \t\t\t\t\t\t\t\t\t\t\t\t\t<\/div>\n\t\t\t\t\t\t<div class=\"sow-accordion-open-close-button\">\n\t\t\t\t\t\t\t<div class=\"sow-accordion-open-button\">\n\t\t\t\t\t\t\t\t<span class=\"sow-icon-fontawesome sow-fas\" data-sow-icon=\"&#x2b;\"\n\t\t \n\t\taria-hidden=\"true\"><\/span>\t\t\t\t\t\t\t<\/div>\n\t\t\t\t\t\t\t<div class=\"sow-accordion-close-button\">\n\t\t\t\t\t\t\t\t<span class=\"sow-icon-fontawesome sow-fas\" data-sow-icon=\"&#xf068;\"\n\t\t \n\t\taria-hidden=\"true\"><\/span>\t\t\t\t\t\t\t<\/div>\n\t\t\t\t\t\t<\/div>\n\t\t\t\t\t<\/div>\n\t\t\t\t<\/div>\n\n\t\t\t<div\n\t\t\t\tclass=\"sow-accordion-panel-content\"\n\t\t\t\trole=\"region\"\n\t\t\t\taria-labelledby=\"accordion-label-kreditering\"\n\t\t\t\tid=\"accordion-content-kreditering\"\n\t\t\t\tstyle=\"display: none;\"\t\t\t>\n\t\t\t\t<div class=\"sow-accordion-panel-border\">\n\t\t\t\t\t<h4>Kreditering &#8211; eit gjensidig ansvar<\/h4>\n<p>DKS sine heimesider<\/p>\n<p>All informasjon om produksjon og anna informasjon ligg p\u00e5 v\u00e5re heimesider. DKS krediterer fotografar og andre som medverkar.<\/p>\n<p>Presse, sosiale media, heimesider eller andre informasjonskanalar<\/p>\n<p>Dersom pressa \u00f8nsker \u00e5 lage ei sak om noko som skjer i DKS, har ut\u00f8var og DKS eit gjensidig ansvar om \u00e5 informere den andre. Vi vil veldig gjerne at de oppfordrar journalistar til \u00e5 tydeleggjer at dette er eit DKS-arrangement. B\u00e5de ut\u00f8var og DKS M\u00f8re og Romsdal skal krediterast i artiklar, bildedelingar, heimesider osv.<\/p>\n<p>Del gjerne p\u00e5 Facebook sida til DKS M\u00f8re og Romsdal.<\/p>\n\t\t\t\t<\/div>\n\t\t\t<\/div>\n\t\t<\/div>\n\t\t\t<div class=\"sow-accordion-panel\n\t\t\t\t\"\n\t\t\tdata-anchor-id=\"varsle-om-kritikkverdige-forhold\">\n\t\t\t\t<div class=\"sow-accordion-panel-header-container\" role=\"heading\" aria-level=\"2\">\n\t\t\t\t\t<div class=\"sow-accordion-panel-header\" tabindex=\"0\" role=\"button\" id=\"accordion-label-varsle-om-kritikkverdige-forhold\" aria-controls=\"accordion-content-varsle-om-kritikkverdige-forhold\" aria-expanded=\"false\">\n\t\t\t\t\t\t<div class=\"sow-accordion-title sow-accordion-title-icon-left\">\n\t\t\t\t\t\t\t\t\t\t\t\t\t\tVarsle om kritikkverdige forhold\t\t\t\t\t\t\t\t\t\t\t\t\t<\/div>\n\t\t\t\t\t\t<div class=\"sow-accordion-open-close-button\">\n\t\t\t\t\t\t\t<div class=\"sow-accordion-open-button\">\n\t\t\t\t\t\t\t\t<span class=\"sow-icon-fontawesome sow-fas\" data-sow-icon=\"&#x2b;\"\n\t\t \n\t\taria-hidden=\"true\"><\/span>\t\t\t\t\t\t\t<\/div>\n\t\t\t\t\t\t\t<div class=\"sow-accordion-close-button\">\n\t\t\t\t\t\t\t\t<span class=\"sow-icon-fontawesome sow-fas\" data-sow-icon=\"&#xf068;\"\n\t\t \n\t\taria-hidden=\"true\"><\/span>\t\t\t\t\t\t\t<\/div>\n\t\t\t\t\t\t<\/div>\n\t\t\t\t\t<\/div>\n\t\t\t\t<\/div>\n\n\t\t\t<div\n\t\t\t\tclass=\"sow-accordion-panel-content\"\n\t\t\t\trole=\"region\"\n\t\t\t\taria-labelledby=\"accordion-label-varsle-om-kritikkverdige-forhold\"\n\t\t\t\tid=\"accordion-content-varsle-om-kritikkverdige-forhold\"\n\t\t\t\tstyle=\"display: none;\"\t\t\t>\n\t\t\t\t<div class=\"sow-accordion-panel-border\">\n\t\t\t\t\t<p>Som ut\u00f8var vil du kunne oppleve eller sj\u00e5 kritikkverdige forhold. Det kan vere mot eller mellom elevar, l\u00e6rarar eller andre som jobbar ved skolen, mot eller mellom dine ut\u00f8varkollegaer, eller mot deg sj\u00f8lv.<\/p>\n<p>Er du usikker p\u00e5 kor alvorleg det er, s\u00e5 er det betre \u00e5 seie ifr\u00e5 enn \u00e5 la vere. DKS kan bidra til \u00e5 vurdere om det skal bli tatt vidare.<\/p>\n<p>&nbsp;<\/p>\n\t\t\t\t<\/div>\n\t\t\t<\/div>\n\t\t<\/div>\n\t\t<\/div>\n<\/div>\n<\/div><\/div><\/div><\/div><\/div>\n\n\n<figure class=\"wp-block-embed is-type-video is-provider-vimeo wp-block-embed-vimeo wp-embed-aspect-16-9 wp-has-aspect-ratio\"><div class=\"wp-block-embed__wrapper\">\n<iframe loading=\"lazy\" title=\"Ut\u00f8varar\" src=\"https:\/\/player.vimeo.com\/video\/547516537?dnt=1&amp;app_id=122963\" width=\"500\" height=\"281\" frameborder=\"0\" allow=\"autoplay; fullscreen; picture-in-picture; clipboard-write\"><\/iframe>\n<\/div><\/figure>\n","protected":false},"excerpt":{"rendered":"","protected":false},"author":5,"featured_media":1124,"parent":0,"menu_order":0,"comment_status":"closed","ping_status":"closed","template":"","meta":{"footnotes":""},"class_list":["post-1227","page","type-page","status-publish","has-post-thumbnail","hentry"],"_links":{"self":[{"href":"https:\/\/www.denkulturelleskolesekken.no\/more-og-romsdal\/wp-json\/wp\/v2\/pages\/1227","targetHints":{"allow":["GET"]}}],"collection":[{"href":"https:\/\/www.denkulturelleskolesekken.no\/more-og-romsdal\/wp-json\/wp\/v2\/pages"}],"about":[{"href":"https:\/\/www.denkulturelleskolesekken.no\/more-og-romsdal\/wp-json\/wp\/v2\/types\/page"}],"author":[{"embeddable":true,"href":"https:\/\/www.denkulturelleskolesekken.no\/more-og-romsdal\/wp-json\/wp\/v2\/users\/5"}],"replies":[{"embeddable":true,"href":"https:\/\/www.denkulturelleskolesekken.no\/more-og-romsdal\/wp-json\/wp\/v2\/comments?post=1227"}],"version-history":[{"count":7,"href":"https:\/\/www.denkulturelleskolesekken.no\/more-og-romsdal\/wp-json\/wp\/v2\/pages\/1227\/revisions"}],"predecessor-version":[{"id":1234,"href":"https:\/\/www.denkulturelleskolesekken.no\/more-og-romsdal\/wp-json\/wp\/v2\/pages\/1227\/revisions\/1234"}],"wp:featuredmedia":[{"embeddable":true,"href":"https:\/\/www.denkulturelleskolesekken.no\/more-og-romsdal\/wp-json\/wp\/v2\/media\/1124"}],"wp:attachment":[{"href":"https:\/\/www.denkulturelleskolesekken.no\/more-og-romsdal\/wp-json\/wp\/v2\/media?parent=1227"}],"curies":[{"name":"wp","href":"https:\/\/api.w.org\/{rel}","templated":true}]}}