{"id":1212,"date":"2024-07-05T07:40:22","date_gmt":"2024-07-05T07:40:22","guid":{"rendered":"https:\/\/www.denkulturelleskolesekken.no\/more-og-romsdal\/?page_id=1212"},"modified":"2025-06-20T06:40:02","modified_gmt":"2025-06-20T06:40:02","slug":"satsar-lon-og-faktura","status":"publish","type":"page","link":"https:\/\/www.denkulturelleskolesekken.no\/more-og-romsdal\/satsar-lon-og-faktura\/","title":{"rendered":"Satsar, l\u00f8n og faktura"},"content":{"rendered":"\n<p>DKS M\u00f8re og Romsdal har f\u00f8lgande prissetting ved avtale om oppdrag:<\/p>\n\n\n\n<ol class=\"wp-block-list\">\n<li>Honorarbasert pris: det er rammeavtalen fremforhandla av KS og Creo som gjeld.<\/li>\n\n\n\n<li>Pakkepris: Som til d\u00f8mes Scenekunstbruket sine priser<\/li>\n\n\n\n<li>Institusjonspris: Eigne avtalar med kulturinstitusjonar<\/li>\n<\/ol>\n\n\n\n<p><strong>Honorarbasert pris fr\u00e5 1. august 2025<\/strong><\/p>\n\n\n\n<ul class=\"wp-block-list\">\n<li>Dagsats n\u00e6ringsdrivande: 6073 kroner<\/li>\n\n\n\n<li>Honorar for m\u00f8ter og forarbeid\/preproduksjon: 845 kroner per time<\/li>\n<\/ul>\n\n\n\n<p>Rammeavtale om vilk\u00e5r for oppdragstakere i Den kulturelle skolesekken i<br>fylkeskommuner og kommuner finner her:<\/p>\n\n\n\n<div class=\"wp-block-file\"><a id=\"wp-block-file--media-2574e7e1-772a-41a9-aa04-027b80b2297c\" href=\"https:\/\/cdn.denkulturelleskolesekken.no\/more-og-romsdal\/08d23564-avtaletekst-asa-4401-010825-til-310727.pdf\">Avtaletekst ASA 4401 010825 til 310727<\/a><a href=\"https:\/\/cdn.denkulturelleskolesekken.no\/more-og-romsdal\/08d23564-avtaletekst-asa-4401-010825-til-310727.pdf\" class=\"wp-block-file__button wp-element-button\" download aria-describedby=\"wp-block-file--media-2574e7e1-772a-41a9-aa04-027b80b2297c\">Download<\/a><\/div>\n\n\n\n<h2 class=\"wp-block-heading\">Om reisedagar &#8211; reise til og heimreise<\/h2>\n\n\n\n<p>Det blir ikkje utbetalt honorar for reisedagar i forkant av turn\u00e9 (innreise), berre for dagar midt i ein turn\u00e9 (vekedag) som heilt eller delvis m\u00e5 tilbringes p\u00e5 reise eller p\u00e5 hotell.<\/p>\n\n\n\n<p><strong>Unntak:<\/strong>&nbsp;Innreise der ut\u00f8var sj\u00f8lv lastar og fraktar alt av teknisk utstyr til turn\u00e9en, der reisetid overstiger 7 timer i forkant av turn\u00e9en. Dette m\u00e5 avtalast med arrang\u00f8r p\u00e5 f\u00f8rehand. Gjeld for maksimalt to sj\u00e5f\u00f8rar. Heimreise: Det blir ikkje gitt ekstra honorar for lang heimreise.<\/p>\n\n\n\n<p><strong>Turn\u00e9re \u00e5leine:&nbsp;<\/strong>P\u00e5 turn\u00e9er der ut\u00f8var reiser og speler\/formidlar \u00e5leine, jf. pkt. 12, underpunkt 1 og 2, skal ut\u00f8var ha eit tillegg i honoraret, jf. pkt. 4, p\u00e5 20 %. Dette gjeld kunstuttrykka scenekunst, konsert og dans.<\/p>\n\n\n\n<p><strong>Helg:<\/strong>&nbsp;Om ut\u00f8var sj\u00f8lv vel \u00e5 ikkje dra heim i helga midt i ein turn\u00e9 dekkes berre overnatting.<\/p>\n\n\n\n<h2 class=\"wp-block-heading\">Sende faktura til DKS M\u00f8re og Romsdal<\/h2>\n\n\n\n<p>Faktura skal sendast som EHF-format. Faktura skal sendast etter at oppdrag er gjennomf\u00f8rt.<\/p>\n\n\n\n<h4 class=\"wp-block-heading\">Fakturaadresse<\/h4>\n\n\n\n<p>M\u00f8re og Romsdal fylkeskommune<br>Postboks 2501<br>6404 Molde<\/p>\n\n\n\n<p>EHF-nummer: 944 183 779<\/p>\n\n\n\n<h4 class=\"wp-block-heading\">Slik fyller du ut EHF<\/h4>\n\n\n\n<ul class=\"wp-block-list\">\n<li>Fakturaer skal vere merka med referansenummer 50000 i feltet \u00abDykkar referanse\u00bb.\u00a0<\/li>\n\n\n\n<li>I fritekstfeltet skriv du DKS, &#8220;tittel p\u00e5 produksjon&#8221; og namn til kontaktperson i DKS<\/li>\n\n\n\n<li>Vedlegg m\u00e5 leggast ved som PDF<\/li>\n\n\n\n<li>Dersom fakturareferanse ikkje er oppgitt p\u00e5 fakturaen, vil du f\u00e5 ein e-post kor du blir bedt om g\u00e5 inn p\u00e5 ei nettside og legge inn korrekt referanse. Dette m\u00e5 du gjere\u00a0f\u00f8r fakturaen kan bli\u00a0behandla hos oss.<\/li>\n<\/ul>\n","protected":false},"excerpt":{"rendered":"<p>DKS M\u00f8re og Romsdal har f\u00f8lgande prissetting ved avtale om oppdrag: Honorarbasert pris fr\u00e5 1. august 2025 Rammeavtale om vilk\u00e5r for oppdragstakere i Den kulturelle skolesekken ifylkeskommuner og kommuner finner her: Om reisedagar &#8211; reise til og heimreise Det blir ikkje utbetalt honorar for reisedagar i forkant av turn\u00e9 (innreise), berre for dagar midt i [&hellip;]<\/p>\n","protected":false},"author":5,"featured_media":1087,"parent":0,"menu_order":0,"comment_status":"closed","ping_status":"closed","template":"","meta":{"footnotes":""},"class_list":["post-1212","page","type-page","status-publish","has-post-thumbnail","hentry"],"_links":{"self":[{"href":"https:\/\/www.denkulturelleskolesekken.no\/more-og-romsdal\/wp-json\/wp\/v2\/pages\/1212","targetHints":{"allow":["GET"]}}],"collection":[{"href":"https:\/\/www.denkulturelleskolesekken.no\/more-og-romsdal\/wp-json\/wp\/v2\/pages"}],"about":[{"href":"https:\/\/www.denkulturelleskolesekken.no\/more-og-romsdal\/wp-json\/wp\/v2\/types\/page"}],"author":[{"embeddable":true,"href":"https:\/\/www.denkulturelleskolesekken.no\/more-og-romsdal\/wp-json\/wp\/v2\/users\/5"}],"replies":[{"embeddable":true,"href":"https:\/\/www.denkulturelleskolesekken.no\/more-og-romsdal\/wp-json\/wp\/v2\/comments?post=1212"}],"version-history":[{"count":9,"href":"https:\/\/www.denkulturelleskolesekken.no\/more-og-romsdal\/wp-json\/wp\/v2\/pages\/1212\/revisions"}],"predecessor-version":[{"id":1323,"href":"https:\/\/www.denkulturelleskolesekken.no\/more-og-romsdal\/wp-json\/wp\/v2\/pages\/1212\/revisions\/1323"}],"wp:featuredmedia":[{"embeddable":true,"href":"https:\/\/www.denkulturelleskolesekken.no\/more-og-romsdal\/wp-json\/wp\/v2\/media\/1087"}],"wp:attachment":[{"href":"https:\/\/www.denkulturelleskolesekken.no\/more-og-romsdal\/wp-json\/wp\/v2\/media?parent=1212"}],"curies":[{"name":"wp","href":"https:\/\/api.w.org\/{rel}","templated":true}]}}