{"id":1138,"date":"2023-06-27T11:27:03","date_gmt":"2023-06-27T11:27:03","guid":{"rendered":"https:\/\/www.denkulturelleskolesekken.no\/more-og-romsdal\/?page_id=1138"},"modified":"2025-06-11T10:37:09","modified_gmt":"2025-06-11T10:37:09","slug":"innmelding-av-forslag","status":"publish","type":"page","link":"https:\/\/www.denkulturelleskolesekken.no\/more-og-romsdal\/innmelding-av-forslag\/","title":{"rendered":"Innmelding av forslag"},"content":{"rendered":"\n<p><strong>Profesjonelle ut\u00f8varar, produsentar og formidlarar av kunst og kultur kan melde inn forslag til Den kulturelle skolesekken. Forslag meldast inn i DKS-portalen.<\/strong><\/p>\n\n\n\n<p>DKS-portalen opnar 1. september for forslag til p\u00e5f\u00f8lgande skole\u00e5r. Frist for \u00e5 melde inn er 1. oktober kl. 23.59. Dei som har s\u00f8kt f\u00f8r og har f\u00e5tt oppdrag, m\u00e5 s\u00f8ke igjen eller reaktivere forslaget.<\/p>\n\n\n\n<h2 class=\"wp-block-heading\">M\u00e5l og prioriteringar for 2026 &#8211; 2027<\/h2>\n\n\n\n<p>Den kulturelle skolesekken i M\u00f8re og Romsdal legg vekt p\u00e5 dei nasjonale m\u00e5la for ordninga, slik dei st\u00e5r i <a href=\"https:\/\/www.regjeringen.no\/no\/dokumenter\/meld.-st.-18-20202021\/id2839455\/\" target=\"_blank\" rel=\"noreferrer noopener\">Meld. St. 18 (2020-2021) Oppleve, skape, dele &#8211; Kunst og kultur, for med og av barn og unge.<\/a><\/p>\n\n\n\n<p>Den kulturelle skolesekken skal:<\/p>\n\n\n\n<ul class=\"wp-block-list\">\n<li>Vere eit gratis tilbod for alle barn og unge i grunnskolen og vidareg\u00e5ande skole og tilbydast jamleg<\/li>\n\n\n\n<li>Sikre at barn og unge f\u00e5r eit likeverdig kunst- og kulturtilbod av h\u00f8g kvalitet, uavhengig av kvar dei bur, slik at dei kan gjere seg kjende med og utvikle forst\u00e5ing for eit variert spekter av kulturuttrykk<\/li>\n\n\n\n<li>Bidra til barn og unge si danning og utdanning, slik dette er formulert i overordna del og l\u00e6replanar i fag<\/li>\n\n\n\n<li>Formidle eit kulturtilbod som blir opplevd som relevant, og representerer eit kulturelt mangfald av tilbod og ut\u00f8varar<\/li>\n\n\n\n<li>Vere eit samarbeid mellom kultursektoren og utdanningssektoren p\u00e5 alle niv\u00e5 for \u00e5 sikre god planlegging, forankring og tilrettelegging<\/li>\n\n\n\n<li>Bidra til \u00e5 styrke norsk spr\u00e5k, dei samiske spr\u00e5ka, dei nasjonale minoritetsspr\u00e5ka og norsk teiknspr\u00e5k som grunnleggande kulturberarar.<\/li>\n<\/ul>\n\n\n\n<p>Det er vidare eit m\u00e5l om \u00e5 bidra til \u00e5 formidle kunst- og kulturtilbod til barnehagebarn. I DKS M\u00f8re og Romsdal klarar vi ikkje per i dag \u00e5 f\u00e5 til eit slikt tilbod.<\/p>\n\n\n\n<p>For skole\u00e5ret 2026-2027 vil DKS M\u00f8re og Romsdal prioritere vidaref\u00f8ringar fr\u00e5 skole\u00e5ret 2025\/2026.<\/p>\n\n\n\n<h2 class=\"wp-block-heading\">S\u00f8knadsprosessen<\/h2>\n\n\n\n<p>DKS M\u00f8re og Romsdal f\u00e5r kvart \u00e5r mange forslag og vi m\u00e5 gjere strenge prioriteringar. Vi gjer derfor merksam p\u00e5 at ferdigstilte produksjonar som gir lite grunnlag for vurdering, for eksempel fordi dei er mangelfullt dokumenterte, ikkje vil bli vurderte. <\/p>\n\n\n<div id=\"pl-gb1138-69d91b7e9fb80\"  class=\"panel-layout wp-block-siteorigin-panels-layout-block\" ><div id=\"pg-gb1138-69d91b7e9fb80-0\"  class=\"panel-grid panel-no-style\" ><div id=\"pgc-gb1138-69d91b7e9fb80-0-0\"  class=\"panel-grid-cell\" ><div id=\"panel-gb1138-69d91b7e9fb80-0-0-0\" class=\"so-panel widget widget_sow-accordion panel-first-child panel-last-child\" data-index=\"0\" ><div\n\t\t\t\n\t\t\tclass=\"so-widget-sow-accordion so-widget-sow-accordion-default-9ab81f6899c1-1138\"\n\t\t\t data-max-open-panels=\"0\" data-use-anchor-tags=\"false\" data-initial-scroll-panel=\"0\"\n\t\t><div>\n\t<div class=\"sow-accordion\">\n\t\t\t<div class=\"sow-accordion-panel\n\t\t\t\t\"\n\t\t\tdata-anchor-id=\"beskriving-av-produksjonen-og-dokumentasjon\">\n\t\t\t\t<div class=\"sow-accordion-panel-header-container\" role=\"heading\" aria-level=\"2\">\n\t\t\t\t\t<div class=\"sow-accordion-panel-header\" tabindex=\"0\" role=\"button\" id=\"accordion-label-beskriving-av-produksjonen-og-dokumentasjon\" aria-controls=\"accordion-content-beskriving-av-produksjonen-og-dokumentasjon\" aria-expanded=\"false\">\n\t\t\t\t\t\t<div class=\"sow-accordion-title sow-accordion-title-icon-left\">\n\t\t\t\t\t\t\t\t\t\t\t\t\t\tBeskriving av produksjonen og dokumentasjon\t\t\t\t\t\t\t\t\t\t\t\t\t<\/div>\n\t\t\t\t\t\t<div class=\"sow-accordion-open-close-button\">\n\t\t\t\t\t\t\t<div class=\"sow-accordion-open-button\">\n\t\t\t\t\t\t\t\t<span class=\"sow-icon-fontawesome sow-fas\" data-sow-icon=\"&#x2b;\"\n\t\t \n\t\taria-hidden=\"true\"><\/span>\t\t\t\t\t\t\t<\/div>\n\t\t\t\t\t\t\t<div class=\"sow-accordion-close-button\">\n\t\t\t\t\t\t\t\t<span class=\"sow-icon-fontawesome sow-fas\" data-sow-icon=\"&#xf068;\"\n\t\t \n\t\taria-hidden=\"true\"><\/span>\t\t\t\t\t\t\t<\/div>\n\t\t\t\t\t\t<\/div>\n\t\t\t\t\t<\/div>\n\t\t\t\t<\/div>\n\n\t\t\t<div\n\t\t\t\tclass=\"sow-accordion-panel-content\"\n\t\t\t\trole=\"region\"\n\t\t\t\taria-labelledby=\"accordion-label-beskriving-av-produksjonen-og-dokumentasjon\"\n\t\t\t\tid=\"accordion-content-beskriving-av-produksjonen-og-dokumentasjon\"\n\t\t\t\tstyle=\"display: none;\"\t\t\t>\n\t\t\t\t<div class=\"sow-accordion-panel-border\">\n\t\t\t\t\t<h2>Send inn ei god beskriving<\/h2>\n<p>Det er viktig \u00e5 lage ei god beskriving av produksjonen, det finst ikkje ein mal for dette, men her er nokre tips:<\/p>\n<ul>\n<li>Ver konkret, pr\u00f8v \u00e5 gi eit klart og tydeleg bilete p\u00e5 korleis det ser ut, h\u00f8yrest og kva som blir gjort<\/li>\n<li>Tenk over at vi treng nok informasjon slik at vi kan vurdere at produksjonen er av god kvalitet<\/li>\n<li>Tenk over korleis du presenterer ut\u00f8varane som er med og det kunstnariske<\/li>\n<li>Skriv noko om formidlinga<\/li>\n<li>Korleis blir det tekniske og det praktiske rundt produksjonen tatt vare p\u00e5?<\/li>\n<li>Kva erfaring har ein med produksjonen og\/eller med dei medverkande ovarfor m\u00e5lgruppa?<\/li>\n<\/ul>\n<h2>Send inn n\u00f8dvendig dokumentasjon<\/h2>\n<p>Alle produksjonar skal minimum ha f\u00f8lgande dokumentasjon:<\/p>\n<ul>\n<li>CV for alle involverte<\/li>\n<li>Budsjett<\/li>\n<li>Bilde av ut\u00f8varar fr\u00e5 framsyning eller av produksjonen<\/li>\n<li>For produksjonar innan scenekunst og musikk m\u00e5 det leggast ved opptak av framsyninga, helst som lenke<\/li>\n<li>For filmproduksjonar m\u00e5 filmen leggast ved, helst som lenke. Det er og \u00f8nska dokumentasjon av formidlingsopplegget<\/li>\n<\/ul>\n<p>I tillegg anbefaler vi f\u00f8lgande:<\/p>\n<ul>\n<li>Filmopptak, gjerne med m\u00e5lgruppe til stades, helst som lenke<\/li>\n<li>Lydopptak for eksempel fr\u00e5 framsyningar, innspelingar eller anna<\/li>\n<li>Forfattarar b\u00f8r legge ved tekstar eller b\u00f8ker<\/li>\n<li>Referansar og\/eller attestar<\/li>\n<\/ul>\n\t\t\t\t<\/div>\n\t\t\t<\/div>\n\t\t<\/div>\n\t\t\t<div class=\"sow-accordion-panel\n\t\t\t\t\"\n\t\t\tdata-anchor-id=\"vurdering-av-produksjonen\">\n\t\t\t\t<div class=\"sow-accordion-panel-header-container\" role=\"heading\" aria-level=\"2\">\n\t\t\t\t\t<div class=\"sow-accordion-panel-header\" tabindex=\"0\" role=\"button\" id=\"accordion-label-vurdering-av-produksjonen\" aria-controls=\"accordion-content-vurdering-av-produksjonen\" aria-expanded=\"false\">\n\t\t\t\t\t\t<div class=\"sow-accordion-title sow-accordion-title-icon-left\">\n\t\t\t\t\t\t\t\t\t\t\t\t\t\tVurdering av produksjonen\t\t\t\t\t\t\t\t\t\t\t\t\t<\/div>\n\t\t\t\t\t\t<div class=\"sow-accordion-open-close-button\">\n\t\t\t\t\t\t\t<div class=\"sow-accordion-open-button\">\n\t\t\t\t\t\t\t\t<span class=\"sow-icon-fontawesome sow-fas\" data-sow-icon=\"&#x2b;\"\n\t\t \n\t\taria-hidden=\"true\"><\/span>\t\t\t\t\t\t\t<\/div>\n\t\t\t\t\t\t\t<div class=\"sow-accordion-close-button\">\n\t\t\t\t\t\t\t\t<span class=\"sow-icon-fontawesome sow-fas\" data-sow-icon=\"&#xf068;\"\n\t\t \n\t\taria-hidden=\"true\"><\/span>\t\t\t\t\t\t\t<\/div>\n\t\t\t\t\t\t<\/div>\n\t\t\t\t\t<\/div>\n\t\t\t\t<\/div>\n\n\t\t\t<div\n\t\t\t\tclass=\"sow-accordion-panel-content\"\n\t\t\t\trole=\"region\"\n\t\t\t\taria-labelledby=\"accordion-label-vurdering-av-produksjonen\"\n\t\t\t\tid=\"accordion-content-vurdering-av-produksjonen\"\n\t\t\t\tstyle=\"display: none;\"\t\t\t>\n\t\t\t\t<div class=\"sow-accordion-panel-border\">\n\t\t\t\t\t<p>Det endelege programmet skal ta hand om:<\/p>\n<ul>\n<li>Dei nasjonale m\u00e5la for Den kulturelle skolesekken og f\u00f8ringar i tildelingsbrevet fr\u00e5 Kulturtanken<\/li>\n<li>God breidde i sjanger, uttrykk og typar av produksjonar gjennom \u00f8konomisk og sjangermessig disponering<\/li>\n<li>Vurdering skjer i samr\u00e5d med kommunane<\/li>\n<li>Elevjury i vidareg\u00e5ande og prioriteringar fr\u00e5 skolane<\/li>\n<li>Tilbakemeldingar fr\u00e5 skolar og kommunar<\/li>\n<\/ul>\n\t\t\t\t<\/div>\n\t\t\t<\/div>\n\t\t<\/div>\n\t\t\t<div class=\"sow-accordion-panel\n\t\t\t\t\"\n\t\t\tdata-anchor-id=\"framdrift-og-prosedyre-for-innmeldte-produksjonar\">\n\t\t\t\t<div class=\"sow-accordion-panel-header-container\" role=\"heading\" aria-level=\"2\">\n\t\t\t\t\t<div class=\"sow-accordion-panel-header\" tabindex=\"0\" role=\"button\" id=\"accordion-label-framdrift-og-prosedyre-for-innmeldte-produksjonar\" aria-controls=\"accordion-content-framdrift-og-prosedyre-for-innmeldte-produksjonar\" aria-expanded=\"false\">\n\t\t\t\t\t\t<div class=\"sow-accordion-title sow-accordion-title-icon-left\">\n\t\t\t\t\t\t\t\t\t\t\t\t\t\tFramdrift og prosedyre for innmeldte produksjonar\t\t\t\t\t\t\t\t\t\t\t\t\t<\/div>\n\t\t\t\t\t\t<div class=\"sow-accordion-open-close-button\">\n\t\t\t\t\t\t\t<div class=\"sow-accordion-open-button\">\n\t\t\t\t\t\t\t\t<span class=\"sow-icon-fontawesome sow-fas\" data-sow-icon=\"&#x2b;\"\n\t\t \n\t\taria-hidden=\"true\"><\/span>\t\t\t\t\t\t\t<\/div>\n\t\t\t\t\t\t\t<div class=\"sow-accordion-close-button\">\n\t\t\t\t\t\t\t\t<span class=\"sow-icon-fontawesome sow-fas\" data-sow-icon=\"&#xf068;\"\n\t\t \n\t\taria-hidden=\"true\"><\/span>\t\t\t\t\t\t\t<\/div>\n\t\t\t\t\t\t<\/div>\n\t\t\t\t\t<\/div>\n\t\t\t\t<\/div>\n\n\t\t\t<div\n\t\t\t\tclass=\"sow-accordion-panel-content\"\n\t\t\t\trole=\"region\"\n\t\t\t\taria-labelledby=\"accordion-label-framdrift-og-prosedyre-for-innmeldte-produksjonar\"\n\t\t\t\tid=\"accordion-content-framdrift-og-prosedyre-for-innmeldte-produksjonar\"\n\t\t\t\tstyle=\"display: none;\"\t\t\t>\n\t\t\t\t<div class=\"sow-accordion-panel-border\">\n\t\t\t\t\t<h2>Framdrift<\/h2>\n<ul>\n<li>DKS M\u00f8re og Romsdal kan gi rettleiing og svar p\u00e5 sp\u00f8rsm\u00e5l om innmelding i perioden 4. &#8211; 29. september.<\/li>\n<li>1. oktober &#8211; frist for innmelding<\/li>\n<li>Oktober og november, fagansvarlege behandlar programforslag (fase 1).<\/li>\n<li>Desember &#8211; januar, DKS M\u00f8re og Romsdal behandlar programforslag saman med kommunar og elevar (fase 2).<\/li>\n<li>Februar, vurdering av programforslag internt<\/li>\n<li>Mars\/april, vedtak p\u00e5 program og melding ut til ut\u00f8varar.<\/li>\n<\/ul>\n<p><strong>Fase 1<\/strong><\/p>\n<p>Dei fagansvarlege innan dei ulike uttrykka g\u00e5r gjennom alle innmelde produksjonar. Dei vil bli vurderte ut fr\u00e5 kriteria kunstnarisk kvalitet, formidlingskvalitet og relevans med utgangspunkt i \u00d8nskekvistmodellen. Det er ein vurderingsmodell for kvalitet i kunstnariske produksjonar. Vi gjer ei prioritering blant dei produksjonane som tilfredsstiller kvalitetskriteria og vel ut dei som g\u00e5r vidare til fase to. Alle dei fagansvarlege samarbeider med kollegaer i andre fylke i vurderinga.<\/p>\n<p><strong>Fase 2<\/strong><\/p>\n<p>Vi samarbeider med kommunane i fase to p\u00e5 grunnskolen og elevar og skolar i vidareg\u00e5ande skole, dei vil bli kopla p\u00e5 i evaluering av forslag og val av program. I denne fasen blir det gjort ei vurdering av kvar produksjon ogs\u00e5 opp mot eit heilskapeleg program og det endelege utvalet til programmet blir gjort her.<\/p>\n<p><strong>Svar til ut\u00f8var<\/strong><\/p>\n<p>Alle f\u00e5r svar i DKS-portalen. Svaret vil vere eit generelt avslag eller tilslag. Avslaget vil ikkje bli utdjupa vidare. For dei som blir aktuelle for turn\u00e9, vil det bli oppretta ein dialog med DKS M\u00f8re og Romsdal om omfang, gjennomf\u00f8ring og kontrakt.<\/p>\n<p><strong>Klage<\/strong><\/p>\n<p>Forslagstillar kan klage p\u00e5 vedtak om avslag. Klagefristen er 3 veker fr\u00e5 vedtaket er motteke.<\/p>\n\t\t\t\t<\/div>\n\t\t\t<\/div>\n\t\t<\/div>\n\t\t<\/div>\n<\/div>\n<\/div><\/div><\/div><\/div><\/div>","protected":false},"excerpt":{"rendered":"<p>Profesjonelle ut\u00f8varar, produsentar og formidlarar av kunst og kultur kan melde inn forslag til Den kulturelle skolesekken. Forslag meldast inn i DKS-portalen. DKS-portalen opnar 1. september for forslag til p\u00e5f\u00f8lgande skole\u00e5r. Frist for \u00e5 melde inn er 1. oktober kl. 23.59. Dei som har s\u00f8kt f\u00f8r og har f\u00e5tt oppdrag, m\u00e5 s\u00f8ke igjen eller reaktivere [&hellip;]<\/p>\n","protected":false},"author":5,"featured_media":0,"parent":0,"menu_order":0,"comment_status":"closed","ping_status":"closed","template":"","meta":{"footnotes":""},"class_list":["post-1138","page","type-page","status-publish","hentry"],"_links":{"self":[{"href":"https:\/\/www.denkulturelleskolesekken.no\/more-og-romsdal\/wp-json\/wp\/v2\/pages\/1138","targetHints":{"allow":["GET"]}}],"collection":[{"href":"https:\/\/www.denkulturelleskolesekken.no\/more-og-romsdal\/wp-json\/wp\/v2\/pages"}],"about":[{"href":"https:\/\/www.denkulturelleskolesekken.no\/more-og-romsdal\/wp-json\/wp\/v2\/types\/page"}],"author":[{"embeddable":true,"href":"https:\/\/www.denkulturelleskolesekken.no\/more-og-romsdal\/wp-json\/wp\/v2\/users\/5"}],"replies":[{"embeddable":true,"href":"https:\/\/www.denkulturelleskolesekken.no\/more-og-romsdal\/wp-json\/wp\/v2\/comments?post=1138"}],"version-history":[{"count":20,"href":"https:\/\/www.denkulturelleskolesekken.no\/more-og-romsdal\/wp-json\/wp\/v2\/pages\/1138\/revisions"}],"predecessor-version":[{"id":1316,"href":"https:\/\/www.denkulturelleskolesekken.no\/more-og-romsdal\/wp-json\/wp\/v2\/pages\/1138\/revisions\/1316"}],"wp:attachment":[{"href":"https:\/\/www.denkulturelleskolesekken.no\/more-og-romsdal\/wp-json\/wp\/v2\/media?parent=1138"}],"curies":[{"name":"wp","href":"https:\/\/api.w.org\/{rel}","templated":true}]}}