{"id":11,"date":"2019-10-31T13:31:37","date_gmt":"2019-10-31T13:31:37","guid":{"rendered":"https:\/\/viken.kulturtanken.app\/?page_id=11"},"modified":"2025-05-26T13:24:20","modified_gmt":"2025-05-26T13:24:20","slug":"forside","status":"publish","type":"page","link":"https:\/\/www.denkulturelleskolesekken.no\/more-og-romsdal\/","title":{"rendered":"Forside"},"content":{"rendered":"<div id=\"pl-gb11-69d9036c32a4d\"  class=\"panel-layout wp-block-siteorigin-panels-layout-block\" ><div id=\"pg-gb11-69d9036c32a4d-0\"  class=\"panel-grid panel-no-style\" ><div id=\"pgc-gb11-69d9036c32a4d-0-0\"  class=\"panel-grid-cell\" >\n            <article class=\"kt-headline-article\">\n                <div class=\"kt-headline-article-image\" style=\"background-image: url(https:\/\/cdn.denkulturelleskolesekken.no\/more-og-romsdal\/73923330-007-wow-plutseligsirkus-fotografkristinaafloyopdancopy-web.jpg); background-position: center center;\"><\/div>\n                    <div class=\"kt-headline-search-card secondary-bg\">\n                        <h2>Utforsk v\u00e5re produksjoner: <\/h2>\n                        <div id=\"kt-explore-productions-2ac9ae80-ca8d-430f-80d7-71d96e4a6faf\" style=\"width: 100%\"><\/div>\n                    <\/div>\n            <\/article>\n            <script>window.attachHeadlineSearch(document.getElementById(\"kt-explore-productions-2ac9ae80-ca8d-430f-80d7-71d96e4a6faf\"), {\"url\":\"https:\\\/\\\/www.denkulturelleskolesekken.no\\\/more-og-romsdal\\\/utforsk-produksjoner-i-dks\\\/\"});<\/script>\n        <\/div><\/div><div id=\"pg-gb11-69d9036c32a4d-1\"  class=\"panel-grid panel-no-style\" ><div id=\"pgc-gb11-69d9036c32a4d-1-0\"  class=\"panel-grid-cell\" >\n        <section class=\"kt-sticky-posts\">\n            <div class=\"kt-indent-74\">\n                <div class=\"kt-section-header\">\n                    <h2>Aktuelt<\/h2>\n                    <p><\/p>\n                <\/div>\n                <div class=\"kt-sticky-posts-list\">\n                                            <div tabIndex=\"0\" class=\"kt-post\">\n                            <img decoding=\"async\" src=\"https:\/\/cdn.denkulturelleskolesekken.no\/more-og-romsdal\/e516c84d-009-wow-plutseligsirkus-fotografkristinaafloyopdancopy-web.jpg\" alt=\"To klovner\"\/>\n                            <div class=\"kt-post-bg theme-colors\">\n                                <h3><a tabIndex=\"-1\" href=\"https:\/\/www.denkulturelleskolesekken.no\/more-og-romsdal\/2025\/09\/18\/velkommen-til-kulturtorg-2025\/\">Velkommen til kulturtorg 2025<\/a><\/h3>\n                                <i class=\"material-icons md-48\">arrow_forward_ios<\/i>\n                            <\/div>\n                        <\/div>\n                                            <div tabIndex=\"0\" class=\"kt-post\">\n                            <img decoding=\"async\" src=\"https:\/\/cdn.denkulturelleskolesekken.no\/more-og-romsdal\/6bbfeaa6-frida-2.jpg\" alt=\"Dame p\u00e5 krykke foran kl\u00e6r som henger til t\u00f8rk\"\/>\n                            <div class=\"kt-post-bg theme-colors\">\n                                <h3><a tabIndex=\"-1\" href=\"https:\/\/www.denkulturelleskolesekken.no\/more-og-romsdal\/2025\/05\/27\/programmet-for-2025-2026-er-no-klart\/\">Programmet for 2025\/2026 er no klart!<\/a><\/h3>\n                                <i class=\"material-icons md-48\">arrow_forward_ios<\/i>\n                            <\/div>\n                        <\/div>\n                                            <div tabIndex=\"0\" class=\"kt-post\">\n                            <img decoding=\"async\" src=\"https:\/\/cdn.denkulturelleskolesekken.no\/more-og-romsdal\/21a884ca-uventa.jpg\" alt=\"To som danser p\u00e5 stilaser\"\/>\n                            <div class=\"kt-post-bg theme-colors\">\n                                <h3><a tabIndex=\"-1\" href=\"https:\/\/www.denkulturelleskolesekken.no\/more-og-romsdal\/2025\/05\/19\/open-utlysing-dks-lab-for-dans-i-trondheim\/\">Open utlysing: DKS-lab for dans i Trondheim<\/a><\/h3>\n                                <i class=\"material-icons md-48\">arrow_forward_ios<\/i>\n                            <\/div>\n                        <\/div>\n                                            <div tabIndex=\"0\" class=\"kt-post\">\n                            <img decoding=\"async\" src=\"https:\/\/cdn.denkulturelleskolesekken.no\/more-og-romsdal\/f1dca0d9-krom-verkstad-med-rom-for-dans.jpg\" alt=\"Tre dansere p\u00e5 gulvet med masse papir\"\/>\n                            <div class=\"kt-post-bg theme-colors\">\n                                <h3><a tabIndex=\"-1\" href=\"https:\/\/www.denkulturelleskolesekken.no\/more-og-romsdal\/2024\/10\/09\/ny-ressursside-for-alle-i-skolen\/\">Ny ressursside for alle i skolen<\/a><\/h3>\n                                <i class=\"material-icons md-48\">arrow_forward_ios<\/i>\n                            <\/div>\n                        <\/div>\n                                            <div tabIndex=\"0\" class=\"kt-post\">\n                            <img decoding=\"async\" src=\"https:\/\/cdn.denkulturelleskolesekken.no\/more-og-romsdal\/b1b88a1d-baten-elever.jpg\" alt=\"Tre elever som bygger b\u00e5t\"\/>\n                            <div class=\"kt-post-bg theme-colors\">\n                                <h3><a tabIndex=\"-1\" href=\"https:\/\/www.denkulturelleskolesekken.no\/more-og-romsdal\/2023\/08\/16\/hjelp-dks-kjem-kva-gjer-eg\/\">Hjelp! DKS kjem. Kva gjer eg?<\/a><\/h3>\n                                <i class=\"material-icons md-48\">arrow_forward_ios<\/i>\n                            <\/div>\n                        <\/div>\n                                    <\/div>\n                    <a class=\"kt-read-more\"\n                        href=\"https:\/\/www.denkulturelleskolesekken.no\/more-og-romsdal\/category\/aktuelt\/\"\n                    >\n                        Se alle nyheter                    <\/a>\n            <\/div>\n        <\/section>\n        <script type=\"text\/javascript\">\n            \/* Fix object-fit issue on IE, Edge *\/\n            var ieEdgeImageCorrection = function () {\n                var isMobileScreen = jQuery(window).width() <= 768;\n                if (!isMobileScreen) {\n                    jQuery('.kt-sticky-posts-list a .kt-post-image-overlay').remove();\n                } else if (document.documentMode || \/Edge\/.test(window.navigator.userAgent)) {\n                    jQuery('.kt-sticky-posts-list img').each(function () {\n                        var t = jQuery(this),\n                            s = 'url(' + t.attr('src') + ')',\n                            p = t.parent(),\n                            d = jQuery('<div class=\"kt-post-image-overlay\"><\/div>');\n                        p.css('position', 'relative');\n                        p.append(d);\n                        d.css({\n                            'position': 'absolute',\n                            'top': '0',\n                            'left': '0',\n                            'bottom': '48px',\n                            'width': '100%',\n                            'background-size': 'cover',\n                            'background-repeat': 'no-repeat',\n                            'background-position': 'center',\n                            'background-image': s\n                        });\n                        \/\/ t.hide();\n                    });\n                }\n            }\n            window.addEventListener('load', ieEdgeImageCorrection);\n            window.addEventListener('resize', ieEdgeImageCorrection);\n        <\/script>\n        <\/div><\/div><div id=\"pg-gb11-69d9036c32a4d-2\"  class=\"panel-grid panel-no-style\" ><div id=\"pgc-gb11-69d9036c32a4d-2-0\"  class=\"panel-grid-cell panel-grid-cell-empty\" ><\/div><\/div><div id=\"pg-gb11-69d9036c32a4d-3\"  class=\"panel-grid panel-no-style\" ><div id=\"pgc-gb11-69d9036c32a4d-3-0\"  class=\"panel-grid-cell panel-grid-cell-empty\" ><\/div><div id=\"pgc-gb11-69d9036c32a4d-3-1\"  class=\"panel-grid-cell panel-grid-cell-empty panel-grid-cell-mobile-last\" ><\/div><div id=\"pgc-gb11-69d9036c32a4d-3-2\"  class=\"panel-grid-cell panel-grid-cell-empty\" ><\/div><\/div><\/div>","protected":false},"excerpt":{"rendered":"","protected":false},"author":2,"featured_media":0,"parent":0,"menu_order":0,"comment_status":"closed","ping_status":"closed","template":"","meta":{"footnotes":""},"class_list":["post-11","page","type-page","status-publish","hentry"],"_links":{"self":[{"href":"https:\/\/www.denkulturelleskolesekken.no\/more-og-romsdal\/wp-json\/wp\/v2\/pages\/11","targetHints":{"allow":["GET"]}}],"collection":[{"href":"https:\/\/www.denkulturelleskolesekken.no\/more-og-romsdal\/wp-json\/wp\/v2\/pages"}],"about":[{"href":"https:\/\/www.denkulturelleskolesekken.no\/more-og-romsdal\/wp-json\/wp\/v2\/types\/page"}],"author":[{"embeddable":true,"href":"https:\/\/www.denkulturelleskolesekken.no\/more-og-romsdal\/wp-json\/wp\/v2\/users\/2"}],"replies":[{"embeddable":true,"href":"https:\/\/www.denkulturelleskolesekken.no\/more-og-romsdal\/wp-json\/wp\/v2\/comments?post=11"}],"version-history":[{"count":71,"href":"https:\/\/www.denkulturelleskolesekken.no\/more-og-romsdal\/wp-json\/wp\/v2\/pages\/11\/revisions"}],"predecessor-version":[{"id":1311,"href":"https:\/\/www.denkulturelleskolesekken.no\/more-og-romsdal\/wp-json\/wp\/v2\/pages\/11\/revisions\/1311"}],"wp:attachment":[{"href":"https:\/\/www.denkulturelleskolesekken.no\/more-og-romsdal\/wp-json\/wp\/v2\/media?parent=11"}],"curies":[{"name":"wp","href":"https:\/\/api.w.org\/{rel}","templated":true}]}}