{"id":1039,"date":"2023-01-25T13:07:50","date_gmt":"2023-01-25T13:07:50","guid":{"rendered":"https:\/\/www.denkulturelleskolesekken.no\/more-og-romsdal\/?page_id=1039"},"modified":"2023-01-25T13:12:00","modified_gmt":"2023-01-25T13:12:00","slug":"tilgjengelegheitserklaering","status":"publish","type":"page","link":"https:\/\/www.denkulturelleskolesekken.no\/more-og-romsdal\/tilgjengelegheitserklaering\/","title":{"rendered":"Tilgjengelegheitserkl\u00e6ring"},"content":{"rendered":"\n<p>Vi \u00f8nsker tilbakemelding fr\u00e5 brukarane v\u00e5re.<\/p>\n\n\n\n<ul class=\"wp-block-list\"><li>Har du oppdaga feil eller manglar knytt til universett utforming av nettstaden?<\/li><li>Tren du alternativ til innhal som ikkje er universelt utforma?<\/li><li>Har du innspel til forbetringar av nettstaden?<\/li><\/ul>\n\n\n\n<p>Du kontaktar oss via:<\/p>\n\n\n\n<ul class=\"wp-block-list\"><li>E-post: <a href=\"mailto:kultursekken@mrfylke.no\">kultursekken@mrfylke.no<\/a><\/li><\/ul>\n\n\n\n<p><\/p>\n","protected":false},"excerpt":{"rendered":"<p>Vi \u00f8nsker tilbakemelding fr\u00e5 brukarane v\u00e5re. Har du oppdaga feil eller manglar knytt til universett utforming av nettstaden? Tren du alternativ til innhal som ikkje er universelt utforma? Har du innspel til forbetringar av nettstaden? Du kontaktar oss via: E-post: kultursekken@mrfylke.no<\/p>\n","protected":false},"author":5,"featured_media":0,"parent":0,"menu_order":0,"comment_status":"closed","ping_status":"closed","template":"","meta":{"footnotes":""},"class_list":["post-1039","page","type-page","status-publish","hentry"],"_links":{"self":[{"href":"https:\/\/www.denkulturelleskolesekken.no\/more-og-romsdal\/wp-json\/wp\/v2\/pages\/1039","targetHints":{"allow":["GET"]}}],"collection":[{"href":"https:\/\/www.denkulturelleskolesekken.no\/more-og-romsdal\/wp-json\/wp\/v2\/pages"}],"about":[{"href":"https:\/\/www.denkulturelleskolesekken.no\/more-og-romsdal\/wp-json\/wp\/v2\/types\/page"}],"author":[{"embeddable":true,"href":"https:\/\/www.denkulturelleskolesekken.no\/more-og-romsdal\/wp-json\/wp\/v2\/users\/5"}],"replies":[{"embeddable":true,"href":"https:\/\/www.denkulturelleskolesekken.no\/more-og-romsdal\/wp-json\/wp\/v2\/comments?post=1039"}],"version-history":[{"count":2,"href":"https:\/\/www.denkulturelleskolesekken.no\/more-og-romsdal\/wp-json\/wp\/v2\/pages\/1039\/revisions"}],"predecessor-version":[{"id":1045,"href":"https:\/\/www.denkulturelleskolesekken.no\/more-og-romsdal\/wp-json\/wp\/v2\/pages\/1039\/revisions\/1045"}],"wp:attachment":[{"href":"https:\/\/www.denkulturelleskolesekken.no\/more-og-romsdal\/wp-json\/wp\/v2\/media?parent=1039"}],"curies":[{"name":"wp","href":"https:\/\/api.w.org\/{rel}","templated":true}]}}