{"id":1031,"date":"2023-01-25T12:57:18","date_gmt":"2023-01-25T12:57:18","guid":{"rendered":"https:\/\/www.denkulturelleskolesekken.no\/more-og-romsdal\/?page_id=1031"},"modified":"2023-04-12T10:40:47","modified_gmt":"2023-04-12T10:40:47","slug":"kontakt-oss-2","status":"publish","type":"page","link":"https:\/\/www.denkulturelleskolesekken.no\/more-og-romsdal\/kontakt-oss-2\/","title":{"rendered":"Kontakt oss"},"content":{"rendered":"\n<p>E-post: <a href=\"mailto:kultursekken@mrfylke.no\">kultursekken<\/a><\/p>\n\n\n\n<p><strong>R\u00e5dgivar turn\u00e9drift<\/strong><\/p>\n\n\n\n<p>Ingvild Skotheim Aksoy<\/p>\n\n\n\n<p>E-post: <a href=\"ingvild.skotheim.aksoy@mrfylke.no\">ingvild.skotheim.aksoy@mrfylke.no<\/a><\/p>\n\n\n\n<p>Tlf: 712 80 302<\/p>\n\n\n\n<p><strong>Koordinator for DKS M\u00f8re og Romsdal<\/strong><br><\/p>\n\n\n\n<p>Camilla Wiik<\/p>\n\n\n\n<p>E-post: <a href=\"camilla.wiik@mrfylke.no\">camilla.wiik@mrfylke.no<\/a><br><\/p>\n\n\n\n<p>Tlf: 71 28 03 09<\/p>\n\n\n\n<p><strong>Postadresse:<\/strong><\/p>\n\n\n\n<p>M\u00f8re og Romsdal fylkeskommune<\/p>\n\n\n\n<p>Fylkeshuset<\/p>\n\n\n\n<p>Postboks 2500<\/p>\n\n\n\n<p>6404 Molde<\/p>\n\n\n\n<p><\/p>\n","protected":false},"excerpt":{"rendered":"<p>E-post: kultursekken R\u00e5dgivar turn\u00e9drift Ingvild Skotheim Aksoy E-post: ingvild.skotheim.aksoy@mrfylke.no Tlf: 712 80 302 Koordinator for DKS M\u00f8re og Romsdal Camilla Wiik E-post: camilla.wiik@mrfylke.no Tlf: 71 28 03 09 Postadresse: M\u00f8re og Romsdal fylkeskommune Fylkeshuset Postboks 2500 6404 Molde<\/p>\n","protected":false},"author":5,"featured_media":0,"parent":0,"menu_order":0,"comment_status":"closed","ping_status":"closed","template":"","meta":{"footnotes":""},"class_list":["post-1031","page","type-page","status-publish","hentry"],"_links":{"self":[{"href":"https:\/\/www.denkulturelleskolesekken.no\/more-og-romsdal\/wp-json\/wp\/v2\/pages\/1031","targetHints":{"allow":["GET"]}}],"collection":[{"href":"https:\/\/www.denkulturelleskolesekken.no\/more-og-romsdal\/wp-json\/wp\/v2\/pages"}],"about":[{"href":"https:\/\/www.denkulturelleskolesekken.no\/more-og-romsdal\/wp-json\/wp\/v2\/types\/page"}],"author":[{"embeddable":true,"href":"https:\/\/www.denkulturelleskolesekken.no\/more-og-romsdal\/wp-json\/wp\/v2\/users\/5"}],"replies":[{"embeddable":true,"href":"https:\/\/www.denkulturelleskolesekken.no\/more-og-romsdal\/wp-json\/wp\/v2\/comments?post=1031"}],"version-history":[{"count":5,"href":"https:\/\/www.denkulturelleskolesekken.no\/more-og-romsdal\/wp-json\/wp\/v2\/pages\/1031\/revisions"}],"predecessor-version":[{"id":1071,"href":"https:\/\/www.denkulturelleskolesekken.no\/more-og-romsdal\/wp-json\/wp\/v2\/pages\/1031\/revisions\/1071"}],"wp:attachment":[{"href":"https:\/\/www.denkulturelleskolesekken.no\/more-og-romsdal\/wp-json\/wp\/v2\/media?parent=1031"}],"curies":[{"name":"wp","href":"https:\/\/api.w.org\/{rel}","templated":true}]}}