{"id":25,"date":"2019-10-31T13:51:34","date_gmt":"2019-10-31T13:51:34","guid":{"rendered":"https:\/\/viken.kulturtanken.app\/?page_id=25"},"modified":"2025-04-08T11:04:22","modified_gmt":"2025-04-08T11:04:22","slug":"er-du-kulturkontakt","status":"publish","type":"page","link":"https:\/\/www.denkulturelleskolesekken.no\/lorenskog\/er-du-kulturkontakt\/","title":{"rendered":"Er du kulturkontakt?"},"content":{"rendered":"\n<p>Kulturkontakten er bindeleddet mellom Den kulturelle skolesekken i L\u00f8renskog og skolen, og skal bidra til \u00e5 tilrettelegge for gode og inspirerende m\u00f8ter mellom elever og ut\u00f8vere p\u00e5 sin skole. <\/p>\n\n\n\n<p>Kvaliteten i m\u00f8tet mellom ut\u00f8vere og elever er avhengig av at informasjon om produksjonen leses av de l\u00e6rere som skal v\u00e6re med elevene. Noen produksjoner krever konkret forarbeid, mens det for andre bes\u00f8k ikke er n\u00f8dvendig med spesielle forberedelser.  <\/p>\n\n\n\n<p>For alle bes\u00f8kene er det viktig at elevene er informert om <strong>hva <\/strong>og <strong>hvem <\/strong>som kommer p\u00e5 bes\u00f8k, og at det skapes en forventning hos elevene. DKS L\u00f8renskog lager teasere til de fleste produksjonene. Disse gir l\u00e6rere og elever et godt innblikk i produksjonen. I tillegg lages det \u00e5rlig en kort film med presentasjon av alle produksjoner til henholdsvis barne- og ungdomsskolene.<\/p>\n\n\n\n<p>Kulturkontakten er skolens ansikt utad, og det f\u00f8rste m\u00f8tet for ut\u00f8vere som bes\u00f8ker skolen og kommunen. Det er derfor viktig at kulturkontaktene er godt forberedt, er motivert til \u00e5 gj\u00f8re en god jobb for sin skole og bidrar til \u00e5 forankre et godt inntrykk hos ut\u00f8vere og samarbeidspartnere for DKS, b\u00e5de internt og eksternt.  <\/p>\n\n\n\n<p>Jobben som gj\u00f8res er utrolig viktig og kan v\u00e6re avgj\u00f8rende for om et arrangement blir suksess eller fiasko! <\/p>\n\n\n\n<h2 class=\"wp-block-heading\">Kulturkontaktens oppgaver<\/h2>\n\n\n\n<ul class=\"wp-block-list\">\n<li>Holde seg orientert om tilbudet fra DKS L\u00f8renskog via DKS-portalen. Tilbudet for kommende skole\u00e5r er tilgjengelig fra slutten av mai p\u00e5 nettsidene. Produksjonene blir ogs\u00e5 presentert som en film i DKS-portalen, slik at l\u00e6rere raskt f\u00e5r oversikt over kommende produksjoner fra DKS. Denne filmen kan gjerne ogs\u00e5 deles med foresatte p\u00e5 foreldrem\u00f8ter og ukeplaner som sendes hjem. <\/li>\n<\/ul>\n\n\n\n<ul class=\"wp-block-list\">\n<li>Legge inn timeplaner og oppdatert elevtall i DKS-portalen, og s\u00f8rge for at disse er oppdatert gjennom skole\u00e5ret. Riktig fordeling av plasser p\u00e5 buss og konsertarenaer avhenger av riktige opplysninger om klasser og elevtall.<\/li>\n<\/ul>\n\n\n\n<ul class=\"wp-block-list\">\n<li>Gi skriftlig beskjed til DKS L\u00f8renskog dersom antall elever eller andre viktige ting n\u00e5r det gjelder produksjonene, m\u00e5 endres i l\u00f8pet av \u00e5ret.<\/li>\n<\/ul>\n\n\n\n<ul class=\"wp-block-list\">\n<li>Lage gode rutiner for informasjon til l\u00e6rere og vikarer p\u00e5 sin skole, og s\u00f8rge for at DKS-programmet legges inn i skolens \u00e5rshjul. Kulturkontaktene m\u00e5 jevnlig informere sine kolleger p\u00e5 personalm\u00f8ter, gjennom Teams eller p\u00e5 e-post, skolens hjemmeside, internmeldinger, kulturoppslagstavle osv.<\/li>\n<\/ul>\n\n\n\n<ul class=\"wp-block-list\">\n<li>Formidle informasjon til klassel\u00e6rerne om aktuelle produksjoner, og oppfordre dem til \u00e5 bruke DKS-portalen. Her finnes alt av viktig informasjon, samt forslag til for- og etterarbeid for enkelte produksjoner. <\/li>\n<\/ul>\n\n\n\n<ul class=\"wp-block-list\">\n<li>Ansvarlig for at krav som stilles fra ut\u00f8vere og DKS blir innfridd (lokaliteter, oppvarming, tekniske krav, scene, publikumsoppsett, blending, velkomst, b\u00e6rehjelp etc.). Se informasjon tilh\u00f8rende aktuell produksjon p\u00e5 nettsidene.<\/li>\n<\/ul>\n\n\n\n<ul class=\"wp-block-list\">\n<li>Sl\u00e5 av skoleklokka under forestilling om mulig.<\/li>\n<\/ul>\n\n\n\n<ul class=\"wp-block-list\">\n<li>V\u00e6re ut\u00f8vernes kontaktperson p\u00e5 skolen og delegere ansvaret ved frav\u00e6r.<\/li>\n<\/ul>\n\n\n\n<ul class=\"wp-block-list\">\n<li>Videresende skjema for tilbakemeldinger til l\u00e6rere og elever. Det er viktig for DKS L\u00f8renskog \u00e5 f\u00e5 disse tilbakemeldingene.<\/li>\n<\/ul>\n\n\n\n<ul class=\"wp-block-list\">\n<li>Bestille elevfrakt n\u00e5r produksjonen skal vises et annet sted enn p\u00e5 egen skole, hvis dette er godkjent av DKS L\u00f8renskog og bussen ikke bestilles sentralt. Faktura skal sendes som EHF til L\u00f8renskog kommune org.nr.  842 566 142 og merkes med bestillingsnr. 6110003.<\/li>\n<\/ul>\n\n\n<div\n\t\t\t\n\t\t\tclass=\"so-widget-sow-button so-widget-sow-button-flat-2cdff9244315\"\n\t\t\t\n\t\t><div class=\"ow-button-base ow-button-align-left\"\n>\n\t\t\t<a\n\t\t\t\t\thref=\"https:\/\/dkskommer.no\/for-kulturkontakter\/\"\n\t\t\t\t\tclass=\"sowb-button ow-icon-placement-left ow-button-hover\" target=\"_blank\" rel=\"noopener noreferrer\" \t>\n\t\t<span>\n\t\t\t\n\t\t\tKulturtankens ressursside for kulturkontakter\t\t<\/span>\n\t\t\t<\/a>\n\t<\/div>\n<\/div>\n\n\n<p>Marianne Sundal har sammen med Tuva Rein og Kjersti \u00d8stnes Eggum fra DKS L\u00f8renskog laget en liten filmsnutt om kulturkontaktens oppgaver:<\/p>\n\n\n<div id=\"pl-gb25-69f398ccd5d9e\"  class=\"panel-layout wp-block-siteorigin-panels-layout-block\" ><div id=\"pg-gb25-69f398ccd5d9e-0\"  class=\"panel-grid panel-no-style\" ><div id=\"pgc-gb25-69f398ccd5d9e-0-0\"  class=\"panel-grid-cell\" ><div id=\"panel-gb25-69f398ccd5d9e-0-0-0\" class=\"so-panel widget widget_media_video panel-first-child panel-last-child\" data-index=\"0\" ><div style=\"width:100%;\" class=\"wp-video\"><!--[if lt IE 9]><script>document.createElement('video');<\/script><![endif]-->\n<video class=\"wp-video-shortcode\" id=\"video-25-1\" preload=\"metadata\" controls=\"controls\"><source type=\"video\/vimeo\" src=\"https:\/\/vimeo.com\/503207868\/b7839ffbd9?loop=0&#038;_=1\" \/><a href=\"https:\/\/vimeo.com\/503207868\/b7839ffbd9?loop=0\">https:\/\/vimeo.com\/503207868\/b7839ffbd9?loop=0<\/a><\/video><\/div><\/div><\/div><\/div><\/div>\n\n\n<div style=\"height:60px\" aria-hidden=\"true\" class=\"wp-block-spacer\"><\/div>\n","protected":false},"excerpt":{"rendered":"<p>Kulturkontakten er bindeleddet mellom Den kulturelle skolesekken i L\u00f8renskog og skolen, og skal bidra til \u00e5 tilrettelegge for gode og inspirerende m\u00f8ter mellom elever og ut\u00f8vere p\u00e5 sin skole. Kvaliteten i m\u00f8tet mellom ut\u00f8vere og elever er avhengig av at informasjon om produksjonen leses av de l\u00e6rere som skal v\u00e6re med elevene. Noen produksjoner krever [&hellip;]<\/p>\n","protected":false},"author":2,"featured_media":1169,"parent":0,"menu_order":0,"comment_status":"closed","ping_status":"closed","template":"","meta":{"footnotes":""},"class_list":["post-25","page","type-page","status-publish","has-post-thumbnail","hentry"],"_links":{"self":[{"href":"https:\/\/www.denkulturelleskolesekken.no\/lorenskog\/wp-json\/wp\/v2\/pages\/25","targetHints":{"allow":["GET"]}}],"collection":[{"href":"https:\/\/www.denkulturelleskolesekken.no\/lorenskog\/wp-json\/wp\/v2\/pages"}],"about":[{"href":"https:\/\/www.denkulturelleskolesekken.no\/lorenskog\/wp-json\/wp\/v2\/types\/page"}],"author":[{"embeddable":true,"href":"https:\/\/www.denkulturelleskolesekken.no\/lorenskog\/wp-json\/wp\/v2\/users\/2"}],"replies":[{"embeddable":true,"href":"https:\/\/www.denkulturelleskolesekken.no\/lorenskog\/wp-json\/wp\/v2\/comments?post=25"}],"version-history":[{"count":45,"href":"https:\/\/www.denkulturelleskolesekken.no\/lorenskog\/wp-json\/wp\/v2\/pages\/25\/revisions"}],"predecessor-version":[{"id":2232,"href":"https:\/\/www.denkulturelleskolesekken.no\/lorenskog\/wp-json\/wp\/v2\/pages\/25\/revisions\/2232"}],"wp:featuredmedia":[{"embeddable":true,"href":"https:\/\/www.denkulturelleskolesekken.no\/lorenskog\/wp-json\/wp\/v2\/media\/1169"}],"wp:attachment":[{"href":"https:\/\/www.denkulturelleskolesekken.no\/lorenskog\/wp-json\/wp\/v2\/media?parent=25"}],"curies":[{"name":"wp","href":"https:\/\/api.w.org\/{rel}","templated":true}]}}