{"id":31,"date":"2019-10-31T13:54:44","date_gmt":"2019-10-31T13:54:44","guid":{"rendered":"https:\/\/viken.kulturtanken.app\/?page_id=31"},"modified":"2022-10-14T10:11:32","modified_gmt":"2022-10-14T08:11:32","slug":"er-du-utover","status":"publish","type":"page","link":"https:\/\/www.denkulturelleskolesekken.no\/karmoy\/er-du-utover\/","title":{"rendered":"Er du ut\u00f8ver?"},"content":{"rendered":"\n<figure class=\"wp-block-image size-full\"><img loading=\"lazy\" decoding=\"async\" width=\"1500\" height=\"734\" src=\"https:\/\/cdn.denkulturelleskolesekken.no\/karmoy\/c6649299-banner_03.jpg\" alt=\"\" class=\"wp-image-1167\"\/><figcaption>Foto: \u00d8rjan Baugst\u00f8 Iversen<\/figcaption><\/figure>\n\n\n\n<p>Karm\u00f8y har hatt status som direktekommune sidan 2008. Sidan 2001 har DKS Karm\u00f8y utarbeida store deler av programmet lokalt, og kommunen har deltatt aktivt i utviklinga av DKS-ordninga. <\/p>\n\n\n\n<p>DKS Karm\u00f8y leverer kunst og kulturtilbud til 5500 elevar i grunnskulen. I tillegg kjem tilbud til rundt 1500 barnehagebarn, som har vore inkludert i ordninga sidan 2008.<\/p>\n\n\n\n<p>DKS Karm\u00f8y f\u00f8lger rammeavtalen mellom KS og CREO. Forslag til DKS sendes via Portalen, og har felles s\u00f8knadsfrist 1. oktober kvart \u00e5r.<\/p>\n\n\n\n<h4 class=\"wp-block-heading\">Honorarsats skole\u00e5ret 2022-23<\/h4>\n\n\n\n<p>Honorar kr 5342<\/p>\n\n\n\n<p>Etter avtale kan honorar utbetalast som frilans l\u00f8nnsmottaker, kr 4682<\/p>\n","protected":false},"excerpt":{"rendered":"<p>Karm\u00f8y har hatt status som direktekommune sidan 2008. Sidan 2001 har DKS Karm\u00f8y utarbeida store deler av programmet lokalt, og kommunen har deltatt aktivt i utviklinga av DKS-ordninga. DKS Karm\u00f8y leverer kunst og kulturtilbud til 5500 elevar i grunnskulen. I tillegg kjem tilbud til rundt 1500 barnehagebarn, som har vore inkludert i ordninga sidan 2008. [&hellip;]<\/p>\n","protected":false},"author":2,"featured_media":0,"parent":0,"menu_order":0,"comment_status":"closed","ping_status":"closed","template":"","meta":{"footnotes":""},"class_list":["post-31","page","type-page","status-publish","hentry"],"_links":{"self":[{"href":"https:\/\/www.denkulturelleskolesekken.no\/karmoy\/wp-json\/wp\/v2\/pages\/31","targetHints":{"allow":["GET"]}}],"collection":[{"href":"https:\/\/www.denkulturelleskolesekken.no\/karmoy\/wp-json\/wp\/v2\/pages"}],"about":[{"href":"https:\/\/www.denkulturelleskolesekken.no\/karmoy\/wp-json\/wp\/v2\/types\/page"}],"author":[{"embeddable":true,"href":"https:\/\/www.denkulturelleskolesekken.no\/karmoy\/wp-json\/wp\/v2\/users\/2"}],"replies":[{"embeddable":true,"href":"https:\/\/www.denkulturelleskolesekken.no\/karmoy\/wp-json\/wp\/v2\/comments?post=31"}],"version-history":[{"count":17,"href":"https:\/\/www.denkulturelleskolesekken.no\/karmoy\/wp-json\/wp\/v2\/pages\/31\/revisions"}],"predecessor-version":[{"id":1251,"href":"https:\/\/www.denkulturelleskolesekken.no\/karmoy\/wp-json\/wp\/v2\/pages\/31\/revisions\/1251"}],"wp:attachment":[{"href":"https:\/\/www.denkulturelleskolesekken.no\/karmoy\/wp-json\/wp\/v2\/media?parent=31"}],"curies":[{"name":"wp","href":"https:\/\/api.w.org\/{rel}","templated":true}]}}