{"id":3,"date":"2019-10-31T09:25:38","date_gmt":"2019-10-31T09:25:38","guid":{"rendered":"https:\/\/viken.kulturtanken.app\/?page_id=3"},"modified":"2021-10-30T12:57:21","modified_gmt":"2021-10-30T12:57:21","slug":"privacy-policy","status":"publish","type":"page","link":"https:\/\/www.denkulturelleskolesekken.no\/karmoy\/privacy-policy\/","title":{"rendered":"Personvern"},"content":{"rendered":"\n<h2 class=\"wp-block-heading\">Informasjonskapsler<\/h2>\n\n\n\n<p>Informasjonskapsler (cookies) blir benyttet p\u00e5 nettsiden for \u00e5 bedre brukeropplevelsen av nettstedet og til statistikkform\u00e5l.<\/p>\n\n\n\n<h2 class=\"wp-block-heading\">Personopplysninger i DKS-portalen<\/h2>\n\n\n\n<h3 class=\"wp-block-heading\">Innlogging<\/h3>\n\n\n\n<p>For \u00e5 bruke DKS-portalen i innlogget l\u00f8sning, m\u00e5 du logge deg inn via ID-porten eller Feide. ID-porten er en felles innloggingsl\u00f8sning til offentlige tjenester p\u00e5 internett. Feide er en tilsvarende l\u00f8sning for undervisningssektoren.<\/p>\n\n\n\n<p>I ID-porten kan du velge mellom fem alternativer for elektronisk ID: MinID, BankID, BankID p\u00e5 mobil, Buypass eller Commfides. En elektronisk ID er viktig for \u00e5 bekrefte at du er den du utgir deg for \u00e5 v\u00e6re. ID-porten blir driftet av Direktoratet for Forvaltning og IKT (Difi).<\/p>\n\n\n\n<p>Feide st\u00e5r for Felles Elektronisk IDEntitet, og er Kunnskapsdepartementets valgte l\u00f8sning for sikker identifisering i utdanningssektoren. Feide leveres av Uninett som samarbeider med Utdanningsdirektoratet og Unit om forvaltning av tjenesten.<\/p>\n\n\n\n<h3 class=\"wp-block-heading\">Kontaktinformasjon<\/h3>\n\n\n\n<p>Kontaktinformasjon som ligger under din Profil i DKS-portalen, registreres og\/eller verifiseres av brukeren selv ved f\u00f8rste gangs innlogging. Som bruker s\u00f8rger du selv for at informasjonen er oppdatert og riktig, og systemet vil be deg om \u00e5 verifisere at kontaktinformasjon er korrekt med jevne mellomrom.<\/p>\n\n\n\n<h3 class=\"wp-block-heading\">Tilgangsstyring<\/h3>\n\n\n\n<p>Tilgangsstyring i DKS-portalen er basert p\u00e5 roller registrert i systemet. Hva du har tilgang til bestemmes av din rolle. Eksempler p\u00e5 slike roller kan v\u00e6re:<\/p>\n\n\n\n<ul class=\"wp-block-list\"><li>Planlegger i Den kulturelle skolesekken<\/li><li>Forslagsstiller og kontaktperson for ut\u00f8vere<\/li><li>Representant for kulturinstitusjon<\/li><li>Kulturkontakt ved en skole<\/li><\/ul>\n\n\n\n<p>Overordnet administrasjon av systemet h\u00e5ndteres av Kulturtanken.<\/p>\n\n\n\n<p>For at tilbudet i DKS-ordningen skal ha h\u00f8y kvalitet og komme alle elever til gode, vil forslag som registreres i DKS-portalen v\u00e6re synlige for alle offentlige enheter som planlegger aktiviteter i Den kulturelle skolesekken, ogs\u00e5 ut over de som forslaget i f\u00f8rste omgang er rettet til. Dialog som foreg\u00e5r i systemet mellom forslagsstiller\/ut\u00f8ver og planleggende enhet blir ikke delt mellom enhetene, men kan bli arkivert av den aktuelle enheten dersom dialogen er en del av et beslutningsgrunnlag.<\/p>\n\n\n\n<p>For produksjoner som blir valgt, vil kontaktinformasjon til kontaktpersonen bli publisert sammen resten av programinformasjonen, slik at l\u00e6rere, kulturkontakter og DKS-planleggere kan ta kontakt ved behov.<\/p>\n\n\n\n<h2 class=\"wp-block-heading\">Dine rettigheter<\/h2>\n\n\n\n<h3 class=\"wp-block-heading\">Innsyn i egne opplysninger<\/h3>\n\n\n\n<p>Etter personopplysningsloven har du krav p\u00e5 innsyn i behandlingen av de opplysningene om deg som enhetene i DKS-ordningen er behandlingsansvarlige for. Du kan be om kopi av alle opplysninger om deg som blir behandlet i systemet.<\/p>\n\n\n\n<h3 class=\"wp-block-heading\">Korrigering av personopplysninger<\/h3>\n\n\n\n<p>Informasjonen som finnes i DKS-portalen, baserer seg hovedsakelig p\u00e5 brukerens egne registrerte opplysninger. I den grad andre registrerer opplysninger om deg, vil du som bruker f\u00e5 tilgang til disse opplysningene og ha anledning til \u00e5 redigere dem n\u00e5r du er p\u00e5logget i systemet.<\/p>\n\n\n\n<p>Les mer om retten til \u00e5 rette eller supplere opplysninger hos Datatilsynet.<\/p>\n\n\n\n<h3 class=\"wp-block-heading\">Sletting av personopplysninger<\/h3>\n\n\n\n<p>I gitte situasjoner kan du be oss slette opplysninger om deg. Les mer om retten til sletting hos Datatilsynet.<\/p>\n\n\n\n<h3 class=\"wp-block-heading\">Begrensning av behandling av personopplysninger<\/h3>\n\n\n\n<p>I noen situasjoner kan du be om begrensning av behandling av opplysninger om deg. Les mer om retten til begrensning hos Datatilsynet.<\/p>\n\n\n\n<h3 class=\"wp-block-heading\">Utlevering til andre<\/h3>\n\n\n\n<p>Personopplysninger vil bli utlevert til offentlige myndigheter n\u00e5r dette f\u00f8lger av lovbestemt opplysningsplikt eller og etter samtykke fra den opplysningen gjelder.<\/p>\n\n\n\n<h3 class=\"wp-block-heading\">N\u00e5r du tar kontakt med oss<\/h3>\n\n\n\n<p>N\u00e5r du kontakter DKS-portalens brukerservice (epost:&nbsp;<a rel=\"noreferrer noopener\" href=\"mailto:support@denkulturelleskolesekken.no\" target=\"_blank\">support@denkulturelleskolesekken.no<\/a>&nbsp;eller tlf. 479 74 744), benyttes v\u00e5r supportplattform Freshdesk. Vi lagrer opplysninger som er n\u00f8dvendige for \u00e5 kunne behandle og besvare din henvendelse.<\/p>\n\n\n\n<h3 class=\"wp-block-heading\">Sikkerhet<\/h3>\n\n\n\n<p>DKS-portalen benytter ulike mekanismer for \u00e5 opprettholde et tilstrekkelig sikkerhetsniv\u00e5 for \u00e5 beskytte l\u00f8sningen og data i l\u00f8sningen. De ulike sikkerhetstiltakene vil over tid variere ut fra trusselniv\u00e5, og er til enhver tid underlagt endringsstyring og krav til styringssystem for sikkerhet. Sikkerhetstiltak vurderes opp mot krav fra relevante lovverk, som personopplysningsloven og sikkerhetslovgivningen, f\u00f8r innfasing.<\/p>\n\n\n\n<h3 class=\"wp-block-heading\">DKS-portalens bruk av databehandlere<\/h3>\n\n\n\n<p>Kulturtanken benytter private IT-leverand\u00f8rer for drift og forvaltning av DKS-portalen. Disse behandler personopplysninger i henhold til v\u00e5re avtaler med leverand\u00f8rene. Databehandleravtaler utgj\u00f8r er en del av avtalene vi har med disse leverand\u00f8rene. Driften av DKS-portalen forvaltes av Kulturtanken og Netpower AS. Applikasjonsdrift og forvaltning gj\u00f8res av Kulturtanken og Netpower AS, ogs\u00e5 i Norge. Datalagring er lokalisert til E\u00d8S-omr\u00e5det.<\/p>\n","protected":false},"excerpt":{"rendered":"<p>Informasjonskapsler Informasjonskapsler (cookies) blir benyttet p\u00e5 nettsiden for \u00e5 bedre brukeropplevelsen av nettstedet og til statistikkform\u00e5l. Personopplysninger i DKS-portalen Innlogging For \u00e5 bruke DKS-portalen i innlogget l\u00f8sning, m\u00e5 du logge deg inn via ID-porten eller Feide. ID-porten er en felles innloggingsl\u00f8sning til offentlige tjenester p\u00e5 internett. Feide er en tilsvarende l\u00f8sning for undervisningssektoren. I ID-porten [&hellip;]<\/p>\n","protected":false},"author":4,"featured_media":0,"parent":0,"menu_order":0,"comment_status":"closed","ping_status":"open","template":"","meta":{"footnotes":""},"class_list":["post-3","page","type-page","status-publish","hentry"],"_links":{"self":[{"href":"https:\/\/www.denkulturelleskolesekken.no\/karmoy\/wp-json\/wp\/v2\/pages\/3","targetHints":{"allow":["GET"]}}],"collection":[{"href":"https:\/\/www.denkulturelleskolesekken.no\/karmoy\/wp-json\/wp\/v2\/pages"}],"about":[{"href":"https:\/\/www.denkulturelleskolesekken.no\/karmoy\/wp-json\/wp\/v2\/types\/page"}],"author":[{"embeddable":true,"href":"https:\/\/www.denkulturelleskolesekken.no\/karmoy\/wp-json\/wp\/v2\/users\/4"}],"replies":[{"embeddable":true,"href":"https:\/\/www.denkulturelleskolesekken.no\/karmoy\/wp-json\/wp\/v2\/comments?post=3"}],"version-history":[{"count":8,"href":"https:\/\/www.denkulturelleskolesekken.no\/karmoy\/wp-json\/wp\/v2\/pages\/3\/revisions"}],"predecessor-version":[{"id":1128,"href":"https:\/\/www.denkulturelleskolesekken.no\/karmoy\/wp-json\/wp\/v2\/pages\/3\/revisions\/1128"}],"wp:attachment":[{"href":"https:\/\/www.denkulturelleskolesekken.no\/karmoy\/wp-json\/wp\/v2\/media?parent=3"}],"curies":[{"name":"wp","href":"https:\/\/api.w.org\/{rel}","templated":true}]}}