{"id":31,"date":"2019-10-31T13:54:44","date_gmt":"2019-10-31T13:54:44","guid":{"rendered":"https:\/\/viken.kulturtanken.app\/?page_id=31"},"modified":"2026-01-29T14:49:47","modified_gmt":"2026-01-29T14:49:47","slug":"er-du-utover","status":"publish","type":"page","link":"https:\/\/www.denkulturelleskolesekken.no\/finnmark\/er-du-utover\/","title":{"rendered":"Info ut\u00f8ver"},"content":{"rendered":"\n<p><\/p>\n\n\n\n<h2 class=\"wp-block-heading has-black-color has-text-color\" id=\"honorar-og-diett\">Innmelding av forslag<\/h2>\n\n\n\n<p><strong><em>Fristen for \u00e5 melde inn forslag til skole\u00e5ret 26-27 er ute! Velkommen tilbake<\/em><\/strong> <strong><em>h\u00f8sten 2026<\/em><\/strong>.<\/p>\n\n\n\n<p>Forslag til turn\u00e9 i DKS i Finnmark meldes inn i <a href=\"https:\/\/www.denkulturelleskolesekken.no\/dks-portalen\/\" target=\"_blank\" rel=\"noreferrer noopener\">DKS-portalen<\/a> (som driftes av Kulturtanken).<br>Portalen \u00e5pner 1. september, for innsendelse av forslag til p\u00e5f\u00f8lgende skole\u00e5r. <br><strong>Innmeldingsfrist<\/strong> er 1. oktober kl. 23.59.\u00a0<br>MERK: de som er p\u00e5 programmet innev\u00e6rende skole\u00e5r kommer ikke automatisk med, men m\u00e5 s\u00f8ke\/reaktivere forslaget sitt for \u00e5 kunne vurderes til turn\u00e9 p\u00e5f\u00f8lgende skole\u00e5r!<\/p>\n\n\n\n<p>LES MER om <a href=\"https:\/\/www.denkulturelleskolesekken.no\/finnmark\/innmelding-av-forslag-2\/\">programarbeidet i DKS i Finnmark<\/a> <\/p>\n\n\n\n<h2 class=\"wp-block-heading has-black-color has-text-color\" id=\"honorar-og-diett\">Honorar og diett<\/h2>\n\n\n<p><strong>HONRAR, formidlingsdager<\/strong><br \/>Finnmark fylkeskommune &#8211; DKS Finnmark f\u00f8lger fremforhandlet <a href=\"https:\/\/www.ks.no\/contentassets\/115a040cc1c34b1e8ada71b4710fb717\/asa-4401-rammeavtale-om-vilkar-for-oppdragstakere-i-den-kulturelle-skolesekken-juni25.pdf\" target=\"_blank\" rel=\"noopener\">rammeavtale for DKS<\/a>, og honorer etter gjeldende satser. Pr 01.08.2025 er dagshonoraret p\u00e5 NOK 6.073,-<br \/>Scenekunstproduksjoner som er p\u00e5 Scenekunstbrukets repertoar honoreres etter gjeldende satser. Andre scenekunstproduksjoner honoreres etter avtale.<\/p>\n<p><span data-contrast=\"auto\"><strong>HONRAR, reisedager<\/strong><br \/>Det utbetales ikke honorar for reisedag i forkant av turneen (innreise). Unntak kan gj\u00f8res dersom oppdragstaker har innreise som overstiger 7 timer. Reiseh<\/span>onorar gis ogs\u00e5 om det avtalte turn\u00e9opplegget inneholder dager det ikke kan formidles, og disse helt eller delvis m\u00e5 tilbringes p\u00e5 hotell eller reise<span data-contrast=\"auto\">. <br \/>Eventuelle unntak m\u00e5 avtales med DKS Finnmark p\u00e5 forh\u00e5nd. <\/span><span data-ccp-props=\"{&quot;335559685&quot;:284}\">\u00a0<br \/><\/span><span data-contrast=\"auto\">Dersom en turn\u00e9 g\u00e5r over flere sammenhengende uker regnes ikke innreise etter en eventuell hjemreisehelg som ny turn\u00e9start.<\/span><span data-ccp-props=\"{&quot;335559685&quot;:284}\">\u00a0<br \/><\/span>Det blir ikke gitt honorar for lang hjemreise.<\/p>\n<p><strong>DIETT<\/strong><br \/>Fylkeskommunen f\u00f8lger statens satser:<\/p>\n<ul>\n<li><a href=\"https:\/\/cdn.denkulturelleskolesekken.no\/finnmark\/2b388c4d-slik_regner_du_diettdogn.pdf\" target=\"_blank\" rel=\"noopener\">OPPSKRIFT &#8211; slik regner du ut diett<\/a><\/li>\n<li><a href=\"https:\/\/arbeidsgiver.difi.no\/lonn-goder-og-reise\/reise\/statens-satser-innenlands\" target=\"_blank\" rel=\"noopener\">Gjeldende diettsatser<\/a><\/li>\n<\/ul>\n\n\n<h2 class=\"wp-block-heading has-black-color has-text-color\" id=\"honorar-og-diett\">Vederlag o.l.<\/h2>\n\n\n\n<p>DKS har avtaler for vederlagsh\u00e5ndtering for fagomr\u00e5dene MUSIKK, LITTERATUR og VISUELL KUNST.<br>Les mer hos Kulturtanken: <a href=\"https:\/\/www.kulturtanken.no\/vederlag\/\" target=\"_blank\" rel=\"noreferrer noopener\">Vederlag i DKS<\/a><br>For FILM er det utarbeida en nasjonal <a href=\"https:\/\/www.kulturtanken.no\/ressurs\/veileder-for-filmvisning-i-den-kulturelle-skolesekken-dks\/\" target=\"_blank\" rel=\"noreferrer noopener\">veileder for filmvisning i DKS<\/a><\/p>\n\n\n\n<h2 class=\"wp-block-heading has-black-color has-text-color\" id=\"honorar-og-diett\">Kort om turn\u00e9legging<\/h2>\n\n\n\n<p>Turn\u00e9logistikk bes\u00f8rges av turn\u00e9legger i fylkeskommunen. Dette inneb\u00e6rer at alt av fly-, hotell- og leiebilbestillinger foretas av fylkeskommunen. Reiseplan er tilgjengelig for ut\u00f8ver i DKS-portalen i god tid f\u00f8r turn\u00e9start.<\/p>\n\n\n\n<p>Vi oppfordrer alle ut\u00f8vere til \u00e5 laste ned <strong>appen &laquo;DKS ut\u00f8ver&raquo;<\/strong>, som kan gi god oversikt n\u00e5r man er ute p\u00e5 turn\u00e9! <br>Den finnes b\u00e5de for <a rel=\"noreferrer noopener\" href=\"https:\/\/apps.apple.com\/no\/app\/dks-ut%C3%B8ver\/id1459957906?l=nb\" target=\"_blank\">iPhone<\/a> og <a rel=\"noreferrer noopener\" href=\"https:\/\/play.google.com\/store\/apps\/details?id=no.netpower.kulturtanken.app&amp;hl=no\" target=\"_blank\">Android<\/a>. <\/p>\n\n\n\n<p><strong>Velkommen til oss i DKS i Finnmark.<\/strong><\/p>\n\n\n\n<p><\/p>\n","protected":false},"excerpt":{"rendered":"<p>Innmelding av forslag Fristen for \u00e5 melde inn forslag til skole\u00e5ret 26-27 er ute! Velkommen tilbake h\u00f8sten 2026. Forslag til turn\u00e9 i DKS i Finnmark meldes inn i DKS-portalen (som driftes av Kulturtanken).Portalen \u00e5pner 1. september, for innsendelse av forslag til p\u00e5f\u00f8lgende skole\u00e5r. Innmeldingsfrist er 1. oktober kl. 23.59.\u00a0MERK: de som er p\u00e5 programmet innev\u00e6rende [&hellip;]<\/p>\n","protected":false},"author":14,"featured_media":2232,"parent":0,"menu_order":0,"comment_status":"closed","ping_status":"closed","template":"","meta":{"footnotes":""},"class_list":["post-31","page","type-page","status-publish","has-post-thumbnail","hentry"],"_links":{"self":[{"href":"https:\/\/www.denkulturelleskolesekken.no\/finnmark\/wp-json\/wp\/v2\/pages\/31","targetHints":{"allow":["GET"]}}],"collection":[{"href":"https:\/\/www.denkulturelleskolesekken.no\/finnmark\/wp-json\/wp\/v2\/pages"}],"about":[{"href":"https:\/\/www.denkulturelleskolesekken.no\/finnmark\/wp-json\/wp\/v2\/types\/page"}],"author":[{"embeddable":true,"href":"https:\/\/www.denkulturelleskolesekken.no\/finnmark\/wp-json\/wp\/v2\/users\/14"}],"replies":[{"embeddable":true,"href":"https:\/\/www.denkulturelleskolesekken.no\/finnmark\/wp-json\/wp\/v2\/comments?post=31"}],"version-history":[{"count":111,"href":"https:\/\/www.denkulturelleskolesekken.no\/finnmark\/wp-json\/wp\/v2\/pages\/31\/revisions"}],"predecessor-version":[{"id":2688,"href":"https:\/\/www.denkulturelleskolesekken.no\/finnmark\/wp-json\/wp\/v2\/pages\/31\/revisions\/2688"}],"wp:featuredmedia":[{"embeddable":true,"href":"https:\/\/www.denkulturelleskolesekken.no\/finnmark\/wp-json\/wp\/v2\/media\/2232"}],"wp:attachment":[{"href":"https:\/\/www.denkulturelleskolesekken.no\/finnmark\/wp-json\/wp\/v2\/media?parent=31"}],"curies":[{"name":"wp","href":"https:\/\/api.w.org\/{rel}","templated":true}]}}