{"id":3,"date":"2019-10-31T09:25:38","date_gmt":"2019-10-31T09:25:38","guid":{"rendered":"https:\/\/viken.kulturtanken.app\/?page_id=3"},"modified":"2026-03-03T12:28:03","modified_gmt":"2026-03-03T12:28:03","slug":"privacy-policy","status":"publish","type":"page","link":"https:\/\/www.denkulturelleskolesekken.no\/finnmark\/privacy-policy\/","title":{"rendered":"Privacy Policy"},"content":{"rendered":"\n<h1 class=\"wp-block-heading\">Personvern<\/h1>\n\n\n\n<p>Finnmark fylkeskommune skal behandle personopplysningene dine p\u00e5 en lovlig og sikker m\u00e5te. Her kan du lese om hvordan vi behandler dine personopplysninger og hvilke rettigheter du har som registrert i v\u00e5re systemer.<\/p>\n\n\n\n<h2 class=\"wp-block-heading\">Personvernreglene&nbsp;&nbsp;&nbsp;<\/h2>\n\n\n\n<p>I juli 2018 fikk Norge en ny personopplysningslov. Loven best\u00e5r av \nnasjonale regler og EUs personvernforordning (GDPR &#8211; General Data \nProtection Regulation). Forordningen gjelder for alle EU\/E\u00d8S-land.<\/p>\n\n\n\n<h2 class=\"wp-block-heading\">Hvor henter vi opplysningene fra?<\/h2>\n\n\n\n<p>Fylkeskommunen henter som regel inn n\u00f8dvendig informasjon direkte fra\n deg, for eksempel n\u00e5r du s\u00f8ker om tjenester fra oss via nettskjema p\u00e5 \nhjemmesiden v\u00e5r. N\u00e5r du ringer oss, sender en e-post eller er i kontakt \nmed oss p\u00e5 annen m\u00e5te, gir du fra deg opplysninger. Opplysningene gj\u00f8r \nfylkeskommunen i stand til \u00e5 saksbehandle din henvendelse.&nbsp;&nbsp;<\/p>\n\n\n\n<p>I noen tilfeller kan vi&nbsp;ogs\u00e5 hente opplysninger om deg fra andre \noffentlige myndigheter eller offentlige registre.&nbsp;Eksempler \ninkluderer:&nbsp;NAV, Folkeregistret, Br\u00f8nn\u00f8ysundregistrene og \nSkatteetaten.&nbsp;&nbsp;<\/p>\n\n\n\n<p>Du har rett til \u00e5 f\u00e5 informasjon om hvorfra vi henter opplysninger om  deg. De ulike fagomr\u00e5dene i fylkeskommunen skal gi deg informasjon om  dette n\u00e5r du s\u00f8ker en tjeneste eller ytelse.<\/p>\n\n\n\n<h2 class=\"wp-block-heading\">Informasjonskapsler (cookies)<\/h2>\n\n\n\n<p>Troms og Finnmark fylkeskommune&nbsp;bruker <a href=\"https:\/\/www.tffk.no\/footer\/informasjonskapsler-cookies.2520.aspx\">informasjonskapsler <\/a>p\u00e5&nbsp;sine nettsider.&nbsp;N\u00e5r du bes\u00f8ker v\u00e5re nettsider samtykker du i at vi kan sette informasjonskapsler i nettleseren din.<\/p>\n\n\n\n<p><\/p>\n\n\n\n<h2 class=\"wp-block-heading\">Hvilke personopplysninger behandler vi?<\/h2>\n\n\n\n<p>Fylkeskommunen behandler opplysninger som blant annet&nbsp;&nbsp;<\/p>\n\n\n\n<ul class=\"wp-block-list\">\n<li>identitet: navn, f\u00f8dselsnummer, d-nummer, kj\u00f8nn og statsborgerskap<\/li>\n\n\n\n<li>kontaktopplysninger: adresse, e-postadresse og telefonnummer<\/li>\n\n\n\n<li>relasjoner til andre, for eksempel ektefelle, samboer, barn og sivilstatus<\/li>\n\n\n\n<li>helseopplysninger, eksempelvis\u00a0diagnose\u00a0og\u00a0medisiner<\/li>\n\n\n\n<li>opplysninger knyttet til tjenester du bruker, <br>for eksempel innen\u00a0videreg\u00e5ende\u00a0oppl\u00e6ringog <br>skole,\u00a0tannhelse,\u00a0samferdsel\u00a0og kultur.\u00a0\u00a0<\/li>\n<\/ul>\n\n\n\n<p>Personopplysninger er alle opplysninger og vurderinger som kan \nknyttes til deg som enkeltperson.&nbsp;Du kan lese mer p\u00e5 Datatilsynets sider\n om&nbsp;<a href=\"https:\/\/www.datatilsynet.no\/rettigheter-og-plikter\/personopplysninger\/\">hva som regnes som personopplysninger.<\/a><\/p>\n\n\n\n<h2 class=\"wp-block-heading\">Hvem deler vi  opplysningene dine  med?<\/h2>\n\n\n\n<p>Fylkeskommunen utleverer kun \npersonopplysninger n\u00e5r det foreligger gyldig rettslig \ngrunnlag.&nbsp;Opplysningene dine kan bli utlevert til andre \noffentlige&nbsp;akt\u00f8rer som har lovlig grunnlag for \u00e5 bruke opplysningene i \nsin saksbehandling. Dette gjelder blant annet:&nbsp;<\/p>\n\n\n\n<ul class=\"wp-block-list\">\n<li>NAV<\/li>\n\n\n\n<li>Skatteetaten<\/li>\n\n\n\n<li>Statistisk sentralbyr\u00e5<\/li>\n\n\n\n<li>Utdanningsdirektoratet<\/li>\n\n\n\n<li>L\u00e5nekassen\u00a0<\/li>\n<\/ul>\n\n\n\n<p>Fylkeskommunen bruker i hovedsak egne fagsystemer til \u00e5 behandle \nopplysninger. N\u00e5r slike systemer ligger hos eksterne \nleverand\u00f8rer,&nbsp;stiller vi krav til&nbsp;leverand\u00f8ren om&nbsp;sikkerhet, kontroll og\n dokumentasjon&nbsp;for \u00e5 beskytte dine opplysninger.<\/p>\n\n\n\n<h2 class=\"wp-block-heading\">Hvor lenge lagrer vi opplysningene dine?<\/h2>\n\n\n\n<p> Vi lagrer dine opplysninger s\u00e5 lenge det er n\u00f8dvendig for&nbsp;\u00e5 utf\u00f8re v\u00e5re  lovp\u00e5lagte oppgaver. Opplysninger vil som hovedregel slettes n\u00e5r dette  behovet faller bort, med mindre vi har en lovp\u00e5lagt plikt til \u00e5  oppbevare dem etter andre regelverk, som arkivloven. <\/p>\n\n\n\n<h2 class=\"wp-block-heading\">Dine rettigheter<\/h2>\n\n\n\n<p>Du skal kunne ut\u00f8ve dine rettigheter gratis.&nbsp;For henvendelser om rettigheter kan du kontakte&nbsp;fylkeskommunen via&nbsp;&nbsp;<\/p>\n\n\n\n<ul class=\"wp-block-list\">\n<li>E-post: <a href=\"mailto:postmottak@ffk.no\">postmottak@ffk.no<\/a><\/li>\n\n\n\n<li>Telefon: <a href=\"tel:78963000\">78 96 30 00<\/a><\/li>\n\n\n\n<li>Postadresse: Finnmark fylkeskommune, Postboks 701, 9815 Vads\u00f8<\/li>\n<\/ul>\n\n\n\n<h3 class=\"wp-block-heading\">Rett&nbsp;til innsyn&nbsp;&nbsp;<\/h3>\n\n\n\n<p>Du kan&nbsp;n\u00e5r som helst be om \u00e5 se opplysningene vi har registrert om \ndeg.&nbsp;Du vil f\u00e5 svar s\u00e5 raskt som mulig, og senest innen 30 dager.&nbsp;Hvis \ndu ber om innsyn, kan du blant annet f\u00e5 svar p\u00e5:&nbsp;<\/p>\n\n\n\n<ul class=\"wp-block-list\">\n<li>hvilke\u00a0form\u00e5l vi behandler dine personopplysninger for<\/li>\n\n\n\n<li>hvor dine opplysninger er hentet fra<\/li>\n\n\n\n<li>om dine opplysninger deles med andre\u00a0og eventuelt til hvem.\u00a0\u00a0\u00a0<\/li>\n<\/ul>\n\n\n\n<p>Vi vil be deg om \u00e5 bekrefte identiteten&nbsp;din. Du m\u00e5 derfor legge ved \nkopi av gyldig legitimasjon.&nbsp;Dette gj\u00f8r vi for \u00e5 v\u00e6re sikre p\u00e5 at du er \nden du er og at ingen gir seg ut for \u00e5 v\u00e6re deg.&nbsp;&nbsp;<\/p>\n\n\n\n<h3 class=\"wp-block-heading\">Rett til&nbsp;korrigering&nbsp;og retting&nbsp;&nbsp;<\/h3>\n\n\n\n<p>Hvis du oppdager&nbsp;at fylkeskommunen har registrert&nbsp;uriktige, utdaterte\n eller ufullstendige opplysninger om deg, har du rett til \u00e5 f\u00e5 disse \nrettet eller oppdatert.&nbsp;&nbsp;Vi ber deg om \u00e5 ta kontakt med oss, slik at vi \nkan rette opp feilen s\u00e5 raskt som mulig.&nbsp;&nbsp;<\/p>\n\n\n\n<h3 class=\"wp-block-heading\">Rett til \u00e5 klage til Datatilsynet&nbsp;&nbsp;<\/h3>\n\n\n\n<p>Hvis du mener at fylkeskommunens behandling av personopplysninger \nikke stemmer med det vi har beskrevet her,&nbsp;s\u00e5 kan du klage&nbsp;p\u00e5 \nbehandlingen&nbsp;ved \u00e5 sende oss en skriftlig henvendelse.&nbsp;&nbsp;<\/p>\n\n\n\n<p>Hvis vi ikke tar klagen til f\u00f8lge, kan du klage til Datatilsynet. Du finner n\u00e6rmere informasjon p\u00e5 <a href=\"http:\/\/www.datatilsynet.no\">Datatilsynets nettsider<\/a>.<\/p>\n\n\n\n<p><\/p>\n\n\n\n<h2 class=\"wp-block-heading\">Finnmark fylkeskommune er behandlingsansvarlig<\/h2>\n\n\n\n<p>Det betyr at fylkeskommunen er ansvarlig for hvordan \npersonopplysninger blir brukt, og at bruken er i samsvar med i \npersonvernreglene.&nbsp;&nbsp;<\/p>\n\n\n\n<p>Du kan kontakte fylkeskommunen via:&nbsp;<\/p>\n\n\n\n<ul class=\"wp-block-list\">\n<li>E-post: <a href=\"mailto:postmottak@ffk.no\">postmottak@ffk.no<\/a><\/li>\n\n\n\n<li>Telefon: <a href=\"tel:78963000\">78 96 30 00<\/a><\/li>\n\n\n\n<li>Postadresse: Finnmark fylkeskommune, Postboks 701, 9815\u00a0Vads\u00f8<\/li>\n\n\n\n<li>Bes\u00f8ksadresser: Henry Karlsens plass 1, 9800 Vads\u00f8<\/li>\n<\/ul>\n\n\n\n<p>Fylkeskommunen oppfordrer til \u00e5 ikke sende sensitive opplysninger p\u00e5 \ne-post. Skal du sende slike opplysninger til oss kan du bruke \ne-Dialog&nbsp;eller sende brev.<\/p>\n","protected":false},"excerpt":{"rendered":"<p>Personvern Finnmark fylkeskommune skal behandle personopplysningene dine p\u00e5 en lovlig og sikker m\u00e5te. Her kan du lese om hvordan vi behandler dine personopplysninger og hvilke rettigheter du har som registrert i v\u00e5re systemer. Personvernreglene&nbsp;&nbsp;&nbsp; I juli 2018 fikk Norge en ny personopplysningslov. Loven best\u00e5r av nasjonale regler og EUs personvernforordning (GDPR &#8211; General Data Protection [&hellip;]<\/p>\n","protected":false},"author":9,"featured_media":0,"parent":0,"menu_order":0,"comment_status":"closed","ping_status":"open","template":"","meta":{"footnotes":""},"class_list":["post-3","page","type-page","status-publish","hentry"],"_links":{"self":[{"href":"https:\/\/www.denkulturelleskolesekken.no\/finnmark\/wp-json\/wp\/v2\/pages\/3","targetHints":{"allow":["GET"]}}],"collection":[{"href":"https:\/\/www.denkulturelleskolesekken.no\/finnmark\/wp-json\/wp\/v2\/pages"}],"about":[{"href":"https:\/\/www.denkulturelleskolesekken.no\/finnmark\/wp-json\/wp\/v2\/types\/page"}],"author":[{"embeddable":true,"href":"https:\/\/www.denkulturelleskolesekken.no\/finnmark\/wp-json\/wp\/v2\/users\/9"}],"replies":[{"embeddable":true,"href":"https:\/\/www.denkulturelleskolesekken.no\/finnmark\/wp-json\/wp\/v2\/comments?post=3"}],"version-history":[{"count":10,"href":"https:\/\/www.denkulturelleskolesekken.no\/finnmark\/wp-json\/wp\/v2\/pages\/3\/revisions"}],"predecessor-version":[{"id":2704,"href":"https:\/\/www.denkulturelleskolesekken.no\/finnmark\/wp-json\/wp\/v2\/pages\/3\/revisions\/2704"}],"wp:attachment":[{"href":"https:\/\/www.denkulturelleskolesekken.no\/finnmark\/wp-json\/wp\/v2\/media?parent=3"}],"curies":[{"name":"wp","href":"https:\/\/api.w.org\/{rel}","templated":true}]}}