{"id":2084,"date":"2024-08-13T14:06:28","date_gmt":"2024-08-13T14:06:28","guid":{"rendered":"https:\/\/www.denkulturelleskolesekken.no\/finnmark\/?page_id=2084"},"modified":"2025-09-24T12:54:34","modified_gmt":"2025-09-24T12:54:34","slug":"innmelding-av-forslag-2","status":"publish","type":"page","link":"https:\/\/www.denkulturelleskolesekken.no\/finnmark\/innmelding-av-forslag-2\/","title":{"rendered":"Programarbeid i DKS i Finnmark"},"content":{"rendered":"\n<p id=\"block-6a8ea061-35a3-484b-9b1d-b271b986aedd\"><strong>Profesjonelle ut\u00f8vere, produsenter og formidlere av kunst og kultur kan melde inn forslag til Den kulturelle skolesekken. Forslag meldes inn i DKS portalen.<\/strong><br>DKS-portalen \u00e5pner 1. september for innsending av forslag til skole\u00e5ret 2026-2027. Frist for \u00e5 melde inn er 1. oktober 2025 kl. 23.59. De som har s\u00f8kt f\u00f8r, og er p\u00e5 programmet innev\u00e6rende \u00e5r, m\u00e5 s\u00f8ke igjen\/reaktivere forslaget for \u00e5 v\u00e6re med i vurderingen.<\/p>\n\n\n\n<h2 class=\"wp-block-heading\" id=\"block-940317a7-9601-406a-bcd1-2330e472d356\">M\u00e5l og prioriteringer i Finnmark 2026-2027<\/h2>\n\n\n\n<p id=\"block-c311602e-1731-4511-8b20-d95be8d91bff\">Den kulturelle skolesekken i Finnmark legger vekt p\u00e5 \u00e5 n\u00e5 de nasjonale m\u00e5lene for ordningen, slik de st\u00e5r nedfelt i&nbsp;<em>Meld. St. 18 (2020-2021)&nbsp;<a rel=\"noreferrer noopener\" href=\"https:\/\/www.regjeringen.no\/no\/dokumenter\/meld.-st.-18-20202021\/id2839455\/\" target=\"_blank\">Oppleve, skape, dele \u2013 Kunst og kultur for, med og av barn og unge<\/a>.<\/em><\/p>\n\n\n\n<p id=\"block-58e94fea-1dc2-4ba5-9921-c0ba57078a3a\">I tillegg har vi f\u00f8lgende s\u00e6rskilte satsingsomr\u00e5der: samisk, kvensk\/norsk-finsk og nordomr\u00e5de-tematikk.<\/p>\n\n\n\n<p id=\"block-58e94fea-1dc2-4ba5-9921-c0ba57078a3a\"><strong>Skole\u00e5ret 26-27 har vi f\u00f8lgende programbehov<\/strong>:<\/p>\n\n\n\n<ul class=\"wp-block-list\">\n<li>GRUNNSKOLE:\n<ul class=\"wp-block-list\">\n<li>Fasttilbud:\n<ul class=\"wp-block-list\">\n<li>1.-4. trinn: musikk og scenekunst<\/li>\n\n\n\n<li>5.-7. trinn: litteratur, film og visuell kunst<\/li>\n\n\n\n<li>8.-10. trinn: musikk og scenekunst<\/li>\n<\/ul>\n<\/li>\n\n\n\n<li>\u00d8nsketilbud: produksjoner innen alle seks kunstarter.<\/li>\n<\/ul>\n<\/li>\n<\/ul>\n\n\n\n<ul class=\"wp-block-list\">\n<li>VIDEREG\u00c5ENDE SKOLE:\n<ul class=\"wp-block-list\">\n<li>Fasttilbud:\n<ul class=\"wp-block-list\">\n<li>VG1: musikk<\/li>\n\n\n\n<li>VG2: scenekunst<\/li>\n\n\n\n<li>VG3: visuell kunst<\/li>\n<\/ul>\n<\/li>\n\n\n\n<li>\u00d8nsketilbud: produksjoner innen alle seks kunstarter.<\/li>\n<\/ul>\n<\/li>\n<\/ul>\n\n\n\n<h2 class=\"wp-block-heading\" id=\"block-940317a7-9601-406a-bcd1-2330e472d356\">Kriterier i utvelgelsen av produksjoner<\/h2>\n\n\n\n<p><strong>1) <\/strong> DKS Finnmark er ikke en produserende enhet, og vil kun vurdere produksjoner som er ferdig produsert.<br><strong>2)<\/strong>  Programforslag vil kunne bli avvist uten videre vurdering, dersom beskrivelse av produksjon og formidling til m\u00e5lgruppe er mangelfull. Det samme gjelder sceniske produksjoner (innen alle kunstuttrykk) og filmer som meldes inn uten fullt opptak.<br><strong>3) <\/strong> Forslaget m\u00e5 inneholde oversikt over samtlige kostnader som kommer i tillegg til honorar, reise, diett og opphold: leie av utstyr, materialkostnader, fraktkostnader og evt. annet.<br><strong>4)<\/strong>  Minimum \u00e9n person i turn\u00e9f\u00f8lget m\u00e5 ha f\u00f8rerkort klasse B.<\/p>\n\n\n\n<p>DKS Finnmark gj\u00f8r en helhetlig vurdering av program basert p\u00e5 prioriteringer kommende skole\u00e5r, herunder \u00f8konomi. Det trenger med andre ord ikke \u00e5 v\u00e6re kvalitetsmessige \u00e5rsaker til at en produksjon ikke blir med i DKS-programmet.<br>Produksjoner vi gj\u00f8r i samarbeid med lokale og regionale akt\u00f8rer vil kunne vurderes basert p\u00e5 annen dokumentasjon enn nevnt over.<\/p>\n\n\n\n<h2 class=\"wp-block-heading\" id=\"block-b120a891-7555-450f-808c-bbe0b335fd41\">S\u00f8knadsprosessen<\/h2>\n\n\n\n<p id=\"block-f3460710-0f28-4a69-862c-e8aabcd010cd\"><strong>DKS Finnmark opplever normalt stor p\u00e5gang ved innmelding av forslag, og m\u00e5 gj\u00f8re strenge prioriteringer. Vi gj\u00f8r derfor oppmerksom p\u00e5 at produksjoner, som gir lite grunnlag&nbsp;for vurdering, f.eks. fordi de er mangelfullt beskrevet eller dokumentert, vil bli nedprioritert eller ikke vurdert.&nbsp;<\/strong><br><strong>DKS Finnmark er ikke en produserende enhet, og vil kun vurdere produksjoner som er ferdig produsert<\/strong><\/p>\n\n\n\n<h4 class=\"wp-block-heading\" id=\"block-dbd4b46c-9bd1-4730-98c1-be07d4a41bc3\">1) <strong>Beskrivelse av programforslaget<\/strong><\/h4>\n\n\n\n<p id=\"block-eb7002a6-0aa3-4f62-a2c9-5369f39ccc19\">Hver produksjon er unik, og det er derfor ikke lagt opp strenge maler for \u00e5 gi en god beskrivelse. Det er likevel noen ting man kan merke seg, og sp\u00f8rsm\u00e5l man kan fors\u00f8ke \u00e5 besvare, slik at fagteamene kan gj\u00f8re sin vurdering. Her er noen tips:<\/p>\n\n\n\n<p id=\"block-6add28f0-adbd-4ecf-abf8-47eb2d46e5cd\">Vi anbefaler \u00e5 v\u00e6re konkret. Det er viktig at du gir oss et klart og tydelig bilde av hvordan det ser ut, h\u00f8res ut, hva man gj\u00f8r, osv.<\/p>\n\n\n\n<p id=\"block-8274a0bd-b6cf-470e-a06c-da2196cb0835\">De som vurderer produksjonen skal gi en tiln\u00e6rmet garanti for kvaliteten, tenk over hva du b\u00f8r skrive slik at de f\u00e5r nok informasjon til \u00e5 gi en slik \u00abgaranti\u00bb.<\/p>\n\n\n\n<ul id=\"block-388b49a8-31f1-4eb6-8e4e-e0a65a8408fc\" class=\"wp-block-list\">\n<li>Hvordan presenterer du ut\u00f8verne?<\/li>\n\n\n\n<li>Hvordan presenterer du det kunstneriske?<\/li>\n\n\n\n<li>Hva kan du si om formidlingen?<\/li>\n\n\n\n<li>Hvordan ivaretas tekniske og praktiske anliggender?<\/li>\n\n\n\n<li>Hvilken erfaring har produksjonen og\/eller de medvirkende med m\u00e5lgruppa?<\/li>\n\n\n\n<li>Er det annet du b\u00f8r si noe om for \u00e5 fremheve kvaliteten?<\/li>\n<\/ul>\n\n\n\n<h4 class=\"wp-block-heading\" id=\"block-6ff8124d-25a3-4e1b-a3e1-3e090c83c844\">2) <strong>Send inn n\u00f8dvendig dokumentasjon<\/strong><\/h4>\n\n\n\n<p id=\"block-398c0478-718c-422a-ac50-d048010f782b\">Alle produksjoner skal som minimum ha f\u00f8lgende dokumentasjon:<\/p>\n\n\n\n<ul id=\"block-a6e84aff-1b4c-4744-a239-8ff79a7a8259\" class=\"wp-block-list\">\n<li>CV for alle involvert<\/li>\n\n\n\n<li>Budsjett, der samtlige kostnader knyttet til leie av utstyr, materialkostnader, fraktkostnader og evt. annet som kommer i tillegg til honorar, reise, diett og opphold framkommer.<\/li>\n\n\n\n<li>Bilde(r) av ut\u00f8ver, fra fremf\u00f8ring eller av produksjonen. NB: m\u00e5 v\u00e6re i bildeformat (jpeg, png, TIFF el.l.) og ha god oppl\u00f8sning. Skriv bildekreditering i filnavnene!<\/li>\n\n\n\n<li>Fullt opptak er obligatorisk om det er en scenisk produksjon eller en film.<\/li>\n<\/ul>\n\n\n\n<p id=\"block-71b9c3f6-9786-45b1-9660-143f448b62a5\">I tillegg anbefaler vi f\u00f8lgende dersom det finnes tilgjengelig:<\/p>\n\n\n\n<ul id=\"block-99819e67-4201-4e88-b3b3-738e4989e307\" class=\"wp-block-list\">\n<li>Forfattere b\u00f8r legge ved sine tekster eller b\u00f8ker<\/li>\n\n\n\n<li>Referanse og\/eller attester<\/li>\n\n\n\n<li>Trailer\/opptak der ut\u00f8ver presenterer produksjonen<\/li>\n\n\n\n<li>Ev. andre vedlegg som bidrar til \u00e5 fremheve produksjonens kvaliteter<\/li>\n<\/ul>\n\n\n\n<h4 class=\"wp-block-heading\" id=\"block-748bbca6-cf5d-4d68-81fd-23aedc158bd1\">3) Framdrift og prosedyre i programarbeidet<\/h4>\n\n\n\n<p id=\"block-0675d3ac-61f0-4b5a-8307-e5d271dcd4f1\"><strong>Framdrift<\/strong><\/p>\n\n\n\n<ul id=\"block-98cd1243-399e-4a23-aaed-f2c114c7c6c4\" class=\"wp-block-list\">\n<li>1. oktober &#8211; innmeldingsfrist<\/li>\n\n\n\n<li>Forslagsbehandling &#8211;&nbsp;oktober til januar<\/li>\n\n\n\n<li>Programinnstilling og vedtak &#8211; januar\/februar<\/li>\n\n\n\n<li>Svar til ut\u00f8ver &#8211; seinest 15. mars<\/li>\n<\/ul>\n\n\n\n<p id=\"block-0d4513dd-81c2-4054-8792-2d96f73bd9c4\"><strong>Forslagsbehandling<\/strong><br>Innmeldingsfristen er 1. oktober. Innmeldte produksjoner vurderes i f\u00f8rste omgang av DKS Finnmark og eksterne kunstfaglige r\u00e5dgivere. Noen produksjoner prioriteres, og tas med videre til hvert kunstuttrykks fagteam, der ogs\u00e5 en kommunerepresentant og\/eller en VGS-l\u00e6rere er med. <br>Elevenes stemme h\u00f8res ogs\u00e5, gjennom v\u00e5re juryklasser, som hver velger ut \u00e9n av 3-4 produksjoner som &laquo;Elevenes valg&raquo;.<\/p>\n\n\n\n<p id=\"block-888b4e95-f281-4cac-9faf-56bf626cfd3d\"><strong>Programinnstilling og vedtak<\/strong><br>Administrasjonen i DKS Finnmark gj\u00f8r, p\u00e5 bakgrunnen av arbeidet i fagteamene, en programinnstilling. Den oppsummerer mandat, f\u00f8ringer, kvalitetssikringsprosedyrer, budsjettmessig oppstilling og en tabelloversikt over de valgte kulturproduksjonene.<\/p>\n\n\n\n<p id=\"block-87383f5c-fb2c-4b55-9cf6-6288845aa182\"><strong>Svar til ut\u00f8ver<\/strong><br>Alle f\u00e5r svar i DKS-portalen. Svaret vil v\u00e6re et generelt avslag eller et tilbud. Det f\u00f8lger ikke en utdypende begrunnelse for avslag. For de som f\u00e5r tilbud, oppretter DKS Finnmark dialog, for \u00e5 enes om omfang, gjennomf\u00f8ringsplan og kontrakt.<\/p>\n\n\n\n<p><\/p>\n","protected":false},"excerpt":{"rendered":"<p>Profesjonelle ut\u00f8vere, produsenter og formidlere av kunst og kultur kan melde inn forslag til Den kulturelle skolesekken. Forslag meldes inn i DKS portalen.DKS-portalen \u00e5pner 1. september for innsending av forslag til skole\u00e5ret 2026-2027. Frist for \u00e5 melde inn er 1. oktober 2025 kl. 23.59. De som har s\u00f8kt f\u00f8r, og er p\u00e5 programmet innev\u00e6rende \u00e5r, [&hellip;]<\/p>\n","protected":false},"author":14,"featured_media":0,"parent":0,"menu_order":0,"comment_status":"closed","ping_status":"closed","template":"","meta":{"footnotes":""},"class_list":["post-2084","page","type-page","status-publish","hentry"],"_links":{"self":[{"href":"https:\/\/www.denkulturelleskolesekken.no\/finnmark\/wp-json\/wp\/v2\/pages\/2084","targetHints":{"allow":["GET"]}}],"collection":[{"href":"https:\/\/www.denkulturelleskolesekken.no\/finnmark\/wp-json\/wp\/v2\/pages"}],"about":[{"href":"https:\/\/www.denkulturelleskolesekken.no\/finnmark\/wp-json\/wp\/v2\/types\/page"}],"author":[{"embeddable":true,"href":"https:\/\/www.denkulturelleskolesekken.no\/finnmark\/wp-json\/wp\/v2\/users\/14"}],"replies":[{"embeddable":true,"href":"https:\/\/www.denkulturelleskolesekken.no\/finnmark\/wp-json\/wp\/v2\/comments?post=2084"}],"version-history":[{"count":14,"href":"https:\/\/www.denkulturelleskolesekken.no\/finnmark\/wp-json\/wp\/v2\/pages\/2084\/revisions"}],"predecessor-version":[{"id":2628,"href":"https:\/\/www.denkulturelleskolesekken.no\/finnmark\/wp-json\/wp\/v2\/pages\/2084\/revisions\/2628"}],"wp:attachment":[{"href":"https:\/\/www.denkulturelleskolesekken.no\/finnmark\/wp-json\/wp\/v2\/media?parent=2084"}],"curies":[{"name":"wp","href":"https:\/\/api.w.org\/{rel}","templated":true}]}}