{"id":6847,"date":"2023-09-01T11:59:25","date_gmt":"2023-09-01T11:59:25","guid":{"rendered":"https:\/\/www.denkulturelleskolesekken.no\/viken\/?page_id=6847"},"modified":"2024-01-03T12:34:29","modified_gmt":"2024-01-03T12:34:29","slug":"onsker-du-a-jobbe-for-dks","status":"publish","type":"page","link":"https:\/\/www.denkulturelleskolesekken.no\/buskerud\/onsker-du-a-jobbe-for-dks\/","title":{"rendered":"\u00d8nsker du \u00e5 turn\u00e9re for DKS?"},"content":{"rendered":"\n<p><strong>Vil du formidle kunst og kultur til barn og unge? Har du et spennende prosjekt p\u00e5 gang? <\/strong><\/p>\n\n\n\n<p>Profesjonelle ut\u00f8vere, institusjoner, produsenter, og formidlere av kunst og kultur kan sende inn s\u00f8knad til Den kulturelle skolesekken. S\u00f8knad sendes inn i den nasjonale DKS-portalen. <\/p>\n\n\n\n<p>S\u00f8knadsfrist er&nbsp;<strong>1. oktober<\/strong>&nbsp;for p\u00e5f\u00f8lgende skole\u00e5r.<\/p>\n\n\n<div id=\"pl-gb6847-69f8a89979926\"  class=\"panel-layout\" ><div id=\"pg-gb6847-69f8a89979926-0\"  class=\"panel-grid panel-has-style\" ><div class=\"panel-row-style panel-row-style-for-gb6847-69f8a89979926-0\" ><div id=\"pgc-gb6847-69f8a89979926-0-0\"  class=\"panel-grid-cell\" ><div id=\"panel-gb6847-69f8a89979926-0-0-0\" class=\"so-panel widget widget_sow-button panel-first-child panel-last-child\" data-index=\"0\" ><div\n\t\t\t\n\t\t\tclass=\"so-widget-sow-button so-widget-sow-button-flat-68801a955ec4-6847\"\n\t\t\t\n\t\t><div class=\"ow-button-base ow-button-align-left\"\n>\n\t\t\t<a\n\t\t\t\t\thref=\"https:\/\/www.denkulturelleskolesekken.no\/forside\/om-dks\/utover\/\"\n\t\t\t\t\tclass=\"sowb-button ow-icon-placement-left ow-button-hover\" \t>\n\t\t<span>\n\t\t\t\t\t\t\t<div class=\"sow-icon-image\" style=\"background-image: url(https:\/\/cdn.denkulturelleskolesekken.no\/viken\/09ed1453-hvot-pil.png)\"><\/div>\n\t\t\t\t\n\t\t\tSend inn s\u00f8knad i DKS-portalen\t\t<\/span>\n\t\t\t<\/a>\n\t<\/div>\n<\/div><\/div><\/div><\/div><\/div><\/div>\n\n\n<div style=\"height:50px\" aria-hidden=\"true\" class=\"wp-block-spacer\"><\/div>\n\n\n<div id=\"pl-gb6847-69f8a899acfae\"  class=\"panel-layout\" ><div id=\"pg-gb6847-69f8a899acfae-0\"  class=\"panel-grid panel-no-style\" ><div id=\"pgc-gb6847-69f8a899acfae-0-0\"  class=\"panel-grid-cell\" ><div id=\"panel-gb6847-69f8a899acfae-0-0-0\" class=\"so-panel widget widget_sow-accordion panel-first-child\" data-index=\"0\" ><div\n\t\t\t\n\t\t\tclass=\"so-widget-sow-accordion so-widget-sow-accordion-default-10f89a63131a-6847\"\n\t\t\t\n\t\t><div>\n\t<div class=\"sow-accordion\">\n\t\t\t<div class=\"sow-accordion-panel\n\t\t\t\t\"\n\t\t\tdata-anchor-id=\"bakgrunn-for-ordningen\">\n\t\t\t\t<div class=\"sow-accordion-panel-header-container\" role=\"heading\" aria-level=\"2\">\n\t\t\t\t\t<div class=\"sow-accordion-panel-header\" tabindex=\"0\" role=\"button\" id=\"accordion-label-bakgrunn-for-ordningen\" aria-controls=\"accordion-content-bakgrunn-for-ordningen\" aria-expanded=\"false\">\n\t\t\t\t\t\t<div class=\"sow-accordion-title sow-accordion-title-icon-left\">\n\t\t\t\t\t\t\t\t\t\t\t\t\t\tBakgrunn for ordningen\t\t\t\t\t\t\t\t\t\t\t\t\t<\/div>\n\t\t\t\t\t\t<div class=\"sow-accordion-open-close-button\">\n\t\t\t\t\t\t\t<div class=\"sow-accordion-open-button\">\n\t\t\t\t\t\t\t\t<span class=\"sow-icon-ionicons\" data-sow-icon=\"&#xf218;\"\n\t\t \n\t\taria-hidden=\"true\"><\/span>\t\t\t\t\t\t\t<\/div>\n\t\t\t\t\t\t\t<div class=\"sow-accordion-close-button\">\n\t\t\t\t\t\t\t\t<span class=\"sow-icon-ionicons\" data-sow-icon=\"&#xf209;\"\n\t\t \n\t\taria-hidden=\"true\"><\/span>\t\t\t\t\t\t\t<\/div>\n\t\t\t\t\t\t<\/div>\n\t\t\t\t\t<\/div>\n\t\t\t\t<\/div>\n\n\t\t\t<div\n\t\t\t\tclass=\"sow-accordion-panel-content\"\n\t\t\t\trole=\"region\"\n\t\t\t\taria-labelledby=\"accordion-label-bakgrunn-for-ordningen\"\n\t\t\t\tid=\"accordion-content-bakgrunn-for-ordningen\"\n\t\t\t\tstyle=\"display: none;\"\t\t\t>\n\t\t\t\t<div class=\"sow-accordion-panel-border\">\n\t\t\t\t\t<p><\/p>\n<p><strong>Bakgrunn<\/strong><\/p>\n<p>DKS er en ordning som finnes i hele landet, og skal bidra til at alle barn f\u00e5r mulighet til \u00e5 m\u00f8te, oppleve, gj\u00f8re seg kjent med og utvikle forst\u00e5else for profesjonelle kunst- og kulturuttrykk.<\/p>\n<p>DKS er et samarbeid mellom Kulturdepartementet, Kunnskapsdepartementet og alle fylkeskommuner og kommuner.<\/p>\n<p>Du kan lese mer om ordningen under siden <a href=\"https:\/\/www.denkulturelleskolesekken.no\/buskerud\/hva-er-dks\/\">\u201cOm oss\u201d<\/a>.<\/p>\n<p><strong>Program og m\u00e5lgruppe<\/strong><\/p>\n<p>DKS leverer kunst og kultur til elever i grunnskolen og videreg\u00e5ende skole (vgs.). Grunnskolen best\u00e5r av 1.-10. trinn med 122 skoler og omtrent 45000 elever. Videreg\u00e5ende skole best\u00e5r av 16 skoler og omtrent 8000 elever.<\/p>\n<p>Vi leverer turneer i seks ulike kunstsjangere til forskjellige trinn p\u00e5 skolen:<\/p>\n<ul>\n<li>Musikk og scenekunst programmeres p\u00e5 alle trinn<\/li>\n<li>Litteratur programmeres for 3., 6., 9. trinn<\/li>\n<li>Film programmeres for 4., 7., 10. trinn<\/li>\n<li>Visuell kunst programmeres for 2., 5., 8. trinn<\/li>\n<li>Kulturarv programmeres for 4., 6. trinn<\/li>\n<li>P\u00e5 vgs. tilbys alle kunstsjangere<\/li>\n<\/ul>\n<p>DKS Buskerud har ogs\u00e5 et tilrettelagt program for elever med funksjonsvariasjoner. I tillegg har vi ordningen Kulturdr\u00e5pen med kunst- og kulturopplevelser i fengsler og rusinstitusjoner.<\/p>\n<p>\u00d8nsker du \u00e5 lese mer om hvem vi er, mandat og organisering? Ta en titt p\u00e5 v\u00e5r side <a href=\"https:\/\/www.denkulturelleskolesekken.no\/buskerud\/hva-er-dks\/\">&#8220;Om DKS Buskerud&#8221;<\/a>, og p\u00e5 <a href=\"https:\/\/www.denkulturelleskolesekken.no\/\">den nasjonale siden for Den kulturelle skolesekken.<\/a><\/p>\n<p><\/p>\n\t\t\t\t<\/div>\n\t\t\t<\/div>\n\t\t<\/div>\n\t\t<\/div>\n<\/div>\n<\/div><\/div><div id=\"panel-gb6847-69f8a899acfae-0-0-1\" class=\"so-panel widget widget_sow-accordion\" data-index=\"1\" ><div\n\t\t\t\n\t\t\tclass=\"so-widget-sow-accordion so-widget-sow-accordion-default-10f89a63131a-6847\"\n\t\t\t\n\t\t><div>\n\t<div class=\"sow-accordion\">\n\t\t\t<div class=\"sow-accordion-panel\n\t\t\t\t\"\n\t\t\tdata-anchor-id=\"hvem-kan-soke\">\n\t\t\t\t<div class=\"sow-accordion-panel-header-container\" role=\"heading\" aria-level=\"2\">\n\t\t\t\t\t<div class=\"sow-accordion-panel-header\" tabindex=\"0\" role=\"button\" id=\"accordion-label-hvem-kan-s%c3%b8ke\" aria-controls=\"accordion-content-hvem-kan-s%c3%b8ke\" aria-expanded=\"false\">\n\t\t\t\t\t\t<div class=\"sow-accordion-title sow-accordion-title-icon-left\">\n\t\t\t\t\t\t\t\t\t\t\t\t\t\tHvem kan s\u00f8ke?\t\t\t\t\t\t\t\t\t\t\t\t\t<\/div>\n\t\t\t\t\t\t<div class=\"sow-accordion-open-close-button\">\n\t\t\t\t\t\t\t<div class=\"sow-accordion-open-button\">\n\t\t\t\t\t\t\t\t<span class=\"sow-icon-ionicons\" data-sow-icon=\"&#xf218;\"\n\t\t \n\t\taria-hidden=\"true\"><\/span>\t\t\t\t\t\t\t<\/div>\n\t\t\t\t\t\t\t<div class=\"sow-accordion-close-button\">\n\t\t\t\t\t\t\t\t<span class=\"sow-icon-ionicons\" data-sow-icon=\"&#xf209;\"\n\t\t \n\t\taria-hidden=\"true\"><\/span>\t\t\t\t\t\t\t<\/div>\n\t\t\t\t\t\t<\/div>\n\t\t\t\t\t<\/div>\n\t\t\t\t<\/div>\n\n\t\t\t<div\n\t\t\t\tclass=\"sow-accordion-panel-content\"\n\t\t\t\trole=\"region\"\n\t\t\t\taria-labelledby=\"accordion-label-hvem-kan-s%c3%b8ke\"\n\t\t\t\tid=\"accordion-content-hvem-kan-s%c3%b8ke\"\n\t\t\t\tstyle=\"display: none;\"\t\t\t>\n\t\t\t\t<div class=\"sow-accordion-panel-border\">\n\t\t\t\t\t<p>Profesjonelle ut\u00f8vere, institusjoner, produsenter og formidlere av kunst og kultur kan sende inn s\u00f8knad til DKS.<\/p>\n<p><strong>Selvstendig n\u00e6ringsdrivende<\/strong><\/p>\n<p>For \u00e5 inng\u00e5 en avtale mellom deg og DKS Buskerud m\u00e5 du v\u00e6re selvstendig n\u00e6ringsdrivende. Du har ansvar for egne forsikringer, og sender oss faktura for \u00e5 motta honorar.<\/p>\n<p>For honorering f\u00f8lger vi rammeavtalen mellom KS og CREO; <a href=\"https:\/\/www.ks.no\/fagomrader\/lonn-og-tariff\/ovrig-informasjon\/honorarsatser-den-kulturelle-skolesekken\/\">ASA 4401<\/a><\/p>\n\t\t\t\t<\/div>\n\t\t\t<\/div>\n\t\t<\/div>\n\t\t<\/div>\n<\/div>\n<\/div><\/div><div id=\"panel-gb6847-69f8a899acfae-0-0-2\" class=\"so-panel widget widget_sow-accordion\" data-index=\"2\" ><div\n\t\t\t\n\t\t\tclass=\"so-widget-sow-accordion so-widget-sow-accordion-default-10f89a63131a-6847\"\n\t\t\t\n\t\t><div>\n\t<div class=\"sow-accordion\">\n\t\t\t<div class=\"sow-accordion-panel\n\t\t\t\t\"\n\t\t\tdata-anchor-id=\"kriterier-vi-legger-vekt-pa\">\n\t\t\t\t<div class=\"sow-accordion-panel-header-container\" role=\"heading\" aria-level=\"2\">\n\t\t\t\t\t<div class=\"sow-accordion-panel-header\" tabindex=\"0\" role=\"button\" id=\"accordion-label-kriterier-vi-legger-vekt-p%c3%a5\" aria-controls=\"accordion-content-kriterier-vi-legger-vekt-p%c3%a5\" aria-expanded=\"false\">\n\t\t\t\t\t\t<div class=\"sow-accordion-title sow-accordion-title-icon-left\">\n\t\t\t\t\t\t\t\t\t\t\t\t\t\tKriterier vi legger vekt p\u00e5\t\t\t\t\t\t\t\t\t\t\t\t\t<\/div>\n\t\t\t\t\t\t<div class=\"sow-accordion-open-close-button\">\n\t\t\t\t\t\t\t<div class=\"sow-accordion-open-button\">\n\t\t\t\t\t\t\t\t<span class=\"sow-icon-ionicons\" data-sow-icon=\"&#xf218;\"\n\t\t \n\t\taria-hidden=\"true\"><\/span>\t\t\t\t\t\t\t<\/div>\n\t\t\t\t\t\t\t<div class=\"sow-accordion-close-button\">\n\t\t\t\t\t\t\t\t<span class=\"sow-icon-ionicons\" data-sow-icon=\"&#xf209;\"\n\t\t \n\t\taria-hidden=\"true\"><\/span>\t\t\t\t\t\t\t<\/div>\n\t\t\t\t\t\t<\/div>\n\t\t\t\t\t<\/div>\n\t\t\t\t<\/div>\n\n\t\t\t<div\n\t\t\t\tclass=\"sow-accordion-panel-content\"\n\t\t\t\trole=\"region\"\n\t\t\t\taria-labelledby=\"accordion-label-kriterier-vi-legger-vekt-p%c3%a5\"\n\t\t\t\tid=\"accordion-content-kriterier-vi-legger-vekt-p%c3%a5\"\n\t\t\t\tstyle=\"display: none;\"\t\t\t>\n\t\t\t\t<div class=\"sow-accordion-panel-border\">\n\t\t\t\t\t<p><strong>Formidling ovenfor barn og unge<\/strong><\/p>\n<p>Publikumet til DKS er barn og unge. Vi legger derfor vekt p\u00e5 at du trives med \u00e5 formidle ovenfor denne m\u00e5lgruppen.<\/p>\n<p><strong>Skolens lokaler\/arena<\/strong><\/p>\n<p>De fleste formidlinger foreg\u00e5r p\u00e5 en skole, og det er sv\u00e6rt ulikt hvilke fasiliteter skolene kan tilby. Noen skoler har auditorium med amfi, blending, lyd og lys, mens de fleste har gymsaler eller andre samlingsrom som ikke alltid gir de samme muligheter til for eksempel god blending.<\/p>\n<p>Du m\u00e5 derfor like utfordringen i \u00e5 formidle under forutsetninger som kanskje ikke er optimale for ditt kunstuttrykk.<\/p>\n<p><strong>Utstyr og logistikk<\/strong><\/p>\n<p>I tillegg til ulike fasiliteter p\u00e5 rommene formidlingen foreg\u00e5r i, kan det v\u00e6re n\u00f8dvendig \u00e5 b\u00e6re utstyret gjennom d\u00f8rer av ulik st\u00f8rrelse, samt opp og ned trapper. Rommene kan ha begrenset tilgjengelighet i forhold til opprigg- og nedriggstid, da fellesrom ofte er i bruk hver dag. Krevende rigger og produksjoner kan skape slitasje p\u00e5 b\u00e5de ut\u00f8vere og skolene.<\/p>\n<p>Derfor er det viktig at st\u00f8rrelse p\u00e5 produksjonen er turn\u00e9vennlig. Alle som jobber for DKS m\u00e5 derfor v\u00e6re \u00e5pen for \u00e5 tilpasse sin produksjon til skolens arena. Du m\u00e5 tenke n\u00f8ye gjennom hva som er n\u00f8dvendig av teknisk utstyr og sceniske elementer, og finne en balanse mellom kunstnerisk uttrykk og praktisk gjennomf\u00f8ring.<\/p>\n<p><strong>Turn\u00e9livet<\/strong><\/p>\n<p>Reisevirksomhet er en stor del av \u00e5 jobbe for DKS. Du f\u00e5r oppsatt turn\u00e9perioder som inneb\u00e6rer flytt fra skole til skole. Du m\u00e5 ogs\u00e5 v\u00e6re forberedt p\u00e5 \u00e5 formidle flere ganger i l\u00f8pet av en dag.<\/p>\n<p>Et utdrag fra rammeavtalen om vilk\u00e5r for DKS viser deg hvordan en turn\u00e9dag kan se ut:<\/p>\n<ul>\n<li>For konserter og scenekunst skal samlet effektiv formidlingstid ikke overstige 3 timer per dag. Ut\u00f8verne kan medvirke ved inntil 3 konserter\/forestillinger hver dag.<\/li>\n<li>For dans skal samlet effektiv formidlingstid ikke overstige 2,5 timer per dag.<\/li>\n<li>For forelesning, formidling av litteratur, kunstutstillinger, filmpresentasjoner og lignende skal samlet effektiv formidling normalt ikke overstige 3 timer per dag.<\/li>\n<li>For verksteder skal samlet verkstedstid inkludert aktiv formidling og elevaktiviteter normalt ikke overstige 5 timer per dag.<\/li>\n<li>N\u00e5r danser er hovedakt\u00f8r ved en turn\u00e9, skal det ikke v\u00e6re mer enn 2 forestillinger per dag dersom det er forflytning mellom konsertene.<\/li>\n<\/ul>\n<p>Tiden fra oppdraget begynner til det slutter samme dag skal som hovedregel, inkludert reisetid, ikke overstige 10 timer.<\/p>\n<p><strong>Ambassad\u00f8r for DKS<\/strong><\/p>\n<p>N\u00e5r du er p\u00e5 oppdrag for DKS er du v\u00e5rt ansikt utad. Det er viktig at du alltid forteller at du kommer fra DKS Buskerud n\u00e5r du m\u00f8ter skolen og elevene. Vi har ogs\u00e5 et ansvar for \u00e5 kreditere hverandre n\u00e5r vi omtaler hverandre i sosiale medier og lignende.<\/p>\n<p><strong>Veiledning<\/strong><\/p>\n<p>DKS Buskerud har ansatte med kunstfaglig, teknisk- og turn\u00e9kompetanse som kan veilede deg med \u00e5 tilpasse din produksjon til m\u00e5lgruppen og skolen som arena. De vil v\u00e6re en viktig ressurs under arbeidet og det forutsettes at du er \u00e5pen for et samarbeid for \u00e5 gj\u00f8re kunstopplevelsen best mulig for elevene.<\/p>\n\t\t\t\t<\/div>\n\t\t\t<\/div>\n\t\t<\/div>\n\t\t<\/div>\n<\/div>\n<\/div><\/div><div id=\"panel-gb6847-69f8a899acfae-0-0-3\" class=\"so-panel widget widget_sow-accordion\" data-index=\"3\" ><div\n\t\t\t\n\t\t\tclass=\"so-widget-sow-accordion so-widget-sow-accordion-default-10f89a63131a-6847\"\n\t\t\t\n\t\t><div>\n\t<div class=\"sow-accordion\">\n\t\t\t<div class=\"sow-accordion-panel\n\t\t\t\t\"\n\t\t\tdata-anchor-id=\"hvordan-vurderes-soknadene-vi-far-inn\">\n\t\t\t\t<div class=\"sow-accordion-panel-header-container\" role=\"heading\" aria-level=\"2\">\n\t\t\t\t\t<div class=\"sow-accordion-panel-header\" tabindex=\"0\" role=\"button\" id=\"accordion-label-hvordan-vurderes-s%c3%b8knadene-vi-f%c3%a5r-inn\" aria-controls=\"accordion-content-hvordan-vurderes-s%c3%b8knadene-vi-f%c3%a5r-inn\" aria-expanded=\"false\">\n\t\t\t\t\t\t<div class=\"sow-accordion-title sow-accordion-title-icon-left\">\n\t\t\t\t\t\t\t\t\t\t\t\t\t\tHvordan vurderes s\u00f8knadene vi f\u00e5r inn?\t\t\t\t\t\t\t\t\t\t\t\t\t<\/div>\n\t\t\t\t\t\t<div class=\"sow-accordion-open-close-button\">\n\t\t\t\t\t\t\t<div class=\"sow-accordion-open-button\">\n\t\t\t\t\t\t\t\t<span class=\"sow-icon-ionicons\" data-sow-icon=\"&#xf218;\"\n\t\t \n\t\taria-hidden=\"true\"><\/span>\t\t\t\t\t\t\t<\/div>\n\t\t\t\t\t\t\t<div class=\"sow-accordion-close-button\">\n\t\t\t\t\t\t\t\t<span class=\"sow-icon-ionicons\" data-sow-icon=\"&#xf209;\"\n\t\t \n\t\taria-hidden=\"true\"><\/span>\t\t\t\t\t\t\t<\/div>\n\t\t\t\t\t\t<\/div>\n\t\t\t\t\t<\/div>\n\t\t\t\t<\/div>\n\n\t\t\t<div\n\t\t\t\tclass=\"sow-accordion-panel-content\"\n\t\t\t\trole=\"region\"\n\t\t\t\taria-labelledby=\"accordion-label-hvordan-vurderes-s%c3%b8knadene-vi-f%c3%a5r-inn\"\n\t\t\t\tid=\"accordion-content-hvordan-vurderes-s%c3%b8knadene-vi-f%c3%a5r-inn\"\n\t\t\t\tstyle=\"display: none;\"\t\t\t>\n\t\t\t\t<div class=\"sow-accordion-panel-border\">\n\t\t\t\t\t<p>DKS Buskerud vektlegger kunstopplevelsen i programmeringen.<br \/>\nProdusentene vurderer programforslag etter et kvalifisert kunstnerisk skj\u00f8nn, sammen med faglige r\u00e5d, etter blant annet disse kriteriene:<\/p>\n<ul>\n<li>Har formidlingen h\u00f8y kunstnerisk kvalitet med profesjonelle ut\u00f8vere?<\/li>\n<li>Hvordan skapes en opplevelse for elevene?<\/li>\n<li>For hvilke aldersgrupper passer forslaget, og hvorfor?<\/li>\n<li>Hvordan brukes skolen som arena?<\/li>\n<li>Hvordan ivaretas et mangfold og sjangerbredde i programmeringen?<\/li>\n<\/ul>\n<p>Veiledning, inkludert utviklingsmidler til produksjon og tilrettelegging for DKS, kan vurderes i hvert enkelt tilfelle.<\/p>\n<p><strong>V\u00e5r oppmerksom p\u00e5 f\u00f8lgende<\/strong><\/p>\n<p>Det er ulikt hvor mange s\u00f8knader som blir godkjent hvert \u00e5r. Det avhenger av budsjett, antall elever og hvor mange nye produksjoner som trengs det p\u00e5f\u00f8lgende skole\u00e5r.<\/p>\n<p>Ved et eventuelt oppdrag for oss gj\u00f8res avtale om turn\u00e9 det p\u00e5f\u00f8lgende skole\u00e5r. Lengde p\u00e5 turn\u00e9 varierer ut fra behov og helheten i programmet.<\/p>\n<p>Noen produksjoner kan f\u00e5 avtale over flere \u00e5r, men dette vurderes for hvert skole\u00e5r.<\/p>\n\t\t\t\t<\/div>\n\t\t\t<\/div>\n\t\t<\/div>\n\t\t<\/div>\n<\/div>\n<\/div><\/div><div id=\"panel-gb6847-69f8a899acfae-0-0-4\" class=\"so-panel widget widget_sow-accordion panel-last-child\" data-index=\"4\" ><div\n\t\t\t\n\t\t\tclass=\"so-widget-sow-accordion so-widget-sow-accordion-default-10f89a63131a-6847\"\n\t\t\t\n\t\t><div>\n\t<div class=\"sow-accordion\">\n\t\t\t<div class=\"sow-accordion-panel\n\t\t\t\t\"\n\t\t\tdata-anchor-id=\"hvordan-soker-du\">\n\t\t\t\t<div class=\"sow-accordion-panel-header-container\" role=\"heading\" aria-level=\"2\">\n\t\t\t\t\t<div class=\"sow-accordion-panel-header\" tabindex=\"0\" role=\"button\" id=\"accordion-label-hvordan-s%c3%b8ker-du\" aria-controls=\"accordion-content-hvordan-s%c3%b8ker-du\" aria-expanded=\"false\">\n\t\t\t\t\t\t<div class=\"sow-accordion-title sow-accordion-title-icon-left\">\n\t\t\t\t\t\t\t\t\t\t\t\t\t\tHvordan s\u00f8ker du? \t\t\t\t\t\t\t\t\t\t\t\t\t<\/div>\n\t\t\t\t\t\t<div class=\"sow-accordion-open-close-button\">\n\t\t\t\t\t\t\t<div class=\"sow-accordion-open-button\">\n\t\t\t\t\t\t\t\t<span class=\"sow-icon-ionicons\" data-sow-icon=\"&#xf218;\"\n\t\t \n\t\taria-hidden=\"true\"><\/span>\t\t\t\t\t\t\t<\/div>\n\t\t\t\t\t\t\t<div class=\"sow-accordion-close-button\">\n\t\t\t\t\t\t\t\t<span class=\"sow-icon-ionicons\" data-sow-icon=\"&#xf209;\"\n\t\t \n\t\taria-hidden=\"true\"><\/span>\t\t\t\t\t\t\t<\/div>\n\t\t\t\t\t\t<\/div>\n\t\t\t\t\t<\/div>\n\t\t\t\t<\/div>\n\n\t\t\t<div\n\t\t\t\tclass=\"sow-accordion-panel-content\"\n\t\t\t\trole=\"region\"\n\t\t\t\taria-labelledby=\"accordion-label-hvordan-s%c3%b8ker-du\"\n\t\t\t\tid=\"accordion-content-hvordan-s%c3%b8ker-du\"\n\t\t\t\tstyle=\"display: none;\"\t\t\t>\n\t\t\t\t<div class=\"sow-accordion-panel-border\">\n\t\t\t\t\t<p><strong>Nasjonal DKS-portal<\/strong><\/p>\n<p>Alle som vil sende inn s\u00f8knad til DKS m\u00e5 sende inn s\u00f8knad gjennom <a href=\"https:\/\/www.denkulturelleskolesekken.no\/forside\/om-dks\/utover\/\">den nasjonale DKS-portalen<\/a>. Der velger du blant annet hvilket fylke du \u00f8nsker \u00e5 turn\u00e9re for.<\/p>\n<p>DKS-portalen er \u00e5pen for innsending av s\u00f8knader fra midten av august til 1. oktober.<\/p>\n<p><strong>N\u00e5r f\u00e5r jeg svar p\u00e5 s\u00f8knaden?<\/strong><\/p>\n<p>Alle som har sendt inn s\u00f8knad til DKS f\u00e5r skriftlig svar innen 1. mars det p\u00e5f\u00f8lgende \u00e5ret.<\/p>\n<p><strong>S\u00f8knadsfrist<\/strong><\/p>\n<p>S\u00f8knadsfrist er 1. oktober for det p\u00e5f\u00f8lgende skole\u00e5r.<\/p>\n\t\t\t\t<\/div>\n\t\t\t<\/div>\n\t\t<\/div>\n\t\t<\/div>\n<\/div>\n<\/div><\/div><\/div><\/div><\/div>\n\n\n<p><\/p>\n\n\n\n<div style=\"height:100px\" aria-hidden=\"true\" class=\"wp-block-spacer\"><\/div>\n","protected":false},"excerpt":{"rendered":"<p>Vil du formidle kunst og kultur til barn og unge? Har du et spennende prosjekt p\u00e5 gang? Profesjonelle ut\u00f8vere, institusjoner, produsenter, og formidlere av kunst og kultur kan sende inn s\u00f8knad til Den kulturelle skolesekken. S\u00f8knad sendes inn i den nasjonale DKS-portalen. S\u00f8knadsfrist er&nbsp;1. oktober&nbsp;for p\u00e5f\u00f8lgende skole\u00e5r.<\/p>\n","protected":false},"author":10,"featured_media":7276,"parent":0,"menu_order":0,"comment_status":"closed","ping_status":"closed","template":"","meta":{"footnotes":""},"class_list":["post-6847","page","type-page","status-publish","has-post-thumbnail","hentry"],"_links":{"self":[{"href":"https:\/\/www.denkulturelleskolesekken.no\/buskerud\/wp-json\/wp\/v2\/pages\/6847","targetHints":{"allow":["GET"]}}],"collection":[{"href":"https:\/\/www.denkulturelleskolesekken.no\/buskerud\/wp-json\/wp\/v2\/pages"}],"about":[{"href":"https:\/\/www.denkulturelleskolesekken.no\/buskerud\/wp-json\/wp\/v2\/types\/page"}],"author":[{"embeddable":true,"href":"https:\/\/www.denkulturelleskolesekken.no\/buskerud\/wp-json\/wp\/v2\/users\/10"}],"replies":[{"embeddable":true,"href":"https:\/\/www.denkulturelleskolesekken.no\/buskerud\/wp-json\/wp\/v2\/comments?post=6847"}],"version-history":[{"count":84,"href":"https:\/\/www.denkulturelleskolesekken.no\/buskerud\/wp-json\/wp\/v2\/pages\/6847\/revisions"}],"predecessor-version":[{"id":7420,"href":"https:\/\/www.denkulturelleskolesekken.no\/buskerud\/wp-json\/wp\/v2\/pages\/6847\/revisions\/7420"}],"wp:featuredmedia":[{"embeddable":true,"href":"https:\/\/www.denkulturelleskolesekken.no\/buskerud\/wp-json\/wp\/v2\/media\/7276"}],"wp:attachment":[{"href":"https:\/\/www.denkulturelleskolesekken.no\/buskerud\/wp-json\/wp\/v2\/media?parent=6847"}],"curies":[{"name":"wp","href":"https:\/\/api.w.org\/{rel}","templated":true}]}}