{"id":6089,"date":"2023-02-07T12:48:36","date_gmt":"2023-02-07T12:48:36","guid":{"rendered":"https:\/\/www.denkulturelleskolesekken.no\/viken\/?page_id=6089"},"modified":"2024-07-04T08:15:13","modified_gmt":"2024-07-04T08:15:13","slug":"videohilsen","status":"publish","type":"page","link":"https:\/\/www.denkulturelleskolesekken.no\/buskerud\/videohilsen\/","title":{"rendered":"Videohilsen"},"content":{"rendered":"\n<p>To uker f\u00f8r turn\u00e9en starter sender DKS Buskerud et nyhetsbrev til skolen for \u00e5 forberede elevene p\u00e5 ditt bes\u00f8k. I tillegg vil vi legge ved en videohilsen fra deg til elevene, slik at de vet litt om hvem du er og hva de skal oppleve.<br><br>Filmen b\u00f8r vare rundt 1 minutt, og blir en promotering for deg og din turn\u00e9. Vis gjerne frem noe av det elevene f\u00e5r oppleve. Legg gjerne ved et par korte klipp av produksjonen hvis du har. Vi klipper det sammen, og legger p\u00e5 vignett og DKS Buskerud logo.<\/p>\n\n\n\n<h2 class=\"wp-block-heading\">Videoens innhold<\/h2>\n\n\n\n<ul class=\"wp-block-list\"><li> Varighet ca. 1 minutt<\/li><li>Henvend deg direkte til elevene<\/li><li>Introduser deg selv og fortell kort om prosjektet ditt <br>&#8211; Hva du heter og hvor du kommer fra <br>&#8211; Hva du gj\u00f8r som kunstner\/formidler <br>&#8211; Hva du skal gj\u00f8re\/vise dem n\u00e5r du kommer til skolen\/kulturhus<\/li><li>Si gjerne noe om hvordan elevene kan forberede seg til bes\u00f8ket<\/li><li><strong>Husk<\/strong>! Unng\u00e5 \u00e5 nevne skole, trinn, \u00e5rstall, datoer eller geografiske omr\u00e5der, i tilfelle det blir endringer i turn\u00e9en, eller dersom du skal ut p\u00e5 turn\u00e9 for oss ved en senere anledning<\/li><\/ul>\n\n\n\n<div class=\"wp-block-group\"><div class=\"wp-block-group__inner-container is-layout-flow wp-block-group-is-layout-flow\"><\/div><\/div>\n\n\n\n<h2 class=\"wp-block-heading\">Teknisk<\/h2>\n\n\n\n<ul class=\"wp-block-list\"><li>Filmen skal v\u00e6re i liggende\/bredde format<\/li><li>Sett gjerne fra deg telefonen p\u00e5 et stativ\/bord, eller f\u00e5 noen andre til \u00e5 filme deg<\/li><li>Finn et rom\/sted med god belysning og ikke s\u00e5 mange forstyrrende lyder<\/li><li>Lyden blir best hvis du ikke st\u00e5r for langt unna mobilen<\/li><li>Ett sammenhengende klipp<\/li><li>Se gjennom klippet og sjekk at budskapet kommer godt fram<\/li><\/ul>\n\n\n\n<h2 class=\"wp-block-heading\">Opplasting<\/h2>\n\n\n\n<p>Send videosnutten(e) til din produsent via. en fildelingstjeneste som WeTransfer, Dropbox eller lignende.<br>Husk \u00e5 gi videoen er forst\u00e5elig navn, og gi beskjed til produsent n\u00e5r video er lastet opp.<\/p>\n\n\n\n<h2 class=\"wp-block-heading\">Eksempler p\u00e5 videohilsen<\/h2>\n\n\n\n<div class=\"wp-block-columns is-layout-flex wp-container-core-columns-is-layout-9d6595d7 wp-block-columns-is-layout-flex\">\n<div class=\"wp-block-column is-layout-flow wp-block-column-is-layout-flow\">\n<figure class=\"wp-block-embed is-type-video is-provider-vimeo wp-block-embed-vimeo wp-embed-aspect-16-9 wp-has-aspect-ratio\"><div class=\"wp-block-embed__wrapper\">\n<iframe loading=\"lazy\" title=\"DKS Viken videohilsen - Frac\" src=\"https:\/\/player.vimeo.com\/video\/796601108?dnt=1&amp;app_id=122963\" width=\"500\" height=\"281\" frameborder=\"0\" allow=\"autoplay; fullscreen; picture-in-picture; clipboard-write\"><\/iframe>\n<\/div><\/figure>\n<\/div>\n\n\n\n<div class=\"wp-block-column is-layout-flow wp-block-column-is-layout-flow\">\n<figure class=\"wp-block-embed is-type-video is-provider-vimeo wp-block-embed-vimeo wp-embed-aspect-16-9 wp-has-aspect-ratio\"><div class=\"wp-block-embed__wrapper\">\n<iframe loading=\"lazy\" title=\"DKS Viken Videohilsen - Harald H\u00e5rfagre\" src=\"https:\/\/player.vimeo.com\/video\/811217833?dnt=1&amp;app_id=122963\" width=\"500\" height=\"281\" frameborder=\"0\" allow=\"autoplay; fullscreen; picture-in-picture; clipboard-write\"><\/iframe>\n<\/div><\/figure>\n<\/div>\n<\/div>\n","protected":false},"excerpt":{"rendered":"<p>To uker f\u00f8r turn\u00e9en starter sender DKS Buskerud et nyhetsbrev til skolen for \u00e5 forberede elevene p\u00e5 ditt bes\u00f8k. I tillegg vil vi legge ved en videohilsen fra deg til elevene, slik at de vet litt om hvem du er og hva de skal oppleve. Filmen b\u00f8r vare rundt 1 minutt, og blir en promotering [&hellip;]<\/p>\n","protected":false},"author":25,"featured_media":6121,"parent":0,"menu_order":0,"comment_status":"closed","ping_status":"closed","template":"","meta":{"footnotes":""},"class_list":["post-6089","page","type-page","status-publish","has-post-thumbnail","hentry"],"_links":{"self":[{"href":"https:\/\/www.denkulturelleskolesekken.no\/buskerud\/wp-json\/wp\/v2\/pages\/6089","targetHints":{"allow":["GET"]}}],"collection":[{"href":"https:\/\/www.denkulturelleskolesekken.no\/buskerud\/wp-json\/wp\/v2\/pages"}],"about":[{"href":"https:\/\/www.denkulturelleskolesekken.no\/buskerud\/wp-json\/wp\/v2\/types\/page"}],"author":[{"embeddable":true,"href":"https:\/\/www.denkulturelleskolesekken.no\/buskerud\/wp-json\/wp\/v2\/users\/25"}],"replies":[{"embeddable":true,"href":"https:\/\/www.denkulturelleskolesekken.no\/buskerud\/wp-json\/wp\/v2\/comments?post=6089"}],"version-history":[{"count":41,"href":"https:\/\/www.denkulturelleskolesekken.no\/buskerud\/wp-json\/wp\/v2\/pages\/6089\/revisions"}],"predecessor-version":[{"id":7529,"href":"https:\/\/www.denkulturelleskolesekken.no\/buskerud\/wp-json\/wp\/v2\/pages\/6089\/revisions\/7529"}],"wp:featuredmedia":[{"embeddable":true,"href":"https:\/\/www.denkulturelleskolesekken.no\/buskerud\/wp-json\/wp\/v2\/media\/6121"}],"wp:attachment":[{"href":"https:\/\/www.denkulturelleskolesekken.no\/buskerud\/wp-json\/wp\/v2\/media?parent=6089"}],"curies":[{"name":"wp","href":"https:\/\/api.w.org\/{rel}","templated":true}]}}