{"id":5888,"date":"2023-09-01T11:59:21","date_gmt":"2023-09-01T11:59:21","guid":{"rendered":"https:\/\/www.denkulturelleskolesekken.no\/viken\/?page_id=5888"},"modified":"2024-07-04T08:02:24","modified_gmt":"2024-07-04T08:02:24","slug":"utover-i-dks","status":"publish","type":"page","link":"https:\/\/www.denkulturelleskolesekken.no\/buskerud\/utover-i-dks\/","title":{"rendered":"Ut\u00f8ver i DKS"},"content":{"rendered":"\n<p><strong>Hvert \u00e5r m\u00f8ter alle elever profesjonelle kunstnere og ut\u00f8vere gjennom Den kulturelle skolesekken (DKS). DKS er en av de st\u00f8rste arbeidsplassene for kunstnere i Norge. <\/strong><\/p>\n\n\n\n<div style=\"height:20px\" aria-hidden=\"true\" class=\"wp-block-spacer\"><\/div>\n\n\n\n<p>Har du et prosjekt p\u00e5 gang? Lurer du p\u00e5 hvem som kan s\u00f8ke? P\u00e5 siden &#8220;\u00d8nsker du \u00e5 jobbe for DKS?&#8221; kan du lese mer om hva vi ser etter, og hvordan du sender inn s\u00f8knad.<\/p>\n\n\n<div id=\"pl-gb5888-69f8aa06546f6\"  class=\"panel-layout\" ><div id=\"pg-gb5888-69f8aa06546f6-0\"  class=\"panel-grid panel-has-style\" ><div class=\"panel-row-style panel-row-style-for-gb5888-69f8aa06546f6-0\" ><div id=\"pgc-gb5888-69f8aa06546f6-0-0\"  class=\"panel-grid-cell\" ><div id=\"panel-gb5888-69f8aa06546f6-0-0-0\" class=\"so-panel widget widget_sow-button panel-first-child panel-last-child\" data-index=\"0\" ><div\n\t\t\t\n\t\t\tclass=\"so-widget-sow-button so-widget-sow-button-flat-76ff7dc3784d-5888\"\n\t\t\t\n\t\t><div class=\"ow-button-base ow-button-align-left\"\n>\n\t\t\t<a\n\t\t\t\t\thref=\"https:\/\/www.denkulturelleskolesekken.no\/buskerud\/onsker-du-a-jobbe-for-dks\/\"\n\t\t\t\t\tclass=\"sowb-button ow-icon-placement-left ow-button-hover\" \t>\n\t\t<span>\n\t\t\t\t\t\t\t<div class=\"sow-icon-image\" style=\"background-image: url(https:\/\/cdn.denkulturelleskolesekken.no\/viken\/09ed1453-hvot-pil.png)\"><\/div>\n\t\t\t\t\n\t\t\t\u00d8nsker du \u00e5 turn\u00e9re for DKS?\t\t<\/span>\n\t\t\t<\/a>\n\t<\/div>\n<\/div><\/div><\/div><\/div><\/div><\/div>\n\n\n<div style=\"height:20px\" aria-hidden=\"true\" class=\"wp-block-spacer\"><\/div>\n\n\n\n<p>Er du i gang med et oppdrag for oss? Er du ut\u00f8ver p\u00e5 turn\u00e9? Vi har samlet en del praktisk informasjon som er relevant for deg p\u00e5 siden &#8220;Til deg som er p\u00e5 turn\u00e9&#8221;.  <\/p>\n\n\n<div id=\"pl-gb5888-69f8aa0688568\"  class=\"panel-layout\" ><div id=\"pg-gb5888-69f8aa0688568-0\"  class=\"panel-grid panel-has-style\" ><div class=\"panel-row-style panel-row-style-for-gb5888-69f8aa0688568-0\" ><div id=\"pgc-gb5888-69f8aa0688568-0-0\"  class=\"panel-grid-cell\" ><div id=\"panel-gb5888-69f8aa0688568-0-0-0\" class=\"so-panel widget widget_sow-button panel-first-child panel-last-child\" data-index=\"0\" ><div\n\t\t\t\n\t\t\tclass=\"so-widget-sow-button so-widget-sow-button-flat-76ff7dc3784d-5888\"\n\t\t\t\n\t\t><div class=\"ow-button-base ow-button-align-left\"\n>\n\t\t\t<a\n\t\t\t\t\thref=\"https:\/\/www.denkulturelleskolesekken.no\/buskerud\/informasjon-til-deg-som-er-pa-turne-for-dks\/\"\n\t\t\t\t\tclass=\"sowb-button ow-icon-placement-left ow-button-hover\" \t>\n\t\t<span>\n\t\t\t\t\t\t\t<div class=\"sow-icon-image\" style=\"background-image: url(https:\/\/cdn.denkulturelleskolesekken.no\/viken\/09ed1453-hvot-pil.png)\"><\/div>\n\t\t\t\t\n\t\t\tTil deg som er p\u00e5 turn\u00e9\t\t<\/span>\n\t\t\t<\/a>\n\t<\/div>\n<\/div><\/div><\/div><\/div><\/div><\/div>\n\n\n<div style=\"height:100px\" aria-hidden=\"true\" class=\"wp-block-spacer\"><\/div>\n","protected":false},"excerpt":{"rendered":"<p>Hvert \u00e5r m\u00f8ter alle elever profesjonelle kunstnere og ut\u00f8vere gjennom Den kulturelle skolesekken (DKS). DKS er en av de st\u00f8rste arbeidsplassene for kunstnere i Norge. Har du et prosjekt p\u00e5 gang? Lurer du p\u00e5 hvem som kan s\u00f8ke? P\u00e5 siden &#8220;\u00d8nsker du \u00e5 jobbe for DKS?&#8221; kan du lese mer om hva vi ser etter, [&hellip;]<\/p>\n","protected":false},"author":10,"featured_media":7273,"parent":0,"menu_order":0,"comment_status":"closed","ping_status":"closed","template":"","meta":{"footnotes":""},"class_list":["post-5888","page","type-page","status-publish","has-post-thumbnail","hentry"],"_links":{"self":[{"href":"https:\/\/www.denkulturelleskolesekken.no\/buskerud\/wp-json\/wp\/v2\/pages\/5888","targetHints":{"allow":["GET"]}}],"collection":[{"href":"https:\/\/www.denkulturelleskolesekken.no\/buskerud\/wp-json\/wp\/v2\/pages"}],"about":[{"href":"https:\/\/www.denkulturelleskolesekken.no\/buskerud\/wp-json\/wp\/v2\/types\/page"}],"author":[{"embeddable":true,"href":"https:\/\/www.denkulturelleskolesekken.no\/buskerud\/wp-json\/wp\/v2\/users\/10"}],"replies":[{"embeddable":true,"href":"https:\/\/www.denkulturelleskolesekken.no\/buskerud\/wp-json\/wp\/v2\/comments?post=5888"}],"version-history":[{"count":84,"href":"https:\/\/www.denkulturelleskolesekken.no\/buskerud\/wp-json\/wp\/v2\/pages\/5888\/revisions"}],"predecessor-version":[{"id":7527,"href":"https:\/\/www.denkulturelleskolesekken.no\/buskerud\/wp-json\/wp\/v2\/pages\/5888\/revisions\/7527"}],"wp:featuredmedia":[{"embeddable":true,"href":"https:\/\/www.denkulturelleskolesekken.no\/buskerud\/wp-json\/wp\/v2\/media\/7273"}],"wp:attachment":[{"href":"https:\/\/www.denkulturelleskolesekken.no\/buskerud\/wp-json\/wp\/v2\/media?parent=5888"}],"curies":[{"name":"wp","href":"https:\/\/api.w.org\/{rel}","templated":true}]}}