{"id":5362,"date":"2022-09-07T13:28:35","date_gmt":"2022-09-07T13:28:35","guid":{"rendered":"https:\/\/www.denkulturelleskolesekken.no\/viken\/?page_id=5362"},"modified":"2025-06-16T07:26:07","modified_gmt":"2025-06-16T07:26:07","slug":"kulturvert","status":"publish","type":"page","link":"https:\/\/www.denkulturelleskolesekken.no\/buskerud\/kulturvert\/","title":{"rendered":"Kulturvert"},"content":{"rendered":"\n<p>Kulturverter er elever som har viktige oppgaver n\u00e5r skolen f\u00e5r DKS-bes\u00f8k. Som kulturvert representerer du skolen overfor ut\u00f8verne, og bidrar til \u00e5 skape en positiv ramme rundt arrangementene.&nbsp;<\/p>\n\n\n\n<p>Om dere ikke har kulturverter p\u00e5 deres skole og \u00f8nsker det, s\u00e5 ta kontakt med oss, s\u00e5 hjelper vi dere i gang.&nbsp;<\/p>\n\n\n\n<h2 class=\"wp-block-heading\">Kulturvertens oppgaver<\/h2>\n\n\n<div id=\"pl-gb5362-69f8a9f431d9b\"  class=\"panel-layout wp-block-siteorigin-panels-layout-block\" ><div id=\"pg-gb5362-69f8a9f431d9b-0\"  class=\"panel-grid panel-no-style\" ><div id=\"pgc-gb5362-69f8a9f431d9b-0-0\"  class=\"panel-grid-cell\" ><div id=\"panel-gb5362-69f8a9f431d9b-0-0-0\" class=\"so-panel widget widget_sow-accordion panel-first-child\" data-index=\"0\" ><div\n\t\t\t\n\t\t\tclass=\"so-widget-sow-accordion so-widget-sow-accordion-default-811519e04d8f-5362\"\n\t\t\t\n\t\t><div>\n\t<div class=\"sow-accordion\">\n\t\t\t<div class=\"sow-accordion-panel\n\t\t\t\t\"\n\t\t\tdata-anchor-id=\"for-et-dks-besok\">\n\t\t\t\t<div class=\"sow-accordion-panel-header-container\" role=\"heading\" aria-level=\"2\">\n\t\t\t\t\t<div class=\"sow-accordion-panel-header\" tabindex=\"0\" role=\"button\" id=\"accordion-label-f%c3%b8r-et-dks-bes%c3%b8k\" aria-controls=\"accordion-content-f%c3%b8r-et-dks-bes%c3%b8k\" aria-expanded=\"false\">\n\t\t\t\t\t\t<div class=\"sow-accordion-title sow-accordion-title-icon-left\">\n\t\t\t\t\t\t\t\t\t\t\t\t\t\tF\u00f8r et DKS-bes\u00f8k\t\t\t\t\t\t\t\t\t\t\t\t\t<\/div>\n\t\t\t\t\t\t<div class=\"sow-accordion-open-close-button\">\n\t\t\t\t\t\t\t<div class=\"sow-accordion-open-button\">\n\t\t\t\t\t\t\t\t<span class=\"sow-icon-ionicons\" data-sow-icon=\"&#xf218;\"\n\t\t \n\t\taria-hidden=\"true\"><\/span>\t\t\t\t\t\t\t<\/div>\n\t\t\t\t\t\t\t<div class=\"sow-accordion-close-button\">\n\t\t\t\t\t\t\t\t<span class=\"sow-icon-ionicons\" data-sow-icon=\"&#xf209;\"\n\t\t \n\t\taria-hidden=\"true\"><\/span>\t\t\t\t\t\t\t<\/div>\n\t\t\t\t\t\t<\/div>\n\t\t\t\t\t<\/div>\n\t\t\t\t<\/div>\n\n\t\t\t<div\n\t\t\t\tclass=\"sow-accordion-panel-content\"\n\t\t\t\trole=\"region\"\n\t\t\t\taria-labelledby=\"accordion-label-f%c3%b8r-et-dks-bes%c3%b8k\"\n\t\t\t\tid=\"accordion-content-f%c3%b8r-et-dks-bes%c3%b8k\"\n\t\t\t\tstyle=\"display: none;\"\t\t\t>\n\t\t\t\t<div class=\"sow-accordion-panel-border\">\n\t\t\t\t\t<ul>\n<li>Sette seg inn i artisten som skal komme p\u00e5 forh\u00e5nd og det som skal skje under bes\u00f8ket.<\/li>\n<li>Informere medelever og l\u00e6rere om at noe skal skje og markedsf\u00f8re aktiviteten. Man kan for eksempel henge opp plakater, f\u00e5 l\u00e6rer til \u00e5 publisere informasjon p\u00e5 skolen infoskjermer, skrive p\u00e5 Facebook, Instagram eller SnapChat.<\/li>\n<li>Kulturvertene kan ogs\u00e5 presentere programmet for klassene. Da er det viktig \u00e5 snakke h\u00f8yt nok, kunne det man skal si og v\u00e6re entusiastisk.<\/li>\n<li>Gj\u00f8re klar rom der aktiviteten skal v\u00e6re.<\/li>\n<li>Forberede seg p\u00e5 \u00e5 \u00f8nske artisten velkommen. Husk \u00e5 si \u00abtusen takk for bes\u00f8ket\u00bb n\u00e5r ut\u00f8veren er ferdig.<\/li>\n<\/ul>\n<div>\n<div>\n<div>\n<div><\/div>\n<\/div>\n<\/div>\n<\/div>\n\t\t\t\t<\/div>\n\t\t\t<\/div>\n\t\t<\/div>\n\t\t<\/div>\n<\/div>\n<\/div><\/div><div id=\"panel-gb5362-69f8a9f431d9b-0-0-1\" class=\"so-panel widget widget_sow-accordion panel-last-child\" data-index=\"1\" ><div\n\t\t\t\n\t\t\tclass=\"so-widget-sow-accordion so-widget-sow-accordion-default-811519e04d8f-5362\"\n\t\t\t\n\t\t><div>\n\t<div class=\"sow-accordion\">\n\t\t\t<div class=\"sow-accordion-panel\n\t\t\t\t\"\n\t\t\tdata-anchor-id=\"pa-arrangementsdagen\">\n\t\t\t\t<div class=\"sow-accordion-panel-header-container\" role=\"heading\" aria-level=\"2\">\n\t\t\t\t\t<div class=\"sow-accordion-panel-header\" tabindex=\"0\" role=\"button\" id=\"accordion-label-p%c3%a5-arrangementsdagen\" aria-controls=\"accordion-content-p%c3%a5-arrangementsdagen\" aria-expanded=\"false\">\n\t\t\t\t\t\t<div class=\"sow-accordion-title sow-accordion-title-icon-left\">\n\t\t\t\t\t\t\t\t\t\t\t\t\t\tP\u00e5 arrangementsdagen\t\t\t\t\t\t\t\t\t\t\t\t\t<\/div>\n\t\t\t\t\t\t<div class=\"sow-accordion-open-close-button\">\n\t\t\t\t\t\t\t<div class=\"sow-accordion-open-button\">\n\t\t\t\t\t\t\t\t<span class=\"sow-icon-ionicons\" data-sow-icon=\"&#xf218;\"\n\t\t \n\t\taria-hidden=\"true\"><\/span>\t\t\t\t\t\t\t<\/div>\n\t\t\t\t\t\t\t<div class=\"sow-accordion-close-button\">\n\t\t\t\t\t\t\t\t<span class=\"sow-icon-ionicons\" data-sow-icon=\"&#xf209;\"\n\t\t \n\t\taria-hidden=\"true\"><\/span>\t\t\t\t\t\t\t<\/div>\n\t\t\t\t\t\t<\/div>\n\t\t\t\t\t<\/div>\n\t\t\t\t<\/div>\n\n\t\t\t<div\n\t\t\t\tclass=\"sow-accordion-panel-content\"\n\t\t\t\trole=\"region\"\n\t\t\t\taria-labelledby=\"accordion-label-p%c3%a5-arrangementsdagen\"\n\t\t\t\tid=\"accordion-content-p%c3%a5-arrangementsdagen\"\n\t\t\t\tstyle=\"display: none;\"\t\t\t>\n\t\t\t\t<div class=\"sow-accordion-panel-border\">\n\t\t\t\t\t<ul>\n<li>Ha p\u00e5 kulturvertb\u00e5nd, t-skjorter og m\u00f8t gjestene utenfor skolen og \u00f8nske velkommen til din skole. Gi et godt h\u00e5ndtrykk, ha \u00f8yekontakt og smil.<\/li>\n<li>F\u00f8lg artistene til rommene de skal bruke. Vis ogs\u00e5 garderober og toaletter. Kulturvertene m\u00e5 vite hvor str\u00f8muttakene er.<\/li>\n<li>Tilby gjesten en kopp kaffe eller et glass vann.<\/li>\n<li>Hjelpe til med \u00e5 b\u00e6re utstyr som gjestene har med seg. B\u00e6rehjelp trengs ofte b\u00e5de f\u00f8r og etter bes\u00f8ket.<\/li>\n<li>S\u00f8rge for at telefoner, vifteanlegg og skoleklokker er sl\u00e5tt av og at det ikke er \u00abtrafikk\u00bb inn og ut av lokalet. Sett gjerne opp lapp p\u00e5 d\u00f8ra.<\/li>\n<li>St\u00e5 i d\u00f8ra og \u00f8nske publikum velkommen og vise dem til plassene sine. Ved et hyggelig og ordnet innslipp s\u00f8rger man for gode rammer for opplevelsen.<\/li>\n<li>Gj\u00f8r avtale med kulturkontakt om hvem som skal presentere artisten\/bandet for hele skolen og eventuelt hva som skal sies. Snakk h\u00f8yt og tydelig og \u00f8v godt p\u00e5 forh\u00e5nd. Husk \u00e5 smile!<\/li>\n<li>Hjelpe til med \u00e5 rydde lokalet etter at DKS-bes\u00f8ket er ferdig.<\/li>\n<\/ul>\n<div>\n<div>\n<div>\n<div><\/div>\n<\/div>\n<\/div>\n<\/div>\n\t\t\t\t<\/div>\n\t\t\t<\/div>\n\t\t<\/div>\n\t\t<\/div>\n<\/div>\n<\/div><\/div><\/div><\/div><div id=\"pg-gb5362-69f8a9f431d9b-1\"  class=\"panel-grid panel-no-style\" ><div id=\"pgc-gb5362-69f8a9f431d9b-1-0\"  class=\"panel-grid-cell\" ><div id=\"panel-gb5362-69f8a9f431d9b-1-0-0\" class=\"so-panel widget widget_sow-accordion panel-first-child panel-last-child\" data-index=\"2\" ><div\n\t\t\t\n\t\t\tclass=\"so-widget-sow-accordion so-widget-sow-accordion-default-44808a13dd96-5362\"\n\t\t\t\n\t\t><div>\n\t<div class=\"sow-accordion\">\n\t\t\t<div class=\"sow-accordion-panel\n\t\t\t\t\"\n\t\t\tdata-anchor-id=\"attest\">\n\t\t\t\t<div class=\"sow-accordion-panel-header-container\" role=\"heading\" aria-level=\"2\">\n\t\t\t\t\t<div class=\"sow-accordion-panel-header\" tabindex=\"0\" role=\"button\" id=\"accordion-label-attest\" aria-controls=\"accordion-content-attest\" aria-expanded=\"false\">\n\t\t\t\t\t\t<div class=\"sow-accordion-title sow-accordion-title-icon-left\">\n\t\t\t\t\t\t\t\t\t\t\t\t\t\tAttest\t\t\t\t\t\t\t\t\t\t\t\t\t<\/div>\n\t\t\t\t\t\t<div class=\"sow-accordion-open-close-button\">\n\t\t\t\t\t\t\t<div class=\"sow-accordion-open-button\">\n\t\t\t\t\t\t\t\t<span class=\"sow-icon-ionicons\" data-sow-icon=\"&#xf218;\"\n\t\t \n\t\taria-hidden=\"true\"><\/span>\t\t\t\t\t\t\t<\/div>\n\t\t\t\t\t\t\t<div class=\"sow-accordion-close-button\">\n\t\t\t\t\t\t\t\t<span class=\"sow-icon-ionicons\" data-sow-icon=\"&#xf209;\"\n\t\t \n\t\taria-hidden=\"true\"><\/span>\t\t\t\t\t\t\t<\/div>\n\t\t\t\t\t\t<\/div>\n\t\t\t\t\t<\/div>\n\t\t\t\t<\/div>\n\n\t\t\t<div\n\t\t\t\tclass=\"sow-accordion-panel-content\"\n\t\t\t\trole=\"region\"\n\t\t\t\taria-labelledby=\"accordion-label-attest\"\n\t\t\t\tid=\"accordion-content-attest\"\n\t\t\t\tstyle=\"display: none;\"\t\t\t>\n\t\t\t\t<div class=\"sow-accordion-panel-border\">\n\t\t\t\t\t<p>Her kan dere laste ned attest for kulturvertkurs!<\/p>\n<p><a href=\"https:\/\/cdn.denkulturelleskolesekken.no\/buskerud\/7c21d490-attest-2025.pdf\">Attest 2025<\/a><\/p>\n\t\t\t\t<\/div>\n\t\t\t<\/div>\n\t\t<\/div>\n\t\t<\/div>\n<\/div>\n<\/div><\/div><\/div><\/div><\/div>\n\n\n<h2 class=\"wp-block-heading\">Kulturvertkurs<\/h2>\n\n\n\n<h3 class=\"wp-block-heading\">Et tilbud til alle grunnskoler&nbsp;<\/h3>\n\n\n\n<p>Hver h\u00f8st arrangerer DKS Buskerud kulturvertkurs som gir en innf\u00f8ring i arrang\u00f8rfaget. M\u00e5let er at skolene f\u00e5r et arrang\u00f8rteam som blir gode p\u00e5 \u00e5 ta imot og legge til rette for konserter, forestillinger og kunstnerbes\u00f8k fra DKS, eller skolens egne kulturarrangementer.&nbsp;&nbsp;<\/p>\n\n\n\n<p>Alle kursdeltakerne f\u00e5r akkrediteringsb\u00e5nd og crew t-skjorte etter gjennomf\u00f8rt kurs. Informasjon om innhold og praktiske rammer rundt kursene finner dere i Portalen fra 1. juni: <a href=\"https:\/\/www.denkulturelleskolesekken.no\/buskerud\/utforsk-produksjoner-i-dks\/?produksjon=13737\">Kulturvertkurs Viken 24\/25<\/a>. \u202f&nbsp;<\/p>\n\n\n\n<p>I filmen <em>Bli kulturvert i Den kulturelle skolesekken<\/em> f\u00e5r dere et innblikk i et kulturvertkurs:<\/p>\n\n\n\n<div style=\"padding:56.25% 0 0 0;position:relative;\"><iframe src=\"https:\/\/player.vimeo.com\/video\/745365709?h=540d9a1ef2&amp;badge=0&amp;autopause=0&amp;player_id=0&amp;app_id=58479\" frameborder=\"0\" allow=\"autoplay; fullscreen; picture-in-picture\" allowfullscreen=\"\" style=\"position:absolute;top:0;left:0;width:100%;height:100%;\" title=\"Viken_Kulturvert_cut2 (1)\"><\/iframe><\/div><script src=\"https:\/\/player.vimeo.com\/api\/player.js\"><\/script>\n\n\n\n<div style=\"height:10px\" aria-hidden=\"true\" class=\"wp-block-spacer\"><\/div>\n\n\n\n<div style=\"height:10px\" aria-hidden=\"true\" class=\"wp-block-spacer\"><\/div>\n\n\n\n<div style=\"height:30px\" aria-hidden=\"true\" class=\"wp-block-spacer\"><\/div>\n\n\n\n<h3 class=\"wp-block-heading\">Digitalt kurs&nbsp;<\/h3>\n\n\n\n<p>Kulturtanken har i samarbeid med DKS Tr\u00f8ndelag utarbeidet en digital kurspakke; <a href=\"https:\/\/www.kulturtanken.no\/ressurs\/kurs-for-elevarrangorer\/\">Kurs for elevarrang\u00f8rer i DKS<\/a>. Dette er et underholdende og godt kursopplegg. Vi i DKS Buskerud anbefaler dette som repetisjon av, eller som et supplement til, eksisterende kulturvertkurs.&nbsp;&nbsp;<\/p>\n\n\n\n<p>Det er tilrettelagt for at b\u00e5de kulturkontakter og l\u00e6rere kan gjennomf\u00f8re det digitale kurset som en del av sin interne oppl\u00e6ring. M\u00e5lgruppe er 5.-10. trinn.<\/p>\n\n\n\n<p><\/p>\n\n\n\n<p>Ta <a href=\"https:\/\/www.denkulturelleskolesekken.no\/buskerud\/hva-er-dks\/kontakt-oss\/\">kontakt<\/a> med oss dersom dere lurer p\u00e5 noe.&nbsp;<\/p>\n\n\n\n<div style=\"height:30px\" aria-hidden=\"true\" class=\"wp-block-spacer\"><\/div>\n","protected":false},"excerpt":{"rendered":"<p>Kulturverter er elever som har viktige oppgaver n\u00e5r skolen f\u00e5r DKS-bes\u00f8k. Som kulturvert representerer du skolen overfor ut\u00f8verne, og bidrar til \u00e5 skape en positiv ramme rundt arrangementene.&nbsp; Om dere ikke har kulturverter p\u00e5 deres skole og \u00f8nsker det, s\u00e5 ta kontakt med oss, s\u00e5 hjelper vi dere i gang.&nbsp; Kulturvertens oppgaver Kulturvertkurs Et tilbud [&hellip;]<\/p>\n","protected":false},"author":10,"featured_media":5501,"parent":0,"menu_order":0,"comment_status":"closed","ping_status":"closed","template":"","meta":{"footnotes":""},"class_list":["post-5362","page","type-page","status-publish","has-post-thumbnail","hentry"],"_links":{"self":[{"href":"https:\/\/www.denkulturelleskolesekken.no\/buskerud\/wp-json\/wp\/v2\/pages\/5362","targetHints":{"allow":["GET"]}}],"collection":[{"href":"https:\/\/www.denkulturelleskolesekken.no\/buskerud\/wp-json\/wp\/v2\/pages"}],"about":[{"href":"https:\/\/www.denkulturelleskolesekken.no\/buskerud\/wp-json\/wp\/v2\/types\/page"}],"author":[{"embeddable":true,"href":"https:\/\/www.denkulturelleskolesekken.no\/buskerud\/wp-json\/wp\/v2\/users\/10"}],"replies":[{"embeddable":true,"href":"https:\/\/www.denkulturelleskolesekken.no\/buskerud\/wp-json\/wp\/v2\/comments?post=5362"}],"version-history":[{"count":32,"href":"https:\/\/www.denkulturelleskolesekken.no\/buskerud\/wp-json\/wp\/v2\/pages\/5362\/revisions"}],"predecessor-version":[{"id":7747,"href":"https:\/\/www.denkulturelleskolesekken.no\/buskerud\/wp-json\/wp\/v2\/pages\/5362\/revisions\/7747"}],"wp:featuredmedia":[{"embeddable":true,"href":"https:\/\/www.denkulturelleskolesekken.no\/buskerud\/wp-json\/wp\/v2\/media\/5501"}],"wp:attachment":[{"href":"https:\/\/www.denkulturelleskolesekken.no\/buskerud\/wp-json\/wp\/v2\/media?parent=5362"}],"curies":[{"name":"wp","href":"https:\/\/api.w.org\/{rel}","templated":true}]}}