{"id":33,"date":"2019-10-31T13:55:54","date_gmt":"2019-10-31T13:55:54","guid":{"rendered":"https:\/\/viken.kulturtanken.app\/?page_id=33"},"modified":"2023-12-21T09:08:06","modified_gmt":"2023-12-21T09:08:06","slug":"hva-er-dks","status":"publish","type":"page","link":"https:\/\/www.denkulturelleskolesekken.no\/buskerud\/hva-er-dks\/","title":{"rendered":"Om DKS Buskerud"},"content":{"rendered":"\n<p>Den kulturelle skolesekken Buskerud leverer kunst \u2013 og kulturopplevelser til alle skoleelever i fylket. Elevene m\u00f8ter oss fra 1. klasse p\u00e5 barneskolen og helt til de g\u00e5r ut av videreg\u00e5ende skole. Vi kommer til skolen der elevene er, i klasserommet, gymsalen eller annet egnet rom. Noen ganger skjer kunstm\u00f8tet p\u00e5 kino, i en teatersal eller p\u00e5 et kulturhus. Elevene m\u00f8ter profesjonelle ut\u00f8vere gjennom Den kulturelle skolesekken. Det kan v\u00e6re alt fra en forfatter som leser og forteller fra en bok hen har skrevet, en musiker eller et band som spiller konsert, en filmskaper som viser og forteller om en film, eller en dansegruppe som l\u00e6rer elevene noen \u00abbreakmoves\u00bb.<\/p>\n\n\n\n<h2 class=\"has-black-color has-text-color wp-block-heading\">Variert tilbud for alle<\/h2>\n\n\n\n<p class=\"has-black-color has-text-color\">Hvert \u00e5r setter vi sammen et <a href=\"https:\/\/www.denkulturelleskolesekken.no\/viken\/utforsk-produksjoner-i-dks\/#\/eyJicmFuY2hPZmZpY2VJZHMiOls5XX0=\">program<\/a> med kunst- og kulturopplevelser som skal ut til skolene. Det skal v\u00e6re et variert program som skal dekke kunstsjangrene musikk, film, visuell kunst, litteratur, kulturarv og scenekunst. Det er viktig for oss at tilbudet har en profesjonell kvalitet, og at elevene skal f\u00e5 et likeverdig tilbud uavhengig hvor i Buskerud elevene bor og g\u00e5r p\u00e5 skole.<\/p>\n\n\n\n<p>Vi har ogs\u00e5 et eget program tilpasset elever i <a href=\"https:\/\/www.denkulturelleskolesekken.no\/viken\/tilrettelagt\/\">tilrettelagt oppl\u00e6ring<\/a> for at elever med ulike funksjonsforutsetninger skal f\u00e5 gode kunst- og kulturopplevelser. Fra \u00d8stfold har vi med oss <a href=\"https:\/\/www.denkulturelleskolesekken.no\/viken\/kulturdrapen\/\">Kulturdr\u00e5pen<\/a> som tilbyr og tilrettelegger et kulturtilbud for mennesker under opphold p\u00e5 rusinstitusjoner, i fengsler, dagsenter og ettervern.<\/p>\n\n\n\n<h2 class=\"has-black-color has-text-color wp-block-heading\">Hvem er Den kulturelle skolesekken<\/h2>\n\n\n\n<p>Den kulturelle skolesekken er en ordning som finnes i hele landet, og skal bidra til at alle barn f\u00e5r mulighet til \u00e5 m\u00f8te, oppleve, gj\u00f8re seg kjent med og utvikle forst\u00e5else for profesjonelle kunst- og kulturuttrykk. <\/p>\n\n\n\n<p>Den kulturelle skolesekkene er et samarbeid mellom Kulturdepartementet, Kunnskapsdepartementet og alle fylkeskommuner og kommuner. <a href=\"https:\/\/www.kulturtanken.no\/\">Kulturtanken<\/a> har det nasjonale ansvaret for ordningen og er underlagt Kulturdepartementet. Den kulturelle skolesekken finansieres hovedsakelig av overskudd midler (spillemidler) fra Norsk Tipping. Disse midlene fordeles av Kulturdepartementet. De nasjonale m\u00e5lene for DKS ordningen er formulert i <em><a rel=\"noreferrer noopener\" href=\"https:\/\/www.regjeringen.no\/no\/dokumenter\/meld.-st.-18-20202021\/id2839455\/?ch=4#kap12\" target=\"_blank\">Meld. St. 18 (2020-2021) Oppleve, skape, dele &#8211; Kunst og kultur for, med og av barn og unge<\/a><\/em><\/p>\n\n\n\n<p>Kulturtanken har ansvar for \u00e5 forvalte, kvalitetssikre og bidra til utvikling av DKS ordningen, men de bestemmer for eksempel ikke over programmet som sendes ut til skolene. Hver enkelt DKS enhet i fylker og kommuner har selv ansvar for \u00e5 sette sammen et program til sine kommuner og fylker. <\/p>\n\n\n\n<p>Den kulturelle skolesekken Buskerud ligger under Buskerud fylkeskommune og har ansvar for det regionale tilbudet til skolene fylket. Vi samarbeider med skolene og kommunene for \u00e5 kunne gi det beste tilbudet til elevene. P\u00e5 lokalt niv\u00e5 leverer alle kommuner et eget program i tillegg til Den kulturelle skolesekken Buskerud. Noen kommuner leverer hele programmet fra Den kulturelle skolesekken selv, uavhengig av fylkeskommunen.<\/p>\n\n\n\n<h2 class=\"has-black-color has-text-color wp-block-heading\">Norges st\u00f8rste arbeidsplass for kunstnere<\/h2>\n\n\n\n<p>Det er profesjonelle kunstnere og ut\u00f8vere som reiser ut til skolene for Den kulturelle skolesekken. I Norge er Den kulturelle skolesekken den st\u00f8rste arbeidsplass for kunstnere, og bare i Buskerud er det ca. 200 ut\u00f8vere som er p\u00e5 turn\u00e9 i l\u00f8pet av et skole\u00e5r. Hvert \u00e5r kan kunstnere s\u00f8ke om oppdrag for Den kulturelle skolesekken gjennom en nasjonal s\u00f8keportal. <\/p>\n\n\n\n<p>Er du kunstner og \u00f8nsker \u00e5 bli ut\u00f8ver i Den kulturelle skolesekken, kan du sende inn forslag i den nasjonale <a href=\"https:\/\/www.denkulturelleskolesekken.no\/forside\/om-dks\/utover\/\">s\u00f8knadsportalen.<\/a> Fristen er 1. oktober hvert \u00e5r.<\/p>\n","protected":false},"excerpt":{"rendered":"<p>Den kulturelle skolesekken Buskerud leverer kunst \u2013 og kulturopplevelser til alle skoleelever i fylket. Elevene m\u00f8ter oss fra 1. klasse p\u00e5 barneskolen og helt til de g\u00e5r ut av videreg\u00e5ende skole. Vi kommer til skolen der elevene er, i klasserommet, gymsalen eller annet egnet rom. Noen ganger skjer kunstm\u00f8tet p\u00e5 kino, i en teatersal eller [&hellip;]<\/p>\n","protected":false},"author":2,"featured_media":3855,"parent":0,"menu_order":0,"comment_status":"closed","ping_status":"closed","template":"","meta":{"footnotes":""},"class_list":["post-33","page","type-page","status-publish","has-post-thumbnail","hentry"],"_links":{"self":[{"href":"https:\/\/www.denkulturelleskolesekken.no\/buskerud\/wp-json\/wp\/v2\/pages\/33","targetHints":{"allow":["GET"]}}],"collection":[{"href":"https:\/\/www.denkulturelleskolesekken.no\/buskerud\/wp-json\/wp\/v2\/pages"}],"about":[{"href":"https:\/\/www.denkulturelleskolesekken.no\/buskerud\/wp-json\/wp\/v2\/types\/page"}],"author":[{"embeddable":true,"href":"https:\/\/www.denkulturelleskolesekken.no\/buskerud\/wp-json\/wp\/v2\/users\/2"}],"replies":[{"embeddable":true,"href":"https:\/\/www.denkulturelleskolesekken.no\/buskerud\/wp-json\/wp\/v2\/comments?post=33"}],"version-history":[{"count":29,"href":"https:\/\/www.denkulturelleskolesekken.no\/buskerud\/wp-json\/wp\/v2\/pages\/33\/revisions"}],"predecessor-version":[{"id":7417,"href":"https:\/\/www.denkulturelleskolesekken.no\/buskerud\/wp-json\/wp\/v2\/pages\/33\/revisions\/7417"}],"wp:featuredmedia":[{"embeddable":true,"href":"https:\/\/www.denkulturelleskolesekken.no\/buskerud\/wp-json\/wp\/v2\/media\/3855"}],"wp:attachment":[{"href":"https:\/\/www.denkulturelleskolesekken.no\/buskerud\/wp-json\/wp\/v2\/media?parent=33"}],"curies":[{"name":"wp","href":"https:\/\/api.w.org\/{rel}","templated":true}]}}