{"id":1676,"date":"2020-05-25T09:43:37","date_gmt":"2020-05-25T09:43:37","guid":{"rendered":"https:\/\/www.denkulturelleskolesekken.no\/viken\/?page_id=1676"},"modified":"2026-04-13T11:35:26","modified_gmt":"2026-04-13T11:35:26","slug":"program-videregaende-skole","status":"publish","type":"page","link":"https:\/\/www.denkulturelleskolesekken.no\/buskerud\/program-videregaende-skole\/","title":{"rendered":"Videreg\u00e5ende skole"},"content":{"rendered":"\n<h2 class=\"wp-block-heading\">Program 26-27<\/h2>\n\n\n\n<p>Bestillingstilbudet for videreg\u00e5ende skoler ble presentert p\u00e5 Drammen kulturhus<strong> <\/strong>torsdag 9. april.<strong> Bestillingsfrist er 30. april.<\/strong> <\/p>\n\n\n\n<div data-wp-interactive=\"core\/file\" class=\"wp-block-file\"><object data-wp-bind--hidden=\"!state.hasPdfPreview\" hidden class=\"wp-block-file__embed\" data=\"https:\/\/cdn.denkulturelleskolesekken.no\/buskerud\/7bef8d6a-presentasjon-av-bestillingstilbud-26-27-pp.pdf\" type=\"application\/pdf\" style=\"width:100%;height:500px\" aria-label=\"Embed of Presentasjon av bestillingstilbud 26-27 PDF.\"><\/object><a id=\"wp-block-file--media-b3419eb1-081a-44a1-8f55-20860a68a5db\" href=\"https:\/\/cdn.denkulturelleskolesekken.no\/buskerud\/7bef8d6a-presentasjon-av-bestillingstilbud-26-27-pp.pdf\">Presentasjon av bestillingstilbud 26-27 PDF<\/a><a href=\"https:\/\/cdn.denkulturelleskolesekken.no\/buskerud\/7bef8d6a-presentasjon-av-bestillingstilbud-26-27-pp.pdf\" class=\"wp-block-file__button wp-element-button\" download aria-describedby=\"wp-block-file--media-b3419eb1-081a-44a1-8f55-20860a68a5db\">Download<\/a><\/div>\n\n\n\n<div class=\"wp-block-file\"><a id=\"wp-block-file--media-5b59fc37-d837-4605-ae20-9d8540efa1e8\" href=\"https:\/\/cdn.denkulturelleskolesekken.no\/buskerud\/355b99ab-presentasjon-av-bestillingstilbud-26-27-pp.pptx\">Presentasjon av bestillingstilbud 26-27 PowerPoint<\/a><a href=\"https:\/\/cdn.denkulturelleskolesekken.no\/buskerud\/355b99ab-presentasjon-av-bestillingstilbud-26-27-pp.pptx\" class=\"wp-block-file__button wp-element-button\" download aria-describedby=\"wp-block-file--media-5b59fc37-d837-4605-ae20-9d8540efa1e8\">Download<\/a><\/div>\n\n\n\n<div class=\"wp-block-button\"><a class=\"wp-block-button__link has-white-color has-text-color has-background wp-element-button\" href=\"https:\/\/www.denkulturelleskolesekken.no\/buskerud\/utforsk-produksjoner-i-dks\/#\/JTdCJTIydmlldyUyMiUzQSUyMmxpc3QlMjIlMkMlMjJzb3J0JTIyJTNBJTIyJTIyJTJDJTIyYWNhZGVtaWNZZWFySWQlMjIlM0ExMCUyQyUyMnNraXAlMjIlM0EwJTJDJTIybGltaXQlMjIlM0ExNSUyQyUyMml0ZW1zUGVyUGFnZSUyMiUzQTE1JTJDJTIyaGFzTW9yZSUyMiUzQW51bGwlMkMlMjJleHBpcnklMjIlM0ExNzQ0MDMwOTcxNjA2JTJDJTIyb3BlbkFsbEV2ZW50cyUyMiUzQWZhbHNlJTJDJTIyYnJhbmNoT2ZmaWNlSWRzJTIyJTNBJTVCJTVEJTJDJTIycmV2aXNpb24lMjIlM0FudWxsJTJDJTIyb3BlbiUyMiUzQXRydWUlMkMlMjJ5ZWFyTGV2ZWxzJTIyJTNBJTVCJTVCMTElMkMxMyU1RCU1RCU3RA==\" style=\"background-color:#006298\" target=\"_blank\" rel=\"noreferrer noopener\">Se bestillingstilbudet her!<\/a><\/div>\n\n\n\n<div style=\"height:20px\" aria-hidden=\"true\" class=\"wp-block-spacer\"><\/div>\n\n\n\n<div class=\"wp-block-buttons is-layout-flex wp-block-buttons-is-layout-flex\">\n<div class=\"wp-block-button\"><a class=\"wp-block-button__link has-pale-cyan-blue-background-color has-background wp-element-button\" href=\"https:\/\/www.kulturtanken.no\/veileder-for-kulturkontakten\/\">Les mer om kulturkontaktens rolle og veiledning til Portalen<\/a><\/div>\n<\/div>\n\n\n\n<div style=\"height:31px\" aria-hidden=\"true\" class=\"wp-block-spacer\"><\/div>\n\n\n<div id=\"pl-gb1676-69f8bd809adc1\"  class=\"panel-layout wp-block-siteorigin-panels-layout-block\" ><div id=\"pg-gb1676-69f8bd809adc1-0\"  class=\"panel-grid panel-no-style\" ><div id=\"pgc-gb1676-69f8bd809adc1-0-0\"  class=\"panel-grid-cell\" ><div id=\"panel-gb1676-69f8bd809adc1-0-0-0\" class=\"so-panel widget widget_sow-accordion panel-first-child panel-last-child\" data-index=\"0\" ><div\n\t\t\t\n\t\t\tclass=\"so-widget-sow-accordion so-widget-sow-accordion-default-dfa1fe64bbbd-1676\"\n\t\t\t\n\t\t><div>\n\t<div class=\"sow-accordion\">\n\t\t\t<div class=\"sow-accordion-panel\n\t\t\t\t\"\n\t\t\tdata-anchor-id=\"bussbestilling-og-fakturering\">\n\t\t\t\t<div class=\"sow-accordion-panel-header-container\" role=\"heading\" aria-level=\"2\">\n\t\t\t\t\t<div class=\"sow-accordion-panel-header\" tabindex=\"0\" role=\"button\" id=\"accordion-label-bussbestilling-og-fakturering\" aria-controls=\"accordion-content-bussbestilling-og-fakturering\" aria-expanded=\"false\">\n\t\t\t\t\t\t<div class=\"sow-accordion-title sow-accordion-title-icon-left\">\n\t\t\t\t\t\t\t\t\t\t\t\t\t\tBussbestilling og fakturering\t\t\t\t\t\t\t\t\t\t\t\t\t<\/div>\n\t\t\t\t\t\t<div class=\"sow-accordion-open-close-button\">\n\t\t\t\t\t\t\t<div class=\"sow-accordion-open-button\">\n\t\t\t\t\t\t\t\t<span class=\"sow-icon-ionicons\" data-sow-icon=\"&#xf218;\"\n\t\t \n\t\taria-hidden=\"true\"><\/span>\t\t\t\t\t\t\t<\/div>\n\t\t\t\t\t\t\t<div class=\"sow-accordion-close-button\">\n\t\t\t\t\t\t\t\t<span class=\"sow-icon-ionicons\" data-sow-icon=\"&#xf209;\"\n\t\t \n\t\taria-hidden=\"true\"><\/span>\t\t\t\t\t\t\t<\/div>\n\t\t\t\t\t\t<\/div>\n\t\t\t\t\t<\/div>\n\t\t\t\t<\/div>\n\n\t\t\t<div\n\t\t\t\tclass=\"sow-accordion-panel-content\"\n\t\t\t\trole=\"region\"\n\t\t\t\taria-labelledby=\"accordion-label-bussbestilling-og-fakturering\"\n\t\t\t\tid=\"accordion-content-bussbestilling-og-fakturering\"\n\t\t\t\tstyle=\"display: none;\"\t\t\t>\n\t\t\t\t<div class=\"sow-accordion-panel-border\">\n\t\t\t\t\t<p>Skolen bestiller selv buss og ber busselskapet fakturere DKS direkte.<\/p>\n<p class=\"p1\"><span class=\"s1\">Faktura sendes som <strong>EHF<\/strong> (Elektronisk Handels Format).<\/span><\/p>\n<p class=\"p1\"><span class=\"s1\">Buskerud fylkeskommune<br \/>\nOrganisasjonsnummer: 930 580 260<\/span><\/p>\n<p class=\"p1\"><span class=\"s1\">Om de ikke kan levere EHF format, sendes det i vanlig postgang til:<\/span><\/p>\n<p class=\"p1\"><span class=\"s1\">Buskerud fylkeskommune<br \/>\nFakturamottak<br \/>\nPostboks 3563<br \/>\n3007 Drammen<\/span><\/p>\n<p class=\"p2\"><strong>Husk \u00e5 be busselskapet oppgi hva det gjelder, hvilken skole og bestillingsnummer <span class=\"s2\">B721004.<\/span><\/strong><\/p>\n<p>Kostnader til buss har \u00f8kt betraktelig og vi ber skolene vise skj\u00f8nn ved bestilling. Noen busselskaper tilbyr busser med plass til 70 elever, som er rimeligere enn 2 vanlige busser. I tillegg finnes mindre busser for f\u00e6rre elever. Kanskje kan man supplere med en bil hvis elevtallet akkurat tipper 50.<\/p>\n<p><strong>Tog\u00a0<\/strong><\/p>\n<p>I tillegg ber vi skolene se p\u00e5 muligheten for offentlig transport. For eksempel kan det for noen skoler v\u00e6re aktuelt \u00e5 ta toget. Vi kan da tilpasse tidspunkt for \u00e5 passe togtider.<\/p>\n<p>&nbsp;<\/p>\n\t\t\t\t<\/div>\n\t\t\t<\/div>\n\t\t<\/div>\n\t\t<\/div>\n<\/div>\n<\/div><\/div><\/div><\/div><div id=\"pg-gb1676-69f8bd809adc1-1\"  class=\"panel-grid panel-no-style\" ><div id=\"pgc-gb1676-69f8bd809adc1-1-0\"  class=\"panel-grid-cell panel-grid-cell-empty\" ><\/div><\/div><\/div>\n\n<div id=\"pl-gb1676-69f8bd80e0279\"  class=\"panel-layout wp-block-siteorigin-panels-layout-block\" ><div id=\"pg-gb1676-69f8bd80e0279-0\"  class=\"panel-grid panel-no-style\" ><div id=\"pgc-gb1676-69f8bd80e0279-0-0\"  class=\"panel-grid-cell panel-grid-cell-empty\" ><\/div><\/div><div id=\"pg-gb1676-69f8bd80e0279-1\"  class=\"panel-grid panel-no-style\" ><div id=\"pgc-gb1676-69f8bd80e0279-1-0\"  class=\"panel-grid-cell\" ><div id=\"panel-gb1676-69f8bd80e0279-1-0-0\" class=\"so-panel widget widget_sow-accordion panel-first-child\" data-index=\"0\" ><div\n\t\t\t\n\t\t\tclass=\"so-widget-sow-accordion so-widget-sow-accordion-default-5dec79c2bc4b-1676\"\n\t\t\t\n\t\t><div>\n\t<div class=\"sow-accordion\">\n\t\t\t<div class=\"sow-accordion-panel\n\t\t\t\t\"\n\t\t\tdata-anchor-id=\"info-til-kulturkontakter-og-dks-team-pa-skolen\">\n\t\t\t\t<div class=\"sow-accordion-panel-header-container\" role=\"heading\" aria-level=\"2\">\n\t\t\t\t\t<div class=\"sow-accordion-panel-header\" tabindex=\"0\" role=\"button\" id=\"accordion-label-info-til-kulturkontakter-og-dks-team-p%c3%a5-skolen\" aria-controls=\"accordion-content-info-til-kulturkontakter-og-dks-team-p%c3%a5-skolen\" aria-expanded=\"false\">\n\t\t\t\t\t\t<div class=\"sow-accordion-title sow-accordion-title-icon-left\">\n\t\t\t\t\t\t\t\t\t\t\t\t\t\tInfo til kulturkontakter og DKS-team p\u00e5 skolen\t\t\t\t\t\t\t\t\t\t\t\t\t<\/div>\n\t\t\t\t\t\t<div class=\"sow-accordion-open-close-button\">\n\t\t\t\t\t\t\t<div class=\"sow-accordion-open-button\">\n\t\t\t\t\t\t\t\t<span class=\"sow-icon-ionicons\" data-sow-icon=\"&#xf218;\"\n\t\t \n\t\taria-hidden=\"true\"><\/span>\t\t\t\t\t\t\t<\/div>\n\t\t\t\t\t\t\t<div class=\"sow-accordion-close-button\">\n\t\t\t\t\t\t\t\t<span class=\"sow-icon-ionicons\" data-sow-icon=\"&#xf209;\"\n\t\t \n\t\taria-hidden=\"true\"><\/span>\t\t\t\t\t\t\t<\/div>\n\t\t\t\t\t\t<\/div>\n\t\t\t\t\t<\/div>\n\t\t\t\t<\/div>\n\n\t\t\t<div\n\t\t\t\tclass=\"sow-accordion-panel-content\"\n\t\t\t\trole=\"region\"\n\t\t\t\taria-labelledby=\"accordion-label-info-til-kulturkontakter-og-dks-team-p%c3%a5-skolen\"\n\t\t\t\tid=\"accordion-content-info-til-kulturkontakter-og-dks-team-p%c3%a5-skolen\"\n\t\t\t\tstyle=\"display: none;\"\t\t\t>\n\t\t\t\t<div class=\"sow-accordion-panel-border\">\n\t\t\t\t\t<p>En god DKS-opplevelse er avhengig av et godt mottak p\u00e5 skolen. Vi \u00f8nsker derfor at alle skoler har en dedikert kulturkontakt i tillegg til et DKS-team. DKS-teamet b\u00f8r best\u00e5 av minst 2 elever, samt rektor eller en ansatt fra ledergruppa. DKS-teamet informerer om programmet og bestiller fra menyen p\u00e5 vegne av skolen. I tillegg skal de forberede, legge til rette for og gjennomf\u00f8re DKS-bes\u00f8kene gjennom skole\u00e5ret.<\/p>\n<p>Ta gjerne elever med i bestilling av tilbud, forberedelse og gjennomf\u00f8ring av bes\u00f8k og til \u00e5 lage informasjon og markedsf\u00f8ring til resten av elevene og skolen om kommende bes\u00f8k.<\/p>\n<p>Ta gjerne kontakt med oss for \u00e5 f\u00e5 tips til god forberedelse og gjennomf\u00f8ring av DKS-bes\u00f8k p\u00e5 skolen, eller alle andre DKS-relaterte sp\u00f8rsm\u00e5l. Vi kommer ogs\u00e5 gjerne p\u00e5 bes\u00f8k til skolen.<\/p>\n<p><a href=\"https:\/\/www.denkulturelleskolesekken.no\/viken\/er-du-kulturkontakt\/\">Les mer om kulturkontaktens rolle her<\/a><\/p>\n\t\t\t\t<\/div>\n\t\t\t<\/div>\n\t\t<\/div>\n\t\t<\/div>\n<\/div>\n<\/div><\/div><div id=\"panel-gb1676-69f8bd80e0279-1-0-1\" class=\"so-panel widget widget_sow-accordion panel-last-child\" data-index=\"1\" ><div\n\t\t\t\n\t\t\tclass=\"so-widget-sow-accordion so-widget-sow-accordion-default-5dec79c2bc4b-1676\"\n\t\t\t\n\t\t><div>\n\t<div class=\"sow-accordion\">\n\t\t\t<div class=\"sow-accordion-panel\n\t\t\t\t\"\n\t\t\tdata-anchor-id=\"dks-portalen\">\n\t\t\t\t<div class=\"sow-accordion-panel-header-container\" role=\"heading\" aria-level=\"2\">\n\t\t\t\t\t<div class=\"sow-accordion-panel-header\" tabindex=\"0\" role=\"button\" id=\"accordion-label-dks-portalen\" aria-controls=\"accordion-content-dks-portalen\" aria-expanded=\"false\">\n\t\t\t\t\t\t<div class=\"sow-accordion-title sow-accordion-title-icon-left\">\n\t\t\t\t\t\t\t\t\t\t\t\t\t\tDKS Portalen\t\t\t\t\t\t\t\t\t\t\t\t\t<\/div>\n\t\t\t\t\t\t<div class=\"sow-accordion-open-close-button\">\n\t\t\t\t\t\t\t<div class=\"sow-accordion-open-button\">\n\t\t\t\t\t\t\t\t<span class=\"sow-icon-ionicons\" data-sow-icon=\"&#xf218;\"\n\t\t \n\t\taria-hidden=\"true\"><\/span>\t\t\t\t\t\t\t<\/div>\n\t\t\t\t\t\t\t<div class=\"sow-accordion-close-button\">\n\t\t\t\t\t\t\t\t<span class=\"sow-icon-ionicons\" data-sow-icon=\"&#xf209;\"\n\t\t \n\t\taria-hidden=\"true\"><\/span>\t\t\t\t\t\t\t<\/div>\n\t\t\t\t\t\t<\/div>\n\t\t\t\t\t<\/div>\n\t\t\t\t<\/div>\n\n\t\t\t<div\n\t\t\t\tclass=\"sow-accordion-panel-content\"\n\t\t\t\trole=\"region\"\n\t\t\t\taria-labelledby=\"accordion-label-dks-portalen\"\n\t\t\t\tid=\"accordion-content-dks-portalen\"\n\t\t\t\tstyle=\"display: none;\"\t\t\t>\n\t\t\t\t<div class=\"sow-accordion-panel-border\">\n\t\t\t\t\t<h4>I <a href=\"https:\/\/portal.denkulturelleskolesekken.no\/\">DKS-Portalen<\/a> kan du:<\/h4>\n<ul>\n<li>Se programmet som er tildelt<\/li>\n<li>Bestille ytterligere tilbud<\/li>\n<li>Oppdatere og legge til kontaktinformasjon<\/li>\n<li>Oppdatere informasjon om arenaer og fasiliteter p\u00e5 skolen<\/li>\n<li>Legge inn timeplan og fridager<\/li>\n<li>Justere elevtall<\/li>\n<li>Justere klasser<\/li>\n<\/ul>\n<p>Registrerte DKS-kontakter kan <a href=\"https:\/\/portal.denkulturelleskolesekken.no\/\">logge inn i DKS-Portalen via ID-Porten<\/a>. Inne i Portalen vil dere oppe til venstre finne en meny hvor dere kan oppdatere informasjon om skolen og endre\/legge til andre som trenger \u00e5 logge inn. Dere kan se tildelt program i &#8220;Kulturkalender&#8221;, og dere kan bestille fra bestillingsmenyen i &#8220;P\u00e5meldinger&#8221;. Under fanen &#8220;Dine p\u00e5meldinger&#8221; kan dere holde orden og f\u00e5 oversikt over bestillingene.<\/p>\n<p><span style=\"color: #07c4e6;\"><a style=\"color: #07c4e6;\" href=\"https:\/\/www.denkulturelleskolesekken.no\/dks-portalen\/kulturkontakt\/\" target=\"_blank\" rel=\"noopener\">Her er Kulturtanken veiledning for bruk av Portalen<\/a><\/span><\/p>\n\t\t\t\t<\/div>\n\t\t\t<\/div>\n\t\t<\/div>\n\t\t<\/div>\n<\/div>\n<\/div><\/div><\/div><\/div><\/div>\n\n<div id=\"pl-gb1676-69f8bd810317d\"  class=\"panel-layout wp-block-siteorigin-panels-layout-block\" ><div id=\"pg-gb1676-69f8bd810317d-0\"  class=\"panel-grid panel-no-style\" ><div id=\"pgc-gb1676-69f8bd810317d-0-0\"  class=\"panel-grid-cell\" ><div id=\"panel-gb1676-69f8bd810317d-0-0-0\" class=\"so-panel widget widget_sow-accordion panel-first-child panel-last-child\" data-index=\"0\" ><div\n\t\t\t\n\t\t\tclass=\"so-widget-sow-accordion so-widget-sow-accordion-default-f4c372e9e684-1676\"\n\t\t\t\n\t\t><div>\n\t<div class=\"sow-accordion\">\n\t\t\t<div class=\"sow-accordion-panel\n\t\t\t\t\"\n\t\t\tdata-anchor-id=\"viktige-datoer-og-frister\">\n\t\t\t\t<div class=\"sow-accordion-panel-header-container\" role=\"heading\" aria-level=\"2\">\n\t\t\t\t\t<div class=\"sow-accordion-panel-header\" tabindex=\"0\" role=\"button\" id=\"accordion-label-viktige-datoer-og-frister\" aria-controls=\"accordion-content-viktige-datoer-og-frister\" aria-expanded=\"false\">\n\t\t\t\t\t\t<div class=\"sow-accordion-title sow-accordion-title-icon-left\">\n\t\t\t\t\t\t\t\t\t\t\t\t\t\tViktige datoer og frister\t\t\t\t\t\t\t\t\t\t\t\t\t<\/div>\n\t\t\t\t\t\t<div class=\"sow-accordion-open-close-button\">\n\t\t\t\t\t\t\t<div class=\"sow-accordion-open-button\">\n\t\t\t\t\t\t\t\t<span class=\"sow-icon-ionicons\" data-sow-icon=\"&#xf218;\"\n\t\t \n\t\taria-hidden=\"true\"><\/span>\t\t\t\t\t\t\t<\/div>\n\t\t\t\t\t\t\t<div class=\"sow-accordion-close-button\">\n\t\t\t\t\t\t\t\t<span class=\"sow-icon-ionicons\" data-sow-icon=\"&#xf209;\"\n\t\t \n\t\taria-hidden=\"true\"><\/span>\t\t\t\t\t\t\t<\/div>\n\t\t\t\t\t\t<\/div>\n\t\t\t\t\t<\/div>\n\t\t\t\t<\/div>\n\n\t\t\t<div\n\t\t\t\tclass=\"sow-accordion-panel-content\"\n\t\t\t\trole=\"region\"\n\t\t\t\taria-labelledby=\"accordion-label-viktige-datoer-og-frister\"\n\t\t\t\tid=\"accordion-content-viktige-datoer-og-frister\"\n\t\t\t\tstyle=\"display: none;\"\t\t\t>\n\t\t\t\t<div class=\"sow-accordion-panel-border\">\n\t\t\t\t\t<p><\/p>\n<h3><strong>9. april<\/strong><\/h3>\n<ul>\n<li>Lansering av bestillingstilbud<\/li>\n<\/ul>\n<h3><strong>30. april<\/strong><\/h3>\n<ul>\n<li>Frist for bestilling i Portalen<\/li>\n<\/ul>\n<h3>12. juni<\/h3>\n<ul>\n<li>Bestillingstilbudet er fordelt<\/li>\n<\/ul>\n<h3>11. september<\/h3>\n<ul>\n<li>Siste frist for skolene \u00e5 melde inn endringer<\/li>\n<\/ul>\n<p><\/p>\n<p><\/p>\n<p><\/p>\n\t\t\t\t<\/div>\n\t\t\t<\/div>\n\t\t<\/div>\n\t\t<\/div>\n<\/div>\n<\/div><\/div><\/div><\/div><div id=\"pg-gb1676-69f8bd810317d-1\"  class=\"panel-grid panel-no-style\" ><div id=\"pgc-gb1676-69f8bd810317d-1-0\"  class=\"panel-grid-cell\" ><div id=\"panel-gb1676-69f8bd810317d-1-0-0\" class=\"so-panel widget widget_sow-accordion panel-first-child panel-last-child\" data-index=\"1\" ><div\n\t\t\t\n\t\t\tclass=\"so-widget-sow-accordion so-widget-sow-accordion-default-235fbfdfdc77-1676\"\n\t\t\t\n\t\t><div>\n\t<div class=\"sow-accordion\">\n\t\t\t<div class=\"sow-accordion-panel\n\t\t\t\t\"\n\t\t\tdata-anchor-id=\"om-bestillingstilbud\">\n\t\t\t\t<div class=\"sow-accordion-panel-header-container\" role=\"heading\" aria-level=\"2\">\n\t\t\t\t\t<div class=\"sow-accordion-panel-header\" tabindex=\"0\" role=\"button\" id=\"accordion-label-om-bestillingstilbud\" aria-controls=\"accordion-content-om-bestillingstilbud\" aria-expanded=\"false\">\n\t\t\t\t\t\t<div class=\"sow-accordion-title sow-accordion-title-icon-left\">\n\t\t\t\t\t\t\t\t\t\t\t\t\t\tOm bestillingstilbud\t\t\t\t\t\t\t\t\t\t\t\t\t<\/div>\n\t\t\t\t\t\t<div class=\"sow-accordion-open-close-button\">\n\t\t\t\t\t\t\t<div class=\"sow-accordion-open-button\">\n\t\t\t\t\t\t\t\t<span class=\"sow-icon-ionicons\" data-sow-icon=\"&#xf218;\"\n\t\t \n\t\taria-hidden=\"true\"><\/span>\t\t\t\t\t\t\t<\/div>\n\t\t\t\t\t\t\t<div class=\"sow-accordion-close-button\">\n\t\t\t\t\t\t\t\t<span class=\"sow-icon-ionicons\" data-sow-icon=\"&#xf209;\"\n\t\t \n\t\taria-hidden=\"true\"><\/span>\t\t\t\t\t\t\t<\/div>\n\t\t\t\t\t\t<\/div>\n\t\t\t\t\t<\/div>\n\t\t\t\t<\/div>\n\n\t\t\t<div\n\t\t\t\tclass=\"sow-accordion-panel-content\"\n\t\t\t\trole=\"region\"\n\t\t\t\taria-labelledby=\"accordion-label-om-bestillingstilbud\"\n\t\t\t\tid=\"accordion-content-om-bestillingstilbud\"\n\t\t\t\tstyle=\"display: none;\"\t\t\t>\n\t\t\t\t<div class=\"sow-accordion-panel-border\">\n\t\t\t\t\t<p>Alle skoler f\u00e5r tilbud om \u00e5 bestille fra en \u00e5pen meny. Bestillingstilbudet er frivillig og skolene bestiller hva og hvor mye de \u00f8nsker, og bestemmer selv hvilke elever som skal f\u00e5 tilbudet. Bestillingstilbudet blir presentert i april f\u00f8r p\u00e5f\u00f8lgende skole\u00e5r. Skolene f\u00e5r deretter 3-4 uker p\u00e5 \u00e5 legge inn sine \u00f8nsker. Bestillingene gj\u00f8res ved \u00e5 logge seg inn i DKS-portalen \u00f8verst til h\u00f8yre p\u00e5 denne siden. Bruk ID-portalen for \u00e5 logge inn og f\u00f8lg veiledningen beskrevet under avsnittet &#8220;DKS-Portalen&#8221; litt lengre ned p\u00e5 denne siden.<\/p>\n<p>I bestillingstilbudet er oppsatte klasser veiledende og skolen st\u00e5r fritt til \u00e5 endre dette selv i etterkant. Det g\u00e5r ogs\u00e5 an \u00e5 selv legge til egne klasser, eller tilfeldige klasser p\u00e5 \u00f8nsket antall. Det viktigste er \u00e5 forholde seg til <em>antallet elever<\/em> man bestiller tilbudet til, s\u00e6rlig der det er begrensning p\u00e5 plasser. Send oss en oppdatering i forkant av bes\u00f8ket om hvilke elever som skal f\u00e5 tilbudet, hvis dette er endret etter bestilling.<\/p>\n<p>Det er kulturkontakten som melder interesse for de ulike tilbudene. Er du l\u00e6rer og ser noe du \u00f8nsker til dine elever, s\u00e5 ta kontakt med kulturkontakten p\u00e5 din skole. Enkelte tilbud kan v\u00e6re veldig popul\u00e6re og med begrensede plasser. I etterkant av fristen gj\u00f8r vi en fordeling og sender kulturkontakten et forslag til dag, tidspunkt og antall elever. Se gjerne p\u00e5 tilbudet sammen med elever, andre l\u00e6rere og ledelse.\u00a0 Skolen f\u00e5r deretter beskjed om hvilke tilbud de er tildelt. Vi setter veldig pris p\u00e5 interessen og gj\u00f8r det vi kan for \u00e5 m\u00f8te \u00f8nskene fra skolen.<\/p>\n<p><strong>Se <em>hvordan<\/em> du bestiller under fanen &#8220;DKS-Portalen&#8221;<\/strong><\/p>\n<p>Ta kontakt med oss for alle sp\u00f8rsm\u00e5l knyttet til tilbudene. Kontaktinfo finnes nederst p\u00e5 siden.<\/p>\n\t\t\t\t<\/div>\n\t\t\t<\/div>\n\t\t<\/div>\n\t\t<\/div>\n<\/div>\n<\/div><\/div><\/div><\/div><\/div>\n\n\n<p><\/p>\n\n\n\n<div style=\"height:30px\" aria-hidden=\"true\" class=\"wp-block-spacer\"><\/div>\n\n\n\n<h3 class=\"wp-block-heading has-black-color has-text-color\"><strong>Kontaktpersoner for VGS&nbsp;<\/strong><\/h3>\n\n\n\n<p>For alle sp\u00f8rsm\u00e5l om DKS i videreg\u00e5ende skole, ta kontakt med:<\/p>\n\n\n\n<p><strong>Fagansvarlig VGS<\/strong><br>J\u00f8rgen Greiner,&nbsp;481 81 909,&nbsp;<a href=\"mailto:jorgeng@viken.no\" target=\"_blank\" rel=\"noreferrer noopener\">jorgeng@bfk.no<\/a><\/p>\n\n\n\n<p><strong>Fagansvarlig Scenekunst<br><\/strong>Aimi Wallumr\u00f8d, 92 20 70 28, <a href=\"mailto:aimiw@bfk.no\">aimiw@bfk.no<\/a><\/p>\n\n\n\n<p><strong>Fagansvarlig Film og Kulturarv<br><\/strong>Mette Indrehus, 413 24 684, <a href=\"mailto:mettei@bfk.no\">mettei@bfk.no<\/a><\/p>\n\n\n\n<p><strong>Fagansvarlig Musikk<\/strong><br>Ragnhild Vreim Tveitan, 944 83 741, <a href=\"mailto:ragnhildt@bfk.no\">ragnhildt@bfk.no<\/a><\/p>\n\n\n\n<p><strong>Fagansvarlig Litteratur<\/strong><br>Stig Elvis Furset, 934 62 692, <a href=\"mailto:stigfu@bfk.no\">stigfu@bfk.no<\/a><\/p>\n\n\n\n<p><strong>Fagansvarlig Visuell kunst<\/strong><br>Lill Carin Jacobsen, 995&nbsp; 76 447, <a href=\"mailto:lillj@bfk.no\">lillj@bfk.no<\/a><br><br><\/p>\n\n\n\n<div style=\"height:46px\" aria-hidden=\"true\" class=\"wp-block-spacer\"><\/div>\n\n\n\n<p><\/p>\n","protected":false},"excerpt":{"rendered":"<p>Program 26-27 Bestillingstilbudet for videreg\u00e5ende skoler ble presentert p\u00e5 Drammen kulturhus torsdag 9. april. Bestillingsfrist er 30. april. Kontaktpersoner for VGS&nbsp; For alle sp\u00f8rsm\u00e5l om DKS i videreg\u00e5ende skole, ta kontakt med: Fagansvarlig VGSJ\u00f8rgen Greiner,&nbsp;481 81 909,&nbsp;jorgeng@bfk.no Fagansvarlig ScenekunstAimi Wallumr\u00f8d, 92 20 70 28, aimiw@bfk.no Fagansvarlig Film og KulturarvMette Indrehus, 413 24 684, mettei@bfk.no Fagansvarlig [&hellip;]<\/p>\n","protected":false},"author":16,"featured_media":7854,"parent":0,"menu_order":0,"comment_status":"closed","ping_status":"closed","template":"","meta":{"footnotes":""},"class_list":["post-1676","page","type-page","status-publish","has-post-thumbnail","hentry"],"_links":{"self":[{"href":"https:\/\/www.denkulturelleskolesekken.no\/buskerud\/wp-json\/wp\/v2\/pages\/1676","targetHints":{"allow":["GET"]}}],"collection":[{"href":"https:\/\/www.denkulturelleskolesekken.no\/buskerud\/wp-json\/wp\/v2\/pages"}],"about":[{"href":"https:\/\/www.denkulturelleskolesekken.no\/buskerud\/wp-json\/wp\/v2\/types\/page"}],"author":[{"embeddable":true,"href":"https:\/\/www.denkulturelleskolesekken.no\/buskerud\/wp-json\/wp\/v2\/users\/16"}],"replies":[{"embeddable":true,"href":"https:\/\/www.denkulturelleskolesekken.no\/buskerud\/wp-json\/wp\/v2\/comments?post=1676"}],"version-history":[{"count":252,"href":"https:\/\/www.denkulturelleskolesekken.no\/buskerud\/wp-json\/wp\/v2\/pages\/1676\/revisions"}],"predecessor-version":[{"id":7911,"href":"https:\/\/www.denkulturelleskolesekken.no\/buskerud\/wp-json\/wp\/v2\/pages\/1676\/revisions\/7911"}],"wp:featuredmedia":[{"embeddable":true,"href":"https:\/\/www.denkulturelleskolesekken.no\/buskerud\/wp-json\/wp\/v2\/media\/7854"}],"wp:attachment":[{"href":"https:\/\/www.denkulturelleskolesekken.no\/buskerud\/wp-json\/wp\/v2\/media?parent=1676"}],"curies":[{"name":"wp","href":"https:\/\/api.w.org\/{rel}","templated":true}]}}