{"id":1296,"date":"2020-04-24T13:07:58","date_gmt":"2020-04-24T13:07:58","guid":{"rendered":"https:\/\/www.denkulturelleskolesekken.no\/viken\/?page_id=1296"},"modified":"2024-01-03T12:43:03","modified_gmt":"2024-01-03T12:43:03","slug":"kulturdrapen","status":"publish","type":"page","link":"https:\/\/www.denkulturelleskolesekken.no\/buskerud\/kulturdrapen\/","title":{"rendered":"Kulturdr\u00e5pen"},"content":{"rendered":"\n<p>Kulturdr\u00e5pen er et fylkesdekkende prosjekt som tilbyr og tilrettelegger for et kontinuerlig kulturtilbud for mennesker under opphold p\u00e5 rusinstitusjoner, i fengsler, dagsenter og ettervern. Ordningen ble etablert i \u00d8stfold og ble i 2023 utvidet til \u00e5 ogs\u00e5 gjelde Buskerud og Akershus.<br><\/p>\n\n\n\n<p>Kulturdr\u00e5pen tilbyr kulturaktiviteter med variert innhold; konserter, teater, skrivekurs, filmkurs, og diverse andre kunstfaglige kurs.<\/p>\n\n\n\n<p>Kulturdr\u00e5pen ble startet i 2009 med midler fra Helsedirektoratet. I 2014 ble prosjektet tildelt midler fra b\u00e5de Helsedirektoratet, Kriminalomsorgen, og ble en fast ordning og del av et fylkeskommunalt tilbud. I 2022 vedtok fylkestinget \u00e5 utvide ordningen til \u00e5 gjelde alle tre fylkene som fram til januar 2024 utgjorde Viken fylkeskommune.<\/p>\n\n\n\n<p>Kulturdr\u00e5pen er samlokalisert med Den kulturelle skolesekken i Buskerud fylkeskommune, og inng\u00e5r n\u00e5 som fast del i organisasjonens formidlingsstab. Kulturdr\u00e5pen jobber etter samme prinsipp og modell som DKS og medvirker dermed til at m\u00e5lgruppen f\u00e5r kontinuerlige, profesjonelle kunst- og kulturtilbud.<\/p>\n\n\n\n<p><a rel=\"noreferrer noopener\" aria-label=\" (opens in a new tab)\" href=\"https:\/\/cdn.denkulturelleskolesekken.no\/viken\/2020\/04\/88661f5e-kulturdra%CC%8Apen-magasin.pdf\" target=\"_blank\">Ta gjerne en titt i v\u00e5rt magasin for \u00e5 lese mer om ordningen!<\/a>&nbsp;<\/p>\n\n\n\n<div style=\"height:40px\" aria-hidden=\"true\" class=\"wp-block-spacer\"><\/div>\n\n\n\n<h2 class=\"wp-block-heading\">Aktuelle artikler<\/h2>\n\n\n\n<div style=\"height:15px\" aria-hidden=\"true\" class=\"wp-block-spacer\"><\/div>\n\n\n\n<div class=\"wp-block-columns is-layout-flex wp-container-core-columns-is-layout-9d6595d7 wp-block-columns-is-layout-flex\">\n<div class=\"wp-block-column is-layout-flow wp-block-column-is-layout-flow\">\n<figure class=\"wp-block-image size-large\"><a href=\"https:\/\/www.denkulturelleskolesekken.no\/viken\/2023\/02\/01\/musikk-i-det-lukkede-rom\/\"><img loading=\"lazy\" decoding=\"async\" width=\"1024\" height=\"683\" src=\"https:\/\/cdn.denkulturelleskolesekken.no\/viken\/d4b8bbbd-musikkprosjekt-fengslet_foto-jorgen-greiner_13-2-kopi-1024x683.jpg\" alt=\"Bilde av Jonathan Castro\" class=\"wp-image-6063\" srcset=\"https:\/\/cdn.denkulturelleskolesekken.no\/viken\/d4b8bbbd-musikkprosjekt-fengslet_foto-jorgen-greiner_13-2-kopi-1024x683.jpg 1024w, https:\/\/cdn.denkulturelleskolesekken.no\/viken\/d4b8bbbd-musikkprosjekt-fengslet_foto-jorgen-greiner_13-2-kopi-300x200.jpg 300w, https:\/\/cdn.denkulturelleskolesekken.no\/viken\/d4b8bbbd-musikkprosjekt-fengslet_foto-jorgen-greiner_13-2-kopi-768x512.jpg 768w, https:\/\/cdn.denkulturelleskolesekken.no\/viken\/d4b8bbbd-musikkprosjekt-fengslet_foto-jorgen-greiner_13-2-kopi-272x182.jpg 272w, https:\/\/cdn.denkulturelleskolesekken.no\/viken\/d4b8bbbd-musikkprosjekt-fengslet_foto-jorgen-greiner_13-2-kopi.jpg 1200w\" sizes=\"auto, (max-width: 1024px) 100vw, 1024px\" \/><\/a><\/figure>\n<\/div>\n\n\n\n<div class=\"wp-block-column is-layout-flow wp-block-column-is-layout-flow\">\n<h3 class=\"wp-block-heading\"><a href=\"https:\/\/www.denkulturelleskolesekken.no\/viken\/2023\/02\/01\/musikk-i-det-lukkede-rom\/\">Musikk i det lukkede rom<\/a><\/h3>\n\n\n\n<p>Les om Kulturdr\u00e5pens musikk- og skrivekurs for innsatte i Indre \u00d8stfold fengsel. Hver mandag i 10 uker m\u00f8tte de innsatte musikerne Andr\u00e9 Hadland og Jonathan Castro for kontinuerlig arbeid med musikk og tekst. M\u00e5let var \u00e5 skape en positiv endring for en gruppe unge innsatte i et h\u00f8ysikkerhetsfengsel.&nbsp;<\/p>\n<\/div>\n<\/div>\n\n\n\n<div class=\"wp-block-columns is-layout-flex wp-container-core-columns-is-layout-9d6595d7 wp-block-columns-is-layout-flex\">\n<div class=\"wp-block-column is-layout-flow wp-block-column-is-layout-flow\">\n<figure class=\"wp-block-image size-full\"><a href=\"https:\/\/www.denkulturelleskolesekken.no\/viken\/2022\/03\/16\/kreativ-arena-2022\/\"><img loading=\"lazy\" decoding=\"async\" width=\"765\" height=\"435\" src=\"https:\/\/cdn.denkulturelleskolesekken.no\/viken\/ec427952-hagakoret.jpg\" alt=\"\" class=\"wp-image-5496\" srcset=\"https:\/\/cdn.denkulturelleskolesekken.no\/viken\/ec427952-hagakoret.jpg 765w, https:\/\/cdn.denkulturelleskolesekken.no\/viken\/ec427952-hagakoret-300x171.jpg 300w\" sizes=\"auto, (max-width: 765px) 100vw, 765px\" \/><\/a><\/figure>\n<\/div>\n\n\n\n<div class=\"wp-block-column is-layout-flow wp-block-column-is-layout-flow\">\n<h3 class=\"wp-block-heading\"><a href=\"https:\/\/www.denkulturelleskolesekken.no\/viken\/2022\/03\/16\/kreativ-arena-2022\/\">Kreativ Arena 2022<\/a><\/h3>\n\n\n\n<p>Hagakoret og Kulturdr\u00e5pen med innslag under Kreativ Arena 2022. <\/p>\n<\/div>\n<\/div>\n\n\n\n<div class=\"wp-block-columns is-layout-flex wp-container-core-columns-is-layout-9d6595d7 wp-block-columns-is-layout-flex\">\n<div class=\"wp-block-column is-layout-flow wp-block-column-is-layout-flow\">\n<figure class=\"wp-block-image size-full\"><img loading=\"lazy\" decoding=\"async\" width=\"740\" height=\"499\" src=\"https:\/\/cdn.denkulturelleskolesekken.no\/viken\/1cf806e0-monica-isamkstuen-nettsak-1-e1680180213696.jpg\" alt=\"\" class=\"wp-image-1755\"\/><\/figure>\n<\/div>\n\n\n\n<div class=\"wp-block-column is-layout-flow wp-block-column-is-layout-flow\">\n<h3 class=\"wp-block-heading\"><a href=\"https:\/\/www.denkulturelleskolesekken.no\/viken\/2020\/07\/03\/handsprit-i-veska-og-pa-trygg-avstand-i-klasserommet\/\">H\u00e5ndsprit i veska og p\u00e5 trygg avstand i &#8220;klasserommet&#8221;<\/a><\/h3>\n\n\n\n<p>Kulturdr\u00e5pen var glade for \u00e5 avtale nok et skrivekurs med forfatter Monica Isakstuen p\u00e5 Phoenix Haga \u2013 s\u00e5 kom pandemien.<\/p>\n<\/div>\n<\/div>\n\n\n\n<div class=\"wp-block-group alignwide\"><div class=\"wp-block-group__inner-container is-layout-flow wp-block-group-is-layout-flow\">\n<div class=\"wp-block-columns is-layout-flex wp-container-core-columns-is-layout-9d6595d7 wp-block-columns-is-layout-flex\">\n<div class=\"wp-block-column is-layout-flow wp-block-column-is-layout-flow\">\n<figure class=\"wp-block-image size-full\"><a href=\"https:\/\/www.denkulturelleskolesekken.no\/viken\/2019\/02\/11\/mange-sterke-inntrykk\/\"><img loading=\"lazy\" decoding=\"async\" width=\"765\" height=\"435\" src=\"https:\/\/cdn.denkulturelleskolesekken.no\/viken\/d4fcfbbc-tryge-skaug.jpg\" alt=\"\" class=\"wp-image-5458\" srcset=\"https:\/\/cdn.denkulturelleskolesekken.no\/viken\/d4fcfbbc-tryge-skaug.jpg 765w, https:\/\/cdn.denkulturelleskolesekken.no\/viken\/d4fcfbbc-tryge-skaug-300x171.jpg 300w\" sizes=\"auto, (max-width: 765px) 100vw, 765px\" \/><\/a><\/figure>\n<\/div>\n\n\n\n<div class=\"wp-block-column is-vertically-aligned-top is-layout-flow wp-block-column-is-layout-flow\">\n<h3 class=\"wp-block-heading\"><a href=\"https:\/\/www.denkulturelleskolesekken.no\/viken\/2019\/02\/11\/mange-sterke-inntrykk\/\">Mange sterke inntrykk<\/a><\/h3>\n\n\n\n<p>Trygve Skaug er en av artistene p\u00e5&nbsp;Dr\u00e5pekonserten i \u00d8stre Fredrikstad kirke 14. februar.<\/p>\n<\/div>\n<\/div>\n<\/div><\/div>\n\n\n\n<div class=\"wp-block-columns is-layout-flex wp-container-core-columns-is-layout-9d6595d7 wp-block-columns-is-layout-flex\">\n<div class=\"wp-block-column is-layout-flow wp-block-column-is-layout-flow\">\n<figure class=\"wp-block-image size-full\"><a href=\"https:\/\/www.denkulturelleskolesekken.no\/viken\/2018\/12\/05\/artistslipp-til-drapekonsert-2019\/\"><img loading=\"lazy\" decoding=\"async\" width=\"765\" height=\"435\" src=\"https:\/\/cdn.denkulturelleskolesekken.no\/viken\/ffb9b640-dra\u030apekonsert.jpg\" alt=\"\" class=\"wp-image-5472\" srcset=\"https:\/\/cdn.denkulturelleskolesekken.no\/viken\/ffb9b640-dra\u030apekonsert.jpg 765w, https:\/\/cdn.denkulturelleskolesekken.no\/viken\/ffb9b640-dra\u030apekonsert-300x171.jpg 300w\" sizes=\"auto, (max-width: 765px) 100vw, 765px\" \/><\/a><\/figure>\n<\/div>\n\n\n\n<div class=\"wp-block-column is-layout-flow wp-block-column-is-layout-flow\">\n<h3 class=\"wp-block-heading\"><a href=\"https:\/\/www.denkulturelleskolesekken.no\/viken\/2018\/12\/05\/artistslipp-til-drapekonsert-2019\/\">Artistslipp til Dr\u00e5pekonsert 2019<\/a><\/h3>\n\n\n\n<p>Monica har s\u00e5 vidt rukket \u00e5 avslutte jobben som produsent for teatersuksessen&nbsp;\u00abUten navn \u2013 \u00e5 miste sine n\u00e6rmeste\u00bb, som har g\u00e5tt for fulle hus i b\u00e5de \u00d8stfold og p\u00e5 Nationaltheatret, f\u00f8r hun er i gang med neste prosjekt.<\/p>\n<\/div>\n<\/div>\n\n\n\n<div class=\"wp-block-columns is-layout-flex wp-container-core-columns-is-layout-9d6595d7 wp-block-columns-is-layout-flex\">\n<div class=\"wp-block-column is-layout-flow wp-block-column-is-layout-flow\">\n<figure class=\"wp-block-image size-full\"><a href=\"https:\/\/www.denkulturelleskolesekken.no\/viken\/2019\/04\/15\/et-ambisiost-ar-i-kulturdrapen\/\"><img loading=\"lazy\" decoding=\"async\" width=\"765\" height=\"435\" src=\"https:\/\/cdn.denkulturelleskolesekken.no\/viken\/ff11edcc-et-ambisiost-a\u030ar-uten-navn.jpg\" alt=\"\" class=\"wp-image-5465\" srcset=\"https:\/\/cdn.denkulturelleskolesekken.no\/viken\/ff11edcc-et-ambisiost-a\u030ar-uten-navn.jpg 765w, https:\/\/cdn.denkulturelleskolesekken.no\/viken\/ff11edcc-et-ambisiost-a\u030ar-uten-navn-300x171.jpg 300w\" sizes=\"auto, (max-width: 765px) 100vw, 765px\" \/><\/a><\/figure>\n<\/div>\n\n\n\n<div class=\"wp-block-column is-vertically-aligned-top is-layout-flow wp-block-column-is-layout-flow\">\n<h3 class=\"wp-block-heading\"><a href=\"https:\/\/www.denkulturelleskolesekken.no\/viken\/2019\/04\/15\/et-ambisiost-ar-i-kulturdrapen\/\">Et ambisi\u00f8st \u00e5r i Kulturdr\u00e5pen<\/a><\/h3>\n\n\n\n<p>Et \u00e5r har g\u00e5tt i Kulturdr\u00e5pen \u2013 og for et \u00e5r det har v\u00e6rt.N\u00e5 som vi har skrevet ferdig \u00e5rsrapporten for 2018 m\u00e5 vi innr\u00f8mme at vi er ganske stolte av det vi har f\u00e5tt til.<br><\/p>\n<\/div>\n<\/div>\n\n\n\n<div class=\"wp-block-columns is-layout-flex wp-container-core-columns-is-layout-9d6595d7 wp-block-columns-is-layout-flex\">\n<div class=\"wp-block-column is-layout-flow wp-block-column-is-layout-flow\">\n<figure class=\"wp-block-image size-full\"><a href=\"https:\/\/www.denkulturelleskolesekken.no\/viken\/2018\/12\/14\/uten-navn-en-av-arets-beste-kulturopplevelser-i-2018\/\"><img loading=\"lazy\" decoding=\"async\" width=\"765\" height=\"435\" src=\"https:\/\/cdn.denkulturelleskolesekken.no\/viken\/55171cf4-uten-navn.jpg\" alt=\"\" class=\"wp-image-5468\" srcset=\"https:\/\/cdn.denkulturelleskolesekken.no\/viken\/55171cf4-uten-navn.jpg 765w, https:\/\/cdn.denkulturelleskolesekken.no\/viken\/55171cf4-uten-navn-300x171.jpg 300w\" sizes=\"auto, (max-width: 765px) 100vw, 765px\" \/><\/a><\/figure>\n<\/div>\n\n\n\n<div class=\"wp-block-column is-vertically-aligned-top is-layout-flow wp-block-column-is-layout-flow\">\n<h3 class=\"wp-block-heading\"><a href=\"https:\/\/www.denkulturelleskolesekken.no\/viken\/2018\/12\/14\/uten-navn-en-av-arets-beste-kulturopplevelser-i-2018\/\">Uten navn \u2013 en av \u00e5rets beste kulturopplevelser i 2018<\/a><\/h3>\n\n\n\n<p>Teaterviter og kritiker Ilene S\u00f8rb\u00f8e har k\u00e5ret \u00d8stfold kulturutvikling og Kulturdr\u00e5pens samarbeidsproduksjon&nbsp;Uten navn til en av \u00e5rets beste kulturopplevelser i Morgenbladet.<\/p>\n<\/div>\n<\/div>\n\n\n<div id=\"pl-gb1296-69f8abc1aadfe\"  class=\"panel-layout\" ><div id=\"pg-gb1296-69f8abc1aadfe-0\"  class=\"panel-grid panel-has-style\" ><div class=\"siteorigin-panels-stretch panel-row-style panel-row-style-for-gb1296-69f8abc1aadfe-0\" data-stretch-type=\"full\" ><div id=\"pgc-gb1296-69f8abc1aadfe-0-0\"  class=\"panel-grid-cell\" ><div id=\"panel-gb1296-69f8abc1aadfe-0-0-0\" class=\"so-panel widget widget_media_gallery panel-first-child panel-last-child\" data-index=\"0\" ><div class=\"panel-widget-style panel-widget-style-for-gb1296-69f8abc1aadfe-0-0-0\" >\n\t\t<style type=\"text\/css\">\n\t\t\t#gallery-1 {\n\t\t\t\tmargin: auto;\n\t\t\t}\n\t\t\t#gallery-1 .gallery-item {\n\t\t\t\tfloat: left;\n\t\t\t\tmargin-top: 10px;\n\t\t\t\ttext-align: center;\n\t\t\t\twidth: 33%;\n\t\t\t}\n\t\t\t#gallery-1 img {\n\t\t\t\tborder: 2px solid #cfcfcf;\n\t\t\t}\n\t\t\t#gallery-1 .gallery-caption {\n\t\t\t\tmargin-left: 0;\n\t\t\t}\n\t\t\t\/* see gallery_shortcode() in wp-includes\/media.php *\/\n\t\t<\/style>\n\t\t<div id='gallery-1' class='gallery galleryid-1296 gallery-columns-3 gallery-size-medium'><dl class='gallery-item'>\n\t\t\t<dt class='gallery-icon landscape'>\n\t\t\t\t<img loading=\"lazy\" decoding=\"async\" width=\"300\" height=\"200\" src=\"https:\/\/cdn.denkulturelleskolesekken.no\/viken\/2020\/04\/15deb2e7-mariakarlsen-mm.jpg\" class=\"attachment-medium size-medium wp-stateless-item\" alt=\"\" data-image-size=\"medium\" data-stateless-media-bucket=\"kulturtanken-wordpress-cdn\" data-stateless-media-name=\"viken\/2020\/04\/15deb2e7-mariakarlsen-mm.jpg\" \/>\n\t\t\t<\/dt><\/dl><dl class='gallery-item'>\n\t\t\t<dt class='gallery-icon landscape'>\n\t\t\t\t<img loading=\"lazy\" decoding=\"async\" width=\"300\" height=\"200\" src=\"https:\/\/cdn.denkulturelleskolesekken.no\/viken\/2020\/04\/957cee7e-rockeband.jpg\" class=\"attachment-medium size-medium wp-stateless-item\" alt=\"\" data-image-size=\"medium\" data-stateless-media-bucket=\"kulturtanken-wordpress-cdn\" data-stateless-media-name=\"viken\/2020\/04\/957cee7e-rockeband.jpg\" \/>\n\t\t\t<\/dt><\/dl><dl class='gallery-item'>\n\t\t\t<dt class='gallery-icon landscape'>\n\t\t\t\t<img loading=\"lazy\" decoding=\"async\" width=\"300\" height=\"200\" src=\"https:\/\/cdn.denkulturelleskolesekken.no\/viken\/2020\/04\/ce02d259-konsert_kor.jpg\" class=\"attachment-medium size-medium wp-stateless-item\" alt=\"\" data-image-size=\"medium\" data-stateless-media-bucket=\"kulturtanken-wordpress-cdn\" data-stateless-media-name=\"viken\/2020\/04\/ce02d259-konsert_kor.jpg\" \/>\n\t\t\t<\/dt><\/dl><br style=\"clear: both\" \/><dl class='gallery-item'>\n\t\t\t<dt class='gallery-icon landscape'>\n\t\t\t\t<img loading=\"lazy\" decoding=\"async\" width=\"300\" height=\"200\" src=\"https:\/\/cdn.denkulturelleskolesekken.no\/viken\/2020\/04\/6f040442-klassisk.jpg\" class=\"attachment-medium size-medium wp-stateless-item\" alt=\"\" data-image-size=\"medium\" data-stateless-media-bucket=\"kulturtanken-wordpress-cdn\" data-stateless-media-name=\"viken\/2020\/04\/6f040442-klassisk.jpg\" \/>\n\t\t\t<\/dt><\/dl><dl class='gallery-item'>\n\t\t\t<dt class='gallery-icon landscape'>\n\t\t\t\t<img loading=\"lazy\" decoding=\"async\" width=\"300\" height=\"200\" src=\"https:\/\/cdn.denkulturelleskolesekken.no\/viken\/2020\/04\/5fba4db0-symaskin.jpg\" class=\"attachment-medium size-medium wp-stateless-item\" alt=\"\" data-image-size=\"medium\" data-stateless-media-bucket=\"kulturtanken-wordpress-cdn\" data-stateless-media-name=\"viken\/2020\/04\/5fba4db0-symaskin.jpg\" \/>\n\t\t\t<\/dt><\/dl><dl class='gallery-item'>\n\t\t\t<dt class='gallery-icon landscape'>\n\t\t\t\t<img loading=\"lazy\" decoding=\"async\" width=\"300\" height=\"200\" src=\"https:\/\/cdn.denkulturelleskolesekken.no\/viken\/2020\/04\/9c19e466-gitarspill.jpg\" class=\"attachment-medium size-medium wp-stateless-item\" alt=\"\" data-image-size=\"medium\" data-stateless-media-bucket=\"kulturtanken-wordpress-cdn\" data-stateless-media-name=\"viken\/2020\/04\/9c19e466-gitarspill.jpg\" \/>\n\t\t\t<\/dt><\/dl><br style=\"clear: both\" \/>\n\t\t<\/div>\n<\/div><\/div><\/div><\/div><\/div><\/div>\n\n\n<div style=\"height:50px\" aria-hidden=\"true\" class=\"wp-block-spacer\"><\/div>\n\n\n\n<p class=\"has-text-align-left\">&#8211;<em>There are a number of things that are important when you are in a prison.<\/em><\/p>\n\n\n\n<p class=\"has-text-align-left\"><em>Employment, school and regularity. But one thing that is also very important, and which is often forgotten, is that you should feel like a person and not a number.<\/em><\/p>\n\n\n\n<p class=\"has-text-align-left\"><em>What is very important to me here, and I think to many inmates with me, is that you can express yourself through music.<\/em><\/p>\n\n\n\n<p class=\"has-text-align-left\"><em>It is also important that here in prison you are occasionally treated to a mini concert or other cultural events, thanks to Kulturdr\u00e5pen.<\/em><\/p>\n\n\n\n<p class=\"has-text-align-left\"><em>This means a lot, and I think more attention should be given to this. Thanks!<\/em><\/p>\n\n\n\n<p class=\"has-text-align-right\">(Tilbakemelding fra en insatt etter bes\u00f8k fra Kulturdr\u00e5pen)<\/p>\n\n\n\n<div style=\"height:50px\" aria-hidden=\"true\" class=\"wp-block-spacer\"><\/div>\n\n\n<div id=\"pl-gb1296-69f8abc1ac621\"  class=\"panel-layout\" ><div id=\"pg-gb1296-69f8abc1ac621-0\"  class=\"panel-grid panel-no-style\" ><div id=\"pgc-gb1296-69f8abc1ac621-0-0\"  class=\"panel-grid-cell\" ><div id=\"panel-gb1296-69f8abc1ac621-0-0-0\" class=\"so-panel widget widget_sow-editor panel-first-child panel-last-child\" data-index=\"0\" ><div\n\t\t\t\n\t\t\tclass=\"so-widget-sow-editor so-widget-sow-editor-base\"\n\t\t\t\n\t\t>\n<div class=\"siteorigin-widget-tinymce textwidget\">\n\t<p><strong>Kontakt info:<\/strong><\/p>\n<p>Kulturdr\u00e5pen<br \/>\nv\/ Monica Leander<br \/>\nmail: monicale@viken.no<br \/>\nmob:\u00a0+47 93 28 88 77<\/p>\n<p>Bes\u00f8ksadr: Dokka 3 A, 1671 Kr\u00e5ker\u00f8y<\/p>\n<\/div>\n<\/div><\/div><\/div><div id=\"pgc-gb1296-69f8abc1ac621-0-1\"  class=\"panel-grid-cell\" ><div id=\"panel-gb1296-69f8abc1ac621-0-1-0\" class=\"so-panel widget widget_media_image panel-first-child panel-last-child\" data-index=\"1\" ><img loading=\"lazy\" decoding=\"async\" width=\"428\" height=\"129\" src=\"https:\/\/cdn.denkulturelleskolesekken.no\/viken\/2020\/04\/0b22988c-kulturdra\u030apen_logo.jpg\" class=\"image wp-image-1404  attachment-full size-full wp-stateless-item\" alt=\"\" style=\"max-width: 100%; height: auto;\" data-image-size=\"full\" data-stateless-media-bucket=\"kulturtanken-wordpress-cdn\" data-stateless-media-name=\"viken\/2020\/04\/0b22988c-kulturdra\u030apen_logo.jpg\" \/><\/div><\/div><\/div><\/div>","protected":false},"excerpt":{"rendered":"<p>Kulturdr\u00e5pen er et fylkesdekkende prosjekt som tilbyr og tilrettelegger for et kontinuerlig kulturtilbud for mennesker under opphold p\u00e5 rusinstitusjoner, i fengsler, dagsenter og ettervern. Ordningen ble etablert i \u00d8stfold og ble i 2023 utvidet til \u00e5 ogs\u00e5 gjelde Buskerud og Akershus. Kulturdr\u00e5pen tilbyr kulturaktiviteter med variert innhold; konserter, teater, skrivekurs, filmkurs, og diverse andre kunstfaglige [&hellip;]<\/p>\n","protected":false},"author":10,"featured_media":7429,"parent":0,"menu_order":0,"comment_status":"closed","ping_status":"closed","template":"","meta":{"footnotes":""},"class_list":["post-1296","page","type-page","status-publish","has-post-thumbnail","hentry"],"_links":{"self":[{"href":"https:\/\/www.denkulturelleskolesekken.no\/buskerud\/wp-json\/wp\/v2\/pages\/1296","targetHints":{"allow":["GET"]}}],"collection":[{"href":"https:\/\/www.denkulturelleskolesekken.no\/buskerud\/wp-json\/wp\/v2\/pages"}],"about":[{"href":"https:\/\/www.denkulturelleskolesekken.no\/buskerud\/wp-json\/wp\/v2\/types\/page"}],"author":[{"embeddable":true,"href":"https:\/\/www.denkulturelleskolesekken.no\/buskerud\/wp-json\/wp\/v2\/users\/10"}],"replies":[{"embeddable":true,"href":"https:\/\/www.denkulturelleskolesekken.no\/buskerud\/wp-json\/wp\/v2\/comments?post=1296"}],"version-history":[{"count":106,"href":"https:\/\/www.denkulturelleskolesekken.no\/buskerud\/wp-json\/wp\/v2\/pages\/1296\/revisions"}],"predecessor-version":[{"id":7428,"href":"https:\/\/www.denkulturelleskolesekken.no\/buskerud\/wp-json\/wp\/v2\/pages\/1296\/revisions\/7428"}],"wp:featuredmedia":[{"embeddable":true,"href":"https:\/\/www.denkulturelleskolesekken.no\/buskerud\/wp-json\/wp\/v2\/media\/7429"}],"wp:attachment":[{"href":"https:\/\/www.denkulturelleskolesekken.no\/buskerud\/wp-json\/wp\/v2\/media?parent=1296"}],"curies":[{"name":"wp","href":"https:\/\/api.w.org\/{rel}","templated":true}]}}