{"id":125,"date":"2019-12-10T12:22:29","date_gmt":"2019-12-10T12:22:29","guid":{"rendered":"https:\/\/viken.kulturtanken.app\/?page_id=125"},"modified":"2023-12-20T14:23:29","modified_gmt":"2023-12-20T14:23:29","slug":"er-du-laerer","status":"publish","type":"page","link":"https:\/\/www.denkulturelleskolesekken.no\/buskerud\/er-du-laerer\/","title":{"rendered":"L\u00e6rer"},"content":{"rendered":"\n<p>Du som l\u00e6rer er en viktig rollemodell for elevene i m\u00f8te med kunst og kultur. Gjennom \u00e5 informere og forberede elevene p\u00e5 hva de skal oppleve, er du med p\u00e5 \u00e5 legge det til rette for gode kunst- og kulturopplevelser.<\/p>\n\n\n\n<h2 class=\"wp-block-heading\">Forberedelser til et DKS bes\u00f8k<\/h2>\n\n\n\n<ul class=\"wp-block-list\"><li>Forbered klassen p\u00e5 hvem som skal komme.<\/li><li>Bruk bakgrunnsmaterialet som er tilgjengelig fra <a href=\"https:\/\/www.denkulturelleskolesekken.no\/viken\/utforsk-produksjoner-i-dks\/#\/eyJ2aWV3IjoibGlzdCIsInNvcnQiOiIiLCJhY2FkZW1pY1llYXJJZCI6IiIsInNraXAiOjAsImxpbWl0IjoxNSwiaXRlbXNQZXJQYWdlIjoxNSwiaGFzTW9yZSI6bnVsbCwiZXhwaXJ5IjoxNjYyMTIxNjk4Nzk2LCJvcGVuQWxsRXZlbnRzIjpmYWxzZSwiYnJhbmNoT2ZmaWNlSWRzIjpbXSwicmV2aXNpb24iOm51bGwsIm9wZW4iOnRydWV9\">Den kulturelle skolesekken under hver produksjon<\/a>.<\/li><li>Vis videohilsen fra ut\u00f8veren\/kunstneren dersom det ligger p\u00e5 informasjonssiden til produksjonen.<\/li><li>Sammen med kulturkontakten p\u00e5 skolen har l\u00e6reren ansvar for \u00e5 bidra med den praktiske tilretteleggingen.<\/li><li>Mange av arrangementene foreg\u00e5r klassevis. Da er det l\u00e6reren og ikke kulturkontaktens ansvar \u00e5 f\u00f8lge opp. <\/li><li>F\u00f8lg elevene rolig inn i kulturarenaen, sitt sammen med klassen din, og s\u00f8rger for at elevene ikke forstyrrer hverandre. (Legg bort mobilen!)<\/li><li>Hils p\u00e5 ut\u00f8verne hvis anledningen byr seg. Sp\u00f8r gjerne om det er noe du kan bidra med.<\/li><li>Gi ut\u00f8verne en varm velkomst!<\/li><\/ul>\n\n\n\n<h2 class=\"wp-block-heading\">Samtalen med elevene etter bes\u00f8ket<\/h2>\n\n\n\n<p>Vi anbefaler \u00e5 ha en samtale med elevene etter DKS-bes\u00f8ket. Slike samtaler er med p\u00e5 \u00e5 utvikle barnas spr\u00e5klige bilder, og er en fin anledning til \u00e5 \u00f8ve seg p\u00e5 \u00e5 sette ord p\u00e5 det de har opplevd.<\/p>\n\n\n\n<p>Selv om dere har opplevd det samme og brukt sansene noks\u00e5 likt, er det ikke sikkert alle sitter igjen med de samme opplevelsene og tolkningene. Trygg gjerne elevene p\u00e5 at vi opplever ting forskjellig. Legg til rette for individuelle tolkninger, og f\u00e5 frem at det er helt greit at man har forskjellige oppfattelser av hva kunsten handler, og om og hva som fungerer godt og mindre godt. F\u00e5 gjerne frem at det ikke er rette eller gale svar. Det dreier seg om \u00e5 stimulere til \u00e5 tenke selvstendig og \u00e5 l\u00e6re seg \u00e5 sette ord p\u00e5 det man har opplevd.<\/p>\n\n\n\n<p>Om dere l\u00e6rere oppmuntrer barna til \u00e5 stille sp\u00f8rsm\u00e5l, til \u00e5 undre seg, s\u00e5 \u00f8ver dere dem opp i kritisk og kreativ tenkning. Deres rolle som l\u00e6rere i m\u00f8te med kunst og kultur, er \u00e5 \u00e5pne samtalerommene der elevenes refleksjonsevne stimuleres.<\/p>\n\n\n\n<h2 class=\"has-black-color has-text-color wp-block-heading\">Ressursside for l\u00e6rere<\/h2>\n\n\n\n<p>Kulturtanken og DKS nasjonalt har laget en <a rel=\"noreferrer noopener\" href=\"https:\/\/www.kulturtanken.no\/sammen\/\" target=\"_blank\">ressursside for l\u00e6rere<\/a>. Her finner du informasjon om ordningen, eksempler p\u00e5 veiledningsmateriell og inspirasjon.<\/p>\n\n\n\n<figure class=\"wp-block-embed is-type-wp-embed is-provider-kulturtanken wp-block-embed-kulturtanken\"><div class=\"wp-block-embed__wrapper\">\nhttps:\/\/www.kulturtanken.no\/sammen\/\n<\/div><\/figure>\n\n\n\n<p><\/p>\n\n\n\n<div style=\"height:30px\" aria-hidden=\"true\" class=\"wp-block-spacer\"><\/div>\n","protected":false},"excerpt":{"rendered":"<p>Du som l\u00e6rer er en viktig rollemodell for elevene i m\u00f8te med kunst og kultur. Gjennom \u00e5 informere og forberede elevene p\u00e5 hva de skal oppleve, er du med p\u00e5 \u00e5 legge det til rette for gode kunst- og kulturopplevelser. Forberedelser til et DKS bes\u00f8k Forbered klassen p\u00e5 hvem som skal komme. Bruk bakgrunnsmaterialet som [&hellip;]<\/p>\n","protected":false},"author":15,"featured_media":6258,"parent":0,"menu_order":0,"comment_status":"closed","ping_status":"closed","template":"","meta":{"footnotes":""},"class_list":["post-125","page","type-page","status-publish","has-post-thumbnail","hentry"],"_links":{"self":[{"href":"https:\/\/www.denkulturelleskolesekken.no\/buskerud\/wp-json\/wp\/v2\/pages\/125","targetHints":{"allow":["GET"]}}],"collection":[{"href":"https:\/\/www.denkulturelleskolesekken.no\/buskerud\/wp-json\/wp\/v2\/pages"}],"about":[{"href":"https:\/\/www.denkulturelleskolesekken.no\/buskerud\/wp-json\/wp\/v2\/types\/page"}],"author":[{"embeddable":true,"href":"https:\/\/www.denkulturelleskolesekken.no\/buskerud\/wp-json\/wp\/v2\/users\/15"}],"replies":[{"embeddable":true,"href":"https:\/\/www.denkulturelleskolesekken.no\/buskerud\/wp-json\/wp\/v2\/comments?post=125"}],"version-history":[{"count":35,"href":"https:\/\/www.denkulturelleskolesekken.no\/buskerud\/wp-json\/wp\/v2\/pages\/125\/revisions"}],"predecessor-version":[{"id":7230,"href":"https:\/\/www.denkulturelleskolesekken.no\/buskerud\/wp-json\/wp\/v2\/pages\/125\/revisions\/7230"}],"wp:featuredmedia":[{"embeddable":true,"href":"https:\/\/www.denkulturelleskolesekken.no\/buskerud\/wp-json\/wp\/v2\/media\/6258"}],"wp:attachment":[{"href":"https:\/\/www.denkulturelleskolesekken.no\/buskerud\/wp-json\/wp\/v2\/media?parent=125"}],"curies":[{"name":"wp","href":"https:\/\/api.w.org\/{rel}","templated":true}]}}