{"id":119,"date":"2019-12-10T12:20:02","date_gmt":"2019-12-10T12:20:02","guid":{"rendered":"https:\/\/viken.kulturtanken.app\/?page_id=119"},"modified":"2024-09-30T11:53:46","modified_gmt":"2024-09-30T11:53:46","slug":"kontakt-oss","status":"publish","type":"page","link":"https:\/\/www.denkulturelleskolesekken.no\/buskerud\/hva-er-dks\/kontakt-oss\/","title":{"rendered":"Kontakt\/Ansatte"},"content":{"rendered":"<div id=\"pl-gb119-69f8abaa5be3b\"  class=\"panel-layout\" ><div id=\"pg-gb119-69f8abaa5be3b-0\"  class=\"panel-grid panel-has-style\" ><div class=\"panel-row-style panel-row-style-for-gb119-69f8abaa5be3b-0\" ><div id=\"pgc-gb119-69f8abaa5be3b-0-0\"  class=\"panel-grid-cell\" ><div id=\"panel-gb119-69f8abaa5be3b-0-0-0\" class=\"so-panel widget widget_media_image panel-first-child\" data-index=\"0\" ><div class=\"panel-widget-style panel-widget-style-for-gb119-69f8abaa5be3b-0-0-0\" ><img loading=\"lazy\" decoding=\"async\" width=\"2009\" height=\"2009\" src=\"https:\/\/cdn.denkulturelleskolesekken.no\/viken\/2020\/01\/Lill_Jacobsen-1.jpg\" class=\"image wp-image-751  attachment-full size-full wp-stateless-item\" alt=\"\" style=\"max-width: 100%; height: auto;\" data-image-size=\"full\" data-stateless-media-bucket=\"kulturtanken-wordpress-cdn\" data-stateless-media-name=\"viken\/2020\/01\/Lill_Jacobsen-1.jpg\" \/><\/div><\/div><div id=\"panel-gb119-69f8abaa5be3b-0-0-1\" class=\"so-panel widget widget_sow-editor panel-last-child\" data-index=\"1\" ><div class=\"panel-widget-style panel-widget-style-for-gb119-69f8abaa5be3b-0-0-1\" ><div\n\t\t\t\n\t\t\tclass=\"so-widget-sow-editor so-widget-sow-editor-base\"\n\t\t\t\n\t\t>\n<div class=\"siteorigin-widget-tinymce textwidget\">\n\t<p class=\"et_pb_module_header\"><strong>Lill Carin Jacobsen<\/strong><\/p>\n<p class=\"et_pb_module_header\"><strong><span style=\"color: #000000;\">Fagleder, <\/span><span style=\"color: #000000;\">Fagansvarlig visuell kunst VGS<br \/>\n<\/span><\/strong><span style=\"color: #000000;\">lillj@bfk.no<\/span><br \/>\n<span style=\"color: #000000;\">995\u00a0 76 447<\/span><\/p>\n<h4><\/h4>\n<h4><\/h4>\n<p class=\"et_pb_member_position\">\n<\/div>\n<\/div><\/div><\/div><\/div><div id=\"pgc-gb119-69f8abaa5be3b-0-1\"  class=\"panel-grid-cell\" ><div id=\"panel-gb119-69f8abaa5be3b-0-1-0\" class=\"so-panel widget widget_media_image panel-first-child\" data-index=\"2\" ><div class=\"panel-widget-style panel-widget-style-for-gb119-69f8abaa5be3b-0-1-0\" ><img loading=\"lazy\" decoding=\"async\" width=\"2232\" height=\"2232\" src=\"https:\/\/cdn.denkulturelleskolesekken.no\/viken\/2020\/01\/Thomas.jpg\" class=\"image wp-image-756  attachment-full size-full wp-stateless-item\" alt=\"\" style=\"max-width: 100%; height: auto;\" data-image-size=\"full\" data-stateless-media-bucket=\"kulturtanken-wordpress-cdn\" data-stateless-media-name=\"viken\/2020\/01\/Thomas.jpg\" \/><\/div><\/div><div id=\"panel-gb119-69f8abaa5be3b-0-1-1\" class=\"so-panel widget widget_sow-editor panel-last-child\" data-index=\"3\" ><div class=\"panel-widget-style panel-widget-style-for-gb119-69f8abaa5be3b-0-1-1\" ><div\n\t\t\t\n\t\t\tclass=\"so-widget-sow-editor so-widget-sow-editor-base\"\n\t\t\t\n\t\t>\n<div class=\"siteorigin-widget-tinymce textwidget\">\n\t<p class=\"et_pb_module_header\"><strong>Thomas Andr\u00e9 Frits\u00f8<\/strong><\/p>\n<p><strong><span style=\"color: #000000;\">Fagansvarlig turn\u00e9 og musikk<br \/>\n<\/span><\/strong><span style=\"color: #000000;\">thomasfr@bfk.no<\/span><br \/>\n<span style=\"color: #000000;\">975 28 544<\/span><\/p>\n<\/div>\n<\/div><\/div><\/div><\/div><div id=\"pgc-gb119-69f8abaa5be3b-0-2\"  class=\"panel-grid-cell\" ><div id=\"panel-gb119-69f8abaa5be3b-0-2-0\" class=\"so-panel widget widget_media_image panel-first-child\" data-index=\"4\" ><div class=\"panel-widget-style panel-widget-style-for-gb119-69f8abaa5be3b-0-2-0\" ><img loading=\"lazy\" decoding=\"async\" width=\"2038\" height=\"2037\" src=\"https:\/\/cdn.denkulturelleskolesekken.no\/viken\/2020\/01\/J\u00f8rgen-Greiner-2015.jpg\" class=\"image wp-image-755  attachment-full size-full wp-stateless-item\" alt=\"\" style=\"max-width: 100%; height: auto;\" data-image-size=\"full\" data-stateless-media-bucket=\"kulturtanken-wordpress-cdn\" data-stateless-media-name=\"viken\/2020\/01\/J\u00f8rgen-Greiner-2015.jpg\" \/><\/div><\/div><div id=\"panel-gb119-69f8abaa5be3b-0-2-1\" class=\"so-panel widget widget_sow-editor panel-last-child\" data-index=\"5\" ><div class=\"panel-widget-style panel-widget-style-for-gb119-69f8abaa5be3b-0-2-1\" ><div\n\t\t\t\n\t\t\tclass=\"so-widget-sow-editor so-widget-sow-editor-base\"\n\t\t\t\n\t\t>\n<div class=\"siteorigin-widget-tinymce textwidget\">\n\t<p class=\"et_pb_module_header\"><strong>J\u00f8rgen Greiner<\/strong><\/p>\n<p><strong><span style=\"color: #000000;\">Fagansvarlig VGS, Kulturdr\u00e5pen<br \/>\n<\/span><\/strong><span style=\"color: #000000;\">jorgeng@bfk.no<\/span><br \/>\n<span style=\"color: #000000;\">481 81 909<\/span><\/p>\n<\/div>\n<\/div><\/div><\/div><\/div><div id=\"pgc-gb119-69f8abaa5be3b-0-3\"  class=\"panel-grid-cell\" ><div id=\"panel-gb119-69f8abaa5be3b-0-3-0\" class=\"so-panel widget widget_media_image panel-first-child\" data-index=\"6\" ><div class=\"panel-widget-style panel-widget-style-for-gb119-69f8abaa5be3b-0-3-0\" ><img loading=\"lazy\" decoding=\"async\" width=\"1899\" height=\"1898\" src=\"https:\/\/cdn.denkulturelleskolesekken.no\/viken\/2020\/01\/Mette-Indrehus-2015.jpg\" class=\"image wp-image-759  attachment-full size-full wp-stateless-item\" alt=\"\" style=\"max-width: 100%; height: auto;\" data-image-size=\"full\" data-stateless-media-bucket=\"kulturtanken-wordpress-cdn\" data-stateless-media-name=\"viken\/2020\/01\/Mette-Indrehus-2015.jpg\" \/><\/div><\/div><div id=\"panel-gb119-69f8abaa5be3b-0-3-1\" class=\"so-panel widget widget_sow-editor panel-last-child\" data-index=\"7\" ><div class=\"panel-widget-style panel-widget-style-for-gb119-69f8abaa5be3b-0-3-1\" ><div\n\t\t\t\n\t\t\tclass=\"so-widget-sow-editor so-widget-sow-editor-base\"\n\t\t\t\n\t\t>\n<div class=\"siteorigin-widget-tinymce textwidget\">\n\t<p class=\"et_pb_module_header\"><strong>Mette Indrehus<\/strong><\/p>\n<p><strong><span style=\"color: #000000;\">Fagansvarlig og produsent film og kulturarv<br \/>\n<\/span><\/strong><span style=\"color: #000000;\">mettei@bfk.no<\/span><br \/>\n<span style=\"color: #000000;\">413 24 684<\/span><\/p>\n<\/div>\n<\/div><\/div><\/div><\/div><\/div><\/div><div id=\"pg-gb119-69f8abaa5be3b-1\"  class=\"panel-grid panel-has-style\" ><div class=\"panel-row-style panel-row-style-for-gb119-69f8abaa5be3b-1\" ><div id=\"pgc-gb119-69f8abaa5be3b-1-0\"  class=\"panel-grid-cell\" ><div id=\"panel-gb119-69f8abaa5be3b-1-0-0\" class=\"so-panel widget widget_media_image panel-first-child\" data-index=\"8\" ><div class=\"panel-widget-style panel-widget-style-for-gb119-69f8abaa5be3b-1-0-0\" ><img loading=\"lazy\" decoding=\"async\" width=\"2276\" height=\"2276\" src=\"https:\/\/cdn.denkulturelleskolesekken.no\/viken\/2020\/01\/Stig-Elvis.jpg\" class=\"image wp-image-752  attachment-full size-full wp-stateless-item\" alt=\"\" style=\"max-width: 100%; height: auto;\" data-image-size=\"full\" data-stateless-media-bucket=\"kulturtanken-wordpress-cdn\" data-stateless-media-name=\"viken\/2020\/01\/Stig-Elvis.jpg\" \/><\/div><\/div><div id=\"panel-gb119-69f8abaa5be3b-1-0-1\" class=\"so-panel widget widget_sow-editor panel-last-child\" data-index=\"9\" ><div class=\"panel-widget-style panel-widget-style-for-gb119-69f8abaa5be3b-1-0-1\" ><div\n\t\t\t\n\t\t\tclass=\"so-widget-sow-editor so-widget-sow-editor-base\"\n\t\t\t\n\t\t>\n<div class=\"siteorigin-widget-tinymce textwidget\">\n\t<p class=\"et_pb_module_header\"><strong>Stig Elvis Furset<\/strong><\/p>\n<p><strong><span style=\"color: #000000;\">Fagansvarlig og produsent litteratur<br \/>\n<\/span><\/strong><span style=\"color: #000000;\">stigfu@bfk.no<\/span><br \/>\n<span style=\"color: #000000;\">934 62 692<\/span><\/p>\n<\/div>\n<\/div><\/div><\/div><\/div><div id=\"pgc-gb119-69f8abaa5be3b-1-1\"  class=\"panel-grid-cell\" ><div id=\"panel-gb119-69f8abaa5be3b-1-1-0\" class=\"so-panel widget widget_media_image panel-first-child\" data-index=\"10\" ><div class=\"panel-widget-style panel-widget-style-for-gb119-69f8abaa5be3b-1-1-0\" ><img loading=\"lazy\" decoding=\"async\" width=\"798\" height=\"798\" src=\"https:\/\/cdn.denkulturelleskolesekken.no\/viken\/2020\/01\/Ragnhild-Vreim-Tveitan-bilde.jpg\" class=\"image wp-image-764  attachment-full size-full wp-stateless-item\" alt=\"\" style=\"max-width: 100%; height: auto;\" data-image-size=\"full\" data-stateless-media-bucket=\"kulturtanken-wordpress-cdn\" data-stateless-media-name=\"viken\/2020\/01\/Ragnhild-Vreim-Tveitan-bilde.jpg\" \/><\/div><\/div><div id=\"panel-gb119-69f8abaa5be3b-1-1-1\" class=\"so-panel widget widget_sow-editor panel-last-child\" data-index=\"11\" ><div class=\"panel-widget-style panel-widget-style-for-gb119-69f8abaa5be3b-1-1-1\" ><div\n\t\t\t\n\t\t\tclass=\"so-widget-sow-editor so-widget-sow-editor-base\"\n\t\t\t\n\t\t>\n<div class=\"siteorigin-widget-tinymce textwidget\">\n\t<p class=\"et_pb_module_header\"><strong>Ragnhild Vreim Tveitan<\/strong><\/p>\n<p><strong><span style=\"color: #000000;\">Fagansvarlig og produsent musikk<br \/>\n<\/span><\/strong><span style=\"color: #000000;\">ragnhildt@bfk.no<\/span><br \/>\n<span style=\"color: #000000;\">944 83 741<\/span><\/p>\n<\/div>\n<\/div><\/div><\/div><\/div><div id=\"pgc-gb119-69f8abaa5be3b-1-2\"  class=\"panel-grid-cell panel-grid-cell-mobile-last\" ><div id=\"panel-gb119-69f8abaa5be3b-1-2-0\" class=\"so-panel widget widget_media_image panel-first-child\" data-index=\"12\" ><div class=\"panel-widget-style panel-widget-style-for-gb119-69f8abaa5be3b-1-2-0\" ><img loading=\"lazy\" decoding=\"async\" width=\"1200\" height=\"1200\" src=\"https:\/\/cdn.denkulturelleskolesekken.no\/buskerud\/f9c0c016-aimi_1.jpg\" class=\"image wp-image-7581  attachment-full size-full wp-stateless-item\" alt=\"\" style=\"max-width: 100%; height: auto;\" srcset=\"https:\/\/cdn.denkulturelleskolesekken.no\/buskerud\/f9c0c016-aimi_1.jpg 1200w, https:\/\/cdn.denkulturelleskolesekken.no\/buskerud\/f9c0c016-aimi_1-300x300.jpg 300w, https:\/\/cdn.denkulturelleskolesekken.no\/buskerud\/f9c0c016-aimi_1-1024x1024.jpg 1024w, https:\/\/cdn.denkulturelleskolesekken.no\/buskerud\/f9c0c016-aimi_1-150x150.jpg 150w, https:\/\/cdn.denkulturelleskolesekken.no\/buskerud\/f9c0c016-aimi_1-768x768.jpg 768w\" sizes=\"auto, (max-width: 1200px) 100vw, 1200px\" data-image-size=\"full\" data-stateless-media-bucket=\"kulturtanken-wordpress-cdn\" data-stateless-media-name=\"buskerud\/f9c0c016-aimi_1.jpg\" \/><\/div><\/div><div id=\"panel-gb119-69f8abaa5be3b-1-2-1\" class=\"so-panel widget widget_sow-editor panel-last-child\" data-index=\"13\" ><div class=\"panel-widget-style panel-widget-style-for-gb119-69f8abaa5be3b-1-2-1\" ><div\n\t\t\t\n\t\t\tclass=\"so-widget-sow-editor so-widget-sow-editor-base\"\n\t\t\t\n\t\t>\n<div class=\"siteorigin-widget-tinymce textwidget\">\n\t<p class=\"et_pb_module_header\"><strong>Aimi Wallumr\u00f8d<\/strong><\/p>\n<p><strong><span style=\"color: #000000;\">Fagansvarlig og produsent Scenekunst VGS<br \/>\n<\/span><\/strong><span style=\"color: #000000;\">aimiw@bfk.no<\/span><br \/>\n92 20 70 28<\/p>\n<\/div>\n<\/div><\/div><\/div><\/div><div id=\"pgc-gb119-69f8abaa5be3b-1-3\"  class=\"panel-grid-cell panel-grid-cell-empty\" ><\/div><\/div><\/div><\/div>\n\n\n<p><\/p>\n","protected":false},"excerpt":{"rendered":"<p>Lill Carin Jacobsen Fagleder, Fagansvarlig visuell kunst VGS lillj@bfk.no 995\u00a0 76 447 Thomas Andr\u00e9 Frits\u00f8 Fagansvarlig turn\u00e9 og musikk thomasfr@bfk.no 975 28 544 J\u00f8rgen Greiner Fagansvarlig VGS, Kulturdr\u00e5pen jorgeng@bfk.no 481 81 909 Mette Indrehus Fagansvarlig og produsent film og kulturarv mettei@bfk.no 413 24 684 Stig Elvis Furset Fagansvarlig og produsent litteratur stigfu@bfk.no 934 62 692<\/p>\n","protected":false},"author":15,"featured_media":0,"parent":33,"menu_order":0,"comment_status":"closed","ping_status":"closed","template":"custom-full-width.php","meta":{"footnotes":""},"class_list":["post-119","page","type-page","status-publish","hentry"],"_links":{"self":[{"href":"https:\/\/www.denkulturelleskolesekken.no\/buskerud\/wp-json\/wp\/v2\/pages\/119","targetHints":{"allow":["GET"]}}],"collection":[{"href":"https:\/\/www.denkulturelleskolesekken.no\/buskerud\/wp-json\/wp\/v2\/pages"}],"about":[{"href":"https:\/\/www.denkulturelleskolesekken.no\/buskerud\/wp-json\/wp\/v2\/types\/page"}],"author":[{"embeddable":true,"href":"https:\/\/www.denkulturelleskolesekken.no\/buskerud\/wp-json\/wp\/v2\/users\/15"}],"replies":[{"embeddable":true,"href":"https:\/\/www.denkulturelleskolesekken.no\/buskerud\/wp-json\/wp\/v2\/comments?post=119"}],"version-history":[{"count":570,"href":"https:\/\/www.denkulturelleskolesekken.no\/buskerud\/wp-json\/wp\/v2\/pages\/119\/revisions"}],"predecessor-version":[{"id":7583,"href":"https:\/\/www.denkulturelleskolesekken.no\/buskerud\/wp-json\/wp\/v2\/pages\/119\/revisions\/7583"}],"up":[{"embeddable":true,"href":"https:\/\/www.denkulturelleskolesekken.no\/buskerud\/wp-json\/wp\/v2\/pages\/33"}],"wp:attachment":[{"href":"https:\/\/www.denkulturelleskolesekken.no\/buskerud\/wp-json\/wp\/v2\/media?parent=119"}],"curies":[{"name":"wp","href":"https:\/\/api.w.org\/{rel}","templated":true}]}}