{"id":33,"date":"2019-10-31T13:55:54","date_gmt":"2019-10-31T13:55:54","guid":{"rendered":"https:\/\/viken.kulturtanken.app\/?page_id=33"},"modified":"2024-04-26T10:28:38","modified_gmt":"2024-04-26T10:28:38","slug":"hva-er-dks","status":"publish","type":"page","link":"https:\/\/www.denkulturelleskolesekken.no\/bergen\/hva-er-dks\/","title":{"rendered":"Hva er Den kulturelle skolesekken?"},"content":{"rendered":"\n<h4 class=\"wp-block-heading\">Den kulturelle skolesekken (DKS) er en nasjonal ordning som s\u00f8rger for at alle skoleelever i Norge f\u00e5r oppleve profesjonell kunst og kultur hvert \u00e5r. Ordningen er unik i verdenssammenheng.<\/h4>\n\n\n\n<p>Gjennom ordningen f\u00e5r elevene mulighet til \u00e5 oppleve, gj\u00f8re seg kjent med og utvikle forst\u00e5else for profesjonelle kunst- og kulturuttrykk. Kulturtilbudet skal v\u00e6re av h\u00f8y kvalitet, og vise hele bredden av de seks kulturuttrykkene: film, kulturarv, litteratur, musikk, scenekunst og visuell kunst<\/p>\n\n\n\n<h2 class=\"wp-block-heading\">Organisering<\/h2>\n\n\n\n<p>DKS er eit samarbeid mellom Kultur- og likestillingsdepartementet og Kunnskapsdepartementet, og alle fylkeskommunane og kommunane i landet.\u00a0<em>Kulturtanken \u2013 Den kulturelle skulesekken Noreg<\/em>\u00a0fekk i 2016 det nasjonale ansvaret for ordninga. DKS er alts\u00e5 eit samarbeidsprosjekt mellom kultur- og oppl\u00e6ringssektoren p\u00e5 nasjonalt, regionalt og lokalt niv\u00e5, og omfattar alle skulane i Noreg. Fylkeskommunen er ansvarleg for regional koordinering og programmering, men kommunane har ogs\u00e5 moglegheit for \u00e5 utvikle eigne program lokalt.<\/p>\n\n\n\n<h2 class=\"wp-block-heading\">Nasjonale m\u00e5l for DKS<\/h2>\n\n\n\n<p id=\"h-den-kulturelle-skolesekken-er-ei-nasjonal-ordning-som-skal-formidle-kunst-og-kultur-av-hog-kvalitet-til-barn-og-unge\">Barne- og ungdomskulturfeltet er presentert som eit samla politisk satsingsomr\u00e5de p\u00e5 nasjonalt niv\u00e5 i Meld. St. 18 (2020\u20132021)&nbsp;<em>Oppleve, skape, dele. Kunst og kultur for, med og av barn og unge<\/em>. Stortinget har slutta seg til m\u00e5lsetjingane om at alle barn og unge skal ha eit kunst- og kulturtilbod av h\u00f8g kvalitet, at dei skal oppleve kunst og kultur som er laga for dei, som involverer dei, og som dei kan delta i, og at barn og unge skal f\u00e5 tilgang til dei arenaene dei treng for \u00e5 utvikle skaparglede, engasjement og utforskartrong, jf. Innst. 622 S (2020\u20132021). L\u00f8yvingane til Kulturtanken skal byggje opp under desse overordna m\u00e5lsetjingane, jf. omtale under kap. 325 Allmenne kulturform\u00e5l i Prop. 1 S (2020\u20132021).<\/p>\n\n\n\n<p>Stortinget har slutta seg til dei nasjonale m\u00e5la for DKS med ei tydeleggjering av at DKS framleis skal medverke til at elevar f\u00e5r eit profesjonelt kunst- og kulturtilbod, jf. vedtak av 8. juni 2021 i sak 29. DKS skal p\u00e5 denne bakgrunnen vere ei nasjonal ordning som skal formidle profesjonell kunst og kultur av h\u00f8g kvalitet til barn og unge, og skal:<\/p>\n\n\n\n<p>Den kulturelle skulesekken skal:<\/p>\n\n\n\n<ul class=\"wp-block-list\"><li>vere eit gratis tilbod for alle barn og unge i grunnskolen og vidareg\u00e5ande skole og skal tilbydast jamleg<\/li><li>sikre at barn og unge f\u00e5r eit likeverdig kunst- og kulturtilbod av h\u00f8g kvalitet, uavhengig av kvar dei bur, slik at dei kan gjere seg kjende med og utvikle forst\u00e5ing for eit variert spekter av kulturuttrykk<\/li><li>bidra til barn og unge si danning og utdanning, slik dette er formulert i overordna del og l\u00e6replanar i fag<\/li><li>formidle eit kulturtilbod som blir opplevd som relevant, og som representerer eit kulturelt mangfald av tilbod og ut\u00f8varar<\/li><li>vere eit samarbeid mellom kultursektoren og utdanningssektoren p\u00e5 alle niv\u00e5 for \u00e5 sikre god planlegging, forankring og tilrettelegging<\/li><li>bidra til \u00e5 styrkje norsk spr\u00e5k, dei samiske spr\u00e5ka, dei nasjonale minoritetsspr\u00e5ka og norsk teiknspr\u00e5k som grunnleggjande kulturberarar<\/li><li>bidra til \u00e5 formidle kunst- og kulturtilbod til barnehagebarn<\/li><\/ul>\n\n\n\n<p><br>F<em>r\u00e5 Meld. St. 18 (2020-2021)&nbsp;<a href=\"https:\/\/www.regjeringen.no\/no\/dokumenter\/meld.-st.-18-20202021\/id2839455\/\" target=\"_blank\" rel=\"noreferrer noopener\">Oppleve, skape, dele \u2013 Kunst og kultur for, med og av barn og unge<\/a>.<\/em><\/p>\n\n\n","protected":false},"excerpt":{"rendered":"<p>Den kulturelle skolesekken (DKS) er en nasjonal ordning som s\u00f8rger for at alle skoleelever i Norge f\u00e5r oppleve profesjonell kunst og kultur hvert \u00e5r. Ordningen er unik i verdenssammenheng. Gjennom ordningen f\u00e5r elevene mulighet til \u00e5 oppleve, gj\u00f8re seg kjent med og utvikle forst\u00e5else for profesjonelle kunst- og kulturuttrykk. Kulturtilbudet skal v\u00e6re av h\u00f8y kvalitet, [&hellip;]<\/p>\n","protected":false},"author":4,"featured_media":0,"parent":0,"menu_order":0,"comment_status":"closed","ping_status":"closed","template":"","meta":{"footnotes":""},"class_list":["post-33","page","type-page","status-publish","hentry"],"_links":{"self":[{"href":"https:\/\/www.denkulturelleskolesekken.no\/bergen\/wp-json\/wp\/v2\/pages\/33","targetHints":{"allow":["GET"]}}],"collection":[{"href":"https:\/\/www.denkulturelleskolesekken.no\/bergen\/wp-json\/wp\/v2\/pages"}],"about":[{"href":"https:\/\/www.denkulturelleskolesekken.no\/bergen\/wp-json\/wp\/v2\/types\/page"}],"author":[{"embeddable":true,"href":"https:\/\/www.denkulturelleskolesekken.no\/bergen\/wp-json\/wp\/v2\/users\/4"}],"replies":[{"embeddable":true,"href":"https:\/\/www.denkulturelleskolesekken.no\/bergen\/wp-json\/wp\/v2\/comments?post=33"}],"version-history":[{"count":15,"href":"https:\/\/www.denkulturelleskolesekken.no\/bergen\/wp-json\/wp\/v2\/pages\/33\/revisions"}],"predecessor-version":[{"id":934,"href":"https:\/\/www.denkulturelleskolesekken.no\/bergen\/wp-json\/wp\/v2\/pages\/33\/revisions\/934"}],"wp:attachment":[{"href":"https:\/\/www.denkulturelleskolesekken.no\/bergen\/wp-json\/wp\/v2\/media?parent=33"}],"curies":[{"name":"wp","href":"https:\/\/api.w.org\/{rel}","templated":true}]}}