{"id":31,"date":"2019-10-31T13:54:44","date_gmt":"2019-10-31T13:54:44","guid":{"rendered":"https:\/\/viken.kulturtanken.app\/?page_id=31"},"modified":"2024-07-29T07:32:30","modified_gmt":"2024-07-29T07:32:30","slug":"er-du-utover","status":"publish","type":"page","link":"https:\/\/www.denkulturelleskolesekken.no\/bergen\/er-du-utover\/","title":{"rendered":"Er du ut\u00f8ver?"},"content":{"rendered":"\n<p><strong>Programforslag<\/strong><br>Profesjonelle ut\u00f8vere, produsenter og formidlere av kunst og kultur kan melde inn forslag til Den kulturelle skolesekken. Forslag meldes inn i\u00a0DKS-portalen fra 1. september hvert \u00e5r. Innmeldingsfrist er 1. oktober for p\u00e5f\u00f8lgende skole\u00e5r:<\/p>\n\n\n\n<p><a href=\"https:\/\/portal.denkulturelleskolesekken.no\/\">https:\/\/portal.denkulturelleskolesekken.no\/<\/a><\/p>\n\n\n\n<p>Les mer om \u00e5 v\u00e6re ut\u00f8vere i DKS <a href=\"https:\/\/www.denkulturelleskolesekken.no\/forside\/om-dks\/utover\/\">her<\/a>.<\/p>\n\n\n\n<p><strong>Vurdering av forslag<\/strong><br>P\u00e5 bakgrunn av innkomne forslag blir det valgt ut produksjoner som skal inng\u00e5 i det lokale DKS-programmet. Det er produsenter og programmerere i fylkeskommunene og\/eller kommunene, i samarbeid med lokale fagutvalg, som beslutter endelig program.<\/p>\n\n\n\n<p>Den kulturelle skolesekken i Bergen mottar \u00e5rlig et h\u00f8yt antall innmeldinger av programforslag. Det medf\u00f8rer at det m\u00e5 gj\u00f8res strenge prioriteringer og at ferdigstilte produksjoner som gir lite grunnlag&nbsp;for vurdering, f. eks. fordi de er mangelfullt dokumentert, normalt vil bli nedprioritert.&nbsp;<\/p>\n\n\n\n<p>Valg av DKS-program skjer ut fra en skj\u00f8nnsmessig helhetsvurdering med en rekke avgj\u00f8rende kriterier, blant annet: <br>&#8211; kunstnerisk kvalitet<br>&#8211; formidlingskvalitet<br>&#8211; \u00f8konomi<br>&#8211; relevans for m\u00e5lgruppen<br>&#8211; arena og tekniske behov <br>&#8211; omfang<br>&#8211; utvikling av nytt innhold<br>&#8211; fordeling av tilbud p\u00e5 trinn <br>&#8211; kulturuttrykk og tematikk<br>&#8211; logistikk <br>&#8211; hva elevene har f\u00e5tt av DKS-tilbud tidligere<br>&#8211; nasjonale m\u00e5l og f\u00f8ringer<\/p>\n\n\n\n<p>DKS Bergen prioriterer i hovedsak produksjoner hvor \u00e9n eller flere involverte ut\u00f8vere har lokal tilh\u00f8righet. I enkelte tilfeller er produksjoner uten lokal tilknytning ogs\u00e5 aktuelle. <\/p>\n\n\n\n<p><\/p>\n\n\n\n<p><strong>Mangfold<\/strong><br>Akt\u00f8rene i Den kulturelle skolesekken m\u00f8ter barn og unge i hele Norge. Det er derfor et m\u00e5l at ut\u00f8verne, produksjonene og apparatet elevene m\u00f8ter, speiler v\u00e5rt mangfoldige samfunn og synliggj\u00f8r forbilder, er rollemodeller og bidrar til et inkluderende og mangfoldig fellesskap. Dette er prinsipper som ogs\u00e5 er formulert i tilskuddsbrevet fra Kulturtanken<em>.<\/em><\/p>\n\n\n\n<p><\/p>\n\n\n\n<p><strong>Samspill med skolen<\/strong><br>DKS-tilbudet skal&nbsp;<em>samspille med skolens l\u00e6replaner<\/em>. Det betyr ikke at kunsten skal v\u00e6re pedagogisk, men at DKS skal sees i sammenheng med skolens overordnede m\u00e5l om dannelse, de fagovergripende m\u00e5lene eller kompetansem\u00e5l for fag, der det er naturlig. Det skal gis rom til for- eller etterarbeid, slik at elevene f\u00e5r et best mulig utbytte av DKS-tilbudet. Skoleledere, kulturkontakter, l\u00e6rere og elever skal involveres og inkluderes som sentrale akt\u00f8rer i DKS-ordningen.<em>&nbsp;<a href=\"https:\/\/www.denkulturelleskolesekken.no\/dks-i-skolen\/\">Les mer om DKS og skolen her<\/a><\/em><\/p>\n\n\n\n<p><\/p>\n\n\n\n<p><strong>Honorar<\/strong><br>Virksomheter og institusjoner har egne avtaler, mens frilansere honoreres med DKS gjeldende sats. <\/p>\n\n\n\n<p><a rel=\"noreferrer noopener\" target=\"_blank\">Dagshonorar justeres \u00e5rlig og i tr\u00e5d med&nbsp;<\/a><a href=\"https:\/\/www.ks.no\/contentassets\/3218a4055e77403a86c4f8a1e6cb3c32\/AvtaletekstASA4401-2023-2025.pdf\" rel=\"noreferrer noopener\" target=\"_blank\">Rammeavtalen ASA 4401<\/a>. I tillegg dekker DKS Bergen utgifter til transport, lokaler, utstyr og overnatting etter forh\u00e5ndsavtale med ut\u00f8vere. Kvittering for eventuell \u00f8vrige utlegg som skal refunderes m\u00e5 sendes inn sammen med faktura. Dersom ut\u00f8ver benytter egen bil i spilleperioden refunderes bruk av denne etter statens satser for kj\u00f8regodtgj\u00f8relse. Ut\u00f8ver m\u00e5 sende inn kj\u00f8redagbok. Diettgodtgj\u00f8relse opp til statens satser faktureres for tilreisende ut\u00f8vere med bosted utenfor Bergen kommune som ikke er hjemmeboende i gjennomf\u00f8ringsperioden.&nbsp;<\/p>\n\n\n\n<p>Faktura, med alle vedlegg, sendes etterskuddsvis og senest 4 uker etter oppdragets slutt. Bergen kommune har generelt 30 dagers betalingsfrist. Faktura m\u00e5 v\u00e6re nummerert og datert.<\/p>\n\n\n\n<p>Faktura sendes i EHF-format til Bergen kommune med organisasjonsnummer 964 338 531. Husk at faktura m\u00e5 merkes med ressursnummer oppf\u00f8rt i kontrakten og adresseres til Seksjon for kunst og kulturutvikling, Bergen kommune Serviceboks 7880, 5020 Bergen. Mer informasjon om EFH-faktura finnes p\u00e5 kommunens nettsider: <a rel=\"noreferrer noopener\" href=\"https:\/\/www.bergen.kommune.no\/innbyggerhjelpen\/naring-avgifter-og-anskaffelser\/anskaffelser\/fakturering\/sende-elektronisk-faktura-til-kommunen\" target=\"_blank\">Send elektronisk faktura til kommunen<\/a><\/p>\n","protected":false},"excerpt":{"rendered":"<p>ProgramforslagProfesjonelle ut\u00f8vere, produsenter og formidlere av kunst og kultur kan melde inn forslag til Den kulturelle skolesekken. Forslag meldes inn i\u00a0DKS-portalen fra 1. september hvert \u00e5r. Innmeldingsfrist er 1. oktober for p\u00e5f\u00f8lgende skole\u00e5r: https:\/\/portal.denkulturelleskolesekken.no\/ Les mer om \u00e5 v\u00e6re ut\u00f8vere i DKS her. Vurdering av forslagP\u00e5 bakgrunn av innkomne forslag blir det valgt ut produksjoner [&hellip;]<\/p>\n","protected":false},"author":4,"featured_media":0,"parent":0,"menu_order":0,"comment_status":"closed","ping_status":"closed","template":"","meta":{"footnotes":""},"class_list":["post-31","page","type-page","status-publish","hentry"],"_links":{"self":[{"href":"https:\/\/www.denkulturelleskolesekken.no\/bergen\/wp-json\/wp\/v2\/pages\/31","targetHints":{"allow":["GET"]}}],"collection":[{"href":"https:\/\/www.denkulturelleskolesekken.no\/bergen\/wp-json\/wp\/v2\/pages"}],"about":[{"href":"https:\/\/www.denkulturelleskolesekken.no\/bergen\/wp-json\/wp\/v2\/types\/page"}],"author":[{"embeddable":true,"href":"https:\/\/www.denkulturelleskolesekken.no\/bergen\/wp-json\/wp\/v2\/users\/4"}],"replies":[{"embeddable":true,"href":"https:\/\/www.denkulturelleskolesekken.no\/bergen\/wp-json\/wp\/v2\/comments?post=31"}],"version-history":[{"count":28,"href":"https:\/\/www.denkulturelleskolesekken.no\/bergen\/wp-json\/wp\/v2\/pages\/31\/revisions"}],"predecessor-version":[{"id":954,"href":"https:\/\/www.denkulturelleskolesekken.no\/bergen\/wp-json\/wp\/v2\/pages\/31\/revisions\/954"}],"wp:attachment":[{"href":"https:\/\/www.denkulturelleskolesekken.no\/bergen\/wp-json\/wp\/v2\/media?parent=31"}],"curies":[{"name":"wp","href":"https:\/\/api.w.org\/{rel}","templated":true}]}}