{"id":25,"date":"2019-10-31T13:51:34","date_gmt":"2019-10-31T13:51:34","guid":{"rendered":"https:\/\/viken.kulturtanken.app\/?page_id=25"},"modified":"2020-09-18T11:06:09","modified_gmt":"2020-09-18T11:06:09","slug":"er-du-kulturkontakt","status":"publish","type":"page","link":"https:\/\/www.denkulturelleskolesekken.no\/bergen\/er-du-kulturkontakt\/","title":{"rendered":"Er du kulturkontakt?"},"content":{"rendered":"\n<p><strong>Som kulturkontakt er du den viktigste kontakten mellom skolen, Den kulturelle skolesekken og ut\u00f8verne som kommer p\u00e5 bes\u00f8k. Takk for at du har p\u00e5tatt deg dette oppdraget!<br>\n<\/strong><\/p>\n\n\n\n<p><strong>DKS-portalen er den nye administrasjons- og kommunikasjonsflaten for DKS, som vil v\u00e6re en viktig del av ditt arbeid som kulturkontakt.<\/strong><\/p>\n\n\n\n<p>Les mer her: <a href=\"https:\/\/www.denkulturelleskolesekken.no\/dks-portalen\/kulturkontakt\/\">https:\/\/www.denkulturelleskolesekken.no\/dks-portalen\/kulturkontakt\/<\/a><\/p>\n\n\n\n<h3 class=\"wp-block-heading\"><strong>\u00a0<\/strong><\/h3>\n","protected":false},"excerpt":{"rendered":"<p>Som kulturkontakt er du den viktigste kontakten mellom skolen, Den kulturelle skolesekken og ut\u00f8verne som kommer p\u00e5 bes\u00f8k. Takk for at du har p\u00e5tatt deg dette oppdraget! DKS-portalen er den nye administrasjons- og kommunikasjonsflaten for DKS, som vil v\u00e6re en viktig del av ditt arbeid som kulturkontakt. Les mer her: https:\/\/www.denkulturelleskolesekken.no\/dks-portalen\/kulturkontakt\/ \u00a0<\/p>\n","protected":false},"author":4,"featured_media":0,"parent":0,"menu_order":0,"comment_status":"closed","ping_status":"closed","template":"custom-wide-page-widget.php","meta":{"footnotes":""},"class_list":["post-25","page","type-page","status-publish","hentry"],"_links":{"self":[{"href":"https:\/\/www.denkulturelleskolesekken.no\/bergen\/wp-json\/wp\/v2\/pages\/25","targetHints":{"allow":["GET"]}}],"collection":[{"href":"https:\/\/www.denkulturelleskolesekken.no\/bergen\/wp-json\/wp\/v2\/pages"}],"about":[{"href":"https:\/\/www.denkulturelleskolesekken.no\/bergen\/wp-json\/wp\/v2\/types\/page"}],"author":[{"embeddable":true,"href":"https:\/\/www.denkulturelleskolesekken.no\/bergen\/wp-json\/wp\/v2\/users\/4"}],"replies":[{"embeddable":true,"href":"https:\/\/www.denkulturelleskolesekken.no\/bergen\/wp-json\/wp\/v2\/comments?post=25"}],"version-history":[{"count":10,"href":"https:\/\/www.denkulturelleskolesekken.no\/bergen\/wp-json\/wp\/v2\/pages\/25\/revisions"}],"predecessor-version":[{"id":871,"href":"https:\/\/www.denkulturelleskolesekken.no\/bergen\/wp-json\/wp\/v2\/pages\/25\/revisions\/871"}],"wp:attachment":[{"href":"https:\/\/www.denkulturelleskolesekken.no\/bergen\/wp-json\/wp\/v2\/media?parent=25"}],"curies":[{"name":"wp","href":"https:\/\/api.w.org\/{rel}","templated":true}]}}