{"id":31,"date":"2019-10-31T13:54:44","date_gmt":"2019-10-31T13:54:44","guid":{"rendered":"https:\/\/viken.kulturtanken.app\/?page_id=31"},"modified":"2020-06-17T11:22:56","modified_gmt":"2020-06-17T11:22:56","slug":"er-du-utover","status":"publish","type":"page","link":"https:\/\/www.denkulturelleskolesekken.no\/baerum\/er-du-utover\/","title":{"rendered":"Er du ut\u00f8ver?"},"content":{"rendered":"\n<p><strong>Er du ut\u00f8ver<\/strong>&nbsp;\u2013 musiker, forfatter, kunstner eller formidler, med \u00f8nske om \u00e5 n\u00e5 et ungt publikum? Da er Den kulturelle skolesekken noe for deg.<\/p>\n\n\n\n<p><strong>Den kulturelle skolesekken<\/strong>&nbsp;(DKS) skal sikre at alle barn og unge f\u00e5r oppleve profesjonell kunst og kultur i skolen. \u00c5rlig er 3 500 ut\u00f8vere ute i DKS Norge rundt med kunst- og kulturproduksjoner innen litteratur, visuell kunst, film, scenekunst, kulturarv og musikk til barn og unge. Det gj\u00f8r DKS-ordningen til Norges st\u00f8rste arbeidsplass for kunstnere og kulturformidlere.<br><br>DKS-ordningen er et viktig virkemiddel for at alle barn og unge skal ha lik tilgang til kunst- og kulturopplevelser, uavhengig av bosted og bakgrunn. Du kan v\u00e6re med \u00e5 gi barn og unge den opplevelsen!<\/p>\n\n\n\n<p><strong>B\u00e6rum kommune<\/strong> er en direktekommune og har ansvar for programmet som tilbys over 16000 elever p\u00e5 1 &#8211; 10. trinn. Vi samarbeider bl.a. med B\u00e6rum kulturhus og Henie Onstad kunstsenter om \u00e5 gi elevene kunst- og kulturopplevelser av h\u00f8y profesjonell kvalitet. <\/p>\n\n\n\n<p>Vi tar imot ferdige produksjoner eller vi utvikler egne. Har du en god id\u00e8 som du mener vil passe inn i v\u00e5rt program, oppfordrer vi deg til \u00e5 sende inn forslaget i portalen eller ta kontakt direkte.<\/p>\n\n\n\n<figure class=\"wp-block-image size-large\"><img loading=\"lazy\" decoding=\"async\" width=\"6000\" height=\"4000\" src=\"https:\/\/cdn.denkulturelleskolesekken.no\/baerum\/2020\/06\/13cbc3e1-dsc01176.jpg\" alt=\"\" class=\"wp-image-803\"\/><\/figure>\n\n\n\n<p><strong>Frist for innsendelse i portalen er 1. oktober<\/strong><\/p>\n","protected":false},"excerpt":{"rendered":"<p>Er du ut\u00f8ver&nbsp;\u2013 musiker, forfatter, kunstner eller formidler, med \u00f8nske om \u00e5 n\u00e5 et ungt publikum? Da er Den kulturelle skolesekken noe for deg. Den kulturelle skolesekken&nbsp;(DKS) skal sikre at alle barn og unge f\u00e5r oppleve profesjonell kunst og kultur i skolen. \u00c5rlig er 3 500 ut\u00f8vere ute i DKS Norge rundt med kunst- og [&hellip;]<\/p>\n","protected":false},"author":2,"featured_media":0,"parent":0,"menu_order":0,"comment_status":"closed","ping_status":"closed","template":"","meta":{"footnotes":""},"class_list":["post-31","page","type-page","status-publish","hentry"],"_links":{"self":[{"href":"https:\/\/www.denkulturelleskolesekken.no\/baerum\/wp-json\/wp\/v2\/pages\/31","targetHints":{"allow":["GET"]}}],"collection":[{"href":"https:\/\/www.denkulturelleskolesekken.no\/baerum\/wp-json\/wp\/v2\/pages"}],"about":[{"href":"https:\/\/www.denkulturelleskolesekken.no\/baerum\/wp-json\/wp\/v2\/types\/page"}],"author":[{"embeddable":true,"href":"https:\/\/www.denkulturelleskolesekken.no\/baerum\/wp-json\/wp\/v2\/users\/2"}],"replies":[{"embeddable":true,"href":"https:\/\/www.denkulturelleskolesekken.no\/baerum\/wp-json\/wp\/v2\/comments?post=31"}],"version-history":[{"count":13,"href":"https:\/\/www.denkulturelleskolesekken.no\/baerum\/wp-json\/wp\/v2\/pages\/31\/revisions"}],"predecessor-version":[{"id":804,"href":"https:\/\/www.denkulturelleskolesekken.no\/baerum\/wp-json\/wp\/v2\/pages\/31\/revisions\/804"}],"wp:attachment":[{"href":"https:\/\/www.denkulturelleskolesekken.no\/baerum\/wp-json\/wp\/v2\/media?parent=31"}],"curies":[{"name":"wp","href":"https:\/\/api.w.org\/{rel}","templated":true}]}}