{"id":25,"date":"2019-10-31T13:51:34","date_gmt":"2019-10-31T13:51:34","guid":{"rendered":"https:\/\/viken.kulturtanken.app\/?page_id=25"},"modified":"2021-05-14T07:35:08","modified_gmt":"2021-05-14T07:35:08","slug":"er-du-kulturkontakt","status":"publish","type":"page","link":"https:\/\/www.denkulturelleskolesekken.no\/baerum\/er-du-kulturkontakt\/","title":{"rendered":"Er du kulturkontakt?"},"content":{"rendered":"\n<p>Kulturkontakten kan v\u00e6re rektor &#8211; eller rektor kan delegere oppgaven til en annen ved skolen. Da blir det ofte en l\u00e6rer, bibliotekar eller avdelingsleder som f\u00e5r denne oppgaven. Uansett hvem, er dette en viktig person for at DKS maskineriet skal g\u00e5 knirkefritt. Vi kan godt si at kulturkontakten er krumtappen i DKS systemet. <\/p>\n\n\n\n<p>Kulturtanken har de siste \u00e5rene jobbet for \u00e5 synliggj\u00f8re og l\u00f8fte kulturkontaktrollen. Som en del av dette har B\u00e6rum deltatt i en pilot om kulturkontaktens rolle &#8211; &laquo;Kulturkontakten og l\u00e6rerens eierskap til DKS&raquo;<\/p>\n\n\n\n<p>Hvis du har lyst kan du lese mer om dette her:<\/p>\n\n\n\n<figure class=\"wp-block-embed-wordpress wp-block-embed is-type-wp-embed is-provider-kulturtanken\"><div class=\"wp-block-embed__wrapper\">\n<blockquote class=\"wp-embedded-content\" data-secret=\"uDEFPQ7unP\"><a href=\"https:\/\/www.kulturtanken.no\/prosjekt\/kulturkontakter\/\">Prosjekt kulturkontakter<\/a><\/blockquote><iframe loading=\"lazy\" class=\"wp-embedded-content\" sandbox=\"allow-scripts\" security=\"restricted\" style=\"position: absolute; visibility: hidden;\" title=\"&#8220;Prosjekt kulturkontakter&#8221; &#8212; Kulturtanken\" src=\"https:\/\/www.kulturtanken.no\/prosjekt\/kulturkontakter\/embed\/#?secret=o1dkWCcxbj#?secret=uDEFPQ7unP\" data-secret=\"uDEFPQ7unP\" width=\"500\" height=\"282\" frameborder=\"0\" marginwidth=\"0\" marginheight=\"0\" scrolling=\"no\"><\/iframe>\n<\/div><\/figure>\n\n\n\n<figure class=\"wp-block-image size-large\"><img loading=\"lazy\" decoding=\"async\" width=\"1394\" height=\"756\" src=\"https:\/\/cdn.denkulturelleskolesekken.no\/baerum\/b0a2447a-kulturkontakter-pa-besok-i-nydalen.jpg\" alt=\"\" class=\"wp-image-884\"\/><figcaption><em>Ulla Faarup, June S\u00e6vareid, Oscar Varre og Blake Miller &#8211; fire kulturkontakter som deltok i piloten. Her fra bes\u00f8k hos Kulturtanken i Nydalen.<\/em> Foto: Marthe Granville<\/figcaption><\/figure>\n\n\n\n<p><\/p>\n\n\n\n<p>Vi jobber med en &laquo;oppl\u00e6ringspakke&raquo; for nye kulturkontakter som bl.a vil inneholde oppl\u00e6ringsfilmer i bruk av DKS-portalen. Inntil den er p\u00e5 plass, s\u00e5 ta gjerne en titt p\u00e5 &laquo;10 tips til kulturkontakter&raquo; som er utarbeidet av Kulturtanken<\/p>\n\n\n\n<p><\/p>\n\n\n\n<p>Her er ti tips til deg som kulturkontakt:<\/p>\n\n\n\n<div class=\"wp-block-file\"><a href=\"https:\/\/cdn.denkulturelleskolesekken.no\/baerum\/14cc60a7-ti-tips-til-kulturkontakter.pdf\">14cc60a7-ti-tips-til-kulturkontakter<\/a><a href=\"https:\/\/cdn.denkulturelleskolesekken.no\/baerum\/14cc60a7-ti-tips-til-kulturkontakter.pdf\" class=\"wp-block-file__button\" download>Download<\/a><\/div>\n\n\n\n<p><\/p>\n","protected":false},"excerpt":{"rendered":"<p>Kulturkontakten kan v\u00e6re rektor &#8211; eller rektor kan delegere oppgaven til en annen ved skolen. Da blir det ofte en l\u00e6rer, bibliotekar eller avdelingsleder som f\u00e5r denne oppgaven. Uansett hvem, er dette en viktig person for at DKS maskineriet skal g\u00e5 knirkefritt. Vi kan godt si at kulturkontakten er krumtappen i DKS systemet. Kulturtanken har [&hellip;]<\/p>\n","protected":false},"author":11,"featured_media":878,"parent":0,"menu_order":0,"comment_status":"closed","ping_status":"closed","template":"custom-wide-page-widget.php","meta":{"footnotes":""},"class_list":["post-25","page","type-page","status-publish","has-post-thumbnail","hentry"],"_links":{"self":[{"href":"https:\/\/www.denkulturelleskolesekken.no\/baerum\/wp-json\/wp\/v2\/pages\/25","targetHints":{"allow":["GET"]}}],"collection":[{"href":"https:\/\/www.denkulturelleskolesekken.no\/baerum\/wp-json\/wp\/v2\/pages"}],"about":[{"href":"https:\/\/www.denkulturelleskolesekken.no\/baerum\/wp-json\/wp\/v2\/types\/page"}],"author":[{"embeddable":true,"href":"https:\/\/www.denkulturelleskolesekken.no\/baerum\/wp-json\/wp\/v2\/users\/11"}],"replies":[{"embeddable":true,"href":"https:\/\/www.denkulturelleskolesekken.no\/baerum\/wp-json\/wp\/v2\/comments?post=25"}],"version-history":[{"count":16,"href":"https:\/\/www.denkulturelleskolesekken.no\/baerum\/wp-json\/wp\/v2\/pages\/25\/revisions"}],"predecessor-version":[{"id":1000,"href":"https:\/\/www.denkulturelleskolesekken.no\/baerum\/wp-json\/wp\/v2\/pages\/25\/revisions\/1000"}],"wp:featuredmedia":[{"embeddable":true,"href":"https:\/\/www.denkulturelleskolesekken.no\/baerum\/wp-json\/wp\/v2\/media\/878"}],"wp:attachment":[{"href":"https:\/\/www.denkulturelleskolesekken.no\/baerum\/wp-json\/wp\/v2\/media?parent=25"}],"curies":[{"name":"wp","href":"https:\/\/api.w.org\/{rel}","templated":true}]}}