{"id":1352,"date":"2025-03-19T08:27:36","date_gmt":"2025-03-19T08:27:36","guid":{"rendered":"https:\/\/www.denkulturelleskolesekken.no\/baerum\/?page_id=1352"},"modified":"2025-03-19T08:59:15","modified_gmt":"2025-03-19T08:59:15","slug":"bli-med-pa-dks-baerum-og-henie-onstad-kunstsenters-sitt-tradisjonsrike-laererkurs","status":"publish","type":"page","link":"https:\/\/www.denkulturelleskolesekken.no\/baerum\/bli-med-pa-dks-baerum-og-henie-onstad-kunstsenters-sitt-tradisjonsrike-laererkurs\/","title":{"rendered":"Bli med p\u00e5 DKS B\u00e6rum og Henie Onstad Kunstsenters sitt tradisjonsrike l\u00e6rerkurs!"},"content":{"rendered":"\n<p>V\u00e5ren 2025 skal rundt 1600 fjerdeklassinger fra B\u00e6rum oppleve utstillingen&nbsp;<a href=\"https:\/\/www.denkulturelleskolesekken.no\/utforsk-produksjoner-i-dks\/?produksjon=14645\">\u00abHans\/Jean &amp; Sophie Taeuber Arp \u2013 Venner, elskere, partnere\u00bb<\/a>&nbsp;p\u00e5 Henie Onstad.<\/p>\n\n\n\n<p>Et bes\u00f8k til kunstsenteret er et fast tilbud fra DKS B\u00e6rum til kommunens elever p\u00e5 fjerde og tiende trinn. I forkant inviteres det til egne l\u00e6rerkurs p\u00e5 senteret<em>,&nbsp;<\/em>som ligger nydelig til ved vannkanten i H\u00f8vikodden.<br><strong>Her kan du lese Kulturtankens flotte artikkel om DKS samarbeidet v\u00e5rt: <\/strong><br><\/p>\n\n\n<div id=\"pl-gb1352-69d236d2087d9\"  class=\"panel-layout\" ><div id=\"pg-gb1352-69d236d2087d9-0\"  class=\"panel-grid panel-no-style\" ><div id=\"pgc-gb1352-69d236d2087d9-0-0\"  class=\"panel-grid-cell\" ><div id=\"panel-gb1352-69d236d2087d9-0-0-0\" class=\"so-panel widget widget_sow-button panel-first-child panel-last-child\" data-index=\"0\" ><div\n\t\t\t\n\t\t\tclass=\"so-widget-sow-button so-widget-sow-button-flat-66466acb9e12-1352\"\n\t\t\t\n\t\t><div class=\"ow-button-base ow-button-align-center\"\n>\n\t\t\t<a\n\t\t\t\t\thref=\"https:\/\/magasin.kulturtanken.no\/artikler\/pa-kurs-for-elevene\/\"\n\t\t\t\t\tclass=\"sowb-button ow-icon-placement-right ow-button-hover\" \t>\n\t\t<span>\n\t\t\t\n\t\t\tFor \u00e5 lese artikkelen, klikk her\t\t<\/span>\n\t\t\t<\/a>\n\t<\/div>\n<\/div><\/div><\/div><\/div><\/div>\n\n<div id=\"pl-gb1352-69d236d2386b1\"  class=\"panel-layout\" ><div id=\"pg-gb1352-69d236d2386b1-0\"  class=\"panel-grid panel-no-style\" ><div id=\"pgc-gb1352-69d236d2386b1-0-0\"  class=\"panel-grid-cell\" ><div id=\"panel-gb1352-69d236d2386b1-0-0-0\" class=\"so-panel widget widget_sow-image panel-first-child panel-last-child\" data-index=\"0\" ><div\n\t\t\t\n\t\t\tclass=\"so-widget-sow-image so-widget-sow-image-default-8b5b6f678277-1352\"\n\t\t\t\n\t\t><\/div><\/div><\/div><\/div><\/div>\n\n<div id=\"pl-gb1352-69d236d2489a9\"  class=\"panel-layout\" ><div id=\"pg-gb1352-69d236d2489a9-0\"  class=\"panel-grid panel-no-style\" ><div id=\"pgc-gb1352-69d236d2489a9-0-0\"  class=\"panel-grid-cell\" ><div id=\"panel-gb1352-69d236d2489a9-0-0-0\" class=\"so-panel widget widget_sow-image-grid panel-first-child panel-last-child\" data-index=\"0\" ><div\n\t\t\t\n\t\t\tclass=\"so-widget-sow-image-grid so-widget-sow-image-grid-default-5ff4073610f5-1352\"\n\t\t\t\n\t\t>\t<div\n\t\tclass=\"sow-image-grid-wrapper\"\n\t\t\t\t\t>\n\t\t\t\t\t<div class=\"sow-image-grid-image\">\n\t\t\t\t\t\t\t\t\t\t\t\t<img loading=\"lazy\" decoding=\"async\" width=\"1200\" height=\"798\" src=\"https:\/\/cdn.denkulturelleskolesekken.no\/baerum\/236ad3e0-larerkurs-henie-onstad-kunstsenter-februar-2025-foto-marte-glanville-10-37825106-foto_erik__brandsborg1.jpg\" class=\"sow-image-grid-image_html wp-stateless-item\" alt=\"\" title=\"Larerkurs-Henie-Onstad-Kunstsenter-februar-2025-Foto-Marte-Glanville-10&#8211;37825106-Foto_Erik__Brandsborg[1]\" srcset=\"https:\/\/cdn.denkulturelleskolesekken.no\/baerum\/236ad3e0-larerkurs-henie-onstad-kunstsenter-februar-2025-foto-marte-glanville-10-37825106-foto_erik__brandsborg1.jpg 1200w, https:\/\/cdn.denkulturelleskolesekken.no\/baerum\/236ad3e0-larerkurs-henie-onstad-kunstsenter-februar-2025-foto-marte-glanville-10-37825106-foto_erik__brandsborg1-300x200.jpg 300w, https:\/\/cdn.denkulturelleskolesekken.no\/baerum\/236ad3e0-larerkurs-henie-onstad-kunstsenter-februar-2025-foto-marte-glanville-10-37825106-foto_erik__brandsborg1-1024x681.jpg 1024w, https:\/\/cdn.denkulturelleskolesekken.no\/baerum\/236ad3e0-larerkurs-henie-onstad-kunstsenter-februar-2025-foto-marte-glanville-10-37825106-foto_erik__brandsborg1-768x511.jpg 768w, https:\/\/cdn.denkulturelleskolesekken.no\/baerum\/236ad3e0-larerkurs-henie-onstad-kunstsenter-februar-2025-foto-marte-glanville-10-37825106-foto_erik__brandsborg1-272x182.jpg 272w\" sizes=\"auto, (max-width: 1200px) 100vw, 1200px\" data-image-size=\"custom_size\" data-stateless-media-bucket=\"kulturtanken-wordpress-cdn\" data-stateless-media-name=\"baerum\/236ad3e0-larerkurs-henie-onstad-kunstsenter-februar-2025-foto-marte-glanville-10-37825106-foto_erik__brandsborg1.jpg\" \/>\t\t\t\t\t\t\t\t\t\t\t<\/div>\n\t\t\t\t\t<div class=\"sow-image-grid-image\">\n\t\t\t\t\t\t\t\t\t\t\t\t<img loading=\"lazy\" decoding=\"async\" width=\"1200\" height=\"798\" src=\"https:\/\/cdn.denkulturelleskolesekken.no\/baerum\/46db87df-larerkurs-henie-onstad-kunstsenter-februar-2025-foto-marte-glanville-28-37825140-foto_erik__brandsborg1.jpg\" class=\"sow-image-grid-image_html wp-stateless-item\" alt=\"\" title=\"Larerkurs-Henie-Onstad-Kunstsenter-februar-2025-Foto-Marte-Glanville-28&#8211;37825140-Foto_Erik__Brandsborg[1]\" srcset=\"https:\/\/cdn.denkulturelleskolesekken.no\/baerum\/46db87df-larerkurs-henie-onstad-kunstsenter-februar-2025-foto-marte-glanville-28-37825140-foto_erik__brandsborg1.jpg 1200w, https:\/\/cdn.denkulturelleskolesekken.no\/baerum\/46db87df-larerkurs-henie-onstad-kunstsenter-februar-2025-foto-marte-glanville-28-37825140-foto_erik__brandsborg1-300x200.jpg 300w, https:\/\/cdn.denkulturelleskolesekken.no\/baerum\/46db87df-larerkurs-henie-onstad-kunstsenter-februar-2025-foto-marte-glanville-28-37825140-foto_erik__brandsborg1-1024x681.jpg 1024w, https:\/\/cdn.denkulturelleskolesekken.no\/baerum\/46db87df-larerkurs-henie-onstad-kunstsenter-februar-2025-foto-marte-glanville-28-37825140-foto_erik__brandsborg1-768x511.jpg 768w, https:\/\/cdn.denkulturelleskolesekken.no\/baerum\/46db87df-larerkurs-henie-onstad-kunstsenter-februar-2025-foto-marte-glanville-28-37825140-foto_erik__brandsborg1-272x182.jpg 272w\" sizes=\"auto, (max-width: 1200px) 100vw, 1200px\" data-image-size=\"custom_size\" data-stateless-media-bucket=\"kulturtanken-wordpress-cdn\" data-stateless-media-name=\"baerum\/46db87df-larerkurs-henie-onstad-kunstsenter-februar-2025-foto-marte-glanville-28-37825140-foto_erik__brandsborg1.jpg\" \/>\t\t\t\t\t\t\t\t\t\t\t<\/div>\n\t\t\t\t\t<div class=\"sow-image-grid-image\">\n\t\t\t\t\t\t\t\t\t\t\t\t<img loading=\"lazy\" decoding=\"async\" width=\"1200\" height=\"798\" src=\"https:\/\/cdn.denkulturelleskolesekken.no\/baerum\/ceb8c202-larerkurs-henie-onstad-kunstsenter-februar-2025-foto-marte-glanville-14-37825146-foto_erik__brandsborg1.jpg\" class=\"sow-image-grid-image_html wp-stateless-item\" alt=\"\" title=\"Larerkurs-Henie-Onstad-Kunstsenter-februar-2025-Foto-Marte-Glanville-14&#8211;37825146-Foto_Erik__Brandsborg[1]\" srcset=\"https:\/\/cdn.denkulturelleskolesekken.no\/baerum\/ceb8c202-larerkurs-henie-onstad-kunstsenter-februar-2025-foto-marte-glanville-14-37825146-foto_erik__brandsborg1.jpg 1200w, https:\/\/cdn.denkulturelleskolesekken.no\/baerum\/ceb8c202-larerkurs-henie-onstad-kunstsenter-februar-2025-foto-marte-glanville-14-37825146-foto_erik__brandsborg1-300x200.jpg 300w, https:\/\/cdn.denkulturelleskolesekken.no\/baerum\/ceb8c202-larerkurs-henie-onstad-kunstsenter-februar-2025-foto-marte-glanville-14-37825146-foto_erik__brandsborg1-1024x681.jpg 1024w, https:\/\/cdn.denkulturelleskolesekken.no\/baerum\/ceb8c202-larerkurs-henie-onstad-kunstsenter-februar-2025-foto-marte-glanville-14-37825146-foto_erik__brandsborg1-768x511.jpg 768w, https:\/\/cdn.denkulturelleskolesekken.no\/baerum\/ceb8c202-larerkurs-henie-onstad-kunstsenter-februar-2025-foto-marte-glanville-14-37825146-foto_erik__brandsborg1-272x182.jpg 272w\" sizes=\"auto, (max-width: 1200px) 100vw, 1200px\" data-image-size=\"custom_size\" data-stateless-media-bucket=\"kulturtanken-wordpress-cdn\" data-stateless-media-name=\"baerum\/ceb8c202-larerkurs-henie-onstad-kunstsenter-februar-2025-foto-marte-glanville-14-37825146-foto_erik__brandsborg1.jpg\" \/>\t\t\t\t\t\t\t\t\t\t\t<\/div>\n\t\t\t\t\t<div class=\"sow-image-grid-image\">\n\t\t\t\t\t\t\t\t\t\t\t\t<img loading=\"lazy\" decoding=\"async\" width=\"1200\" height=\"798\" src=\"https:\/\/cdn.denkulturelleskolesekken.no\/baerum\/151ad656-larerkurs-henie-onstad-kunstsenter-februar-2025-foto-marte-glanville-23-37825111-foto_erik__brandsborg1.jpg\" class=\"sow-image-grid-image_html wp-stateless-item\" alt=\"\" title=\"Larerkurs-Henie-Onstad-Kunstsenter-februar-2025-Foto-Marte-Glanville-23&#8211;37825111-Foto_Erik__Brandsborg[1]\" srcset=\"https:\/\/cdn.denkulturelleskolesekken.no\/baerum\/151ad656-larerkurs-henie-onstad-kunstsenter-februar-2025-foto-marte-glanville-23-37825111-foto_erik__brandsborg1.jpg 1200w, https:\/\/cdn.denkulturelleskolesekken.no\/baerum\/151ad656-larerkurs-henie-onstad-kunstsenter-februar-2025-foto-marte-glanville-23-37825111-foto_erik__brandsborg1-300x200.jpg 300w, https:\/\/cdn.denkulturelleskolesekken.no\/baerum\/151ad656-larerkurs-henie-onstad-kunstsenter-februar-2025-foto-marte-glanville-23-37825111-foto_erik__brandsborg1-1024x681.jpg 1024w, https:\/\/cdn.denkulturelleskolesekken.no\/baerum\/151ad656-larerkurs-henie-onstad-kunstsenter-februar-2025-foto-marte-glanville-23-37825111-foto_erik__brandsborg1-768x511.jpg 768w, https:\/\/cdn.denkulturelleskolesekken.no\/baerum\/151ad656-larerkurs-henie-onstad-kunstsenter-februar-2025-foto-marte-glanville-23-37825111-foto_erik__brandsborg1-272x182.jpg 272w\" sizes=\"auto, (max-width: 1200px) 100vw, 1200px\" data-image-size=\"custom_size\" data-stateless-media-bucket=\"kulturtanken-wordpress-cdn\" data-stateless-media-name=\"baerum\/151ad656-larerkurs-henie-onstad-kunstsenter-februar-2025-foto-marte-glanville-23-37825111-foto_erik__brandsborg1.jpg\" \/>\t\t\t\t\t\t\t\t\t\t\t<\/div>\n\t\t\t\t\t<div class=\"sow-image-grid-image\">\n\t\t\t\t\t\t\t\t\t\t\t\t<img loading=\"lazy\" decoding=\"async\" width=\"1200\" height=\"761\" src=\"https:\/\/cdn.denkulturelleskolesekken.no\/baerum\/c81ad6b8-larerkurs-henie-onstad-kunstsenter-februar-2025-foto-marte-glanville-2-37825007-foto_erik__brandsborg1.jpg\" class=\"sow-image-grid-image_html wp-stateless-item\" alt=\"\" title=\"Larerkurs-Henie-Onstad-Kunstsenter-februar-2025-Foto-Marte-Glanville-2&#8211;37825007-Foto_Erik__Brandsborg[1]\" srcset=\"https:\/\/cdn.denkulturelleskolesekken.no\/baerum\/c81ad6b8-larerkurs-henie-onstad-kunstsenter-februar-2025-foto-marte-glanville-2-37825007-foto_erik__brandsborg1.jpg 1200w, https:\/\/cdn.denkulturelleskolesekken.no\/baerum\/c81ad6b8-larerkurs-henie-onstad-kunstsenter-februar-2025-foto-marte-glanville-2-37825007-foto_erik__brandsborg1-300x190.jpg 300w, https:\/\/cdn.denkulturelleskolesekken.no\/baerum\/c81ad6b8-larerkurs-henie-onstad-kunstsenter-februar-2025-foto-marte-glanville-2-37825007-foto_erik__brandsborg1-1024x649.jpg 1024w, https:\/\/cdn.denkulturelleskolesekken.no\/baerum\/c81ad6b8-larerkurs-henie-onstad-kunstsenter-februar-2025-foto-marte-glanville-2-37825007-foto_erik__brandsborg1-768x487.jpg 768w\" sizes=\"auto, (max-width: 1200px) 100vw, 1200px\" data-image-size=\"custom_size\" data-stateless-media-bucket=\"kulturtanken-wordpress-cdn\" data-stateless-media-name=\"baerum\/c81ad6b8-larerkurs-henie-onstad-kunstsenter-februar-2025-foto-marte-glanville-2-37825007-foto_erik__brandsborg1.jpg\" \/>\t\t\t\t\t\t\t\t\t\t\t<\/div>\n\t\t\t\t\t<div class=\"sow-image-grid-image\">\n\t\t\t\t\t\t\t\t\t\t\t\t<img loading=\"lazy\" decoding=\"async\" width=\"1200\" height=\"798\" src=\"https:\/\/cdn.denkulturelleskolesekken.no\/baerum\/e042c59c-larerkurs-henie-onstad-kunstsenter-februar-2025-foto-marte-glanville-26-37825131-foto_erik__brandsborg1.jpg\" class=\"sow-image-grid-image_html wp-stateless-item\" alt=\"\" title=\"Larerkurs-Henie-Onstad-Kunstsenter-februar-2025-Foto-Marte-Glanville-26&#8211;37825131-Foto_Erik__Brandsborg[1]\" srcset=\"https:\/\/cdn.denkulturelleskolesekken.no\/baerum\/e042c59c-larerkurs-henie-onstad-kunstsenter-februar-2025-foto-marte-glanville-26-37825131-foto_erik__brandsborg1.jpg 1200w, https:\/\/cdn.denkulturelleskolesekken.no\/baerum\/e042c59c-larerkurs-henie-onstad-kunstsenter-februar-2025-foto-marte-glanville-26-37825131-foto_erik__brandsborg1-300x200.jpg 300w, https:\/\/cdn.denkulturelleskolesekken.no\/baerum\/e042c59c-larerkurs-henie-onstad-kunstsenter-februar-2025-foto-marte-glanville-26-37825131-foto_erik__brandsborg1-1024x681.jpg 1024w, https:\/\/cdn.denkulturelleskolesekken.no\/baerum\/e042c59c-larerkurs-henie-onstad-kunstsenter-februar-2025-foto-marte-glanville-26-37825131-foto_erik__brandsborg1-768x511.jpg 768w, https:\/\/cdn.denkulturelleskolesekken.no\/baerum\/e042c59c-larerkurs-henie-onstad-kunstsenter-februar-2025-foto-marte-glanville-26-37825131-foto_erik__brandsborg1-272x182.jpg 272w\" sizes=\"auto, (max-width: 1200px) 100vw, 1200px\" data-image-size=\"custom_size\" data-stateless-media-bucket=\"kulturtanken-wordpress-cdn\" data-stateless-media-name=\"baerum\/e042c59c-larerkurs-henie-onstad-kunstsenter-februar-2025-foto-marte-glanville-26-37825131-foto_erik__brandsborg1.jpg\" \/>\t\t\t\t\t\t\t\t\t\t\t<\/div>\n\t\t\t<\/div>\n<\/div><\/div><\/div><\/div><\/div>","protected":false},"excerpt":{"rendered":"<p>V\u00e5ren 2025 skal rundt 1600 fjerdeklassinger fra B\u00e6rum oppleve utstillingen&nbsp;\u00abHans\/Jean &amp; Sophie Taeuber Arp \u2013 Venner, elskere, partnere\u00bb&nbsp;p\u00e5 Henie Onstad. Et bes\u00f8k til kunstsenteret er et fast tilbud fra DKS B\u00e6rum til kommunens elever p\u00e5 fjerde og tiende trinn. I forkant inviteres det til egne l\u00e6rerkurs p\u00e5 senteret,&nbsp;som ligger nydelig til ved vannkanten i H\u00f8vikodden.Her [&hellip;]<\/p>\n","protected":false},"author":12,"featured_media":0,"parent":0,"menu_order":0,"comment_status":"closed","ping_status":"closed","template":"","meta":{"footnotes":""},"class_list":["post-1352","page","type-page","status-publish","hentry"],"_links":{"self":[{"href":"https:\/\/www.denkulturelleskolesekken.no\/baerum\/wp-json\/wp\/v2\/pages\/1352","targetHints":{"allow":["GET"]}}],"collection":[{"href":"https:\/\/www.denkulturelleskolesekken.no\/baerum\/wp-json\/wp\/v2\/pages"}],"about":[{"href":"https:\/\/www.denkulturelleskolesekken.no\/baerum\/wp-json\/wp\/v2\/types\/page"}],"author":[{"embeddable":true,"href":"https:\/\/www.denkulturelleskolesekken.no\/baerum\/wp-json\/wp\/v2\/users\/12"}],"replies":[{"embeddable":true,"href":"https:\/\/www.denkulturelleskolesekken.no\/baerum\/wp-json\/wp\/v2\/comments?post=1352"}],"version-history":[{"count":27,"href":"https:\/\/www.denkulturelleskolesekken.no\/baerum\/wp-json\/wp\/v2\/pages\/1352\/revisions"}],"predecessor-version":[{"id":1395,"href":"https:\/\/www.denkulturelleskolesekken.no\/baerum\/wp-json\/wp\/v2\/pages\/1352\/revisions\/1395"}],"wp:attachment":[{"href":"https:\/\/www.denkulturelleskolesekken.no\/baerum\/wp-json\/wp\/v2\/media?parent=1352"}],"curies":[{"name":"wp","href":"https:\/\/api.w.org\/{rel}","templated":true}]}}