{"id":1287,"date":"2025-03-19T08:27:19","date_gmt":"2025-03-19T08:27:19","guid":{"rendered":"https:\/\/www.denkulturelleskolesekken.no\/baerum\/?page_id=1287"},"modified":"2026-03-03T14:42:40","modified_gmt":"2026-03-03T14:42:40","slug":"informasjon-til-utovere-i-dks","status":"publish","type":"page","link":"https:\/\/www.denkulturelleskolesekken.no\/baerum\/informasjon-til-utovere-i-dks\/","title":{"rendered":"Informasjon til ut\u00f8vere i DKS"},"content":{"rendered":"\n<p>Hvert \u00e5r m\u00f8ter alle elever profesjonelle kunstnere og ut\u00f8vere gjennom Den kulturelle skolesekken (DKS). DKS er en av de st\u00f8rste arbeidsplassene for kunstnere i Norge.&nbsp;<\/p>\n\n\n\n<p>I DKS B\u00e6rum leter vi kontinuerlig etter aktuelle og gode forslag til produksjoner fra det profesjonelle kunstfeltet. Alle former og uttrykk er velkomne. V\u00e5rt m\u00e5l er \u00e5 skape genuine og relevante kunstopplevelser for alle barn og unge.&nbsp;<\/p>\n\n\n\n<p><strong>Innsending av s\u00f8knad&nbsp;<\/strong><\/p>\n\n\n\n<p>Vil du formidle kunst og kultur til barn og unge? Har du et spennende prosjekt p\u00e5 gang? Her finner du mer informasjon om kriterier og hvordan du s\u00f8ker:&nbsp;<\/p>\n\n\n<div id=\"pl-gb1287-69d92c9960b8c\"  class=\"panel-layout\" ><div id=\"pg-gb1287-69d92c9960b8c-0\"  class=\"panel-grid panel-no-style\" ><div id=\"pgc-gb1287-69d92c9960b8c-0-0\"  class=\"panel-grid-cell\" ><div id=\"panel-gb1287-69d92c9960b8c-0-0-0\" class=\"so-panel widget widget_sow-button panel-first-child panel-last-child\" data-index=\"0\" ><div\n\t\t\t\n\t\t\tclass=\"so-widget-sow-button so-widget-sow-button-flat-66466acb9e12-1287\"\n\t\t\t\n\t\t><div class=\"ow-button-base ow-button-align-center\"\n>\n\t\t\t<a\n\t\t\t\t\thref=\"https:\/\/www.denkulturelleskolesekken.no\/baerum\/innsending-av-soknad\/\"\n\t\t\t\t\tclass=\"sowb-button ow-icon-placement-left ow-button-hover\" \t>\n\t\t<span>\n\t\t\t\n\t\t\tInnsending av s\u00f8knad\t\t<\/span>\n\t\t\t<\/a>\n\t<\/div>\n<\/div><\/div><\/div><\/div><\/div>\n\n\n<p><strong>Veiledning for ut\u00f8vere p\u00e5 turn\u00e9&nbsp;<\/strong><\/p>\n\n\n\n<p>Praktisk informasjon for deg som har oppdrag for DKS B\u00e6rum. Les mer om hvordan du forbereder deg til turn\u00e9, forventninger n\u00e5r du er p\u00e5 turn\u00e9, og hva du gj\u00f8r n\u00e5r du er ferdig med en turn\u00e9:&nbsp;<br><br><\/p>\n\n\n<div id=\"pl-gb1287-69d92c9993f21\"  class=\"panel-layout\" ><div id=\"pg-gb1287-69d92c9993f21-0\"  class=\"panel-grid panel-no-style\" ><div id=\"pgc-gb1287-69d92c9993f21-0-0\"  class=\"panel-grid-cell\" ><div id=\"panel-gb1287-69d92c9993f21-0-0-0\" class=\"so-panel widget widget_sow-button panel-first-child panel-last-child\" data-index=\"0\" ><div\n\t\t\t\n\t\t\tclass=\"so-widget-sow-button so-widget-sow-button-flat-66466acb9e12-1287\"\n\t\t\t\n\t\t><div class=\"ow-button-base ow-button-align-center\"\n>\n\t\t\t<a\n\t\t\t\t\thref=\"https:\/\/www.denkulturelleskolesekken.no\/baerum\/veiledning-for-utovere-pa-turne\/\"\n\t\t\t\t\tclass=\"sowb-button ow-icon-placement-left ow-button-hover\" \t>\n\t\t<span>\n\t\t\t\n\t\t\tVeiledning for ut\u00f8vere p\u00e5 turne\t\t<\/span>\n\t\t\t<\/a>\n\t<\/div>\n<\/div><\/div><\/div><\/div><\/div>\n\n\n<div style=\"height:100px\" aria-hidden=\"true\" class=\"wp-block-spacer\"><\/div>\n","protected":false},"excerpt":{"rendered":"<p>Hvert \u00e5r m\u00f8ter alle elever profesjonelle kunstnere og ut\u00f8vere gjennom Den kulturelle skolesekken (DKS). DKS er en av de st\u00f8rste arbeidsplassene for kunstnere i Norge.&nbsp; I DKS B\u00e6rum leter vi kontinuerlig etter aktuelle og gode forslag til produksjoner fra det profesjonelle kunstfeltet. Alle former og uttrykk er velkomne. V\u00e5rt m\u00e5l er \u00e5 skape genuine og [&hellip;]<\/p>\n","protected":false},"author":12,"featured_media":1565,"parent":0,"menu_order":0,"comment_status":"closed","ping_status":"closed","template":"","meta":{"footnotes":""},"class_list":["post-1287","page","type-page","status-publish","has-post-thumbnail","hentry"],"_links":{"self":[{"href":"https:\/\/www.denkulturelleskolesekken.no\/baerum\/wp-json\/wp\/v2\/pages\/1287","targetHints":{"allow":["GET"]}}],"collection":[{"href":"https:\/\/www.denkulturelleskolesekken.no\/baerum\/wp-json\/wp\/v2\/pages"}],"about":[{"href":"https:\/\/www.denkulturelleskolesekken.no\/baerum\/wp-json\/wp\/v2\/types\/page"}],"author":[{"embeddable":true,"href":"https:\/\/www.denkulturelleskolesekken.no\/baerum\/wp-json\/wp\/v2\/users\/12"}],"replies":[{"embeddable":true,"href":"https:\/\/www.denkulturelleskolesekken.no\/baerum\/wp-json\/wp\/v2\/comments?post=1287"}],"version-history":[{"count":22,"href":"https:\/\/www.denkulturelleskolesekken.no\/baerum\/wp-json\/wp\/v2\/pages\/1287\/revisions"}],"predecessor-version":[{"id":1572,"href":"https:\/\/www.denkulturelleskolesekken.no\/baerum\/wp-json\/wp\/v2\/pages\/1287\/revisions\/1572"}],"wp:featuredmedia":[{"embeddable":true,"href":"https:\/\/www.denkulturelleskolesekken.no\/baerum\/wp-json\/wp\/v2\/media\/1565"}],"wp:attachment":[{"href":"https:\/\/www.denkulturelleskolesekken.no\/baerum\/wp-json\/wp\/v2\/media?parent=1287"}],"curies":[{"name":"wp","href":"https:\/\/api.w.org\/{rel}","templated":true}]}}