{"id":1117,"date":"2024-11-07T14:24:15","date_gmt":"2024-11-07T14:24:15","guid":{"rendered":"https:\/\/www.denkulturelleskolesekken.no\/baerum\/?page_id=1117"},"modified":"2026-03-03T14:36:16","modified_gmt":"2026-03-03T14:36:16","slug":"forside-tmp","status":"publish","type":"page","link":"https:\/\/www.denkulturelleskolesekken.no\/baerum\/","title":{"rendered":"Forside"},"content":{"rendered":"<div id=\"pl-gb1117-69d911b755aaf\"  class=\"panel-layout wp-block-siteorigin-panels-layout-block\" ><div id=\"pg-gb1117-69d911b755aaf-0\"  class=\"panel-grid panel-no-style\" ><div id=\"pgc-gb1117-69d911b755aaf-0-0\"  class=\"panel-grid-cell\" >            <section class=\"kt-headline-three-articles\">\n                <article class=\"kt-headline-article-main\" tabIndex=\"0\">\n                    <div class=\"kt-headline-article-image\" style=\"background-image: url(https:\/\/cdn.denkulturelleskolesekken.no\/baerum\/519ddba3-kajsa-balto.jpeg); background-position: center center\">\n                        <a href=https:\/\/www.denkulturelleskolesekken.no\/baerum\/utforsk-produksjoner-i-dks\/ ><\/a>\n                    <\/div>\n                                            <div class=\"kt-headline-article-card primary-bg\">\n                         <div>\n                                                            <h1><a tabIndex=\"-1\" href=\"https:\/\/www.denkulturelleskolesekken.no\/baerum\/utforsk-produksjoner-i-dks\/\">Program<\/a><\/h1>\n                                                    <\/div>\n                                                    <p>Trykk her<\/p>\n                                            <\/div>\n                                    <\/article>\n                <article class=\"kt-headline-article-small\" tabIndex=\"0\">\n                <div class=\"kt-headline-article-image\" style=\"background-image: url(https:\/\/cdn.denkulturelleskolesekken.no\/baerum\/ceb8c202-larerkurs-henie-onstad-kunstsenter-februar-2025-foto-marte-glanville-14-37825146-foto_erik__brandsborg1.jpg); background-position: center center\">\n                    <a href=https:\/\/www.denkulturelleskolesekken.no\/baerum\/2025\/04\/01\/ressursside-for-laerere-kulturkontakter-og-skoleledere\/ ><\/a>\n                <\/div>\n                                    <div class=\"kt-headline-article-card secondary-bg\">\n                    <div>\n                        <h2><a tabIndex=\"-1\" href=\"https:\/\/www.denkulturelleskolesekken.no\/baerum\/2025\/04\/01\/ressursside-for-laerere-kulturkontakter-og-skoleledere\/\">Ressursside for l\u00e6rere, kulturkontakter og skoleledere<\/a><\/h2>\n                        <\/div>\n                    <\/div>\n                                    <\/article>\n                <article class=\"kt-headline-article-small\"  tabIndex=\"0\">\n                <div class=\"kt-headline-article-image\" style=\"background-image: url(https:\/\/cdn.denkulturelleskolesekken.no\/baerum\/2ca16090-en-forfatter-og-en-musiker-titter-gjennom-stigen-foto-magnus-skrede.jpg); background-position: center center\">\n                    <a href=https:\/\/www.denkulturelleskolesekken.no\/baerum\/informasjon-til-utovere-i-dks\/ ><\/a>    \n                <\/div>\n                                        <div class=\"kt-headline-article-card secondary-bg\">\n                        <div>\n                            <h2><a tabIndex=\"-1\" href=\"https:\/\/www.denkulturelleskolesekken.no\/baerum\/informasjon-til-utovere-i-dks\/\">Informasjon til ut\u00f8vere i DKS B\u00e6rum<\/a><\/h2>\n                        <\/div>\n                    <\/div>\n                                    <\/article>\n            <\/section>\n        <\/div><\/div><div id=\"pg-gb1117-69d911b755aaf-1\"  class=\"panel-grid panel-no-style\" ><div id=\"pgc-gb1117-69d911b755aaf-1-0\"  class=\"panel-grid-cell\" >\n        <section class=\"kt-sticky-posts\">\n            <div class=\"kt-indent-74\">\n                <div class=\"kt-section-header\">\n                    <h2>Aktuelt<\/h2>\n                    <p><\/p>\n                <\/div>\n                <div class=\"kt-sticky-posts-list\">\n                                            <div tabIndex=\"0\" class=\"kt-post\">\n                            <img decoding=\"async\" src=\"https:\/\/cdn.denkulturelleskolesekken.no\/baerum\/2f5942a4-dks-lab-2026.png\" alt=\"\"\/>\n                            <div class=\"kt-post-bg theme-colors\">\n                                <h3><a tabIndex=\"-1\" href=\"https:\/\/www.denkulturelleskolesekken.no\/baerum\/2026\/03\/03\/utlysing-dks_lab-2026\/\">Utlysing: DKS-LAB 2026<\/a><\/h3>\n                                <i class=\"material-icons md-48\">arrow_forward_ios<\/i>\n                            <\/div>\n                        <\/div>\n                                            <div tabIndex=\"0\" class=\"kt-post\">\n                            <img decoding=\"async\" src=\"https:\/\/cdn.denkulturelleskolesekken.no\/baerum\/0934ea88-kanaan.jpg\" alt=\"\"\/>\n                            <div class=\"kt-post-bg theme-colors\">\n                                <h3><a tabIndex=\"-1\" href=\"https:\/\/www.denkulturelleskolesekken.no\/baerum\/2025\/07\/01\/ny-musikkproduksjon-fra-dks-baerum\/\">Ny musikkproduksjon fra DKS B\u00e6rum<\/a><\/h3>\n                                <i class=\"material-icons md-48\">arrow_forward_ios<\/i>\n                            <\/div>\n                        <\/div>\n                                            <div tabIndex=\"0\" class=\"kt-post\">\n                            <img decoding=\"async\" src=\"https:\/\/cdn.denkulturelleskolesekken.no\/baerum\/236ad3e0-larerkurs-henie-onstad-kunstsenter-februar-2025-foto-marte-glanville-10-37825106-foto_erik__brandsborg1.jpg\" alt=\"\"\/>\n                            <div class=\"kt-post-bg theme-colors\">\n                                <h3><a tabIndex=\"-1\" href=\"https:\/\/www.denkulturelleskolesekken.no\/baerum\/2025\/04\/01\/dks-baerum-og-henie-onstad-kunstsenters-tradisjonelle-laererkurs\/\">DKS B\u00e6rum og Henie Onstad Kunstsenters tradisjonelle l\u00e6rerkurs<\/a><\/h3>\n                                <i class=\"material-icons md-48\">arrow_forward_ios<\/i>\n                            <\/div>\n                        <\/div>\n                                            <div tabIndex=\"0\" class=\"kt-post\">\n                            <img decoding=\"async\" src=\"https:\/\/cdn.denkulturelleskolesekken.no\/baerum\/2ddaa5bf-step-surprise.jpg\" alt=\"\"\/>\n                            <div class=\"kt-post-bg theme-colors\">\n                                <h3><a tabIndex=\"-1\" href=\"https:\/\/www.denkulturelleskolesekken.no\/baerum\/2024\/11\/15\/helter-fra-dyreriket-starter-18-november\/\">Videoteasere program 2024-25<\/a><\/h3>\n                                <i class=\"material-icons md-48\">arrow_forward_ios<\/i>\n                            <\/div>\n                        <\/div>\n                                            <div tabIndex=\"0\" class=\"kt-post\">\n                            <img decoding=\"async\" src=\"https:\/\/cdn.denkulturelleskolesekken.no\/baerum\/e7859fb5-ungdomsrad-blide-bilde.jpg\" alt=\"\"\/>\n                            <div class=\"kt-post-bg theme-colors\">\n                                <h3><a tabIndex=\"-1\" href=\"https:\/\/www.denkulturelleskolesekken.no\/baerum\/2024\/11\/14\/dks-ungdomsrad-i-baerum\/\">DKS ungdomsr\u00e5d i B\u00e6rum<\/a><\/h3>\n                                <i class=\"material-icons md-48\">arrow_forward_ios<\/i>\n                            <\/div>\n                        <\/div>\n                                            <div tabIndex=\"0\" class=\"kt-post\">\n                            <img decoding=\"async\" src=\"https:\/\/cdn.denkulturelleskolesekken.no\/baerum\/2020\/08\/f145e4b1-marked-for-musikk_fl\u00f8ytemannen_knut_9-2.jpg\" alt=\"\"\/>\n                            <div class=\"kt-post-bg theme-colors\">\n                                <h3><a tabIndex=\"-1\" href=\"https:\/\/www.denkulturelleskolesekken.no\/baerum\/2020\/08\/18\/lyst-til-a-vaere-en-del-av-den-kulturelle-skolesekken-neste-skolear\/\">Lyst til \u00e5 v\u00e6re en del av Den kulturelle skolesekken neste skole\u00e5r?<\/a><\/h3>\n                                <i class=\"material-icons md-48\">arrow_forward_ios<\/i>\n                            <\/div>\n                        <\/div>\n                                    <\/div>\n                    <a class=\"kt-read-more\"\n                        href=\"https:\/\/www.denkulturelleskolesekken.no\/baerum\/category\/aktuelt\/\"\n                    >\n                        Se alle nyheter                    <\/a>\n            <\/div>\n        <\/section>\n        <script type=\"text\/javascript\">\n            \/* Fix object-fit issue on IE, Edge *\/\n            var ieEdgeImageCorrection = function () {\n                var isMobileScreen = jQuery(window).width() <= 768;\n                if (!isMobileScreen) {\n                    jQuery('.kt-sticky-posts-list a .kt-post-image-overlay').remove();\n                } else if (document.documentMode || \/Edge\/.test(window.navigator.userAgent)) {\n                    jQuery('.kt-sticky-posts-list img').each(function () {\n                        var t = jQuery(this),\n                            s = 'url(' + t.attr('src') + ')',\n                            p = t.parent(),\n                            d = jQuery('<div class=\"kt-post-image-overlay\"><\/div>');\n                        p.css('position', 'relative');\n                        p.append(d);\n                        d.css({\n                            'position': 'absolute',\n                            'top': '0',\n                            'left': '0',\n                            'bottom': '48px',\n                            'width': '100%',\n                            'background-size': 'cover',\n                            'background-repeat': 'no-repeat',\n                            'background-position': 'center',\n                            'background-image': s\n                        });\n                        \/\/ t.hide();\n                    });\n                }\n            }\n            window.addEventListener('load', ieEdgeImageCorrection);\n            window.addEventListener('resize', ieEdgeImageCorrection);\n        <\/script>\n        <\/div><\/div><div id=\"pg-gb1117-69d911b755aaf-2\"  class=\"panel-grid panel-no-style\" ><div id=\"pgc-gb1117-69d911b755aaf-2-0\"  class=\"panel-grid-cell panel-grid-cell-empty\" ><\/div><div id=\"pgc-gb1117-69d911b755aaf-2-1\"  class=\"panel-grid-cell panel-grid-cell-empty panel-grid-cell-mobile-last\" ><\/div><div id=\"pgc-gb1117-69d911b755aaf-2-2\"  class=\"panel-grid-cell panel-grid-cell-empty\" ><\/div><\/div><\/div>\n\n\n<p><\/p>\n","protected":false},"excerpt":{"rendered":"","protected":false},"author":2,"featured_media":1563,"parent":0,"menu_order":0,"comment_status":"closed","ping_status":"closed","template":"custom-full-width-with-image.php","meta":{"footnotes":""},"class_list":["post-1117","page","type-page","status-publish","has-post-thumbnail","hentry"],"_links":{"self":[{"href":"https:\/\/www.denkulturelleskolesekken.no\/baerum\/wp-json\/wp\/v2\/pages\/1117","targetHints":{"allow":["GET"]}}],"collection":[{"href":"https:\/\/www.denkulturelleskolesekken.no\/baerum\/wp-json\/wp\/v2\/pages"}],"about":[{"href":"https:\/\/www.denkulturelleskolesekken.no\/baerum\/wp-json\/wp\/v2\/types\/page"}],"author":[{"embeddable":true,"href":"https:\/\/www.denkulturelleskolesekken.no\/baerum\/wp-json\/wp\/v2\/users\/2"}],"replies":[{"embeddable":true,"href":"https:\/\/www.denkulturelleskolesekken.no\/baerum\/wp-json\/wp\/v2\/comments?post=1117"}],"version-history":[{"count":24,"href":"https:\/\/www.denkulturelleskolesekken.no\/baerum\/wp-json\/wp\/v2\/pages\/1117\/revisions"}],"predecessor-version":[{"id":1567,"href":"https:\/\/www.denkulturelleskolesekken.no\/baerum\/wp-json\/wp\/v2\/pages\/1117\/revisions\/1567"}],"wp:featuredmedia":[{"embeddable":true,"href":"https:\/\/www.denkulturelleskolesekken.no\/baerum\/wp-json\/wp\/v2\/media\/1563"}],"wp:attachment":[{"href":"https:\/\/www.denkulturelleskolesekken.no\/baerum\/wp-json\/wp\/v2\/media?parent=1117"}],"curies":[{"name":"wp","href":"https:\/\/api.w.org\/{rel}","templated":true}]}}