{"id":879,"date":"2022-04-19T09:14:23","date_gmt":"2022-04-19T09:14:23","guid":{"rendered":"https:\/\/www.denkulturelleskolesekken.no\/asker\/?page_id=879"},"modified":"2025-09-16T11:08:41","modified_gmt":"2025-09-16T11:08:41","slug":"de-ansatte","status":"publish","type":"page","link":"https:\/\/www.denkulturelleskolesekken.no\/asker\/de-ansatte\/","title":{"rendered":"De ansatte"},"content":{"rendered":"\n<p><img loading=\"lazy\" decoding=\"async\" width=\"150\" height=\"225\" class=\"wp-image-1090\" style=\"width: 150px;\" src=\"https:\/\/cdn.denkulturelleskolesekken.no\/asker\/c70770c0-ole-jorn.jpg\" alt=\"\"><br><strong>Ole J\u00f8rn Myklebust <\/strong>er fagkoordinator for Den kulturelle skolesekken i Asker. Han har bakgrunn fra<strong> <\/strong>musikkfeltet, som ut\u00f8ver, komponist og kunstfaglig produsent, og har solid DKS-bakgrunn som ut\u00f8ver i forestillingen &#8220;Klangbein&#8221; som er spilt rundt 2000 ganger. <\/p>\n\n\n\n<p><img loading=\"lazy\" decoding=\"async\" width=\"150\" height=\"200\" class=\"wp-image-972\" style=\"width: 150px;\" src=\"https:\/\/cdn.denkulturelleskolesekken.no\/asker\/4605f307-eirik-modified.jpg\" alt=\"Bilde av produsent Eirik Fauske\"><br><strong>Eirik Fauske<\/strong> er ansatt som produsent for litteratur og scenekunst, og arbeider ogs\u00e5 med turn\u00e9legging av produksjoner. Eirik arbeider ogs\u00e5 som scenekunstner, og har lang erfaring som dramatiker og regiss\u00f8r.<\/p>\n\n\n\n<p><img loading=\"lazy\" decoding=\"async\" width=\"150\" height=\"150\" class=\"wp-image-1099\" style=\"width: 150px;\" src=\"https:\/\/cdn.denkulturelleskolesekken.no\/asker\/59552e61-kennethlitebw.jpg\" alt=\"\"><br><strong>Kenneth Dypvik-Simonsen<\/strong> jobber som r\u00e5dgiver og kunstfaglig produsent for visuell kunst og kulturarv. Kenneth har bakgrunn som regiss\u00f8r, teaterl\u00e6rer og produsent.<\/p>\n","protected":false},"excerpt":{"rendered":"<p>Ole J\u00f8rn Myklebust er fagkoordinator for Den kulturelle skolesekken i Asker. Han har bakgrunn fra musikkfeltet, som ut\u00f8ver, komponist og kunstfaglig produsent, og har solid DKS-bakgrunn som ut\u00f8ver i forestillingen &#8220;Klangbein&#8221; som er spilt rundt 2000 ganger. Eirik Fauske er ansatt som produsent for litteratur og scenekunst, og arbeider ogs\u00e5 med turn\u00e9legging av produksjoner. Eirik [&hellip;]<\/p>\n","protected":false},"author":18,"featured_media":0,"parent":0,"menu_order":0,"comment_status":"closed","ping_status":"closed","template":"","meta":{"footnotes":""},"class_list":["post-879","page","type-page","status-publish","hentry"],"_links":{"self":[{"href":"https:\/\/www.denkulturelleskolesekken.no\/asker\/wp-json\/wp\/v2\/pages\/879","targetHints":{"allow":["GET"]}}],"collection":[{"href":"https:\/\/www.denkulturelleskolesekken.no\/asker\/wp-json\/wp\/v2\/pages"}],"about":[{"href":"https:\/\/www.denkulturelleskolesekken.no\/asker\/wp-json\/wp\/v2\/types\/page"}],"author":[{"embeddable":true,"href":"https:\/\/www.denkulturelleskolesekken.no\/asker\/wp-json\/wp\/v2\/users\/18"}],"replies":[{"embeddable":true,"href":"https:\/\/www.denkulturelleskolesekken.no\/asker\/wp-json\/wp\/v2\/comments?post=879"}],"version-history":[{"count":17,"href":"https:\/\/www.denkulturelleskolesekken.no\/asker\/wp-json\/wp\/v2\/pages\/879\/revisions"}],"predecessor-version":[{"id":1152,"href":"https:\/\/www.denkulturelleskolesekken.no\/asker\/wp-json\/wp\/v2\/pages\/879\/revisions\/1152"}],"wp:attachment":[{"href":"https:\/\/www.denkulturelleskolesekken.no\/asker\/wp-json\/wp\/v2\/media?parent=879"}],"curies":[{"name":"wp","href":"https:\/\/api.w.org\/{rel}","templated":true}]}}