{"id":31,"date":"2019-10-31T13:54:44","date_gmt":"2019-10-31T13:54:44","guid":{"rendered":"https:\/\/viken.kulturtanken.app\/?page_id=31"},"modified":"2024-01-18T14:02:29","modified_gmt":"2024-01-18T14:02:29","slug":"er-du-utover","status":"publish","type":"page","link":"https:\/\/www.denkulturelleskolesekken.no\/asker\/er-du-utover\/","title":{"rendered":"Er du ut\u00f8ver?"},"content":{"rendered":"\n<p>Vi tar imot programforslag p\u00e5 ferdigproduserte forestillinger og verksteder innenfor et bredt spekter av kunst- og kulturuttrykk. Vi er ogs\u00e5 \u00e5pne for forslag til former for co-produksjoner.<\/p>\n\n\n\n<p>Frist for forslag til produksjoner skole\u00e5ret 2024\/2025 var 1. oktober 2023. Du finner mer generell informasjon om den kulturelle skolesekken og felles s\u00f8knadsportal p\u00e5\u00a0<a href=\"https:\/\/www.denkulturelleskolesekken.no\/\">Kulturtankens nettsider<\/a><\/p>\n\n\n\n<p>Har du sp\u00f8rsm\u00e5l om ordningen i Asker kommune, kan du kontakte <a href=\"https:\/\/www.denkulturelleskolesekken.no\/asker\/kontakt-oss\/\" data-type=\"page\" data-id=\"119\">DKS-administrasjonen.<\/a><\/p>\n\n\n\n<h3 class=\"wp-block-heading\">Utlysningstekst for 2024\/2025:<\/h3>\n\n\n\n<p>DKS Asker&nbsp;programmerer ut fra skj\u00f8nnsmessige kriterier om kvalitet og relevans. Forslagene blir vurdert av et kunstfaglig r\u00e5d og DKS-administrasjonen. DKS Asker legger vekt p\u00e5 at elevene skal m\u00f8te DKS-akt\u00f8rer som gjenspeiler det kulturelle mangfoldet i dagens Norge. Vi mottar sv\u00e6rt gjerne forslag til utviklingsprosjekt av tverrkunstnerisk art, samt forslag til nyskapende kulturarvsprosjekter&nbsp;gjerne i samarbeid med lokale akt\u00f8rer i Asker. Fra skole\u00e5ret 2023\/2024 har vi innf\u00f8rt en trinnfordelingsmodell som sikrer et s\u00e5 jevnt tilbud som mulig for Asker-elevene gjennom de 10 \u00e5rene de g\u00e5r p\u00e5 grunnskolen. Denne er forklart under, og definerer forslagene vi \u00f8nsker fra ut\u00f8vere og institusjoner.<\/p>\n\n\n\n<h4 class=\"wp-block-heading\">Scenekunst:<\/h4>\n\n\n\n<p>1.-4. trinn: Bes\u00f8k p\u00e5 skolen \/ 1-2 ut\u00f8vere \/ 120 elever per forestilling \/ 2 forestillinger per dag<br>5. trinn: Bes\u00f8k p\u00e5 Asker Kulturhus \/ 2-3 ut\u00f8vere \/ 230 elever per forestilling \/ 2 forestillinger per dag<br>9. trinn: Tverrkunstnerisk prosjekt med fokus p\u00e5 scenekunst, kan v\u00e6re heldagsarrangement<\/p>\n\n\n\n<h4 class=\"wp-block-heading\">Kulturarv:<\/h4>\n\n\n\n<p>4. trinn: Vi samarbeider med Asker museum og R\u00f8yken forteller, forslag om innhold mottas.<br>8. trinn: Bes\u00f8k p\u00e5 kulturarvinstitusjon, forslag mottas. 30 elever per bes\u00f8k \/ 2 bes\u00f8k per dag<\/p>\n\n\n\n<h4 class=\"wp-block-heading\">Visuell kunst:<\/h4>\n\n\n\n<p>3. trinn: Verksted p\u00e5 skolen \/ 1 ut\u00f8ver \/ 30 elever per verksted \/ 2-3 verksted per dag<br>6. trinn: Vi har samarbeid med Trafo kunsthall om verksted, og forslag til innhold mottas. 30 elever per verksted \/ 2 verksted per dag<br>8. trinn: Bes\u00f8k p\u00e5 kunstinstitusjon, forslag mottas<\/p>\n\n\n\n<h4 class=\"wp-block-heading\">Litteratur:<\/h4>\n\n\n\n<p>5. trinn: Bes\u00f8k p\u00e5 skolen \/ 1 ut\u00f8ver \/ 30 elever per \u00f8kt \/ 2 \u00f8kter per dag<br>10. trinn: Bes\u00f8k p\u00e5 skolen \/ 1 ut\u00f8ver \/ 30 elever per \u00f8kt \/ 2 \u00f8kter per dag<\/p>\n\n\n\n<h4 class=\"wp-block-heading\">Film:<\/h4>\n\n\n\n<p>7. trinn: Bes\u00f8k p\u00e5 kino med formidler \/ 180 elever per visning \/ 2 visninger per dag<br>9. trinn: Bes\u00f8k p\u00e5 skole med formidler \/ 30 elever per visning \/ 2-3 visninger per dag<\/p>\n\n\n\n<h4 class=\"wp-block-heading\">Musikk:<\/h4>\n\n\n\n<p>1.-7. trinn: Bes\u00f8k p\u00e5 skole \/ 1-3 ut\u00f8vere \/ ca 150 elever per konsert \/ 2-3 konserter per dag<br>1.-4. trinn: Bes\u00f8k p\u00e5 skole \/ 1-3 ut\u00f8vere \/ ca 150 elever per konsert \/ 2-3 konserter per dag<br>5.-7. trinn: Bes\u00f8k p\u00e5 skole \/ 1-3 ut\u00f8vere \/ ca 150 elever per konsert \/ 2-3 konserter per dag<br>8.-10. trinn: Bes\u00f8k p\u00e5 skole \/ 1-3 ut\u00f8vere \/ ca 150 elever per konsert \/ 2-3 konserter per dag<\/p>\n","protected":false},"excerpt":{"rendered":"<p>Vi tar imot programforslag p\u00e5 ferdigproduserte forestillinger og verksteder innenfor et bredt spekter av kunst- og kulturuttrykk. Vi er ogs\u00e5 \u00e5pne for forslag til former for co-produksjoner. Frist for forslag til produksjoner skole\u00e5ret 2024\/2025 var 1. oktober 2023. Du finner mer generell informasjon om den kulturelle skolesekken og felles s\u00f8knadsportal p\u00e5\u00a0Kulturtankens nettsider Har du sp\u00f8rsm\u00e5l [&hellip;]<\/p>\n","protected":false},"author":2,"featured_media":0,"parent":0,"menu_order":0,"comment_status":"closed","ping_status":"closed","template":"","meta":{"footnotes":""},"class_list":["post-31","page","type-page","status-publish","hentry"],"_links":{"self":[{"href":"https:\/\/www.denkulturelleskolesekken.no\/asker\/wp-json\/wp\/v2\/pages\/31","targetHints":{"allow":["GET"]}}],"collection":[{"href":"https:\/\/www.denkulturelleskolesekken.no\/asker\/wp-json\/wp\/v2\/pages"}],"about":[{"href":"https:\/\/www.denkulturelleskolesekken.no\/asker\/wp-json\/wp\/v2\/types\/page"}],"author":[{"embeddable":true,"href":"https:\/\/www.denkulturelleskolesekken.no\/asker\/wp-json\/wp\/v2\/users\/2"}],"replies":[{"embeddable":true,"href":"https:\/\/www.denkulturelleskolesekken.no\/asker\/wp-json\/wp\/v2\/comments?post=31"}],"version-history":[{"count":19,"href":"https:\/\/www.denkulturelleskolesekken.no\/asker\/wp-json\/wp\/v2\/pages\/31\/revisions"}],"predecessor-version":[{"id":1061,"href":"https:\/\/www.denkulturelleskolesekken.no\/asker\/wp-json\/wp\/v2\/pages\/31\/revisions\/1061"}],"wp:attachment":[{"href":"https:\/\/www.denkulturelleskolesekken.no\/asker\/wp-json\/wp\/v2\/media?parent=31"}],"curies":[{"name":"wp","href":"https:\/\/api.w.org\/{rel}","templated":true}]}}